
{"id":41039,"date":"2026-05-06T12:59:12","date_gmt":"2026-05-06T10:59:12","guid":{"rendered":"https:\/\/bombardashop.com\/shop\/okategoriserad\/inno-pike-salmon-sampak-small-7-10-gram-komplet\/"},"modified":"2026-05-07T10:03:21","modified_gmt":"2026-05-07T08:03:21","slug":"inno-pike-salmon-sortiment-large-7-10-g-komplett-set","status":"publish","type":"product","link":"https:\/\/bombardashop.com\/sv\/shop\/inno-pike-salmon-se\/inno-pike-salmon-sortiment-large-7-10-g-komplett-set\/","title":{"rendered":"INNO PIKE SALMON Sortiment Large 7\u201310 g \u2013 Komplett set"},"content":{"rendered":"<p>INNO-PIKE \/ SALMON \u00e4r ditt nya viktsystem f\u00f6r stora tubflugor d\u00e4r du enkelt kan byta viktkropp eller fluga med det geniala l\u00e5sasystemet utan att knyta nya knopar.<\/p>\n<p>Systemet best\u00e5r av Tackle wire med OWNER-krokar, l\u00f6sa viktkroppar i flytande, l\u00e5ngsamma mellan-, mellan- och sjunkande samt stora tubflugor. Vikter fr\u00e5n 7-20 gram. P\u00e5 flugsp\u00f6et tar du bort skjuthuvudet och knyter INNO-PIKE \/ SALMON direkt p\u00e5 skjutlinan. P\u00e5 spinnsp\u00f6et direkt p\u00e5 huvudlinan och fiskar p\u00e5 det djup du \u00f6nskar.<\/p>\n","protected":false},"excerpt":{"rendered":"<p>INNO-PIKE \/ SALMON \u00e4r ditt nya viktsystem f\u00f6r stora tubflugor d\u00e4r du enkelt kan byta viktkropp eller fluga med det geniala l\u00e5sasystemet utan att knyta nya knopar. Systemet best\u00e5r av&#8230;<\/p>\n","protected":false},"featured_media":41040,"template":"","meta":[],"product_brand":[],"product_cat":[211],"product_tag":[],"class_list":{"0":"post-41039","1":"product","2":"type-product","3":"status-publish","4":"has-post-thumbnail","6":"product_cat-inno-pike-salmon-se","8":"first","9":"instock","10":"taxable","11":"shipping-taxable","12":"purchasable","13":"product-type-simple"},"yoast_head":"<!-- This site is optimized with the Yoast SEO plugin v27.5 - https:\/\/yoast.com\/product\/yoast-seo-wordpress\/ -->\n<title>INNO PIKE SALMON Sortiment Large 7\u201310 g \u2013 Komplett set - Bombardashop.com<\/title>\n<meta name=\"robots\" content=\"index, follow, max-snippet:-1, max-image-preview:large, max-video-preview:-1\" \/>\n<link rel=\"canonical\" href=\"https:\/\/bombardashop.com\/sv\/shop\/inno-pike-salmon-se\/inno-pike-salmon-sortiment-large-7-10-g-komplett-set\/\" \/>\n<meta property=\"og:locale\" content=\"sv_SE\" \/>\n<meta property=\"og:type\" content=\"article\" \/>\n<meta property=\"og:title\" content=\"INNO PIKE SALMON Sortiment Large 7\u201310 g \u2013 Komplett set - Bombardashop.com\" \/>\n<meta property=\"og:description\" content=\"INNO-PIKE \/ SALMON \u00e4r ditt nya viktsystem f\u00f6r stora tubflugor d\u00e4r du enkelt kan byta viktkropp eller fluga med det geniala l\u00e5sasystemet utan att knyta nya knopar. Systemet best\u00e5r av...\" \/>\n<meta property=\"og:url\" content=\"https:\/\/bombardashop.com\/sv\/shop\/inno-pike-salmon-se\/inno-pike-salmon-sortiment-large-7-10-g-komplett-set\/\" \/>\n<meta property=\"og:site_name\" content=\"Bombardashop.com\" \/>\n<meta property=\"article:modified_time\" content=\"2026-05-07T08:03:21+00:00\" \/>\n<meta property=\"og:image\" content=\"https:\/\/bombardashop.com\/wp-content\/uploads\/2026\/05\/ONNO-Pike-Salmon-Mini-Sampak.jpg\" \/>\n\t<meta property=\"og:image:width\" content=\"1900\" \/>\n\t<meta property=\"og:image:height\" content=\"2000\" \/>\n\t<meta property=\"og:image:type\" content=\"image\/jpeg\" \/>\n<meta name=\"twitter:card\" content=\"summary_large_image\" \/>\n<meta name=\"twitter:label1\" content=\"Ber\u00e4knad l\u00e4stid\" \/>\n\t<meta name=\"twitter:data1\" content=\"1 minut\" \/>\n<script type=\"application\/ld+json\" class=\"yoast-schema-graph\">{\"@context\":\"https:\\\/\\\/schema.org\",\"@graph\":[{\"@type\":\"WebPage\",\"@id\":\"https:\\\/\\\/bombardashop.com\\\/sv\\\/shop\\\/inno-pike-salmon-se\\\/inno-pike-salmon-sortiment-large-7-10-g-komplett-set\\\/\",\"url\":\"https:\\\/\\\/bombardashop.com\\\/sv\\\/shop\\\/inno-pike-salmon-se\\\/inno-pike-salmon-sortiment-large-7-10-g-komplett-set\\\/\",\"name\":\"INNO PIKE SALMON Sortiment Large 7\u201310 g \u2013 Komplett set - Bombardashop.com\",\"isPartOf\":{\"@id\":\"https:\\\/\\\/bombardashop.com\\\/#website\"},\"primaryImageOfPage\":{\"@id\":\"https:\\\/\\\/bombardashop.com\\\/sv\\\/shop\\\/inno-pike-salmon-se\\\/inno-pike-salmon-sortiment-large-7-10-g-komplett-set\\\/#primaryimage\"},\"image\":{\"@id\":\"https:\\\/\\\/bombardashop.com\\\/sv\\\/shop\\\/inno-pike-salmon-se\\\/inno-pike-salmon-sortiment-large-7-10-g-komplett-set\\\/#primaryimage\"},\"thumbnailUrl\":\"https:\\\/\\\/bombardashop.com\\\/wp-content\\\/uploads\\\/2026\\\/05\\\/ONNO-Pike-Salmon-Mini-Sampak.jpg\",\"datePublished\":\"2026-05-06T10:59:12+00:00\",\"dateModified\":\"2026-05-07T08:03:21+00:00\",\"breadcrumb\":{\"@id\":\"https:\\\/\\\/bombardashop.com\\\/sv\\\/shop\\\/inno-pike-salmon-se\\\/inno-pike-salmon-sortiment-large-7-10-g-komplett-set\\\/#breadcrumb\"},\"inLanguage\":\"sv-SE\",\"potentialAction\":[{\"@type\":\"ReadAction\",\"target\":[\"https:\\\/\\\/bombardashop.com\\\/sv\\\/shop\\\/inno-pike-salmon-se\\\/inno-pike-salmon-sortiment-large-7-10-g-komplett-set\\\/\"]}]},{\"@type\":\"ImageObject\",\"inLanguage\":\"sv-SE\",\"@id\":\"https:\\\/\\\/bombardashop.com\\\/sv\\\/shop\\\/inno-pike-salmon-se\\\/inno-pike-salmon-sortiment-large-7-10-g-komplett-set\\\/#primaryimage\",\"url\":\"https:\\\/\\\/bombardashop.com\\\/wp-content\\\/uploads\\\/2026\\\/05\\\/ONNO-Pike-Salmon-Mini-Sampak.jpg\",\"contentUrl\":\"https:\\\/\\\/bombardashop.com\\\/wp-content\\\/uploads\\\/2026\\\/05\\\/ONNO-Pike-Salmon-Mini-Sampak.jpg\",\"width\":1900,\"height\":2000},{\"@type\":\"BreadcrumbList\",\"@id\":\"https:\\\/\\\/bombardashop.com\\\/sv\\\/shop\\\/inno-pike-salmon-se\\\/inno-pike-salmon-sortiment-large-7-10-g-komplett-set\\\/#breadcrumb\",\"itemListElement\":[{\"@type\":\"ListItem\",\"position\":1,\"name\":\"Hjem\",\"item\":\"https:\\\/\\\/bombardashop.com\\\/sv\\\/\"},{\"@type\":\"ListItem\",\"position\":2,\"name\":\"Butik\",\"item\":\"https:\\\/\\\/bombardashop.com\\\/sv\\\/butik\\\/\"},{\"@type\":\"ListItem\",\"position\":3,\"name\":\"INNO PIKE SALMON Sortiment Large 7\u201310 g \u2013 Komplett set\"}]},{\"@type\":\"WebSite\",\"@id\":\"https:\\\/\\\/bombardashop.com\\\/#website\",\"url\":\"https:\\\/\\\/bombardashop.com\\\/\",\"name\":\"Bombardashop.com\",\"description\":\"Bombardashop.com\",\"potentialAction\":[{\"@type\":\"SearchAction\",\"target\":{\"@type\":\"EntryPoint\",\"urlTemplate\":\"https:\\\/\\\/bombardashop.com\\\/?s={search_term_string}\"},\"query-input\":{\"@type\":\"PropertyValueSpecification\",\"valueRequired\":true,\"valueName\":\"search_term_string\"}}],\"inLanguage\":\"sv-SE\"}]}<\/script>\n<!-- \/ Yoast SEO plugin. -->","yoast_head_json":{"title":"INNO PIKE SALMON Sortiment Large 7\u201310 g \u2013 Komplett set - Bombardashop.com","robots":{"index":"index","follow":"follow","max-snippet":"max-snippet:-1","max-image-preview":"max-image-preview:large","max-video-preview":"max-video-preview:-1"},"canonical":"https:\/\/bombardashop.com\/sv\/shop\/inno-pike-salmon-se\/inno-pike-salmon-sortiment-large-7-10-g-komplett-set\/","og_locale":"sv_SE","og_type":"article","og_title":"INNO PIKE SALMON Sortiment Large 7\u201310 g \u2013 Komplett set - Bombardashop.com","og_description":"INNO-PIKE \/ SALMON \u00e4r ditt nya viktsystem f\u00f6r stora tubflugor d\u00e4r du enkelt kan byta viktkropp eller fluga med det geniala l\u00e5sasystemet utan att knyta nya knopar. Systemet best\u00e5r av...","og_url":"https:\/\/bombardashop.com\/sv\/shop\/inno-pike-salmon-se\/inno-pike-salmon-sortiment-large-7-10-g-komplett-set\/","og_site_name":"Bombardashop.com","article_modified_time":"2026-05-07T08:03:21+00:00","og_image":[{"width":1900,"height":2000,"url":"https:\/\/bombardashop.com\/wp-content\/uploads\/2026\/05\/ONNO-Pike-Salmon-Mini-Sampak.jpg","type":"image\/jpeg"}],"twitter_card":"summary_large_image","twitter_misc":{"Ber\u00e4knad l\u00e4stid":"1 minut"},"schema":{"@context":"https:\/\/schema.org","@graph":[{"@type":"WebPage","@id":"https:\/\/bombardashop.com\/sv\/shop\/inno-pike-salmon-se\/inno-pike-salmon-sortiment-large-7-10-g-komplett-set\/","url":"https:\/\/bombardashop.com\/sv\/shop\/inno-pike-salmon-se\/inno-pike-salmon-sortiment-large-7-10-g-komplett-set\/","name":"INNO PIKE SALMON Sortiment Large 7\u201310 g \u2013 Komplett set - Bombardashop.com","isPartOf":{"@id":"https:\/\/bombardashop.com\/#website"},"primaryImageOfPage":{"@id":"https:\/\/bombardashop.com\/sv\/shop\/inno-pike-salmon-se\/inno-pike-salmon-sortiment-large-7-10-g-komplett-set\/#primaryimage"},"image":{"@id":"https:\/\/bombardashop.com\/sv\/shop\/inno-pike-salmon-se\/inno-pike-salmon-sortiment-large-7-10-g-komplett-set\/#primaryimage"},"thumbnailUrl":"https:\/\/bombardashop.com\/wp-content\/uploads\/2026\/05\/ONNO-Pike-Salmon-Mini-Sampak.jpg","datePublished":"2026-05-06T10:59:12+00:00","dateModified":"2026-05-07T08:03:21+00:00","breadcrumb":{"@id":"https:\/\/bombardashop.com\/sv\/shop\/inno-pike-salmon-se\/inno-pike-salmon-sortiment-large-7-10-g-komplett-set\/#breadcrumb"},"inLanguage":"sv-SE","potentialAction":[{"@type":"ReadAction","target":["https:\/\/bombardashop.com\/sv\/shop\/inno-pike-salmon-se\/inno-pike-salmon-sortiment-large-7-10-g-komplett-set\/"]}]},{"@type":"ImageObject","inLanguage":"sv-SE","@id":"https:\/\/bombardashop.com\/sv\/shop\/inno-pike-salmon-se\/inno-pike-salmon-sortiment-large-7-10-g-komplett-set\/#primaryimage","url":"https:\/\/bombardashop.com\/wp-content\/uploads\/2026\/05\/ONNO-Pike-Salmon-Mini-Sampak.jpg","contentUrl":"https:\/\/bombardashop.com\/wp-content\/uploads\/2026\/05\/ONNO-Pike-Salmon-Mini-Sampak.jpg","width":1900,"height":2000},{"@type":"BreadcrumbList","@id":"https:\/\/bombardashop.com\/sv\/shop\/inno-pike-salmon-se\/inno-pike-salmon-sortiment-large-7-10-g-komplett-set\/#breadcrumb","itemListElement":[{"@type":"ListItem","position":1,"name":"Hjem","item":"https:\/\/bombardashop.com\/sv\/"},{"@type":"ListItem","position":2,"name":"Butik","item":"https:\/\/bombardashop.com\/sv\/butik\/"},{"@type":"ListItem","position":3,"name":"INNO PIKE SALMON Sortiment Large 7\u201310 g \u2013 Komplett set"}]},{"@type":"WebSite","@id":"https:\/\/bombardashop.com\/#website","url":"https:\/\/bombardashop.com\/","name":"Bombardashop.com","description":"Bombardashop.com","potentialAction":[{"@type":"SearchAction","target":{"@type":"EntryPoint","urlTemplate":"https:\/\/bombardashop.com\/?s={search_term_string}"},"query-input":{"@type":"PropertyValueSpecification","valueRequired":true,"valueName":"search_term_string"}}],"inLanguage":"sv-SE"}]}},"_links":{"self":[{"href":"https:\/\/bombardashop.com\/sv\/wp-json\/wp\/v2\/product\/41039","targetHints":{"allow":["GET"]}}],"collection":[{"href":"https:\/\/bombardashop.com\/sv\/wp-json\/wp\/v2\/product"}],"about":[{"href":"https:\/\/bombardashop.com\/sv\/wp-json\/wp\/v2\/types\/product"}],"wp:featuredmedia":[{"embeddable":true,"href":"https:\/\/bombardashop.com\/sv\/wp-json\/wp\/v2\/media\/41040"}],"wp:attachment":[{"href":"https:\/\/bombardashop.com\/sv\/wp-json\/wp\/v2\/media?parent=41039"}],"wp:term":[{"taxonomy":"product_brand","embeddable":true,"href":"https:\/\/bombardashop.com\/sv\/wp-json\/wp\/v2\/product_brand?post=41039"},{"taxonomy":"product_cat","embeddable":true,"href":"https:\/\/bombardashop.com\/sv\/wp-json\/wp\/v2\/product_cat?post=41039"},{"taxonomy":"product_tag","embeddable":true,"href":"https:\/\/bombardashop.com\/sv\/wp-json\/wp\/v2\/product_tag?post=41039"}],"curies":[{"name":"wp","href":"https:\/\/api.w.org\/{rel}","templated":true}]}}