
{"id":40402,"date":"2025-05-23T14:23:45","date_gmt":"2025-05-23T12:23:45","guid":{"rendered":"https:\/\/bombardashop.com\/shop\/okategoriserad\/inno-tfs-pattegrisen-sand-graa-tube-ny-version\/"},"modified":"2025-05-23T14:23:45","modified_gmt":"2025-05-23T12:23:45","slug":"inno-tfs-pattegrisen-sand-graa-tube-ny-version","status":"publish","type":"product","link":"https:\/\/bombardashop.com\/sv\/shop\/inno-tupe-fly-system-sv\/inno-tfs-pattegrisen-sand-graa-tube-ny-version\/","title":{"rendered":"INNO-TFS. Pattegrisen. Sand &#038; Gr\u00e5 Tube. Ny version."},"content":{"rendered":"<p>&nbsp;<\/p>\n<p>INNO-TFS\u00a0 flugor som alla har bevisat sina f\u00e5ngstf\u00f6rm\u00e5gor vid kustfiske, men \u00e4r \u00e4ven utm\u00e4rkt f\u00f6r sj\u00f6fiske och Put and Take.<br \/>\n\u00d6ka din krokningsf\u00f6rm\u00e5ga fr\u00e5n 50- till 90% med L-rig \/ Rapala-rig systemet, sm\u00e5 Owner trekrokar och tubflugor.<br \/>\nTestfiskare har under flera \u00e5r bevisat att L-rig \/ Rapala-rig systemet med sm\u00e5krokstackel ger n\u00e4stan dubbelt s\u00e5 mycket fisk<\/p>\n<p>&nbsp;<\/p>\n<p><strong>Ny version med inbyggd vikt i flugan<\/strong><\/p>\n","protected":false},"excerpt":{"rendered":"<p>&nbsp; INNO-TFS\u00a0 flugor som alla har bevisat sina f\u00e5ngstf\u00f6rm\u00e5gor vid kustfiske, men \u00e4r \u00e4ven utm\u00e4rkt f\u00f6r sj\u00f6fiske och Put and Take. \u00d6ka din krokningsf\u00f6rm\u00e5ga fr\u00e5n 50- till 90% med L-rig&#8230;<\/p>\n","protected":false},"featured_media":40398,"template":"","meta":[],"product_brand":[],"product_cat":[125],"product_tag":[],"class_list":{"0":"post-40402","1":"product","2":"type-product","3":"status-publish","4":"has-post-thumbnail","6":"product_cat-inno-tupe-fly-system-sv","8":"first","9":"instock","10":"taxable","11":"shipping-taxable","12":"purchasable","13":"product-type-simple"},"yoast_head":"<!-- This site is optimized with the Yoast SEO plugin v27.3 - https:\/\/yoast.com\/product\/yoast-seo-wordpress\/ -->\n<title>INNO-TFS. Pattegrisen. Sand &amp; Gr\u00e5 Tube. Ny version. - Bombardashop.com<\/title>\n<meta name=\"robots\" content=\"index, follow, max-snippet:-1, max-image-preview:large, max-video-preview:-1\" \/>\n<link rel=\"canonical\" href=\"https:\/\/bombardashop.com\/sv\/shop\/okategoriserad\/inno-tfs-pattegrisen-sand-graa-tube-ny-version\/\" \/>\n<meta property=\"og:locale\" content=\"sv_SE\" \/>\n<meta property=\"og:type\" content=\"article\" \/>\n<meta property=\"og:title\" content=\"INNO-TFS. Pattegrisen. Sand &amp; Gr\u00e5 Tube. Ny version. - Bombardashop.com\" \/>\n<meta property=\"og:description\" content=\"&nbsp; INNO-TFS\u00a0 flugor som alla har bevisat sina f\u00e5ngstf\u00f6rm\u00e5gor vid kustfiske, men \u00e4r \u00e4ven utm\u00e4rkt f\u00f6r sj\u00f6fiske och Put and Take. \u00d6ka din krokningsf\u00f6rm\u00e5ga fr\u00e5n 50- till 90% med L-rig...\" \/>\n<meta property=\"og:url\" content=\"https:\/\/bombardashop.com\/sv\/shop\/okategoriserad\/inno-tfs-pattegrisen-sand-graa-tube-ny-version\/\" \/>\n<meta property=\"og:site_name\" content=\"Bombardashop.com\" \/>\n<meta property=\"og:image\" content=\"https:\/\/bombardashop.com\/wp-content\/uploads\/2025\/05\/Inno-Pattegrisen-Sand-og-grizzly_.jpg\" \/>\n\t<meta property=\"og:image:width\" content=\"2000\" \/>\n\t<meta property=\"og:image:height\" content=\"1333\" \/>\n\t<meta property=\"og:image:type\" content=\"image\/jpeg\" \/>\n<meta name=\"twitter:card\" content=\"summary_large_image\" \/>\n<script type=\"application\/ld+json\" class=\"yoast-schema-graph\">{\"@context\":\"https:\\\/\\\/schema.org\",\"@graph\":[{\"@type\":\"WebPage\",\"@id\":\"https:\\\/\\\/bombardashop.com\\\/sv\\\/shop\\\/okategoriserad\\\/inno-tfs-pattegrisen-sand-graa-tube-ny-version\\\/\",\"url\":\"https:\\\/\\\/bombardashop.com\\\/sv\\\/shop\\\/okategoriserad\\\/inno-tfs-pattegrisen-sand-graa-tube-ny-version\\\/\",\"name\":\"INNO-TFS. Pattegrisen. Sand & Gr\u00e5 Tube. Ny version. - Bombardashop.com\",\"isPartOf\":{\"@id\":\"https:\\\/\\\/bombardashop.com\\\/#website\"},\"primaryImageOfPage\":{\"@id\":\"https:\\\/\\\/bombardashop.com\\\/sv\\\/shop\\\/okategoriserad\\\/inno-tfs-pattegrisen-sand-graa-tube-ny-version\\\/#primaryimage\"},\"image\":{\"@id\":\"https:\\\/\\\/bombardashop.com\\\/sv\\\/shop\\\/okategoriserad\\\/inno-tfs-pattegrisen-sand-graa-tube-ny-version\\\/#primaryimage\"},\"thumbnailUrl\":\"https:\\\/\\\/bombardashop.com\\\/wp-content\\\/uploads\\\/2025\\\/05\\\/Inno-Pattegrisen-Sand-og-grizzly_.jpg\",\"datePublished\":\"2025-05-23T12:23:45+00:00\",\"breadcrumb\":{\"@id\":\"https:\\\/\\\/bombardashop.com\\\/sv\\\/shop\\\/okategoriserad\\\/inno-tfs-pattegrisen-sand-graa-tube-ny-version\\\/#breadcrumb\"},\"inLanguage\":\"sv-SE\",\"potentialAction\":[{\"@type\":\"ReadAction\",\"target\":[\"https:\\\/\\\/bombardashop.com\\\/sv\\\/shop\\\/okategoriserad\\\/inno-tfs-pattegrisen-sand-graa-tube-ny-version\\\/\"]}]},{\"@type\":\"ImageObject\",\"inLanguage\":\"sv-SE\",\"@id\":\"https:\\\/\\\/bombardashop.com\\\/sv\\\/shop\\\/okategoriserad\\\/inno-tfs-pattegrisen-sand-graa-tube-ny-version\\\/#primaryimage\",\"url\":\"https:\\\/\\\/bombardashop.com\\\/wp-content\\\/uploads\\\/2025\\\/05\\\/Inno-Pattegrisen-Sand-og-grizzly_.jpg\",\"contentUrl\":\"https:\\\/\\\/bombardashop.com\\\/wp-content\\\/uploads\\\/2025\\\/05\\\/Inno-Pattegrisen-Sand-og-grizzly_.jpg\",\"width\":2000,\"height\":1333},{\"@type\":\"BreadcrumbList\",\"@id\":\"https:\\\/\\\/bombardashop.com\\\/sv\\\/shop\\\/okategoriserad\\\/inno-tfs-pattegrisen-sand-graa-tube-ny-version\\\/#breadcrumb\",\"itemListElement\":[{\"@type\":\"ListItem\",\"position\":1,\"name\":\"Hjem\",\"item\":\"https:\\\/\\\/bombardashop.com\\\/sv\\\/\"},{\"@type\":\"ListItem\",\"position\":2,\"name\":\"Butik\",\"item\":\"https:\\\/\\\/bombardashop.com\\\/sv\\\/butik\\\/\"},{\"@type\":\"ListItem\",\"position\":3,\"name\":\"INNO-TFS. Pattegrisen. Sand &#038; Gr\u00e5 Tube. Ny version.\"}]},{\"@type\":\"WebSite\",\"@id\":\"https:\\\/\\\/bombardashop.com\\\/#website\",\"url\":\"https:\\\/\\\/bombardashop.com\\\/\",\"name\":\"Bombardashop.com\",\"description\":\"Bombardashop.com\",\"potentialAction\":[{\"@type\":\"SearchAction\",\"target\":{\"@type\":\"EntryPoint\",\"urlTemplate\":\"https:\\\/\\\/bombardashop.com\\\/?s={search_term_string}\"},\"query-input\":{\"@type\":\"PropertyValueSpecification\",\"valueRequired\":true,\"valueName\":\"search_term_string\"}}],\"inLanguage\":\"sv-SE\"}]}<\/script>\n<!-- \/ Yoast SEO plugin. -->","yoast_head_json":{"title":"INNO-TFS. Pattegrisen. Sand & Gr\u00e5 Tube. Ny version. - Bombardashop.com","robots":{"index":"index","follow":"follow","max-snippet":"max-snippet:-1","max-image-preview":"max-image-preview:large","max-video-preview":"max-video-preview:-1"},"canonical":"https:\/\/bombardashop.com\/sv\/shop\/okategoriserad\/inno-tfs-pattegrisen-sand-graa-tube-ny-version\/","og_locale":"sv_SE","og_type":"article","og_title":"INNO-TFS. Pattegrisen. Sand & Gr\u00e5 Tube. Ny version. - Bombardashop.com","og_description":"&nbsp; INNO-TFS\u00a0 flugor som alla har bevisat sina f\u00e5ngstf\u00f6rm\u00e5gor vid kustfiske, men \u00e4r \u00e4ven utm\u00e4rkt f\u00f6r sj\u00f6fiske och Put and Take. \u00d6ka din krokningsf\u00f6rm\u00e5ga fr\u00e5n 50- till 90% med L-rig...","og_url":"https:\/\/bombardashop.com\/sv\/shop\/okategoriserad\/inno-tfs-pattegrisen-sand-graa-tube-ny-version\/","og_site_name":"Bombardashop.com","og_image":[{"width":2000,"height":1333,"url":"https:\/\/bombardashop.com\/wp-content\/uploads\/2025\/05\/Inno-Pattegrisen-Sand-og-grizzly_.jpg","type":"image\/jpeg"}],"twitter_card":"summary_large_image","schema":{"@context":"https:\/\/schema.org","@graph":[{"@type":"WebPage","@id":"https:\/\/bombardashop.com\/sv\/shop\/okategoriserad\/inno-tfs-pattegrisen-sand-graa-tube-ny-version\/","url":"https:\/\/bombardashop.com\/sv\/shop\/okategoriserad\/inno-tfs-pattegrisen-sand-graa-tube-ny-version\/","name":"INNO-TFS. Pattegrisen. Sand & Gr\u00e5 Tube. Ny version. - Bombardashop.com","isPartOf":{"@id":"https:\/\/bombardashop.com\/#website"},"primaryImageOfPage":{"@id":"https:\/\/bombardashop.com\/sv\/shop\/okategoriserad\/inno-tfs-pattegrisen-sand-graa-tube-ny-version\/#primaryimage"},"image":{"@id":"https:\/\/bombardashop.com\/sv\/shop\/okategoriserad\/inno-tfs-pattegrisen-sand-graa-tube-ny-version\/#primaryimage"},"thumbnailUrl":"https:\/\/bombardashop.com\/wp-content\/uploads\/2025\/05\/Inno-Pattegrisen-Sand-og-grizzly_.jpg","datePublished":"2025-05-23T12:23:45+00:00","breadcrumb":{"@id":"https:\/\/bombardashop.com\/sv\/shop\/okategoriserad\/inno-tfs-pattegrisen-sand-graa-tube-ny-version\/#breadcrumb"},"inLanguage":"sv-SE","potentialAction":[{"@type":"ReadAction","target":["https:\/\/bombardashop.com\/sv\/shop\/okategoriserad\/inno-tfs-pattegrisen-sand-graa-tube-ny-version\/"]}]},{"@type":"ImageObject","inLanguage":"sv-SE","@id":"https:\/\/bombardashop.com\/sv\/shop\/okategoriserad\/inno-tfs-pattegrisen-sand-graa-tube-ny-version\/#primaryimage","url":"https:\/\/bombardashop.com\/wp-content\/uploads\/2025\/05\/Inno-Pattegrisen-Sand-og-grizzly_.jpg","contentUrl":"https:\/\/bombardashop.com\/wp-content\/uploads\/2025\/05\/Inno-Pattegrisen-Sand-og-grizzly_.jpg","width":2000,"height":1333},{"@type":"BreadcrumbList","@id":"https:\/\/bombardashop.com\/sv\/shop\/okategoriserad\/inno-tfs-pattegrisen-sand-graa-tube-ny-version\/#breadcrumb","itemListElement":[{"@type":"ListItem","position":1,"name":"Hjem","item":"https:\/\/bombardashop.com\/sv\/"},{"@type":"ListItem","position":2,"name":"Butik","item":"https:\/\/bombardashop.com\/sv\/butik\/"},{"@type":"ListItem","position":3,"name":"INNO-TFS. Pattegrisen. Sand &#038; Gr\u00e5 Tube. Ny version."}]},{"@type":"WebSite","@id":"https:\/\/bombardashop.com\/#website","url":"https:\/\/bombardashop.com\/","name":"Bombardashop.com","description":"Bombardashop.com","potentialAction":[{"@type":"SearchAction","target":{"@type":"EntryPoint","urlTemplate":"https:\/\/bombardashop.com\/?s={search_term_string}"},"query-input":{"@type":"PropertyValueSpecification","valueRequired":true,"valueName":"search_term_string"}}],"inLanguage":"sv-SE"}]}},"_links":{"self":[{"href":"https:\/\/bombardashop.com\/sv\/wp-json\/wp\/v2\/product\/40402","targetHints":{"allow":["GET"]}}],"collection":[{"href":"https:\/\/bombardashop.com\/sv\/wp-json\/wp\/v2\/product"}],"about":[{"href":"https:\/\/bombardashop.com\/sv\/wp-json\/wp\/v2\/types\/product"}],"wp:featuredmedia":[{"embeddable":true,"href":"https:\/\/bombardashop.com\/sv\/wp-json\/wp\/v2\/media\/40398"}],"wp:attachment":[{"href":"https:\/\/bombardashop.com\/sv\/wp-json\/wp\/v2\/media?parent=40402"}],"wp:term":[{"taxonomy":"product_brand","embeddable":true,"href":"https:\/\/bombardashop.com\/sv\/wp-json\/wp\/v2\/product_brand?post=40402"},{"taxonomy":"product_cat","embeddable":true,"href":"https:\/\/bombardashop.com\/sv\/wp-json\/wp\/v2\/product_cat?post=40402"},{"taxonomy":"product_tag","embeddable":true,"href":"https:\/\/bombardashop.com\/sv\/wp-json\/wp\/v2\/product_tag?post=40402"}],"curies":[{"name":"wp","href":"https:\/\/api.w.org\/{rel}","templated":true}]}}