
{"id":40261,"date":"2025-01-28T20:43:48","date_gmt":"2025-01-28T19:43:48","guid":{"rendered":"https:\/\/bombardashop.com\/shop\/okategoriserad\/inno-tfs-roerfluga-4x2-st-inno-go-get-it-4-st-komplett-laada\/"},"modified":"2025-01-28T20:43:48","modified_gmt":"2025-01-28T19:43:48","slug":"inno-tfs-roerfluga-4x2-st-inno-go-get-it-4-st-komplett-laada","status":"publish","type":"product","link":"https:\/\/bombardashop.com\/sv\/shop\/inno-tupe-fly-system-sv\/inno-tfs-roerfluga-4x2-st-inno-go-get-it-4-st-komplett-laada\/","title":{"rendered":"INNO-TFS. R\u00f6rfluga 4&#215;2 st &#038; INNO GO GET IT 4 st. Komplett l\u00e5da."},"content":{"rendered":"<p>INNO TUPE FLIES SYSTEM. L-rig tackle \/ Rapala-rig tackle. Box med 4 x 2 tupeflugor. 4 x INNO Go Get It. 2 st. \u00c4gare diskantkrokar. 4. r\u00f6d krok\/knut h\u00e5ller. Anv\u00e4ndarhandbok. Kartong 120 x 110 x 35MM<\/p>\n<p>INNO-TFS Tubflugor som alla har bevisat sin f\u00e5ngstf\u00f6rm\u00e5ga vid kusten, men som ocks\u00e5 \u00e4r utm\u00e4rkta f\u00f6r sj\u00f6fisk och Put and Take.<br \/>\n\u00d6ka din hooking rate fr\u00e5n 50 till 90% med sm\u00e5 krokriggar. \u00c4gare diskantkrokar och tubflugor.<br \/>\nTestfiskare har under flera \u00e5r bevisat att den lilla krokriggen producerar n\u00e4stan dubbelt s\u00e5 m\u00e5nga fiskar som L-riggen eller Rapala-riggen p\u00e5 tubflugor. Ny version med inbyggd vikt i flugan, fiskmask och 3D-\u00f6gon.<\/p>\n<p>INNO Go Get It \u00e4r ditt nya ettgramsvapen p\u00e5 stranden eller i ditt Put &amp; Take-vatten efter Bombarda eller direkt p\u00e5 din ultral\u00e4tta spinningsutrustning. Samt i str\u00f6mmande vatten p\u00e5 flugsp\u00f6et.<br \/>\nINNO Go Get It v\u00e4ger bara ett gram och kan d\u00e4rf\u00f6r fiskas mycket l\u00e5ngsamt med sm\u00e5 ryck eller snabbt monotont med m\u00e5nga snurrstopp, vid kusten f\u00f6r bombarda. Samt p\u00e5 ett flugsp\u00f6 i str\u00f6mmande vatten d\u00e4r det r\u00f6r sig supersnabbt, helt annorlunda \u00e4n en fluga &#8211; ditt hemliga vapen p\u00e5 sv\u00e5r fisk.<\/p>\n","protected":false},"excerpt":{"rendered":"<p>INNO TUPE FLIES SYSTEM. L-rig tackle \/ Rapala-rig tackle. Box med 4 x 2 tupeflugor. 4 x INNO Go Get It. 2 st. \u00c4gare diskantkrokar. 4. r\u00f6d krok\/knut h\u00e5ller. Anv\u00e4ndarhandbok&#8230;.<\/p>\n","protected":false},"featured_media":40247,"template":"","meta":[],"product_brand":[],"product_cat":[202,125],"product_tag":[],"class_list":{"0":"post-40261","1":"product","2":"type-product","3":"status-publish","4":"has-post-thumbnail","6":"product_cat-inno-go-get-it-genomloepare","7":"product_cat-inno-tupe-fly-system-sv","9":"first","10":"instock","11":"taxable","12":"shipping-taxable","13":"purchasable","14":"product-type-simple"},"yoast_head":"<!-- This site is optimized with the Yoast SEO plugin v27.4 - https:\/\/yoast.com\/product\/yoast-seo-wordpress\/ -->\n<title>INNO-TFS. R\u00f6rfluga 4x2 st &amp; INNO GO GET IT 4 st. Komplett l\u00e5da. - Bombardashop.com<\/title>\n<meta name=\"robots\" content=\"index, follow, max-snippet:-1, max-image-preview:large, max-video-preview:-1\" \/>\n<link rel=\"canonical\" href=\"https:\/\/bombardashop.com\/sv\/shop\/okategoriserad\/inno-tfs-roerfluga-4x2-st-inno-go-get-it-4-st-komplett-laada\/\" \/>\n<meta property=\"og:locale\" content=\"sv_SE\" \/>\n<meta property=\"og:type\" content=\"article\" \/>\n<meta property=\"og:title\" content=\"INNO-TFS. R\u00f6rfluga 4x2 st &amp; INNO GO GET IT 4 st. Komplett l\u00e5da. - Bombardashop.com\" \/>\n<meta property=\"og:description\" content=\"INNO TUPE FLIES SYSTEM. L-rig tackle \/ Rapala-rig tackle. Box med 4 x 2 tupeflugor. 4 x INNO Go Get It. 2 st. \u00c4gare diskantkrokar. 4. r\u00f6d krok\/knut h\u00e5ller. Anv\u00e4ndarhandbok....\" \/>\n<meta property=\"og:url\" content=\"https:\/\/bombardashop.com\/sv\/shop\/okategoriserad\/inno-tfs-roerfluga-4x2-st-inno-go-get-it-4-st-komplett-laada\/\" \/>\n<meta property=\"og:site_name\" content=\"Bombardashop.com\" \/>\n<meta property=\"og:image\" content=\"https:\/\/bombardashop.com\/wp-content\/uploads\/2025\/01\/INNO-go-get-it-og-TFS-sampack-boks-2.jpg\" \/>\n\t<meta property=\"og:image:width\" content=\"2000\" \/>\n\t<meta property=\"og:image:height\" content=\"1333\" \/>\n\t<meta property=\"og:image:type\" content=\"image\/jpeg\" \/>\n<meta name=\"twitter:card\" content=\"summary_large_image\" \/>\n<meta name=\"twitter:label1\" content=\"Ber\u00e4knad l\u00e4stid\" \/>\n\t<meta name=\"twitter:data1\" content=\"1 minut\" \/>\n<script type=\"application\/ld+json\" class=\"yoast-schema-graph\">{\"@context\":\"https:\\\/\\\/schema.org\",\"@graph\":[{\"@type\":\"WebPage\",\"@id\":\"https:\\\/\\\/bombardashop.com\\\/sv\\\/shop\\\/okategoriserad\\\/inno-tfs-roerfluga-4x2-st-inno-go-get-it-4-st-komplett-laada\\\/\",\"url\":\"https:\\\/\\\/bombardashop.com\\\/sv\\\/shop\\\/okategoriserad\\\/inno-tfs-roerfluga-4x2-st-inno-go-get-it-4-st-komplett-laada\\\/\",\"name\":\"INNO-TFS. R\u00f6rfluga 4x2 st & INNO GO GET IT 4 st. Komplett l\u00e5da. - Bombardashop.com\",\"isPartOf\":{\"@id\":\"https:\\\/\\\/bombardashop.com\\\/#website\"},\"primaryImageOfPage\":{\"@id\":\"https:\\\/\\\/bombardashop.com\\\/sv\\\/shop\\\/okategoriserad\\\/inno-tfs-roerfluga-4x2-st-inno-go-get-it-4-st-komplett-laada\\\/#primaryimage\"},\"image\":{\"@id\":\"https:\\\/\\\/bombardashop.com\\\/sv\\\/shop\\\/okategoriserad\\\/inno-tfs-roerfluga-4x2-st-inno-go-get-it-4-st-komplett-laada\\\/#primaryimage\"},\"thumbnailUrl\":\"https:\\\/\\\/bombardashop.com\\\/wp-content\\\/uploads\\\/2025\\\/01\\\/INNO-go-get-it-og-TFS-sampack-boks-2.jpg\",\"datePublished\":\"2025-01-28T19:43:48+00:00\",\"breadcrumb\":{\"@id\":\"https:\\\/\\\/bombardashop.com\\\/sv\\\/shop\\\/okategoriserad\\\/inno-tfs-roerfluga-4x2-st-inno-go-get-it-4-st-komplett-laada\\\/#breadcrumb\"},\"inLanguage\":\"sv-SE\",\"potentialAction\":[{\"@type\":\"ReadAction\",\"target\":[\"https:\\\/\\\/bombardashop.com\\\/sv\\\/shop\\\/okategoriserad\\\/inno-tfs-roerfluga-4x2-st-inno-go-get-it-4-st-komplett-laada\\\/\"]}]},{\"@type\":\"ImageObject\",\"inLanguage\":\"sv-SE\",\"@id\":\"https:\\\/\\\/bombardashop.com\\\/sv\\\/shop\\\/okategoriserad\\\/inno-tfs-roerfluga-4x2-st-inno-go-get-it-4-st-komplett-laada\\\/#primaryimage\",\"url\":\"https:\\\/\\\/bombardashop.com\\\/wp-content\\\/uploads\\\/2025\\\/01\\\/INNO-go-get-it-og-TFS-sampack-boks-2.jpg\",\"contentUrl\":\"https:\\\/\\\/bombardashop.com\\\/wp-content\\\/uploads\\\/2025\\\/01\\\/INNO-go-get-it-og-TFS-sampack-boks-2.jpg\",\"width\":2000,\"height\":1333},{\"@type\":\"BreadcrumbList\",\"@id\":\"https:\\\/\\\/bombardashop.com\\\/sv\\\/shop\\\/okategoriserad\\\/inno-tfs-roerfluga-4x2-st-inno-go-get-it-4-st-komplett-laada\\\/#breadcrumb\",\"itemListElement\":[{\"@type\":\"ListItem\",\"position\":1,\"name\":\"Hjem\",\"item\":\"https:\\\/\\\/bombardashop.com\\\/sv\\\/\"},{\"@type\":\"ListItem\",\"position\":2,\"name\":\"Butik\",\"item\":\"https:\\\/\\\/bombardashop.com\\\/sv\\\/butik\\\/\"},{\"@type\":\"ListItem\",\"position\":3,\"name\":\"INNO-TFS. R\u00f6rfluga 4&#215;2 st &#038; INNO GO GET IT 4 st. Komplett l\u00e5da.\"}]},{\"@type\":\"WebSite\",\"@id\":\"https:\\\/\\\/bombardashop.com\\\/#website\",\"url\":\"https:\\\/\\\/bombardashop.com\\\/\",\"name\":\"Bombardashop.com\",\"description\":\"Bombardashop.com\",\"potentialAction\":[{\"@type\":\"SearchAction\",\"target\":{\"@type\":\"EntryPoint\",\"urlTemplate\":\"https:\\\/\\\/bombardashop.com\\\/?s={search_term_string}\"},\"query-input\":{\"@type\":\"PropertyValueSpecification\",\"valueRequired\":true,\"valueName\":\"search_term_string\"}}],\"inLanguage\":\"sv-SE\"}]}<\/script>\n<!-- \/ Yoast SEO plugin. -->","yoast_head_json":{"title":"INNO-TFS. R\u00f6rfluga 4x2 st & INNO GO GET IT 4 st. Komplett l\u00e5da. - Bombardashop.com","robots":{"index":"index","follow":"follow","max-snippet":"max-snippet:-1","max-image-preview":"max-image-preview:large","max-video-preview":"max-video-preview:-1"},"canonical":"https:\/\/bombardashop.com\/sv\/shop\/okategoriserad\/inno-tfs-roerfluga-4x2-st-inno-go-get-it-4-st-komplett-laada\/","og_locale":"sv_SE","og_type":"article","og_title":"INNO-TFS. R\u00f6rfluga 4x2 st & INNO GO GET IT 4 st. Komplett l\u00e5da. - Bombardashop.com","og_description":"INNO TUPE FLIES SYSTEM. L-rig tackle \/ Rapala-rig tackle. Box med 4 x 2 tupeflugor. 4 x INNO Go Get It. 2 st. \u00c4gare diskantkrokar. 4. r\u00f6d krok\/knut h\u00e5ller. Anv\u00e4ndarhandbok....","og_url":"https:\/\/bombardashop.com\/sv\/shop\/okategoriserad\/inno-tfs-roerfluga-4x2-st-inno-go-get-it-4-st-komplett-laada\/","og_site_name":"Bombardashop.com","og_image":[{"width":2000,"height":1333,"url":"https:\/\/bombardashop.com\/wp-content\/uploads\/2025\/01\/INNO-go-get-it-og-TFS-sampack-boks-2.jpg","type":"image\/jpeg"}],"twitter_card":"summary_large_image","twitter_misc":{"Ber\u00e4knad l\u00e4stid":"1 minut"},"schema":{"@context":"https:\/\/schema.org","@graph":[{"@type":"WebPage","@id":"https:\/\/bombardashop.com\/sv\/shop\/okategoriserad\/inno-tfs-roerfluga-4x2-st-inno-go-get-it-4-st-komplett-laada\/","url":"https:\/\/bombardashop.com\/sv\/shop\/okategoriserad\/inno-tfs-roerfluga-4x2-st-inno-go-get-it-4-st-komplett-laada\/","name":"INNO-TFS. R\u00f6rfluga 4x2 st & INNO GO GET IT 4 st. Komplett l\u00e5da. - Bombardashop.com","isPartOf":{"@id":"https:\/\/bombardashop.com\/#website"},"primaryImageOfPage":{"@id":"https:\/\/bombardashop.com\/sv\/shop\/okategoriserad\/inno-tfs-roerfluga-4x2-st-inno-go-get-it-4-st-komplett-laada\/#primaryimage"},"image":{"@id":"https:\/\/bombardashop.com\/sv\/shop\/okategoriserad\/inno-tfs-roerfluga-4x2-st-inno-go-get-it-4-st-komplett-laada\/#primaryimage"},"thumbnailUrl":"https:\/\/bombardashop.com\/wp-content\/uploads\/2025\/01\/INNO-go-get-it-og-TFS-sampack-boks-2.jpg","datePublished":"2025-01-28T19:43:48+00:00","breadcrumb":{"@id":"https:\/\/bombardashop.com\/sv\/shop\/okategoriserad\/inno-tfs-roerfluga-4x2-st-inno-go-get-it-4-st-komplett-laada\/#breadcrumb"},"inLanguage":"sv-SE","potentialAction":[{"@type":"ReadAction","target":["https:\/\/bombardashop.com\/sv\/shop\/okategoriserad\/inno-tfs-roerfluga-4x2-st-inno-go-get-it-4-st-komplett-laada\/"]}]},{"@type":"ImageObject","inLanguage":"sv-SE","@id":"https:\/\/bombardashop.com\/sv\/shop\/okategoriserad\/inno-tfs-roerfluga-4x2-st-inno-go-get-it-4-st-komplett-laada\/#primaryimage","url":"https:\/\/bombardashop.com\/wp-content\/uploads\/2025\/01\/INNO-go-get-it-og-TFS-sampack-boks-2.jpg","contentUrl":"https:\/\/bombardashop.com\/wp-content\/uploads\/2025\/01\/INNO-go-get-it-og-TFS-sampack-boks-2.jpg","width":2000,"height":1333},{"@type":"BreadcrumbList","@id":"https:\/\/bombardashop.com\/sv\/shop\/okategoriserad\/inno-tfs-roerfluga-4x2-st-inno-go-get-it-4-st-komplett-laada\/#breadcrumb","itemListElement":[{"@type":"ListItem","position":1,"name":"Hjem","item":"https:\/\/bombardashop.com\/sv\/"},{"@type":"ListItem","position":2,"name":"Butik","item":"https:\/\/bombardashop.com\/sv\/butik\/"},{"@type":"ListItem","position":3,"name":"INNO-TFS. R\u00f6rfluga 4&#215;2 st &#038; INNO GO GET IT 4 st. Komplett l\u00e5da."}]},{"@type":"WebSite","@id":"https:\/\/bombardashop.com\/#website","url":"https:\/\/bombardashop.com\/","name":"Bombardashop.com","description":"Bombardashop.com","potentialAction":[{"@type":"SearchAction","target":{"@type":"EntryPoint","urlTemplate":"https:\/\/bombardashop.com\/?s={search_term_string}"},"query-input":{"@type":"PropertyValueSpecification","valueRequired":true,"valueName":"search_term_string"}}],"inLanguage":"sv-SE"}]}},"_links":{"self":[{"href":"https:\/\/bombardashop.com\/sv\/wp-json\/wp\/v2\/product\/40261","targetHints":{"allow":["GET"]}}],"collection":[{"href":"https:\/\/bombardashop.com\/sv\/wp-json\/wp\/v2\/product"}],"about":[{"href":"https:\/\/bombardashop.com\/sv\/wp-json\/wp\/v2\/types\/product"}],"wp:featuredmedia":[{"embeddable":true,"href":"https:\/\/bombardashop.com\/sv\/wp-json\/wp\/v2\/media\/40247"}],"wp:attachment":[{"href":"https:\/\/bombardashop.com\/sv\/wp-json\/wp\/v2\/media?parent=40261"}],"wp:term":[{"taxonomy":"product_brand","embeddable":true,"href":"https:\/\/bombardashop.com\/sv\/wp-json\/wp\/v2\/product_brand?post=40261"},{"taxonomy":"product_cat","embeddable":true,"href":"https:\/\/bombardashop.com\/sv\/wp-json\/wp\/v2\/product_cat?post=40261"},{"taxonomy":"product_tag","embeddable":true,"href":"https:\/\/bombardashop.com\/sv\/wp-json\/wp\/v2\/product_tag?post=40261"}],"curies":[{"name":"wp","href":"https:\/\/api.w.org\/{rel}","templated":true}]}}