
{"id":40015,"date":"2024-06-30T12:08:11","date_gmt":"2024-06-30T10:08:11","guid":{"rendered":"https:\/\/bombardashop.com\/shop\/okategoriserad\/40015\/"},"modified":"2024-06-30T12:16:24","modified_gmt":"2024-06-30T10:16:24","slug":"40015","status":"publish","type":"product","link":"https:\/\/bombardashop.com\/sv\/shop\/inno-bombarda-float-sv\/40015\/","title":{"rendered":"INNO Floating 20 Gr. Semi transparant."},"content":{"rendered":"<p>Den semi transparent INNO Floating \u00e4r svagt synlig f\u00f6r sportsfiskaren, men om du vill ha den mer synlig, man kan ers\u00e4tta den transparenta INNO-stickan med en orange sticka.<br \/>\nINNO Floating kan fiskas horisontellt g\u00e5ende i vattnet eller lodr\u00e4tt st\u00e5ende med hj\u00e4lp av betesl\u00e5s och anpassade s\u00e4nken som motvikt (cirka 1 gram). Motviktss\u00e4nket kan \u00f6kas s\u00e5 att du f\u00e5r ett mycket l\u00e5ngsamt sjunkande fl\u00f6te. INNO crosslock \u00e4r viktigt f\u00f6r alla INNO-Bombarda.<\/p>\n","protected":false},"excerpt":{"rendered":"<p>Den semi transparent INNO Floating \u00e4r svagt synlig f\u00f6r sportsfiskaren, men om du vill ha den mer synlig, man kan ers\u00e4tta den transparenta INNO-stickan med en orange sticka. INNO Floating&#8230;<\/p>\n","protected":false},"featured_media":40012,"template":"","meta":[],"product_brand":[],"product_cat":[61],"product_tag":[],"class_list":{"0":"post-40015","1":"product","2":"type-product","3":"status-publish","4":"has-post-thumbnail","6":"product_cat-inno-bombarda-float-sv","8":"first","9":"outofstock","10":"taxable","11":"shipping-taxable","12":"purchasable","13":"product-type-simple"},"yoast_head":"<!-- This site is optimized with the Yoast SEO plugin v27.4 - https:\/\/yoast.com\/product\/yoast-seo-wordpress\/ -->\n<title>INNO Floating 20 Gr. Semi transparant. - Bombardashop.com<\/title>\n<meta name=\"robots\" content=\"index, follow, max-snippet:-1, max-image-preview:large, max-video-preview:-1\" \/>\n<link rel=\"canonical\" href=\"https:\/\/bombardashop.com\/sv\/shop\/inno-bombarda-float-sv\/40015\/\" \/>\n<meta property=\"og:locale\" content=\"sv_SE\" \/>\n<meta property=\"og:type\" content=\"article\" \/>\n<meta property=\"og:title\" content=\"INNO Floating 20 Gr. Semi transparant. - Bombardashop.com\" \/>\n<meta property=\"og:description\" content=\"Den semi transparent INNO Floating \u00e4r svagt synlig f\u00f6r sportsfiskaren, men om du vill ha den mer synlig, man kan ers\u00e4tta den transparenta INNO-stickan med en orange sticka. INNO Floating...\" \/>\n<meta property=\"og:url\" content=\"https:\/\/bombardashop.com\/sv\/shop\/inno-bombarda-float-sv\/40015\/\" \/>\n<meta property=\"og:site_name\" content=\"Bombardashop.com\" \/>\n<meta property=\"article:modified_time\" content=\"2024-06-30T10:16:24+00:00\" \/>\n<meta property=\"og:image\" content=\"https:\/\/bombardashop.com\/wp-content\/uploads\/2024\/06\/Semi-transparant-inno-flaad.jpg\" \/>\n\t<meta property=\"og:image:width\" content=\"1067\" \/>\n\t<meta property=\"og:image:height\" content=\"1600\" \/>\n\t<meta property=\"og:image:type\" content=\"image\/jpeg\" \/>\n<meta name=\"twitter:card\" content=\"summary_large_image\" \/>\n<script type=\"application\/ld+json\" class=\"yoast-schema-graph\">{\"@context\":\"https:\\\/\\\/schema.org\",\"@graph\":[{\"@type\":\"WebPage\",\"@id\":\"https:\\\/\\\/bombardashop.com\\\/sv\\\/shop\\\/inno-bombarda-float-sv\\\/40015\\\/\",\"url\":\"https:\\\/\\\/bombardashop.com\\\/sv\\\/shop\\\/inno-bombarda-float-sv\\\/40015\\\/\",\"name\":\"INNO Floating 20 Gr. Semi transparant. - Bombardashop.com\",\"isPartOf\":{\"@id\":\"https:\\\/\\\/bombardashop.com\\\/#website\"},\"primaryImageOfPage\":{\"@id\":\"https:\\\/\\\/bombardashop.com\\\/sv\\\/shop\\\/inno-bombarda-float-sv\\\/40015\\\/#primaryimage\"},\"image\":{\"@id\":\"https:\\\/\\\/bombardashop.com\\\/sv\\\/shop\\\/inno-bombarda-float-sv\\\/40015\\\/#primaryimage\"},\"thumbnailUrl\":\"https:\\\/\\\/bombardashop.com\\\/wp-content\\\/uploads\\\/2024\\\/06\\\/Semi-transparant-inno-flaad.jpg\",\"datePublished\":\"2024-06-30T10:08:11+00:00\",\"dateModified\":\"2024-06-30T10:16:24+00:00\",\"breadcrumb\":{\"@id\":\"https:\\\/\\\/bombardashop.com\\\/sv\\\/shop\\\/inno-bombarda-float-sv\\\/40015\\\/#breadcrumb\"},\"inLanguage\":\"sv-SE\",\"potentialAction\":[{\"@type\":\"ReadAction\",\"target\":[\"https:\\\/\\\/bombardashop.com\\\/sv\\\/shop\\\/inno-bombarda-float-sv\\\/40015\\\/\"]}]},{\"@type\":\"ImageObject\",\"inLanguage\":\"sv-SE\",\"@id\":\"https:\\\/\\\/bombardashop.com\\\/sv\\\/shop\\\/inno-bombarda-float-sv\\\/40015\\\/#primaryimage\",\"url\":\"https:\\\/\\\/bombardashop.com\\\/wp-content\\\/uploads\\\/2024\\\/06\\\/Semi-transparant-inno-flaad.jpg\",\"contentUrl\":\"https:\\\/\\\/bombardashop.com\\\/wp-content\\\/uploads\\\/2024\\\/06\\\/Semi-transparant-inno-flaad.jpg\",\"width\":1067,\"height\":1600},{\"@type\":\"BreadcrumbList\",\"@id\":\"https:\\\/\\\/bombardashop.com\\\/sv\\\/shop\\\/inno-bombarda-float-sv\\\/40015\\\/#breadcrumb\",\"itemListElement\":[{\"@type\":\"ListItem\",\"position\":1,\"name\":\"Hjem\",\"item\":\"https:\\\/\\\/bombardashop.com\\\/sv\\\/\"},{\"@type\":\"ListItem\",\"position\":2,\"name\":\"Butik\",\"item\":\"https:\\\/\\\/bombardashop.com\\\/sv\\\/butik\\\/\"},{\"@type\":\"ListItem\",\"position\":3,\"name\":\"INNO Floating 20 Gr. Semi transparant.\"}]},{\"@type\":\"WebSite\",\"@id\":\"https:\\\/\\\/bombardashop.com\\\/#website\",\"url\":\"https:\\\/\\\/bombardashop.com\\\/\",\"name\":\"Bombardashop.com\",\"description\":\"Bombardashop.com\",\"potentialAction\":[{\"@type\":\"SearchAction\",\"target\":{\"@type\":\"EntryPoint\",\"urlTemplate\":\"https:\\\/\\\/bombardashop.com\\\/?s={search_term_string}\"},\"query-input\":{\"@type\":\"PropertyValueSpecification\",\"valueRequired\":true,\"valueName\":\"search_term_string\"}}],\"inLanguage\":\"sv-SE\"}]}<\/script>\n<!-- \/ Yoast SEO plugin. -->","yoast_head_json":{"title":"INNO Floating 20 Gr. Semi transparant. - Bombardashop.com","robots":{"index":"index","follow":"follow","max-snippet":"max-snippet:-1","max-image-preview":"max-image-preview:large","max-video-preview":"max-video-preview:-1"},"canonical":"https:\/\/bombardashop.com\/sv\/shop\/inno-bombarda-float-sv\/40015\/","og_locale":"sv_SE","og_type":"article","og_title":"INNO Floating 20 Gr. Semi transparant. - Bombardashop.com","og_description":"Den semi transparent INNO Floating \u00e4r svagt synlig f\u00f6r sportsfiskaren, men om du vill ha den mer synlig, man kan ers\u00e4tta den transparenta INNO-stickan med en orange sticka. INNO Floating...","og_url":"https:\/\/bombardashop.com\/sv\/shop\/inno-bombarda-float-sv\/40015\/","og_site_name":"Bombardashop.com","article_modified_time":"2024-06-30T10:16:24+00:00","og_image":[{"width":1067,"height":1600,"url":"https:\/\/bombardashop.com\/wp-content\/uploads\/2024\/06\/Semi-transparant-inno-flaad.jpg","type":"image\/jpeg"}],"twitter_card":"summary_large_image","schema":{"@context":"https:\/\/schema.org","@graph":[{"@type":"WebPage","@id":"https:\/\/bombardashop.com\/sv\/shop\/inno-bombarda-float-sv\/40015\/","url":"https:\/\/bombardashop.com\/sv\/shop\/inno-bombarda-float-sv\/40015\/","name":"INNO Floating 20 Gr. Semi transparant. - Bombardashop.com","isPartOf":{"@id":"https:\/\/bombardashop.com\/#website"},"primaryImageOfPage":{"@id":"https:\/\/bombardashop.com\/sv\/shop\/inno-bombarda-float-sv\/40015\/#primaryimage"},"image":{"@id":"https:\/\/bombardashop.com\/sv\/shop\/inno-bombarda-float-sv\/40015\/#primaryimage"},"thumbnailUrl":"https:\/\/bombardashop.com\/wp-content\/uploads\/2024\/06\/Semi-transparant-inno-flaad.jpg","datePublished":"2024-06-30T10:08:11+00:00","dateModified":"2024-06-30T10:16:24+00:00","breadcrumb":{"@id":"https:\/\/bombardashop.com\/sv\/shop\/inno-bombarda-float-sv\/40015\/#breadcrumb"},"inLanguage":"sv-SE","potentialAction":[{"@type":"ReadAction","target":["https:\/\/bombardashop.com\/sv\/shop\/inno-bombarda-float-sv\/40015\/"]}]},{"@type":"ImageObject","inLanguage":"sv-SE","@id":"https:\/\/bombardashop.com\/sv\/shop\/inno-bombarda-float-sv\/40015\/#primaryimage","url":"https:\/\/bombardashop.com\/wp-content\/uploads\/2024\/06\/Semi-transparant-inno-flaad.jpg","contentUrl":"https:\/\/bombardashop.com\/wp-content\/uploads\/2024\/06\/Semi-transparant-inno-flaad.jpg","width":1067,"height":1600},{"@type":"BreadcrumbList","@id":"https:\/\/bombardashop.com\/sv\/shop\/inno-bombarda-float-sv\/40015\/#breadcrumb","itemListElement":[{"@type":"ListItem","position":1,"name":"Hjem","item":"https:\/\/bombardashop.com\/sv\/"},{"@type":"ListItem","position":2,"name":"Butik","item":"https:\/\/bombardashop.com\/sv\/butik\/"},{"@type":"ListItem","position":3,"name":"INNO Floating 20 Gr. Semi transparant."}]},{"@type":"WebSite","@id":"https:\/\/bombardashop.com\/#website","url":"https:\/\/bombardashop.com\/","name":"Bombardashop.com","description":"Bombardashop.com","potentialAction":[{"@type":"SearchAction","target":{"@type":"EntryPoint","urlTemplate":"https:\/\/bombardashop.com\/?s={search_term_string}"},"query-input":{"@type":"PropertyValueSpecification","valueRequired":true,"valueName":"search_term_string"}}],"inLanguage":"sv-SE"}]}},"_links":{"self":[{"href":"https:\/\/bombardashop.com\/sv\/wp-json\/wp\/v2\/product\/40015","targetHints":{"allow":["GET"]}}],"collection":[{"href":"https:\/\/bombardashop.com\/sv\/wp-json\/wp\/v2\/product"}],"about":[{"href":"https:\/\/bombardashop.com\/sv\/wp-json\/wp\/v2\/types\/product"}],"wp:featuredmedia":[{"embeddable":true,"href":"https:\/\/bombardashop.com\/sv\/wp-json\/wp\/v2\/media\/40012"}],"wp:attachment":[{"href":"https:\/\/bombardashop.com\/sv\/wp-json\/wp\/v2\/media?parent=40015"}],"wp:term":[{"taxonomy":"product_brand","embeddable":true,"href":"https:\/\/bombardashop.com\/sv\/wp-json\/wp\/v2\/product_brand?post=40015"},{"taxonomy":"product_cat","embeddable":true,"href":"https:\/\/bombardashop.com\/sv\/wp-json\/wp\/v2\/product_cat?post=40015"},{"taxonomy":"product_tag","embeddable":true,"href":"https:\/\/bombardashop.com\/sv\/wp-json\/wp\/v2\/product_tag?post=40015"}],"curies":[{"name":"wp","href":"https:\/\/api.w.org\/{rel}","templated":true}]}}