
{"id":39726,"date":"2024-01-31T19:22:36","date_gmt":"2024-01-31T18:22:36","guid":{"rendered":"https:\/\/bombardashop.com\/shop\/okategoriserad\/vit-rosa-raekor-miniroer-lastad\/"},"modified":"2024-01-31T19:22:36","modified_gmt":"2024-01-31T18:22:36","slug":"vit-rosa-raekor-miniroer-lastad","status":"publish","type":"product","link":"https:\/\/bombardashop.com\/sv\/shop\/mini-tupe-flugor-sv\/vit-rosa-raekor-miniroer-lastad\/","title":{"rendered":"Vit &#038; rosa r\u00e4kor minir\u00f6r. Lastad."},"content":{"rendered":"<p>H\u00e4r \u00e4r en av 2 nya minituber, denna fluga \u00e4r viktad och en krokstyrning kan f\u00e4stas p\u00e5 r\u00f6ret.<\/p>\n<p>Minitube-flugorna \u00e4r knutna p\u00e5 1,5 mm r\u00f6r.<\/p>\n<p>Laddad f\u00f6r optimal promenad i vattnet.<\/p>\n<p>Prova det tillsammans med INNO krokguider f\u00f6r minir\u00f6r, s\u00e5 kan du \u00e4ntligen f\u00e5 Inno-TBH-beslag p\u00e5 minir\u00f6rflugor.<\/p>\n<p>Se ev bilden nedan.<\/p>\n","protected":false},"excerpt":{"rendered":"<p>H\u00e4r \u00e4r en av 2 nya minituber, denna fluga \u00e4r viktad och en krokstyrning kan f\u00e4stas p\u00e5 r\u00f6ret. Minitube-flugorna \u00e4r knutna p\u00e5 1,5 mm r\u00f6r. Laddad f\u00f6r optimal promenad i&#8230;<\/p>\n","protected":false},"featured_media":39715,"template":"","meta":[],"product_brand":[],"product_cat":[191],"product_tag":[],"class_list":{"0":"post-39726","1":"product","2":"type-product","3":"status-publish","4":"has-post-thumbnail","6":"product_cat-mini-tupe-flugor-sv","8":"first","9":"instock","10":"featured","11":"taxable","12":"shipping-taxable","13":"purchasable","14":"product-type-simple"},"yoast_head":"<!-- This site is optimized with the Yoast SEO plugin v27.3 - https:\/\/yoast.com\/product\/yoast-seo-wordpress\/ -->\n<title>Vit &amp; rosa r\u00e4kor minir\u00f6r. Lastad. - Bombardashop.com<\/title>\n<meta name=\"robots\" content=\"index, follow, max-snippet:-1, max-image-preview:large, max-video-preview:-1\" \/>\n<link rel=\"canonical\" href=\"https:\/\/bombardashop.com\/sv\/shop\/mini-tupe-flugor-sv\/vit-rosa-raekor-miniroer-lastad\/\" \/>\n<meta property=\"og:locale\" content=\"sv_SE\" \/>\n<meta property=\"og:type\" content=\"article\" \/>\n<meta property=\"og:title\" content=\"Vit &amp; rosa r\u00e4kor minir\u00f6r. Lastad. - Bombardashop.com\" \/>\n<meta property=\"og:description\" content=\"H\u00e4r \u00e4r en av 2 nya minituber, denna fluga \u00e4r viktad och en krokstyrning kan f\u00e4stas p\u00e5 r\u00f6ret. Minitube-flugorna \u00e4r knutna p\u00e5 1,5 mm r\u00f6r. Laddad f\u00f6r optimal promenad i...\" \/>\n<meta property=\"og:url\" content=\"https:\/\/bombardashop.com\/sv\/shop\/mini-tupe-flugor-sv\/vit-rosa-raekor-miniroer-lastad\/\" \/>\n<meta property=\"og:site_name\" content=\"Bombardashop.com\" \/>\n<meta property=\"og:image\" content=\"https:\/\/bombardashop.com\/wp-content\/uploads\/2024\/01\/MG_0412.jpg\" \/>\n\t<meta property=\"og:image:width\" content=\"1600\" \/>\n\t<meta property=\"og:image:height\" content=\"1067\" \/>\n\t<meta property=\"og:image:type\" content=\"image\/jpeg\" \/>\n<meta name=\"twitter:card\" content=\"summary_large_image\" \/>\n<script type=\"application\/ld+json\" class=\"yoast-schema-graph\">{\"@context\":\"https:\\\/\\\/schema.org\",\"@graph\":[{\"@type\":\"WebPage\",\"@id\":\"https:\\\/\\\/bombardashop.com\\\/sv\\\/shop\\\/mini-tupe-flugor-sv\\\/vit-rosa-raekor-miniroer-lastad\\\/\",\"url\":\"https:\\\/\\\/bombardashop.com\\\/sv\\\/shop\\\/mini-tupe-flugor-sv\\\/vit-rosa-raekor-miniroer-lastad\\\/\",\"name\":\"Vit & rosa r\u00e4kor minir\u00f6r. Lastad. - Bombardashop.com\",\"isPartOf\":{\"@id\":\"https:\\\/\\\/bombardashop.com\\\/#website\"},\"primaryImageOfPage\":{\"@id\":\"https:\\\/\\\/bombardashop.com\\\/sv\\\/shop\\\/mini-tupe-flugor-sv\\\/vit-rosa-raekor-miniroer-lastad\\\/#primaryimage\"},\"image\":{\"@id\":\"https:\\\/\\\/bombardashop.com\\\/sv\\\/shop\\\/mini-tupe-flugor-sv\\\/vit-rosa-raekor-miniroer-lastad\\\/#primaryimage\"},\"thumbnailUrl\":\"https:\\\/\\\/bombardashop.com\\\/wp-content\\\/uploads\\\/2024\\\/01\\\/MG_0412.jpg\",\"datePublished\":\"2024-01-31T18:22:36+00:00\",\"breadcrumb\":{\"@id\":\"https:\\\/\\\/bombardashop.com\\\/sv\\\/shop\\\/mini-tupe-flugor-sv\\\/vit-rosa-raekor-miniroer-lastad\\\/#breadcrumb\"},\"inLanguage\":\"sv-SE\",\"potentialAction\":[{\"@type\":\"ReadAction\",\"target\":[\"https:\\\/\\\/bombardashop.com\\\/sv\\\/shop\\\/mini-tupe-flugor-sv\\\/vit-rosa-raekor-miniroer-lastad\\\/\"]}]},{\"@type\":\"ImageObject\",\"inLanguage\":\"sv-SE\",\"@id\":\"https:\\\/\\\/bombardashop.com\\\/sv\\\/shop\\\/mini-tupe-flugor-sv\\\/vit-rosa-raekor-miniroer-lastad\\\/#primaryimage\",\"url\":\"https:\\\/\\\/bombardashop.com\\\/wp-content\\\/uploads\\\/2024\\\/01\\\/MG_0412.jpg\",\"contentUrl\":\"https:\\\/\\\/bombardashop.com\\\/wp-content\\\/uploads\\\/2024\\\/01\\\/MG_0412.jpg\",\"width\":1600,\"height\":1067},{\"@type\":\"BreadcrumbList\",\"@id\":\"https:\\\/\\\/bombardashop.com\\\/sv\\\/shop\\\/mini-tupe-flugor-sv\\\/vit-rosa-raekor-miniroer-lastad\\\/#breadcrumb\",\"itemListElement\":[{\"@type\":\"ListItem\",\"position\":1,\"name\":\"Hjem\",\"item\":\"https:\\\/\\\/bombardashop.com\\\/sv\\\/\"},{\"@type\":\"ListItem\",\"position\":2,\"name\":\"Butik\",\"item\":\"https:\\\/\\\/bombardashop.com\\\/sv\\\/butik\\\/\"},{\"@type\":\"ListItem\",\"position\":3,\"name\":\"Vit &#038; rosa r\u00e4kor minir\u00f6r. Lastad.\"}]},{\"@type\":\"WebSite\",\"@id\":\"https:\\\/\\\/bombardashop.com\\\/#website\",\"url\":\"https:\\\/\\\/bombardashop.com\\\/\",\"name\":\"Bombardashop.com\",\"description\":\"Bombardashop.com\",\"potentialAction\":[{\"@type\":\"SearchAction\",\"target\":{\"@type\":\"EntryPoint\",\"urlTemplate\":\"https:\\\/\\\/bombardashop.com\\\/?s={search_term_string}\"},\"query-input\":{\"@type\":\"PropertyValueSpecification\",\"valueRequired\":true,\"valueName\":\"search_term_string\"}}],\"inLanguage\":\"sv-SE\"}]}<\/script>\n<!-- \/ Yoast SEO plugin. -->","yoast_head_json":{"title":"Vit & rosa r\u00e4kor minir\u00f6r. Lastad. - Bombardashop.com","robots":{"index":"index","follow":"follow","max-snippet":"max-snippet:-1","max-image-preview":"max-image-preview:large","max-video-preview":"max-video-preview:-1"},"canonical":"https:\/\/bombardashop.com\/sv\/shop\/mini-tupe-flugor-sv\/vit-rosa-raekor-miniroer-lastad\/","og_locale":"sv_SE","og_type":"article","og_title":"Vit & rosa r\u00e4kor minir\u00f6r. Lastad. - Bombardashop.com","og_description":"H\u00e4r \u00e4r en av 2 nya minituber, denna fluga \u00e4r viktad och en krokstyrning kan f\u00e4stas p\u00e5 r\u00f6ret. Minitube-flugorna \u00e4r knutna p\u00e5 1,5 mm r\u00f6r. Laddad f\u00f6r optimal promenad i...","og_url":"https:\/\/bombardashop.com\/sv\/shop\/mini-tupe-flugor-sv\/vit-rosa-raekor-miniroer-lastad\/","og_site_name":"Bombardashop.com","og_image":[{"width":1600,"height":1067,"url":"https:\/\/bombardashop.com\/wp-content\/uploads\/2024\/01\/MG_0412.jpg","type":"image\/jpeg"}],"twitter_card":"summary_large_image","schema":{"@context":"https:\/\/schema.org","@graph":[{"@type":"WebPage","@id":"https:\/\/bombardashop.com\/sv\/shop\/mini-tupe-flugor-sv\/vit-rosa-raekor-miniroer-lastad\/","url":"https:\/\/bombardashop.com\/sv\/shop\/mini-tupe-flugor-sv\/vit-rosa-raekor-miniroer-lastad\/","name":"Vit & rosa r\u00e4kor minir\u00f6r. Lastad. - Bombardashop.com","isPartOf":{"@id":"https:\/\/bombardashop.com\/#website"},"primaryImageOfPage":{"@id":"https:\/\/bombardashop.com\/sv\/shop\/mini-tupe-flugor-sv\/vit-rosa-raekor-miniroer-lastad\/#primaryimage"},"image":{"@id":"https:\/\/bombardashop.com\/sv\/shop\/mini-tupe-flugor-sv\/vit-rosa-raekor-miniroer-lastad\/#primaryimage"},"thumbnailUrl":"https:\/\/bombardashop.com\/wp-content\/uploads\/2024\/01\/MG_0412.jpg","datePublished":"2024-01-31T18:22:36+00:00","breadcrumb":{"@id":"https:\/\/bombardashop.com\/sv\/shop\/mini-tupe-flugor-sv\/vit-rosa-raekor-miniroer-lastad\/#breadcrumb"},"inLanguage":"sv-SE","potentialAction":[{"@type":"ReadAction","target":["https:\/\/bombardashop.com\/sv\/shop\/mini-tupe-flugor-sv\/vit-rosa-raekor-miniroer-lastad\/"]}]},{"@type":"ImageObject","inLanguage":"sv-SE","@id":"https:\/\/bombardashop.com\/sv\/shop\/mini-tupe-flugor-sv\/vit-rosa-raekor-miniroer-lastad\/#primaryimage","url":"https:\/\/bombardashop.com\/wp-content\/uploads\/2024\/01\/MG_0412.jpg","contentUrl":"https:\/\/bombardashop.com\/wp-content\/uploads\/2024\/01\/MG_0412.jpg","width":1600,"height":1067},{"@type":"BreadcrumbList","@id":"https:\/\/bombardashop.com\/sv\/shop\/mini-tupe-flugor-sv\/vit-rosa-raekor-miniroer-lastad\/#breadcrumb","itemListElement":[{"@type":"ListItem","position":1,"name":"Hjem","item":"https:\/\/bombardashop.com\/sv\/"},{"@type":"ListItem","position":2,"name":"Butik","item":"https:\/\/bombardashop.com\/sv\/butik\/"},{"@type":"ListItem","position":3,"name":"Vit &#038; rosa r\u00e4kor minir\u00f6r. Lastad."}]},{"@type":"WebSite","@id":"https:\/\/bombardashop.com\/#website","url":"https:\/\/bombardashop.com\/","name":"Bombardashop.com","description":"Bombardashop.com","potentialAction":[{"@type":"SearchAction","target":{"@type":"EntryPoint","urlTemplate":"https:\/\/bombardashop.com\/?s={search_term_string}"},"query-input":{"@type":"PropertyValueSpecification","valueRequired":true,"valueName":"search_term_string"}}],"inLanguage":"sv-SE"}]}},"_links":{"self":[{"href":"https:\/\/bombardashop.com\/sv\/wp-json\/wp\/v2\/product\/39726","targetHints":{"allow":["GET"]}}],"collection":[{"href":"https:\/\/bombardashop.com\/sv\/wp-json\/wp\/v2\/product"}],"about":[{"href":"https:\/\/bombardashop.com\/sv\/wp-json\/wp\/v2\/types\/product"}],"wp:featuredmedia":[{"embeddable":true,"href":"https:\/\/bombardashop.com\/sv\/wp-json\/wp\/v2\/media\/39715"}],"wp:attachment":[{"href":"https:\/\/bombardashop.com\/sv\/wp-json\/wp\/v2\/media?parent=39726"}],"wp:term":[{"taxonomy":"product_brand","embeddable":true,"href":"https:\/\/bombardashop.com\/sv\/wp-json\/wp\/v2\/product_brand?post=39726"},{"taxonomy":"product_cat","embeddable":true,"href":"https:\/\/bombardashop.com\/sv\/wp-json\/wp\/v2\/product_cat?post=39726"},{"taxonomy":"product_tag","embeddable":true,"href":"https:\/\/bombardashop.com\/sv\/wp-json\/wp\/v2\/product_tag?post=39726"}],"curies":[{"name":"wp","href":"https:\/\/api.w.org\/{rel}","templated":true}]}}