
{"id":39522,"date":"2023-12-19T21:08:48","date_gmt":"2023-12-19T20:08:48","guid":{"rendered":"https:\/\/bombardashop.com\/shop\/okategoriserad\/39522\/"},"modified":"2023-12-19T21:13:18","modified_gmt":"2023-12-19T20:13:18","slug":"39522","status":"publish","type":"product","link":"https:\/\/bombardashop.com\/sv\/shop\/mini-tupe-flugor-sv\/39522\/","title":{"rendered":""},"content":{"rendered":"<p>Tubflugor som alla bevisat sina fiskekunskaper vid kusten, men ocks\u00e5 utm\u00e4rkta f\u00f6r sj\u00f6fisk och Put and Take. \u00d6ka din kroknings rate\u00a0 fr\u00e5n 50 till 90 % med sm\u00e5 krokredskap. \u00c4gare diskantkrokar och tubflugor. Testfiskare har under flera \u00e5r bevisat att sm\u00e5krokredskapet ger n\u00e4stan dubbelt s\u00e5 m\u00e5nga fiskar med L-rigg eller Rapala-montering p\u00e5 tubflugor.<\/p>\n","protected":false},"excerpt":{"rendered":"<p>Tubflugor som alla bevisat sina fiskekunskaper vid kusten, men ocks\u00e5 utm\u00e4rkta f\u00f6r sj\u00f6fisk och Put and Take. \u00d6ka din kroknings rate\u00a0 fr\u00e5n 50 till 90 % med sm\u00e5 krokredskap. \u00c4gare&#8230;<\/p>\n","protected":false},"featured_media":39520,"template":"","meta":[],"product_brand":[],"product_cat":[191],"product_tag":[],"class_list":{"0":"post-39522","1":"product","2":"type-product","3":"status-publish","4":"has-post-thumbnail","6":"product_cat-mini-tupe-flugor-sv","8":"first","9":"instock","10":"taxable","11":"shipping-taxable","12":"purchasable","13":"product-type-simple"},"yoast_head":"<!-- This site is optimized with the Yoast SEO plugin v27.3 - https:\/\/yoast.com\/product\/yoast-seo-wordpress\/ -->\n<title>- Bombardashop.com<\/title>\n<meta name=\"robots\" content=\"index, follow, max-snippet:-1, max-image-preview:large, max-video-preview:-1\" \/>\n<link rel=\"canonical\" href=\"https:\/\/bombardashop.com\/sv\/shop\/mini-tupe-flugor-sv\/39522\/\" \/>\n<meta property=\"og:locale\" content=\"sv_SE\" \/>\n<meta property=\"og:type\" content=\"article\" \/>\n<meta property=\"og:title\" content=\"- Bombardashop.com\" \/>\n<meta property=\"og:description\" content=\"Tubflugor som alla bevisat sina fiskekunskaper vid kusten, men ocks\u00e5 utm\u00e4rkta f\u00f6r sj\u00f6fisk och Put and Take. \u00d6ka din kroknings rate\u00a0 fr\u00e5n 50 till 90 % med sm\u00e5 krokredskap. \u00c4gare...\" \/>\n<meta property=\"og:url\" content=\"https:\/\/bombardashop.com\/sv\/shop\/mini-tupe-flugor-sv\/39522\/\" \/>\n<meta property=\"og:site_name\" content=\"Bombardashop.com\" \/>\n<meta property=\"article:modified_time\" content=\"2023-12-19T20:13:18+00:00\" \/>\n<meta property=\"og:image\" content=\"https:\/\/bombardashop.com\/wp-content\/uploads\/2023\/12\/Polar-Magnus-variant-Mini-tube.jpg\" \/>\n\t<meta property=\"og:image:width\" content=\"1600\" \/>\n\t<meta property=\"og:image:height\" content=\"1067\" \/>\n\t<meta property=\"og:image:type\" content=\"image\/jpeg\" \/>\n<meta name=\"twitter:card\" content=\"summary_large_image\" \/>\n<script type=\"application\/ld+json\" class=\"yoast-schema-graph\">{\"@context\":\"https:\\\/\\\/schema.org\",\"@graph\":[{\"@type\":\"WebPage\",\"@id\":\"https:\\\/\\\/bombardashop.com\\\/sv\\\/shop\\\/mini-tupe-flugor-sv\\\/39522\\\/\",\"url\":\"https:\\\/\\\/bombardashop.com\\\/sv\\\/shop\\\/mini-tupe-flugor-sv\\\/39522\\\/\",\"name\":\"- Bombardashop.com\",\"isPartOf\":{\"@id\":\"https:\\\/\\\/bombardashop.com\\\/#website\"},\"primaryImageOfPage\":{\"@id\":\"https:\\\/\\\/bombardashop.com\\\/sv\\\/shop\\\/mini-tupe-flugor-sv\\\/39522\\\/#primaryimage\"},\"image\":{\"@id\":\"https:\\\/\\\/bombardashop.com\\\/sv\\\/shop\\\/mini-tupe-flugor-sv\\\/39522\\\/#primaryimage\"},\"thumbnailUrl\":\"https:\\\/\\\/bombardashop.com\\\/wp-content\\\/uploads\\\/2023\\\/12\\\/Polar-Magnus-variant-Mini-tube.jpg\",\"datePublished\":\"2023-12-19T20:08:48+00:00\",\"dateModified\":\"2023-12-19T20:13:18+00:00\",\"breadcrumb\":{\"@id\":\"https:\\\/\\\/bombardashop.com\\\/sv\\\/shop\\\/mini-tupe-flugor-sv\\\/39522\\\/#breadcrumb\"},\"inLanguage\":\"sv-SE\",\"potentialAction\":[{\"@type\":\"ReadAction\",\"target\":[\"https:\\\/\\\/bombardashop.com\\\/sv\\\/shop\\\/mini-tupe-flugor-sv\\\/39522\\\/\"]}]},{\"@type\":\"ImageObject\",\"inLanguage\":\"sv-SE\",\"@id\":\"https:\\\/\\\/bombardashop.com\\\/sv\\\/shop\\\/mini-tupe-flugor-sv\\\/39522\\\/#primaryimage\",\"url\":\"https:\\\/\\\/bombardashop.com\\\/wp-content\\\/uploads\\\/2023\\\/12\\\/Polar-Magnus-variant-Mini-tube.jpg\",\"contentUrl\":\"https:\\\/\\\/bombardashop.com\\\/wp-content\\\/uploads\\\/2023\\\/12\\\/Polar-Magnus-variant-Mini-tube.jpg\",\"width\":1600,\"height\":1067},{\"@type\":\"BreadcrumbList\",\"@id\":\"https:\\\/\\\/bombardashop.com\\\/sv\\\/shop\\\/mini-tupe-flugor-sv\\\/39522\\\/#breadcrumb\",\"itemListElement\":[{\"@type\":\"ListItem\",\"position\":1,\"name\":\"Hjem\",\"item\":\"https:\\\/\\\/bombardashop.com\\\/sv\\\/\"},{\"@type\":\"ListItem\",\"position\":2,\"name\":\"Butik\",\"item\":\"https:\\\/\\\/bombardashop.com\\\/sv\\\/butik\\\/\"}]},{\"@type\":\"WebSite\",\"@id\":\"https:\\\/\\\/bombardashop.com\\\/#website\",\"url\":\"https:\\\/\\\/bombardashop.com\\\/\",\"name\":\"Bombardashop.com\",\"description\":\"Bombardashop.com\",\"potentialAction\":[{\"@type\":\"SearchAction\",\"target\":{\"@type\":\"EntryPoint\",\"urlTemplate\":\"https:\\\/\\\/bombardashop.com\\\/?s={search_term_string}\"},\"query-input\":{\"@type\":\"PropertyValueSpecification\",\"valueRequired\":true,\"valueName\":\"search_term_string\"}}],\"inLanguage\":\"sv-SE\"}]}<\/script>\n<!-- \/ Yoast SEO plugin. -->","yoast_head_json":{"title":"- Bombardashop.com","robots":{"index":"index","follow":"follow","max-snippet":"max-snippet:-1","max-image-preview":"max-image-preview:large","max-video-preview":"max-video-preview:-1"},"canonical":"https:\/\/bombardashop.com\/sv\/shop\/mini-tupe-flugor-sv\/39522\/","og_locale":"sv_SE","og_type":"article","og_title":"- Bombardashop.com","og_description":"Tubflugor som alla bevisat sina fiskekunskaper vid kusten, men ocks\u00e5 utm\u00e4rkta f\u00f6r sj\u00f6fisk och Put and Take. \u00d6ka din kroknings rate\u00a0 fr\u00e5n 50 till 90 % med sm\u00e5 krokredskap. \u00c4gare...","og_url":"https:\/\/bombardashop.com\/sv\/shop\/mini-tupe-flugor-sv\/39522\/","og_site_name":"Bombardashop.com","article_modified_time":"2023-12-19T20:13:18+00:00","og_image":[{"width":1600,"height":1067,"url":"https:\/\/bombardashop.com\/wp-content\/uploads\/2023\/12\/Polar-Magnus-variant-Mini-tube.jpg","type":"image\/jpeg"}],"twitter_card":"summary_large_image","schema":{"@context":"https:\/\/schema.org","@graph":[{"@type":"WebPage","@id":"https:\/\/bombardashop.com\/sv\/shop\/mini-tupe-flugor-sv\/39522\/","url":"https:\/\/bombardashop.com\/sv\/shop\/mini-tupe-flugor-sv\/39522\/","name":"- Bombardashop.com","isPartOf":{"@id":"https:\/\/bombardashop.com\/#website"},"primaryImageOfPage":{"@id":"https:\/\/bombardashop.com\/sv\/shop\/mini-tupe-flugor-sv\/39522\/#primaryimage"},"image":{"@id":"https:\/\/bombardashop.com\/sv\/shop\/mini-tupe-flugor-sv\/39522\/#primaryimage"},"thumbnailUrl":"https:\/\/bombardashop.com\/wp-content\/uploads\/2023\/12\/Polar-Magnus-variant-Mini-tube.jpg","datePublished":"2023-12-19T20:08:48+00:00","dateModified":"2023-12-19T20:13:18+00:00","breadcrumb":{"@id":"https:\/\/bombardashop.com\/sv\/shop\/mini-tupe-flugor-sv\/39522\/#breadcrumb"},"inLanguage":"sv-SE","potentialAction":[{"@type":"ReadAction","target":["https:\/\/bombardashop.com\/sv\/shop\/mini-tupe-flugor-sv\/39522\/"]}]},{"@type":"ImageObject","inLanguage":"sv-SE","@id":"https:\/\/bombardashop.com\/sv\/shop\/mini-tupe-flugor-sv\/39522\/#primaryimage","url":"https:\/\/bombardashop.com\/wp-content\/uploads\/2023\/12\/Polar-Magnus-variant-Mini-tube.jpg","contentUrl":"https:\/\/bombardashop.com\/wp-content\/uploads\/2023\/12\/Polar-Magnus-variant-Mini-tube.jpg","width":1600,"height":1067},{"@type":"BreadcrumbList","@id":"https:\/\/bombardashop.com\/sv\/shop\/mini-tupe-flugor-sv\/39522\/#breadcrumb","itemListElement":[{"@type":"ListItem","position":1,"name":"Hjem","item":"https:\/\/bombardashop.com\/sv\/"},{"@type":"ListItem","position":2,"name":"Butik","item":"https:\/\/bombardashop.com\/sv\/butik\/"}]},{"@type":"WebSite","@id":"https:\/\/bombardashop.com\/#website","url":"https:\/\/bombardashop.com\/","name":"Bombardashop.com","description":"Bombardashop.com","potentialAction":[{"@type":"SearchAction","target":{"@type":"EntryPoint","urlTemplate":"https:\/\/bombardashop.com\/?s={search_term_string}"},"query-input":{"@type":"PropertyValueSpecification","valueRequired":true,"valueName":"search_term_string"}}],"inLanguage":"sv-SE"}]}},"_links":{"self":[{"href":"https:\/\/bombardashop.com\/sv\/wp-json\/wp\/v2\/product\/39522","targetHints":{"allow":["GET"]}}],"collection":[{"href":"https:\/\/bombardashop.com\/sv\/wp-json\/wp\/v2\/product"}],"about":[{"href":"https:\/\/bombardashop.com\/sv\/wp-json\/wp\/v2\/types\/product"}],"wp:featuredmedia":[{"embeddable":true,"href":"https:\/\/bombardashop.com\/sv\/wp-json\/wp\/v2\/media\/39520"}],"wp:attachment":[{"href":"https:\/\/bombardashop.com\/sv\/wp-json\/wp\/v2\/media?parent=39522"}],"wp:term":[{"taxonomy":"product_brand","embeddable":true,"href":"https:\/\/bombardashop.com\/sv\/wp-json\/wp\/v2\/product_brand?post=39522"},{"taxonomy":"product_cat","embeddable":true,"href":"https:\/\/bombardashop.com\/sv\/wp-json\/wp\/v2\/product_cat?post=39522"},{"taxonomy":"product_tag","embeddable":true,"href":"https:\/\/bombardashop.com\/sv\/wp-json\/wp\/v2\/product_tag?post=39522"}],"curies":[{"name":"wp","href":"https:\/\/api.w.org\/{rel}","templated":true}]}}