
{"id":39447,"date":"2023-10-24T15:51:19","date_gmt":"2023-10-24T13:51:19","guid":{"rendered":"https:\/\/bombardashop.com\/shop\/okategoriserad\/inno-g0-get-it-silver-36-mm-1-gr\/"},"modified":"2023-10-24T15:51:19","modified_gmt":"2023-10-24T13:51:19","slug":"inno-g0-get-it-silver-36-mm-1-gr","status":"publish","type":"product","link":"https:\/\/bombardashop.com\/sv\/shop\/inno-go-get-it-genomloepare\/inno-g0-get-it-silver-36-mm-1-gr\/","title":{"rendered":"INNO G0 Get It . Silver. 36 mm. 1 gr."},"content":{"rendered":"<p>INNO GO GET IT \u00e4r ditt nya ettgramsvapen p\u00e5 kusten eller i ditt Put &amp; Take-vatten efter Bombarda eller direkt p\u00e5 din ultral\u00e4tta spinningsutrustning. Samt i str\u00f6mmande vatten p\u00e5 flugsp\u00f6et.<\/p>\n<p>INNO GO GET IT v\u00e4ger bara ett gram och kan d\u00e4rf\u00f6r fiska mycket l\u00e5ngsamt med sm\u00e5 ryck eller H\u00d6G FAST snabbt med snurrstopp p\u00e5 kusten efter bombarda. Samt p\u00e5 ett flugsp\u00f6 i str\u00f6mmande vatten d\u00e4r det g\u00e5r superfr\u00e4ckt, helt annorlunda \u00e4n en fluga &#8211; Ditt hemliga vapen p\u00e5 sv\u00e5r fisk.<\/p>\n","protected":false},"excerpt":{"rendered":"<p>INNO GO GET IT \u00e4r ditt nya ettgramsvapen p\u00e5 kusten eller i ditt Put &amp; Take-vatten efter Bombarda eller direkt p\u00e5 din ultral\u00e4tta spinningsutrustning. Samt i str\u00f6mmande vatten p\u00e5 flugsp\u00f6et&#8230;.<\/p>\n","protected":false},"featured_media":39422,"template":"","meta":[],"product_brand":[],"product_cat":[202],"product_tag":[],"class_list":{"0":"post-39447","1":"product","2":"type-product","3":"status-publish","4":"has-post-thumbnail","6":"product_cat-inno-go-get-it-genomloepare","8":"first","9":"instock","10":"taxable","11":"shipping-taxable","12":"purchasable","13":"product-type-simple"},"yoast_head":"<!-- This site is optimized with the Yoast SEO plugin v27.3 - https:\/\/yoast.com\/product\/yoast-seo-wordpress\/ -->\n<title>INNO G0 Get It . Silver. 36 mm. 1 gr. - Bombardashop.com<\/title>\n<meta name=\"robots\" content=\"index, follow, max-snippet:-1, max-image-preview:large, max-video-preview:-1\" \/>\n<link rel=\"canonical\" href=\"https:\/\/bombardashop.com\/sv\/shop\/okategoriserad\/inno-g0-get-it-silver-36-mm-1-gr\/\" \/>\n<meta property=\"og:locale\" content=\"sv_SE\" \/>\n<meta property=\"og:type\" content=\"article\" \/>\n<meta property=\"og:title\" content=\"INNO G0 Get It . Silver. 36 mm. 1 gr. - Bombardashop.com\" \/>\n<meta property=\"og:description\" content=\"INNO GO GET IT \u00e4r ditt nya ettgramsvapen p\u00e5 kusten eller i ditt Put &amp; Take-vatten efter Bombarda eller direkt p\u00e5 din ultral\u00e4tta spinningsutrustning. Samt i str\u00f6mmande vatten p\u00e5 flugsp\u00f6et....\" \/>\n<meta property=\"og:url\" content=\"https:\/\/bombardashop.com\/sv\/shop\/okategoriserad\/inno-g0-get-it-silver-36-mm-1-gr\/\" \/>\n<meta property=\"og:site_name\" content=\"Bombardashop.com\" \/>\n<meta property=\"og:image\" content=\"https:\/\/bombardashop.com\/wp-content\/uploads\/2023\/10\/INNO-Go-Get-It.-Soelv-.-09.GGI_.SOe_.jpg\" \/>\n\t<meta property=\"og:image:width\" content=\"1019\" \/>\n\t<meta property=\"og:image:height\" content=\"680\" \/>\n\t<meta property=\"og:image:type\" content=\"image\/jpeg\" \/>\n<meta name=\"twitter:card\" content=\"summary_large_image\" \/>\n<script type=\"application\/ld+json\" class=\"yoast-schema-graph\">{\"@context\":\"https:\\\/\\\/schema.org\",\"@graph\":[{\"@type\":\"WebPage\",\"@id\":\"https:\\\/\\\/bombardashop.com\\\/sv\\\/shop\\\/okategoriserad\\\/inno-g0-get-it-silver-36-mm-1-gr\\\/\",\"url\":\"https:\\\/\\\/bombardashop.com\\\/sv\\\/shop\\\/okategoriserad\\\/inno-g0-get-it-silver-36-mm-1-gr\\\/\",\"name\":\"INNO G0 Get It . Silver. 36 mm. 1 gr. - Bombardashop.com\",\"isPartOf\":{\"@id\":\"https:\\\/\\\/bombardashop.com\\\/#website\"},\"primaryImageOfPage\":{\"@id\":\"https:\\\/\\\/bombardashop.com\\\/sv\\\/shop\\\/okategoriserad\\\/inno-g0-get-it-silver-36-mm-1-gr\\\/#primaryimage\"},\"image\":{\"@id\":\"https:\\\/\\\/bombardashop.com\\\/sv\\\/shop\\\/okategoriserad\\\/inno-g0-get-it-silver-36-mm-1-gr\\\/#primaryimage\"},\"thumbnailUrl\":\"https:\\\/\\\/bombardashop.com\\\/wp-content\\\/uploads\\\/2023\\\/10\\\/INNO-Go-Get-It.-Soelv-.-09.GGI_.SOe_.jpg\",\"datePublished\":\"2023-10-24T13:51:19+00:00\",\"breadcrumb\":{\"@id\":\"https:\\\/\\\/bombardashop.com\\\/sv\\\/shop\\\/okategoriserad\\\/inno-g0-get-it-silver-36-mm-1-gr\\\/#breadcrumb\"},\"inLanguage\":\"sv-SE\",\"potentialAction\":[{\"@type\":\"ReadAction\",\"target\":[\"https:\\\/\\\/bombardashop.com\\\/sv\\\/shop\\\/okategoriserad\\\/inno-g0-get-it-silver-36-mm-1-gr\\\/\"]}]},{\"@type\":\"ImageObject\",\"inLanguage\":\"sv-SE\",\"@id\":\"https:\\\/\\\/bombardashop.com\\\/sv\\\/shop\\\/okategoriserad\\\/inno-g0-get-it-silver-36-mm-1-gr\\\/#primaryimage\",\"url\":\"https:\\\/\\\/bombardashop.com\\\/wp-content\\\/uploads\\\/2023\\\/10\\\/INNO-Go-Get-It.-Soelv-.-09.GGI_.SOe_.jpg\",\"contentUrl\":\"https:\\\/\\\/bombardashop.com\\\/wp-content\\\/uploads\\\/2023\\\/10\\\/INNO-Go-Get-It.-Soelv-.-09.GGI_.SOe_.jpg\",\"width\":1019,\"height\":680},{\"@type\":\"BreadcrumbList\",\"@id\":\"https:\\\/\\\/bombardashop.com\\\/sv\\\/shop\\\/okategoriserad\\\/inno-g0-get-it-silver-36-mm-1-gr\\\/#breadcrumb\",\"itemListElement\":[{\"@type\":\"ListItem\",\"position\":1,\"name\":\"Hjem\",\"item\":\"https:\\\/\\\/bombardashop.com\\\/sv\\\/\"},{\"@type\":\"ListItem\",\"position\":2,\"name\":\"Butik\",\"item\":\"https:\\\/\\\/bombardashop.com\\\/sv\\\/butik\\\/\"},{\"@type\":\"ListItem\",\"position\":3,\"name\":\"INNO G0 Get It . Silver. 36 mm. 1 gr.\"}]},{\"@type\":\"WebSite\",\"@id\":\"https:\\\/\\\/bombardashop.com\\\/#website\",\"url\":\"https:\\\/\\\/bombardashop.com\\\/\",\"name\":\"Bombardashop.com\",\"description\":\"Bombardashop.com\",\"potentialAction\":[{\"@type\":\"SearchAction\",\"target\":{\"@type\":\"EntryPoint\",\"urlTemplate\":\"https:\\\/\\\/bombardashop.com\\\/?s={search_term_string}\"},\"query-input\":{\"@type\":\"PropertyValueSpecification\",\"valueRequired\":true,\"valueName\":\"search_term_string\"}}],\"inLanguage\":\"sv-SE\"}]}<\/script>\n<!-- \/ Yoast SEO plugin. -->","yoast_head_json":{"title":"INNO G0 Get It . Silver. 36 mm. 1 gr. - Bombardashop.com","robots":{"index":"index","follow":"follow","max-snippet":"max-snippet:-1","max-image-preview":"max-image-preview:large","max-video-preview":"max-video-preview:-1"},"canonical":"https:\/\/bombardashop.com\/sv\/shop\/okategoriserad\/inno-g0-get-it-silver-36-mm-1-gr\/","og_locale":"sv_SE","og_type":"article","og_title":"INNO G0 Get It . Silver. 36 mm. 1 gr. - Bombardashop.com","og_description":"INNO GO GET IT \u00e4r ditt nya ettgramsvapen p\u00e5 kusten eller i ditt Put &amp; Take-vatten efter Bombarda eller direkt p\u00e5 din ultral\u00e4tta spinningsutrustning. Samt i str\u00f6mmande vatten p\u00e5 flugsp\u00f6et....","og_url":"https:\/\/bombardashop.com\/sv\/shop\/okategoriserad\/inno-g0-get-it-silver-36-mm-1-gr\/","og_site_name":"Bombardashop.com","og_image":[{"width":1019,"height":680,"url":"https:\/\/bombardashop.com\/wp-content\/uploads\/2023\/10\/INNO-Go-Get-It.-Soelv-.-09.GGI_.SOe_.jpg","type":"image\/jpeg"}],"twitter_card":"summary_large_image","schema":{"@context":"https:\/\/schema.org","@graph":[{"@type":"WebPage","@id":"https:\/\/bombardashop.com\/sv\/shop\/okategoriserad\/inno-g0-get-it-silver-36-mm-1-gr\/","url":"https:\/\/bombardashop.com\/sv\/shop\/okategoriserad\/inno-g0-get-it-silver-36-mm-1-gr\/","name":"INNO G0 Get It . Silver. 36 mm. 1 gr. - Bombardashop.com","isPartOf":{"@id":"https:\/\/bombardashop.com\/#website"},"primaryImageOfPage":{"@id":"https:\/\/bombardashop.com\/sv\/shop\/okategoriserad\/inno-g0-get-it-silver-36-mm-1-gr\/#primaryimage"},"image":{"@id":"https:\/\/bombardashop.com\/sv\/shop\/okategoriserad\/inno-g0-get-it-silver-36-mm-1-gr\/#primaryimage"},"thumbnailUrl":"https:\/\/bombardashop.com\/wp-content\/uploads\/2023\/10\/INNO-Go-Get-It.-Soelv-.-09.GGI_.SOe_.jpg","datePublished":"2023-10-24T13:51:19+00:00","breadcrumb":{"@id":"https:\/\/bombardashop.com\/sv\/shop\/okategoriserad\/inno-g0-get-it-silver-36-mm-1-gr\/#breadcrumb"},"inLanguage":"sv-SE","potentialAction":[{"@type":"ReadAction","target":["https:\/\/bombardashop.com\/sv\/shop\/okategoriserad\/inno-g0-get-it-silver-36-mm-1-gr\/"]}]},{"@type":"ImageObject","inLanguage":"sv-SE","@id":"https:\/\/bombardashop.com\/sv\/shop\/okategoriserad\/inno-g0-get-it-silver-36-mm-1-gr\/#primaryimage","url":"https:\/\/bombardashop.com\/wp-content\/uploads\/2023\/10\/INNO-Go-Get-It.-Soelv-.-09.GGI_.SOe_.jpg","contentUrl":"https:\/\/bombardashop.com\/wp-content\/uploads\/2023\/10\/INNO-Go-Get-It.-Soelv-.-09.GGI_.SOe_.jpg","width":1019,"height":680},{"@type":"BreadcrumbList","@id":"https:\/\/bombardashop.com\/sv\/shop\/okategoriserad\/inno-g0-get-it-silver-36-mm-1-gr\/#breadcrumb","itemListElement":[{"@type":"ListItem","position":1,"name":"Hjem","item":"https:\/\/bombardashop.com\/sv\/"},{"@type":"ListItem","position":2,"name":"Butik","item":"https:\/\/bombardashop.com\/sv\/butik\/"},{"@type":"ListItem","position":3,"name":"INNO G0 Get It . Silver. 36 mm. 1 gr."}]},{"@type":"WebSite","@id":"https:\/\/bombardashop.com\/#website","url":"https:\/\/bombardashop.com\/","name":"Bombardashop.com","description":"Bombardashop.com","potentialAction":[{"@type":"SearchAction","target":{"@type":"EntryPoint","urlTemplate":"https:\/\/bombardashop.com\/?s={search_term_string}"},"query-input":{"@type":"PropertyValueSpecification","valueRequired":true,"valueName":"search_term_string"}}],"inLanguage":"sv-SE"}]}},"_links":{"self":[{"href":"https:\/\/bombardashop.com\/sv\/wp-json\/wp\/v2\/product\/39447","targetHints":{"allow":["GET"]}}],"collection":[{"href":"https:\/\/bombardashop.com\/sv\/wp-json\/wp\/v2\/product"}],"about":[{"href":"https:\/\/bombardashop.com\/sv\/wp-json\/wp\/v2\/types\/product"}],"wp:featuredmedia":[{"embeddable":true,"href":"https:\/\/bombardashop.com\/sv\/wp-json\/wp\/v2\/media\/39422"}],"wp:attachment":[{"href":"https:\/\/bombardashop.com\/sv\/wp-json\/wp\/v2\/media?parent=39447"}],"wp:term":[{"taxonomy":"product_brand","embeddable":true,"href":"https:\/\/bombardashop.com\/sv\/wp-json\/wp\/v2\/product_brand?post=39447"},{"taxonomy":"product_cat","embeddable":true,"href":"https:\/\/bombardashop.com\/sv\/wp-json\/wp\/v2\/product_cat?post=39447"},{"taxonomy":"product_tag","embeddable":true,"href":"https:\/\/bombardashop.com\/sv\/wp-json\/wp\/v2\/product_tag?post=39447"}],"curies":[{"name":"wp","href":"https:\/\/api.w.org\/{rel}","templated":true}]}}