
{"id":39441,"date":"2023-10-24T16:02:48","date_gmt":"2023-10-24T14:02:48","guid":{"rendered":"https:\/\/bombardashop.com\/shop\/okategoriserad\/inno-g0-get-it-mix-5-stk-assoteret-36-mm-1-gr\/"},"modified":"2023-10-24T16:02:48","modified_gmt":"2023-10-24T14:02:48","slug":"inno-g0-get-it-mix-5-stk-assoteret-36-mm-1-gr","status":"publish","type":"product","link":"https:\/\/bombardashop.com\/sv\/shop\/inno-go-get-it-genomloepare\/inno-g0-get-it-mix-5-stk-assoteret-36-mm-1-gr\/","title":{"rendered":"INNO G0 Get It . Mix 5 stk. Assoteret. 36 mm. 1 gr."},"content":{"rendered":"<p>Mix Pack best\u00e5ende av 5 Inno High Speed\/ Go Get It i diverse f\u00e4rger, du kan inte v\u00e4lja f\u00e4rger sj\u00e4lv.<\/p>\n<p>&nbsp;<\/p>\n<p>INNO HIGH SPEED \/ GO GET IT \u00e4r ditt nya ettgramsvapen p\u00e5 kusten eller i ditt Put &amp; Take-vatten efter Bombarda eller direkt p\u00e5 din ultral\u00e4tta spinningsutrustning. Samt i str\u00f6mmande vatten p\u00e5 flugsp\u00f6et.<\/p>\n<p>INNO HIGH SPEED \/ GO GET IT v\u00e4ger bara ett gram och kan d\u00e4rf\u00f6r fiska mycket l\u00e5ngsamt med sm\u00e5 ryck eller HIGH SPEED snabbt med ett snurrstopp p\u00e5 kusten efter bombarda. Samt p\u00e5 ett flugsp\u00f6 i str\u00f6mmande vatten d\u00e4r det g\u00e5r superfr\u00e4ckt, helt annorlunda \u00e4n en fluga &#8211; Ditt hemliga vapen p\u00e5 sv\u00e5r fisk.<\/p>\n","protected":false},"excerpt":{"rendered":"<p>Mix Pack best\u00e5ende av 5 Inno High Speed\/ Go Get It i diverse f\u00e4rger, du kan inte v\u00e4lja f\u00e4rger sj\u00e4lv. &nbsp; INNO HIGH SPEED \/ GO GET IT \u00e4r ditt&#8230;<\/p>\n","protected":false},"featured_media":39373,"template":"","meta":[],"product_brand":[],"product_cat":[202],"product_tag":[],"class_list":{"0":"post-39441","1":"product","2":"type-product","3":"status-publish","4":"has-post-thumbnail","6":"product_cat-inno-go-get-it-genomloepare","8":"first","9":"instock","10":"taxable","11":"shipping-taxable","12":"purchasable","13":"product-type-simple"},"yoast_head":"<!-- This site is optimized with the Yoast SEO plugin v27.3 - https:\/\/yoast.com\/product\/yoast-seo-wordpress\/ -->\n<title>INNO G0 Get It . Mix 5 stk. Assoteret. 36 mm. 1 gr. - Bombardashop.com<\/title>\n<meta name=\"robots\" content=\"index, follow, max-snippet:-1, max-image-preview:large, max-video-preview:-1\" \/>\n<link rel=\"canonical\" href=\"https:\/\/bombardashop.com\/sv\/shop\/okategoriserad\/inno-g0-get-it-mix-5-stk-assoteret-36-mm-1-gr\/\" \/>\n<meta property=\"og:locale\" content=\"sv_SE\" \/>\n<meta property=\"og:type\" content=\"article\" \/>\n<meta property=\"og:title\" content=\"INNO G0 Get It . Mix 5 stk. Assoteret. 36 mm. 1 gr. - Bombardashop.com\" \/>\n<meta property=\"og:description\" content=\"Mix Pack best\u00e5ende av 5 Inno High Speed\/ Go Get It i diverse f\u00e4rger, du kan inte v\u00e4lja f\u00e4rger sj\u00e4lv. &nbsp; INNO HIGH SPEED \/ GO GET IT \u00e4r ditt...\" \/>\n<meta property=\"og:url\" content=\"https:\/\/bombardashop.com\/sv\/shop\/okategoriserad\/inno-g0-get-it-mix-5-stk-assoteret-36-mm-1-gr\/\" \/>\n<meta property=\"og:site_name\" content=\"Bombardashop.com\" \/>\n<meta property=\"og:image\" content=\"https:\/\/bombardashop.com\/wp-content\/uploads\/2023\/10\/Inno-High-Speed-Mix-Pakke-Bagside-Web.jpg\" \/>\n\t<meta property=\"og:image:width\" content=\"1600\" \/>\n\t<meta property=\"og:image:height\" content=\"1067\" \/>\n\t<meta property=\"og:image:type\" content=\"image\/jpeg\" \/>\n<meta name=\"twitter:card\" content=\"summary_large_image\" \/>\n<meta name=\"twitter:label1\" content=\"Ber\u00e4knad l\u00e4stid\" \/>\n\t<meta name=\"twitter:data1\" content=\"1 minut\" \/>\n<script type=\"application\/ld+json\" class=\"yoast-schema-graph\">{\"@context\":\"https:\\\/\\\/schema.org\",\"@graph\":[{\"@type\":\"WebPage\",\"@id\":\"https:\\\/\\\/bombardashop.com\\\/sv\\\/shop\\\/okategoriserad\\\/inno-g0-get-it-mix-5-stk-assoteret-36-mm-1-gr\\\/\",\"url\":\"https:\\\/\\\/bombardashop.com\\\/sv\\\/shop\\\/okategoriserad\\\/inno-g0-get-it-mix-5-stk-assoteret-36-mm-1-gr\\\/\",\"name\":\"INNO G0 Get It . Mix 5 stk. Assoteret. 36 mm. 1 gr. - Bombardashop.com\",\"isPartOf\":{\"@id\":\"https:\\\/\\\/bombardashop.com\\\/#website\"},\"primaryImageOfPage\":{\"@id\":\"https:\\\/\\\/bombardashop.com\\\/sv\\\/shop\\\/okategoriserad\\\/inno-g0-get-it-mix-5-stk-assoteret-36-mm-1-gr\\\/#primaryimage\"},\"image\":{\"@id\":\"https:\\\/\\\/bombardashop.com\\\/sv\\\/shop\\\/okategoriserad\\\/inno-g0-get-it-mix-5-stk-assoteret-36-mm-1-gr\\\/#primaryimage\"},\"thumbnailUrl\":\"https:\\\/\\\/bombardashop.com\\\/wp-content\\\/uploads\\\/2023\\\/10\\\/Inno-High-Speed-Mix-Pakke-Bagside-Web.jpg\",\"datePublished\":\"2023-10-24T14:02:48+00:00\",\"breadcrumb\":{\"@id\":\"https:\\\/\\\/bombardashop.com\\\/sv\\\/shop\\\/okategoriserad\\\/inno-g0-get-it-mix-5-stk-assoteret-36-mm-1-gr\\\/#breadcrumb\"},\"inLanguage\":\"sv-SE\",\"potentialAction\":[{\"@type\":\"ReadAction\",\"target\":[\"https:\\\/\\\/bombardashop.com\\\/sv\\\/shop\\\/okategoriserad\\\/inno-g0-get-it-mix-5-stk-assoteret-36-mm-1-gr\\\/\"]}]},{\"@type\":\"ImageObject\",\"inLanguage\":\"sv-SE\",\"@id\":\"https:\\\/\\\/bombardashop.com\\\/sv\\\/shop\\\/okategoriserad\\\/inno-g0-get-it-mix-5-stk-assoteret-36-mm-1-gr\\\/#primaryimage\",\"url\":\"https:\\\/\\\/bombardashop.com\\\/wp-content\\\/uploads\\\/2023\\\/10\\\/Inno-High-Speed-Mix-Pakke-Bagside-Web.jpg\",\"contentUrl\":\"https:\\\/\\\/bombardashop.com\\\/wp-content\\\/uploads\\\/2023\\\/10\\\/Inno-High-Speed-Mix-Pakke-Bagside-Web.jpg\",\"width\":1600,\"height\":1067},{\"@type\":\"BreadcrumbList\",\"@id\":\"https:\\\/\\\/bombardashop.com\\\/sv\\\/shop\\\/okategoriserad\\\/inno-g0-get-it-mix-5-stk-assoteret-36-mm-1-gr\\\/#breadcrumb\",\"itemListElement\":[{\"@type\":\"ListItem\",\"position\":1,\"name\":\"Hjem\",\"item\":\"https:\\\/\\\/bombardashop.com\\\/sv\\\/\"},{\"@type\":\"ListItem\",\"position\":2,\"name\":\"Butik\",\"item\":\"https:\\\/\\\/bombardashop.com\\\/sv\\\/butik\\\/\"},{\"@type\":\"ListItem\",\"position\":3,\"name\":\"INNO G0 Get It . Mix 5 stk. Assoteret. 36 mm. 1 gr.\"}]},{\"@type\":\"WebSite\",\"@id\":\"https:\\\/\\\/bombardashop.com\\\/#website\",\"url\":\"https:\\\/\\\/bombardashop.com\\\/\",\"name\":\"Bombardashop.com\",\"description\":\"Bombardashop.com\",\"potentialAction\":[{\"@type\":\"SearchAction\",\"target\":{\"@type\":\"EntryPoint\",\"urlTemplate\":\"https:\\\/\\\/bombardashop.com\\\/?s={search_term_string}\"},\"query-input\":{\"@type\":\"PropertyValueSpecification\",\"valueRequired\":true,\"valueName\":\"search_term_string\"}}],\"inLanguage\":\"sv-SE\"}]}<\/script>\n<!-- \/ Yoast SEO plugin. -->","yoast_head_json":{"title":"INNO G0 Get It . Mix 5 stk. Assoteret. 36 mm. 1 gr. - Bombardashop.com","robots":{"index":"index","follow":"follow","max-snippet":"max-snippet:-1","max-image-preview":"max-image-preview:large","max-video-preview":"max-video-preview:-1"},"canonical":"https:\/\/bombardashop.com\/sv\/shop\/okategoriserad\/inno-g0-get-it-mix-5-stk-assoteret-36-mm-1-gr\/","og_locale":"sv_SE","og_type":"article","og_title":"INNO G0 Get It . Mix 5 stk. Assoteret. 36 mm. 1 gr. - Bombardashop.com","og_description":"Mix Pack best\u00e5ende av 5 Inno High Speed\/ Go Get It i diverse f\u00e4rger, du kan inte v\u00e4lja f\u00e4rger sj\u00e4lv. &nbsp; INNO HIGH SPEED \/ GO GET IT \u00e4r ditt...","og_url":"https:\/\/bombardashop.com\/sv\/shop\/okategoriserad\/inno-g0-get-it-mix-5-stk-assoteret-36-mm-1-gr\/","og_site_name":"Bombardashop.com","og_image":[{"width":1600,"height":1067,"url":"https:\/\/bombardashop.com\/wp-content\/uploads\/2023\/10\/Inno-High-Speed-Mix-Pakke-Bagside-Web.jpg","type":"image\/jpeg"}],"twitter_card":"summary_large_image","twitter_misc":{"Ber\u00e4knad l\u00e4stid":"1 minut"},"schema":{"@context":"https:\/\/schema.org","@graph":[{"@type":"WebPage","@id":"https:\/\/bombardashop.com\/sv\/shop\/okategoriserad\/inno-g0-get-it-mix-5-stk-assoteret-36-mm-1-gr\/","url":"https:\/\/bombardashop.com\/sv\/shop\/okategoriserad\/inno-g0-get-it-mix-5-stk-assoteret-36-mm-1-gr\/","name":"INNO G0 Get It . Mix 5 stk. Assoteret. 36 mm. 1 gr. - Bombardashop.com","isPartOf":{"@id":"https:\/\/bombardashop.com\/#website"},"primaryImageOfPage":{"@id":"https:\/\/bombardashop.com\/sv\/shop\/okategoriserad\/inno-g0-get-it-mix-5-stk-assoteret-36-mm-1-gr\/#primaryimage"},"image":{"@id":"https:\/\/bombardashop.com\/sv\/shop\/okategoriserad\/inno-g0-get-it-mix-5-stk-assoteret-36-mm-1-gr\/#primaryimage"},"thumbnailUrl":"https:\/\/bombardashop.com\/wp-content\/uploads\/2023\/10\/Inno-High-Speed-Mix-Pakke-Bagside-Web.jpg","datePublished":"2023-10-24T14:02:48+00:00","breadcrumb":{"@id":"https:\/\/bombardashop.com\/sv\/shop\/okategoriserad\/inno-g0-get-it-mix-5-stk-assoteret-36-mm-1-gr\/#breadcrumb"},"inLanguage":"sv-SE","potentialAction":[{"@type":"ReadAction","target":["https:\/\/bombardashop.com\/sv\/shop\/okategoriserad\/inno-g0-get-it-mix-5-stk-assoteret-36-mm-1-gr\/"]}]},{"@type":"ImageObject","inLanguage":"sv-SE","@id":"https:\/\/bombardashop.com\/sv\/shop\/okategoriserad\/inno-g0-get-it-mix-5-stk-assoteret-36-mm-1-gr\/#primaryimage","url":"https:\/\/bombardashop.com\/wp-content\/uploads\/2023\/10\/Inno-High-Speed-Mix-Pakke-Bagside-Web.jpg","contentUrl":"https:\/\/bombardashop.com\/wp-content\/uploads\/2023\/10\/Inno-High-Speed-Mix-Pakke-Bagside-Web.jpg","width":1600,"height":1067},{"@type":"BreadcrumbList","@id":"https:\/\/bombardashop.com\/sv\/shop\/okategoriserad\/inno-g0-get-it-mix-5-stk-assoteret-36-mm-1-gr\/#breadcrumb","itemListElement":[{"@type":"ListItem","position":1,"name":"Hjem","item":"https:\/\/bombardashop.com\/sv\/"},{"@type":"ListItem","position":2,"name":"Butik","item":"https:\/\/bombardashop.com\/sv\/butik\/"},{"@type":"ListItem","position":3,"name":"INNO G0 Get It . Mix 5 stk. Assoteret. 36 mm. 1 gr."}]},{"@type":"WebSite","@id":"https:\/\/bombardashop.com\/#website","url":"https:\/\/bombardashop.com\/","name":"Bombardashop.com","description":"Bombardashop.com","potentialAction":[{"@type":"SearchAction","target":{"@type":"EntryPoint","urlTemplate":"https:\/\/bombardashop.com\/?s={search_term_string}"},"query-input":{"@type":"PropertyValueSpecification","valueRequired":true,"valueName":"search_term_string"}}],"inLanguage":"sv-SE"}]}},"_links":{"self":[{"href":"https:\/\/bombardashop.com\/sv\/wp-json\/wp\/v2\/product\/39441","targetHints":{"allow":["GET"]}}],"collection":[{"href":"https:\/\/bombardashop.com\/sv\/wp-json\/wp\/v2\/product"}],"about":[{"href":"https:\/\/bombardashop.com\/sv\/wp-json\/wp\/v2\/types\/product"}],"wp:featuredmedia":[{"embeddable":true,"href":"https:\/\/bombardashop.com\/sv\/wp-json\/wp\/v2\/media\/39373"}],"wp:attachment":[{"href":"https:\/\/bombardashop.com\/sv\/wp-json\/wp\/v2\/media?parent=39441"}],"wp:term":[{"taxonomy":"product_brand","embeddable":true,"href":"https:\/\/bombardashop.com\/sv\/wp-json\/wp\/v2\/product_brand?post=39441"},{"taxonomy":"product_cat","embeddable":true,"href":"https:\/\/bombardashop.com\/sv\/wp-json\/wp\/v2\/product_cat?post=39441"},{"taxonomy":"product_tag","embeddable":true,"href":"https:\/\/bombardashop.com\/sv\/wp-json\/wp\/v2\/product_tag?post=39441"}],"curies":[{"name":"wp","href":"https:\/\/api.w.org\/{rel}","templated":true}]}}