
{"id":39000,"date":"2023-03-14T17:51:53","date_gmt":"2023-03-14T16:51:53","guid":{"rendered":"https:\/\/bombardashop.com\/shop\/okategoriserad\/inno-click-floating-20-gr-orange\/"},"modified":"2023-03-14T17:51:53","modified_gmt":"2023-03-14T16:51:53","slug":"inno-click-floating-20-gr-orange","status":"publish","type":"product","link":"https:\/\/bombardashop.com\/sv\/shop\/inno-bombarda-float-sv\/inno-click-floating-20-gr-orange\/","title":{"rendered":"INNO CLICK Floating. 20 Gr. Orange."},"content":{"rendered":"<p>INNO Click \u00e4r testvinnare i Danmark, Norge, Sverige och Tyskland &#8221;NO TANGLE &#8211; JUST FISH&#8221; och en l\u00e5ngdistansflotta<\/p>\n<p>INNO Floating kan fiskas horisontellt\/genomg\u00e5ende eller st\u00e5ende vertikalt med hj\u00e4lp av krokar och anpassad motvikt (ca 1 gram). Motvikten kan \u00f6kas s\u00e5 att du f\u00e5r en mycket l\u00e5ngsamt sjunkande flotte. INNO crosslock \u00e4r viktigt f\u00f6r alla INNO-Bombarda.<\/p>\n<p>23 mm, 20 g<\/p>\n","protected":false},"excerpt":{"rendered":"<p>INNO Click \u00e4r testvinnare i Danmark, Norge, Sverige och Tyskland &#8221;NO TANGLE &#8211; JUST FISH&#8221; och en l\u00e5ngdistansflotta INNO Floating kan fiskas horisontellt\/genomg\u00e5ende eller st\u00e5ende vertikalt med hj\u00e4lp av krokar&#8230;<\/p>\n","protected":false},"featured_media":38994,"template":"","meta":[],"product_brand":[],"product_cat":[61],"product_tag":[],"class_list":{"0":"post-39000","1":"product","2":"type-product","3":"status-publish","4":"has-post-thumbnail","6":"product_cat-inno-bombarda-float-sv","8":"first","9":"instock","10":"taxable","11":"shipping-taxable","12":"purchasable","13":"product-type-simple"},"yoast_head":"<!-- This site is optimized with the Yoast SEO plugin v27.3 - https:\/\/yoast.com\/product\/yoast-seo-wordpress\/ -->\n<title>INNO CLICK Floating. 20 Gr. Orange. - Bombardashop.com<\/title>\n<meta name=\"robots\" content=\"index, follow, max-snippet:-1, max-image-preview:large, max-video-preview:-1\" \/>\n<link rel=\"canonical\" href=\"https:\/\/bombardashop.com\/sv\/shop\/okategoriserad\/inno-click-floating-20-gr-orange\/\" \/>\n<meta property=\"og:locale\" content=\"sv_SE\" \/>\n<meta property=\"og:type\" content=\"article\" \/>\n<meta property=\"og:title\" content=\"INNO CLICK Floating. 20 Gr. Orange. - Bombardashop.com\" \/>\n<meta property=\"og:description\" content=\"INNO Click \u00e4r testvinnare i Danmark, Norge, Sverige och Tyskland &#8221;NO TANGLE &#8211; JUST FISH&#8221; och en l\u00e5ngdistansflotta INNO Floating kan fiskas horisontellt\/genomg\u00e5ende eller st\u00e5ende vertikalt med hj\u00e4lp av krokar...\" \/>\n<meta property=\"og:url\" content=\"https:\/\/bombardashop.com\/sv\/shop\/okategoriserad\/inno-click-floating-20-gr-orange\/\" \/>\n<meta property=\"og:site_name\" content=\"Bombardashop.com\" \/>\n<meta property=\"og:image\" content=\"https:\/\/bombardashop.com\/wp-content\/uploads\/2023\/03\/INNO-Click-Orange-2-scaled.jpg\" \/>\n\t<meta property=\"og:image:width\" content=\"2560\" \/>\n\t<meta property=\"og:image:height\" content=\"1705\" \/>\n\t<meta property=\"og:image:type\" content=\"image\/jpeg\" \/>\n<meta name=\"twitter:card\" content=\"summary_large_image\" \/>\n<script type=\"application\/ld+json\" class=\"yoast-schema-graph\">{\"@context\":\"https:\\\/\\\/schema.org\",\"@graph\":[{\"@type\":\"WebPage\",\"@id\":\"https:\\\/\\\/bombardashop.com\\\/sv\\\/shop\\\/okategoriserad\\\/inno-click-floating-20-gr-orange\\\/\",\"url\":\"https:\\\/\\\/bombardashop.com\\\/sv\\\/shop\\\/okategoriserad\\\/inno-click-floating-20-gr-orange\\\/\",\"name\":\"INNO CLICK Floating. 20 Gr. Orange. - Bombardashop.com\",\"isPartOf\":{\"@id\":\"https:\\\/\\\/bombardashop.com\\\/#website\"},\"primaryImageOfPage\":{\"@id\":\"https:\\\/\\\/bombardashop.com\\\/sv\\\/shop\\\/okategoriserad\\\/inno-click-floating-20-gr-orange\\\/#primaryimage\"},\"image\":{\"@id\":\"https:\\\/\\\/bombardashop.com\\\/sv\\\/shop\\\/okategoriserad\\\/inno-click-floating-20-gr-orange\\\/#primaryimage\"},\"thumbnailUrl\":\"https:\\\/\\\/bombardashop.com\\\/wp-content\\\/uploads\\\/2023\\\/03\\\/INNO-Click-Orange-2-scaled.jpg\",\"datePublished\":\"2023-03-14T16:51:53+00:00\",\"breadcrumb\":{\"@id\":\"https:\\\/\\\/bombardashop.com\\\/sv\\\/shop\\\/okategoriserad\\\/inno-click-floating-20-gr-orange\\\/#breadcrumb\"},\"inLanguage\":\"sv-SE\",\"potentialAction\":[{\"@type\":\"ReadAction\",\"target\":[\"https:\\\/\\\/bombardashop.com\\\/sv\\\/shop\\\/okategoriserad\\\/inno-click-floating-20-gr-orange\\\/\"]}]},{\"@type\":\"ImageObject\",\"inLanguage\":\"sv-SE\",\"@id\":\"https:\\\/\\\/bombardashop.com\\\/sv\\\/shop\\\/okategoriserad\\\/inno-click-floating-20-gr-orange\\\/#primaryimage\",\"url\":\"https:\\\/\\\/bombardashop.com\\\/wp-content\\\/uploads\\\/2023\\\/03\\\/INNO-Click-Orange-2-scaled.jpg\",\"contentUrl\":\"https:\\\/\\\/bombardashop.com\\\/wp-content\\\/uploads\\\/2023\\\/03\\\/INNO-Click-Orange-2-scaled.jpg\",\"width\":2560,\"height\":1705},{\"@type\":\"BreadcrumbList\",\"@id\":\"https:\\\/\\\/bombardashop.com\\\/sv\\\/shop\\\/okategoriserad\\\/inno-click-floating-20-gr-orange\\\/#breadcrumb\",\"itemListElement\":[{\"@type\":\"ListItem\",\"position\":1,\"name\":\"Hjem\",\"item\":\"https:\\\/\\\/bombardashop.com\\\/sv\\\/\"},{\"@type\":\"ListItem\",\"position\":2,\"name\":\"Butik\",\"item\":\"https:\\\/\\\/bombardashop.com\\\/sv\\\/butik\\\/\"},{\"@type\":\"ListItem\",\"position\":3,\"name\":\"INNO CLICK Floating. 20 Gr. Orange.\"}]},{\"@type\":\"WebSite\",\"@id\":\"https:\\\/\\\/bombardashop.com\\\/#website\",\"url\":\"https:\\\/\\\/bombardashop.com\\\/\",\"name\":\"Bombardashop.com\",\"description\":\"Bombardashop.com\",\"potentialAction\":[{\"@type\":\"SearchAction\",\"target\":{\"@type\":\"EntryPoint\",\"urlTemplate\":\"https:\\\/\\\/bombardashop.com\\\/?s={search_term_string}\"},\"query-input\":{\"@type\":\"PropertyValueSpecification\",\"valueRequired\":true,\"valueName\":\"search_term_string\"}}],\"inLanguage\":\"sv-SE\"}]}<\/script>\n<!-- \/ Yoast SEO plugin. -->","yoast_head_json":{"title":"INNO CLICK Floating. 20 Gr. Orange. - Bombardashop.com","robots":{"index":"index","follow":"follow","max-snippet":"max-snippet:-1","max-image-preview":"max-image-preview:large","max-video-preview":"max-video-preview:-1"},"canonical":"https:\/\/bombardashop.com\/sv\/shop\/okategoriserad\/inno-click-floating-20-gr-orange\/","og_locale":"sv_SE","og_type":"article","og_title":"INNO CLICK Floating. 20 Gr. Orange. - Bombardashop.com","og_description":"INNO Click \u00e4r testvinnare i Danmark, Norge, Sverige och Tyskland &#8221;NO TANGLE &#8211; JUST FISH&#8221; och en l\u00e5ngdistansflotta INNO Floating kan fiskas horisontellt\/genomg\u00e5ende eller st\u00e5ende vertikalt med hj\u00e4lp av krokar...","og_url":"https:\/\/bombardashop.com\/sv\/shop\/okategoriserad\/inno-click-floating-20-gr-orange\/","og_site_name":"Bombardashop.com","og_image":[{"width":2560,"height":1705,"url":"https:\/\/bombardashop.com\/wp-content\/uploads\/2023\/03\/INNO-Click-Orange-2-scaled.jpg","type":"image\/jpeg"}],"twitter_card":"summary_large_image","schema":{"@context":"https:\/\/schema.org","@graph":[{"@type":"WebPage","@id":"https:\/\/bombardashop.com\/sv\/shop\/okategoriserad\/inno-click-floating-20-gr-orange\/","url":"https:\/\/bombardashop.com\/sv\/shop\/okategoriserad\/inno-click-floating-20-gr-orange\/","name":"INNO CLICK Floating. 20 Gr. Orange. - Bombardashop.com","isPartOf":{"@id":"https:\/\/bombardashop.com\/#website"},"primaryImageOfPage":{"@id":"https:\/\/bombardashop.com\/sv\/shop\/okategoriserad\/inno-click-floating-20-gr-orange\/#primaryimage"},"image":{"@id":"https:\/\/bombardashop.com\/sv\/shop\/okategoriserad\/inno-click-floating-20-gr-orange\/#primaryimage"},"thumbnailUrl":"https:\/\/bombardashop.com\/wp-content\/uploads\/2023\/03\/INNO-Click-Orange-2-scaled.jpg","datePublished":"2023-03-14T16:51:53+00:00","breadcrumb":{"@id":"https:\/\/bombardashop.com\/sv\/shop\/okategoriserad\/inno-click-floating-20-gr-orange\/#breadcrumb"},"inLanguage":"sv-SE","potentialAction":[{"@type":"ReadAction","target":["https:\/\/bombardashop.com\/sv\/shop\/okategoriserad\/inno-click-floating-20-gr-orange\/"]}]},{"@type":"ImageObject","inLanguage":"sv-SE","@id":"https:\/\/bombardashop.com\/sv\/shop\/okategoriserad\/inno-click-floating-20-gr-orange\/#primaryimage","url":"https:\/\/bombardashop.com\/wp-content\/uploads\/2023\/03\/INNO-Click-Orange-2-scaled.jpg","contentUrl":"https:\/\/bombardashop.com\/wp-content\/uploads\/2023\/03\/INNO-Click-Orange-2-scaled.jpg","width":2560,"height":1705},{"@type":"BreadcrumbList","@id":"https:\/\/bombardashop.com\/sv\/shop\/okategoriserad\/inno-click-floating-20-gr-orange\/#breadcrumb","itemListElement":[{"@type":"ListItem","position":1,"name":"Hjem","item":"https:\/\/bombardashop.com\/sv\/"},{"@type":"ListItem","position":2,"name":"Butik","item":"https:\/\/bombardashop.com\/sv\/butik\/"},{"@type":"ListItem","position":3,"name":"INNO CLICK Floating. 20 Gr. Orange."}]},{"@type":"WebSite","@id":"https:\/\/bombardashop.com\/#website","url":"https:\/\/bombardashop.com\/","name":"Bombardashop.com","description":"Bombardashop.com","potentialAction":[{"@type":"SearchAction","target":{"@type":"EntryPoint","urlTemplate":"https:\/\/bombardashop.com\/?s={search_term_string}"},"query-input":{"@type":"PropertyValueSpecification","valueRequired":true,"valueName":"search_term_string"}}],"inLanguage":"sv-SE"}]}},"_links":{"self":[{"href":"https:\/\/bombardashop.com\/sv\/wp-json\/wp\/v2\/product\/39000","targetHints":{"allow":["GET"]}}],"collection":[{"href":"https:\/\/bombardashop.com\/sv\/wp-json\/wp\/v2\/product"}],"about":[{"href":"https:\/\/bombardashop.com\/sv\/wp-json\/wp\/v2\/types\/product"}],"wp:featuredmedia":[{"embeddable":true,"href":"https:\/\/bombardashop.com\/sv\/wp-json\/wp\/v2\/media\/38994"}],"wp:attachment":[{"href":"https:\/\/bombardashop.com\/sv\/wp-json\/wp\/v2\/media?parent=39000"}],"wp:term":[{"taxonomy":"product_brand","embeddable":true,"href":"https:\/\/bombardashop.com\/sv\/wp-json\/wp\/v2\/product_brand?post=39000"},{"taxonomy":"product_cat","embeddable":true,"href":"https:\/\/bombardashop.com\/sv\/wp-json\/wp\/v2\/product_cat?post=39000"},{"taxonomy":"product_tag","embeddable":true,"href":"https:\/\/bombardashop.com\/sv\/wp-json\/wp\/v2\/product_tag?post=39000"}],"curies":[{"name":"wp","href":"https:\/\/api.w.org\/{rel}","templated":true}]}}