
{"id":34286,"date":"2018-11-28T14:43:49","date_gmt":"2018-11-28T13:43:49","guid":{"rendered":"http:\/\/bombardashop.com\/shop\/okategoriserad\/inno-magnus-mini-tupe-30-mm-oe-15-mm\/"},"modified":"2018-11-28T14:43:49","modified_gmt":"2018-11-28T13:43:49","slug":"inno-magnus-mini-tupe-30-mm-oe-15-mm","status":"publish","type":"product","link":"https:\/\/bombardashop.com\/sv\/shop\/mini-tupe-flugor-sv\/inno-magnus-mini-tupe-30-mm-oe-15-mm\/","title":{"rendered":"INNO Magnus. Mini Tupe. 30 MM. \u00d8 1,5 MM."},"content":{"rendered":"<p>L-rig \/ Rapala-rig flugor som alla har bevisat sina f\u00e5ngstf\u00f6rm\u00e5gor vid kustfiske, men \u00e4r \u00e4ven utm\u00e4rkt f\u00f6r sj\u00f6fiske och Put and Take. \u00d6ka din krokningsf\u00f6rm\u00e5ga fr\u00e5n 50- till 90% med L-rig \/ Rapala-rig systemet, sm\u00e5 Owner trekrokar och tubflugor. Testfiskare har under flera \u00e5r bevisat att L-rig \/ Rapala-rig systemet med sm\u00e5krokstackel ger n\u00e4stan dubbelt s\u00e5 mycket fisk<\/p>\n","protected":false},"excerpt":{"rendered":"<p>L-rig \/ Rapala-rig flugor som alla har bevisat sina f\u00e5ngstf\u00f6rm\u00e5gor vid kustfiske, men \u00e4r \u00e4ven utm\u00e4rkt f\u00f6r sj\u00f6fiske och Put and Take. \u00d6ka din krokningsf\u00f6rm\u00e5ga fr\u00e5n 50- till 90% med&#8230;<\/p>\n","protected":false},"featured_media":36359,"template":"","meta":[],"product_brand":[],"product_cat":[191],"product_tag":[],"class_list":{"0":"post-34286","1":"product","2":"type-product","3":"status-publish","4":"has-post-thumbnail","6":"product_cat-mini-tupe-flugor-sv","8":"first","9":"instock","10":"taxable","11":"shipping-taxable","12":"purchasable","13":"product-type-simple"},"yoast_head":"<!-- This site is optimized with the Yoast SEO plugin v27.3 - https:\/\/yoast.com\/product\/yoast-seo-wordpress\/ -->\n<title>INNO Magnus. Mini Tupe. 30 MM. \u00d8 1,5 MM. - Bombardashop.com<\/title>\n<meta name=\"robots\" content=\"index, follow, max-snippet:-1, max-image-preview:large, max-video-preview:-1\" \/>\n<link rel=\"canonical\" href=\"https:\/\/bombardashop.com\/sv\/shop\/mini-tupe-flugor-sv\/inno-magnus-mini-tupe-30-mm-oe-15-mm\/\" \/>\n<meta property=\"og:locale\" content=\"sv_SE\" \/>\n<meta property=\"og:type\" content=\"article\" \/>\n<meta property=\"og:title\" content=\"INNO Magnus. Mini Tupe. 30 MM. \u00d8 1,5 MM. - Bombardashop.com\" \/>\n<meta property=\"og:description\" content=\"L-rig \/ Rapala-rig flugor som alla har bevisat sina f\u00e5ngstf\u00f6rm\u00e5gor vid kustfiske, men \u00e4r \u00e4ven utm\u00e4rkt f\u00f6r sj\u00f6fiske och Put and Take. \u00d6ka din krokningsf\u00f6rm\u00e5ga fr\u00e5n 50- till 90% med...\" \/>\n<meta property=\"og:url\" content=\"https:\/\/bombardashop.com\/sv\/shop\/mini-tupe-flugor-sv\/inno-magnus-mini-tupe-30-mm-oe-15-mm\/\" \/>\n<meta property=\"og:site_name\" content=\"Bombardashop.com\" \/>\n<meta property=\"og:image\" content=\"https:\/\/bombardashop.com\/wp-content\/uploads\/2018\/11\/Magnus-08.MT_.MA_.jpg\" \/>\n\t<meta property=\"og:image:width\" content=\"1696\" \/>\n\t<meta property=\"og:image:height\" content=\"1696\" \/>\n\t<meta property=\"og:image:type\" content=\"image\/jpeg\" \/>\n<meta name=\"twitter:card\" content=\"summary_large_image\" \/>\n<script type=\"application\/ld+json\" class=\"yoast-schema-graph\">{\"@context\":\"https:\\\/\\\/schema.org\",\"@graph\":[{\"@type\":\"WebPage\",\"@id\":\"https:\\\/\\\/bombardashop.com\\\/sv\\\/shop\\\/mini-tupe-flugor-sv\\\/inno-magnus-mini-tupe-30-mm-oe-15-mm\\\/\",\"url\":\"https:\\\/\\\/bombardashop.com\\\/sv\\\/shop\\\/mini-tupe-flugor-sv\\\/inno-magnus-mini-tupe-30-mm-oe-15-mm\\\/\",\"name\":\"INNO Magnus. Mini Tupe. 30 MM. \u00d8 1,5 MM. - Bombardashop.com\",\"isPartOf\":{\"@id\":\"https:\\\/\\\/bombardashop.com\\\/#website\"},\"primaryImageOfPage\":{\"@id\":\"https:\\\/\\\/bombardashop.com\\\/sv\\\/shop\\\/mini-tupe-flugor-sv\\\/inno-magnus-mini-tupe-30-mm-oe-15-mm\\\/#primaryimage\"},\"image\":{\"@id\":\"https:\\\/\\\/bombardashop.com\\\/sv\\\/shop\\\/mini-tupe-flugor-sv\\\/inno-magnus-mini-tupe-30-mm-oe-15-mm\\\/#primaryimage\"},\"thumbnailUrl\":\"https:\\\/\\\/bombardashop.com\\\/wp-content\\\/uploads\\\/2018\\\/11\\\/Magnus-08.MT_.MA_.jpg\",\"datePublished\":\"2018-11-28T13:43:49+00:00\",\"breadcrumb\":{\"@id\":\"https:\\\/\\\/bombardashop.com\\\/sv\\\/shop\\\/mini-tupe-flugor-sv\\\/inno-magnus-mini-tupe-30-mm-oe-15-mm\\\/#breadcrumb\"},\"inLanguage\":\"sv-SE\",\"potentialAction\":[{\"@type\":\"ReadAction\",\"target\":[\"https:\\\/\\\/bombardashop.com\\\/sv\\\/shop\\\/mini-tupe-flugor-sv\\\/inno-magnus-mini-tupe-30-mm-oe-15-mm\\\/\"]}]},{\"@type\":\"ImageObject\",\"inLanguage\":\"sv-SE\",\"@id\":\"https:\\\/\\\/bombardashop.com\\\/sv\\\/shop\\\/mini-tupe-flugor-sv\\\/inno-magnus-mini-tupe-30-mm-oe-15-mm\\\/#primaryimage\",\"url\":\"https:\\\/\\\/bombardashop.com\\\/wp-content\\\/uploads\\\/2018\\\/11\\\/Magnus-08.MT_.MA_.jpg\",\"contentUrl\":\"https:\\\/\\\/bombardashop.com\\\/wp-content\\\/uploads\\\/2018\\\/11\\\/Magnus-08.MT_.MA_.jpg\",\"width\":1696,\"height\":1696},{\"@type\":\"BreadcrumbList\",\"@id\":\"https:\\\/\\\/bombardashop.com\\\/sv\\\/shop\\\/mini-tupe-flugor-sv\\\/inno-magnus-mini-tupe-30-mm-oe-15-mm\\\/#breadcrumb\",\"itemListElement\":[{\"@type\":\"ListItem\",\"position\":1,\"name\":\"Hjem\",\"item\":\"https:\\\/\\\/bombardashop.com\\\/sv\\\/\"},{\"@type\":\"ListItem\",\"position\":2,\"name\":\"Butik\",\"item\":\"https:\\\/\\\/bombardashop.com\\\/sv\\\/butik\\\/\"},{\"@type\":\"ListItem\",\"position\":3,\"name\":\"INNO Magnus. Mini Tupe. 30 MM. \u00d8 1,5 MM.\"}]},{\"@type\":\"WebSite\",\"@id\":\"https:\\\/\\\/bombardashop.com\\\/#website\",\"url\":\"https:\\\/\\\/bombardashop.com\\\/\",\"name\":\"Bombardashop.com\",\"description\":\"Bombardashop.com\",\"potentialAction\":[{\"@type\":\"SearchAction\",\"target\":{\"@type\":\"EntryPoint\",\"urlTemplate\":\"https:\\\/\\\/bombardashop.com\\\/?s={search_term_string}\"},\"query-input\":{\"@type\":\"PropertyValueSpecification\",\"valueRequired\":true,\"valueName\":\"search_term_string\"}}],\"inLanguage\":\"sv-SE\"}]}<\/script>\n<!-- \/ Yoast SEO plugin. -->","yoast_head_json":{"title":"INNO Magnus. Mini Tupe. 30 MM. \u00d8 1,5 MM. - Bombardashop.com","robots":{"index":"index","follow":"follow","max-snippet":"max-snippet:-1","max-image-preview":"max-image-preview:large","max-video-preview":"max-video-preview:-1"},"canonical":"https:\/\/bombardashop.com\/sv\/shop\/mini-tupe-flugor-sv\/inno-magnus-mini-tupe-30-mm-oe-15-mm\/","og_locale":"sv_SE","og_type":"article","og_title":"INNO Magnus. Mini Tupe. 30 MM. \u00d8 1,5 MM. - Bombardashop.com","og_description":"L-rig \/ Rapala-rig flugor som alla har bevisat sina f\u00e5ngstf\u00f6rm\u00e5gor vid kustfiske, men \u00e4r \u00e4ven utm\u00e4rkt f\u00f6r sj\u00f6fiske och Put and Take. \u00d6ka din krokningsf\u00f6rm\u00e5ga fr\u00e5n 50- till 90% med...","og_url":"https:\/\/bombardashop.com\/sv\/shop\/mini-tupe-flugor-sv\/inno-magnus-mini-tupe-30-mm-oe-15-mm\/","og_site_name":"Bombardashop.com","og_image":[{"width":1696,"height":1696,"url":"https:\/\/bombardashop.com\/wp-content\/uploads\/2018\/11\/Magnus-08.MT_.MA_.jpg","type":"image\/jpeg"}],"twitter_card":"summary_large_image","schema":{"@context":"https:\/\/schema.org","@graph":[{"@type":"WebPage","@id":"https:\/\/bombardashop.com\/sv\/shop\/mini-tupe-flugor-sv\/inno-magnus-mini-tupe-30-mm-oe-15-mm\/","url":"https:\/\/bombardashop.com\/sv\/shop\/mini-tupe-flugor-sv\/inno-magnus-mini-tupe-30-mm-oe-15-mm\/","name":"INNO Magnus. Mini Tupe. 30 MM. \u00d8 1,5 MM. - Bombardashop.com","isPartOf":{"@id":"https:\/\/bombardashop.com\/#website"},"primaryImageOfPage":{"@id":"https:\/\/bombardashop.com\/sv\/shop\/mini-tupe-flugor-sv\/inno-magnus-mini-tupe-30-mm-oe-15-mm\/#primaryimage"},"image":{"@id":"https:\/\/bombardashop.com\/sv\/shop\/mini-tupe-flugor-sv\/inno-magnus-mini-tupe-30-mm-oe-15-mm\/#primaryimage"},"thumbnailUrl":"https:\/\/bombardashop.com\/wp-content\/uploads\/2018\/11\/Magnus-08.MT_.MA_.jpg","datePublished":"2018-11-28T13:43:49+00:00","breadcrumb":{"@id":"https:\/\/bombardashop.com\/sv\/shop\/mini-tupe-flugor-sv\/inno-magnus-mini-tupe-30-mm-oe-15-mm\/#breadcrumb"},"inLanguage":"sv-SE","potentialAction":[{"@type":"ReadAction","target":["https:\/\/bombardashop.com\/sv\/shop\/mini-tupe-flugor-sv\/inno-magnus-mini-tupe-30-mm-oe-15-mm\/"]}]},{"@type":"ImageObject","inLanguage":"sv-SE","@id":"https:\/\/bombardashop.com\/sv\/shop\/mini-tupe-flugor-sv\/inno-magnus-mini-tupe-30-mm-oe-15-mm\/#primaryimage","url":"https:\/\/bombardashop.com\/wp-content\/uploads\/2018\/11\/Magnus-08.MT_.MA_.jpg","contentUrl":"https:\/\/bombardashop.com\/wp-content\/uploads\/2018\/11\/Magnus-08.MT_.MA_.jpg","width":1696,"height":1696},{"@type":"BreadcrumbList","@id":"https:\/\/bombardashop.com\/sv\/shop\/mini-tupe-flugor-sv\/inno-magnus-mini-tupe-30-mm-oe-15-mm\/#breadcrumb","itemListElement":[{"@type":"ListItem","position":1,"name":"Hjem","item":"https:\/\/bombardashop.com\/sv\/"},{"@type":"ListItem","position":2,"name":"Butik","item":"https:\/\/bombardashop.com\/sv\/butik\/"},{"@type":"ListItem","position":3,"name":"INNO Magnus. Mini Tupe. 30 MM. \u00d8 1,5 MM."}]},{"@type":"WebSite","@id":"https:\/\/bombardashop.com\/#website","url":"https:\/\/bombardashop.com\/","name":"Bombardashop.com","description":"Bombardashop.com","potentialAction":[{"@type":"SearchAction","target":{"@type":"EntryPoint","urlTemplate":"https:\/\/bombardashop.com\/?s={search_term_string}"},"query-input":{"@type":"PropertyValueSpecification","valueRequired":true,"valueName":"search_term_string"}}],"inLanguage":"sv-SE"}]}},"_links":{"self":[{"href":"https:\/\/bombardashop.com\/sv\/wp-json\/wp\/v2\/product\/34286","targetHints":{"allow":["GET"]}}],"collection":[{"href":"https:\/\/bombardashop.com\/sv\/wp-json\/wp\/v2\/product"}],"about":[{"href":"https:\/\/bombardashop.com\/sv\/wp-json\/wp\/v2\/types\/product"}],"wp:featuredmedia":[{"embeddable":true,"href":"https:\/\/bombardashop.com\/sv\/wp-json\/wp\/v2\/media\/36359"}],"wp:attachment":[{"href":"https:\/\/bombardashop.com\/sv\/wp-json\/wp\/v2\/media?parent=34286"}],"wp:term":[{"taxonomy":"product_brand","embeddable":true,"href":"https:\/\/bombardashop.com\/sv\/wp-json\/wp\/v2\/product_brand?post=34286"},{"taxonomy":"product_cat","embeddable":true,"href":"https:\/\/bombardashop.com\/sv\/wp-json\/wp\/v2\/product_cat?post=34286"},{"taxonomy":"product_tag","embeddable":true,"href":"https:\/\/bombardashop.com\/sv\/wp-json\/wp\/v2\/product_tag?post=34286"}],"curies":[{"name":"wp","href":"https:\/\/api.w.org\/{rel}","templated":true}]}}