
{"id":34191,"date":"2018-11-28T11:10:34","date_gmt":"2018-11-28T10:10:34","guid":{"rendered":"http:\/\/bombardashop.com\/shop\/okategoriserad\/inno-click-sinking-grae\/"},"modified":"2018-12-05T11:29:11","modified_gmt":"2018-12-05T10:29:11","slug":"inno-click-sinking-grae","status":"publish","type":"product","link":"https:\/\/bombardashop.com\/sv\/shop\/inno-bombarda-float-sv\/inno-click-sinking-grae\/","title":{"rendered":"INNO CLICK Sinking. Gr\u00e4."},"content":{"rendered":"<p>INNO Click \u00e4r testvinnare i Danmark, Sverige , Norge og Tyskland &#8221; NO TANGLE &#8211; JUST FISH &#8221; och l\u00e5nga avst\u00e5nd flyter. INNO Clik sjunkande \u00e4r gr\u00e5, och anv\u00e4nds f\u00f6r snabbt action-spinnfiske i alla vattendjup. Sjunkhastigheten \u00e4r 1 m p\u00e5 3 sek. Snabbt spinnfiske \u00e4r supereffektivt n\u00e4r vattentemperaturen \u00e4r \u00f6ver 8 grader och fisken blivit snabbare. L\u00e5t fl\u00f6tet sjunka ned till \u00f6nskat djup, r\u00e4kna 1-2 sek. osv. och b\u00f6rja snabb, varierad inspinning med m\u00e5nga spinnstopp, 3-5 varv p\u00e5 rullen och 1 sek. spinnstop osv. Superbra metod f\u00f6r avfiskning av stora omr\u00e5den, b\u00e5de n\u00e4ra ytan, p\u00e5 mellandjup eller n\u00e4ra botten. INNO Click sjunkande \u00e4r en vinnare f\u00f6r den aktive sportfiskaren. Till spinnfluga, bottenmete och riggfiske, kan INNO sjunkande anv\u00e4ndas som INNO Intermediat. INNO crosslock \u00e4r viktigt f\u00f6r alla INNO-Bombarda.<\/p>\n","protected":false},"excerpt":{"rendered":"<p><strong>TEKNISKA SPECIFIKATIONER<\/strong><\/p>\n<p><strong>MATERIAL:<\/strong><br \/>\nUnder konstruktion<\/p>\n<p><strong>DIAMETER OCH VIKT:<\/strong><br \/>\n19 mm &#8211; 20 g<br \/>\n23 mm &#8211; 27 g<br \/>\n27 mm &#8211; 35 g<\/p>\n<p><strong>SJUNKTID:<\/strong><br \/>\n1 m \/ 3 sek.<\/p>\n<p><strong>F\u00c4RG:<\/strong><br \/>\nGr\u00e4<\/p>\n","protected":false},"featured_media":34550,"template":"","meta":[],"product_brand":[],"product_cat":[61],"product_tag":[],"class_list":{"0":"post-34191","1":"product","2":"type-product","3":"status-publish","4":"has-post-thumbnail","6":"product_cat-inno-bombarda-float-sv","8":"first","9":"instock","10":"taxable","11":"shipping-taxable","12":"purchasable","13":"product-type-variable"},"yoast_head":"<!-- This site is optimized with the Yoast SEO plugin v27.3 - https:\/\/yoast.com\/product\/yoast-seo-wordpress\/ -->\n<title>INNO CLICK Sinking. Gr\u00e4. - Bombardashop.com<\/title>\n<meta name=\"robots\" content=\"index, follow, max-snippet:-1, max-image-preview:large, max-video-preview:-1\" \/>\n<link rel=\"canonical\" href=\"https:\/\/bombardashop.com\/sv\/shop\/inno-bombarda-float-sv\/inno-click-sinking-grae\/\" \/>\n<meta property=\"og:locale\" content=\"sv_SE\" \/>\n<meta property=\"og:type\" content=\"article\" \/>\n<meta property=\"og:title\" content=\"INNO CLICK Sinking. Gr\u00e4. - Bombardashop.com\" \/>\n<meta property=\"og:description\" content=\"TEKNISKA SPECIFIKATIONER  MATERIAL: Under konstruktion  DIAMETER OCH VIKT: 19 mm - 20 g 23 mm - 27 g 27 mm - 35 g  SJUNKTID: 1 m \/ 3 sek.  F\u00c4RG: Gr\u00e4\" \/>\n<meta property=\"og:url\" content=\"https:\/\/bombardashop.com\/sv\/shop\/inno-bombarda-float-sv\/inno-click-sinking-grae\/\" \/>\n<meta property=\"og:site_name\" content=\"Bombardashop.com\" \/>\n<meta property=\"article:modified_time\" content=\"2018-12-05T10:29:11+00:00\" \/>\n<meta property=\"og:image\" content=\"https:\/\/bombardashop.com\/wp-content\/uploads\/2016\/10\/00.S.27.G.C-scaled.jpg\" \/>\n\t<meta property=\"og:image:width\" content=\"2560\" \/>\n\t<meta property=\"og:image:height\" content=\"1707\" \/>\n\t<meta property=\"og:image:type\" content=\"image\/jpeg\" \/>\n<meta name=\"twitter:card\" content=\"summary_large_image\" \/>\n<meta name=\"twitter:label1\" content=\"Ber\u00e4knad l\u00e4stid\" \/>\n\t<meta name=\"twitter:data1\" content=\"1 minut\" \/>\n<script type=\"application\/ld+json\" class=\"yoast-schema-graph\">{\"@context\":\"https:\\\/\\\/schema.org\",\"@graph\":[{\"@type\":\"WebPage\",\"@id\":\"https:\\\/\\\/bombardashop.com\\\/sv\\\/shop\\\/inno-bombarda-float-sv\\\/inno-click-sinking-grae\\\/\",\"url\":\"https:\\\/\\\/bombardashop.com\\\/sv\\\/shop\\\/inno-bombarda-float-sv\\\/inno-click-sinking-grae\\\/\",\"name\":\"INNO CLICK Sinking. Gr\u00e4. - Bombardashop.com\",\"isPartOf\":{\"@id\":\"https:\\\/\\\/bombardashop.com\\\/#website\"},\"primaryImageOfPage\":{\"@id\":\"https:\\\/\\\/bombardashop.com\\\/sv\\\/shop\\\/inno-bombarda-float-sv\\\/inno-click-sinking-grae\\\/#primaryimage\"},\"image\":{\"@id\":\"https:\\\/\\\/bombardashop.com\\\/sv\\\/shop\\\/inno-bombarda-float-sv\\\/inno-click-sinking-grae\\\/#primaryimage\"},\"thumbnailUrl\":\"https:\\\/\\\/bombardashop.com\\\/wp-content\\\/uploads\\\/2016\\\/10\\\/00.S.27.G.C-scaled.jpg\",\"datePublished\":\"2018-11-28T10:10:34+00:00\",\"dateModified\":\"2018-12-05T10:29:11+00:00\",\"breadcrumb\":{\"@id\":\"https:\\\/\\\/bombardashop.com\\\/sv\\\/shop\\\/inno-bombarda-float-sv\\\/inno-click-sinking-grae\\\/#breadcrumb\"},\"inLanguage\":\"sv-SE\",\"potentialAction\":[{\"@type\":\"ReadAction\",\"target\":[\"https:\\\/\\\/bombardashop.com\\\/sv\\\/shop\\\/inno-bombarda-float-sv\\\/inno-click-sinking-grae\\\/\"]}]},{\"@type\":\"ImageObject\",\"inLanguage\":\"sv-SE\",\"@id\":\"https:\\\/\\\/bombardashop.com\\\/sv\\\/shop\\\/inno-bombarda-float-sv\\\/inno-click-sinking-grae\\\/#primaryimage\",\"url\":\"https:\\\/\\\/bombardashop.com\\\/wp-content\\\/uploads\\\/2016\\\/10\\\/00.S.27.G.C-scaled.jpg\",\"contentUrl\":\"https:\\\/\\\/bombardashop.com\\\/wp-content\\\/uploads\\\/2016\\\/10\\\/00.S.27.G.C-scaled.jpg\",\"width\":2560,\"height\":1707},{\"@type\":\"BreadcrumbList\",\"@id\":\"https:\\\/\\\/bombardashop.com\\\/sv\\\/shop\\\/inno-bombarda-float-sv\\\/inno-click-sinking-grae\\\/#breadcrumb\",\"itemListElement\":[{\"@type\":\"ListItem\",\"position\":1,\"name\":\"Hjem\",\"item\":\"https:\\\/\\\/bombardashop.com\\\/sv\\\/\"},{\"@type\":\"ListItem\",\"position\":2,\"name\":\"Butik\",\"item\":\"https:\\\/\\\/bombardashop.com\\\/sv\\\/butik\\\/\"},{\"@type\":\"ListItem\",\"position\":3,\"name\":\"INNO CLICK Sinking. Gr\u00e4.\"}]},{\"@type\":\"WebSite\",\"@id\":\"https:\\\/\\\/bombardashop.com\\\/#website\",\"url\":\"https:\\\/\\\/bombardashop.com\\\/\",\"name\":\"Bombardashop.com\",\"description\":\"Bombardashop.com\",\"potentialAction\":[{\"@type\":\"SearchAction\",\"target\":{\"@type\":\"EntryPoint\",\"urlTemplate\":\"https:\\\/\\\/bombardashop.com\\\/?s={search_term_string}\"},\"query-input\":{\"@type\":\"PropertyValueSpecification\",\"valueRequired\":true,\"valueName\":\"search_term_string\"}}],\"inLanguage\":\"sv-SE\"}]}<\/script>\n<!-- \/ Yoast SEO plugin. -->","yoast_head_json":{"title":"INNO CLICK Sinking. Gr\u00e4. - Bombardashop.com","robots":{"index":"index","follow":"follow","max-snippet":"max-snippet:-1","max-image-preview":"max-image-preview:large","max-video-preview":"max-video-preview:-1"},"canonical":"https:\/\/bombardashop.com\/sv\/shop\/inno-bombarda-float-sv\/inno-click-sinking-grae\/","og_locale":"sv_SE","og_type":"article","og_title":"INNO CLICK Sinking. Gr\u00e4. - Bombardashop.com","og_description":"TEKNISKA SPECIFIKATIONER  MATERIAL: Under konstruktion  DIAMETER OCH VIKT: 19 mm - 20 g 23 mm - 27 g 27 mm - 35 g  SJUNKTID: 1 m \/ 3 sek.  F\u00c4RG: Gr\u00e4","og_url":"https:\/\/bombardashop.com\/sv\/shop\/inno-bombarda-float-sv\/inno-click-sinking-grae\/","og_site_name":"Bombardashop.com","article_modified_time":"2018-12-05T10:29:11+00:00","og_image":[{"width":2560,"height":1707,"url":"https:\/\/bombardashop.com\/wp-content\/uploads\/2016\/10\/00.S.27.G.C-scaled.jpg","type":"image\/jpeg"}],"twitter_card":"summary_large_image","twitter_misc":{"Ber\u00e4knad l\u00e4stid":"1 minut"},"schema":{"@context":"https:\/\/schema.org","@graph":[{"@type":"WebPage","@id":"https:\/\/bombardashop.com\/sv\/shop\/inno-bombarda-float-sv\/inno-click-sinking-grae\/","url":"https:\/\/bombardashop.com\/sv\/shop\/inno-bombarda-float-sv\/inno-click-sinking-grae\/","name":"INNO CLICK Sinking. Gr\u00e4. - Bombardashop.com","isPartOf":{"@id":"https:\/\/bombardashop.com\/#website"},"primaryImageOfPage":{"@id":"https:\/\/bombardashop.com\/sv\/shop\/inno-bombarda-float-sv\/inno-click-sinking-grae\/#primaryimage"},"image":{"@id":"https:\/\/bombardashop.com\/sv\/shop\/inno-bombarda-float-sv\/inno-click-sinking-grae\/#primaryimage"},"thumbnailUrl":"https:\/\/bombardashop.com\/wp-content\/uploads\/2016\/10\/00.S.27.G.C-scaled.jpg","datePublished":"2018-11-28T10:10:34+00:00","dateModified":"2018-12-05T10:29:11+00:00","breadcrumb":{"@id":"https:\/\/bombardashop.com\/sv\/shop\/inno-bombarda-float-sv\/inno-click-sinking-grae\/#breadcrumb"},"inLanguage":"sv-SE","potentialAction":[{"@type":"ReadAction","target":["https:\/\/bombardashop.com\/sv\/shop\/inno-bombarda-float-sv\/inno-click-sinking-grae\/"]}]},{"@type":"ImageObject","inLanguage":"sv-SE","@id":"https:\/\/bombardashop.com\/sv\/shop\/inno-bombarda-float-sv\/inno-click-sinking-grae\/#primaryimage","url":"https:\/\/bombardashop.com\/wp-content\/uploads\/2016\/10\/00.S.27.G.C-scaled.jpg","contentUrl":"https:\/\/bombardashop.com\/wp-content\/uploads\/2016\/10\/00.S.27.G.C-scaled.jpg","width":2560,"height":1707},{"@type":"BreadcrumbList","@id":"https:\/\/bombardashop.com\/sv\/shop\/inno-bombarda-float-sv\/inno-click-sinking-grae\/#breadcrumb","itemListElement":[{"@type":"ListItem","position":1,"name":"Hjem","item":"https:\/\/bombardashop.com\/sv\/"},{"@type":"ListItem","position":2,"name":"Butik","item":"https:\/\/bombardashop.com\/sv\/butik\/"},{"@type":"ListItem","position":3,"name":"INNO CLICK Sinking. Gr\u00e4."}]},{"@type":"WebSite","@id":"https:\/\/bombardashop.com\/#website","url":"https:\/\/bombardashop.com\/","name":"Bombardashop.com","description":"Bombardashop.com","potentialAction":[{"@type":"SearchAction","target":{"@type":"EntryPoint","urlTemplate":"https:\/\/bombardashop.com\/?s={search_term_string}"},"query-input":{"@type":"PropertyValueSpecification","valueRequired":true,"valueName":"search_term_string"}}],"inLanguage":"sv-SE"}]}},"_links":{"self":[{"href":"https:\/\/bombardashop.com\/sv\/wp-json\/wp\/v2\/product\/34191","targetHints":{"allow":["GET"]}}],"collection":[{"href":"https:\/\/bombardashop.com\/sv\/wp-json\/wp\/v2\/product"}],"about":[{"href":"https:\/\/bombardashop.com\/sv\/wp-json\/wp\/v2\/types\/product"}],"wp:featuredmedia":[{"embeddable":true,"href":"https:\/\/bombardashop.com\/sv\/wp-json\/wp\/v2\/media\/34550"}],"wp:attachment":[{"href":"https:\/\/bombardashop.com\/sv\/wp-json\/wp\/v2\/media?parent=34191"}],"wp:term":[{"taxonomy":"product_brand","embeddable":true,"href":"https:\/\/bombardashop.com\/sv\/wp-json\/wp\/v2\/product_brand?post=34191"},{"taxonomy":"product_cat","embeddable":true,"href":"https:\/\/bombardashop.com\/sv\/wp-json\/wp\/v2\/product_cat?post=34191"},{"taxonomy":"product_tag","embeddable":true,"href":"https:\/\/bombardashop.com\/sv\/wp-json\/wp\/v2\/product_tag?post=34191"}],"curies":[{"name":"wp","href":"https:\/\/api.w.org\/{rel}","templated":true}]}}