
{"id":34156,"date":"2018-11-27T12:45:06","date_gmt":"2018-11-27T11:45:06","guid":{"rendered":"http:\/\/bombardashop.com\/shop\/okategoriserad\/inno-click-slow-intermediat-transparent-2\/"},"modified":"2018-12-05T11:33:14","modified_gmt":"2018-12-05T10:33:14","slug":"inno-click-slow-intermediat-transparent-2","status":"publish","type":"product","link":"https:\/\/bombardashop.com\/sv\/shop\/inno-bombarda-float-sv\/inno-click-slow-intermediat-transparent-2\/","title":{"rendered":"INNO CLICK Slow Intermediat. Transparent."},"content":{"rendered":"<p>INNO Click \u00e4r testvinnare i Danmark, Sverige , Norge og Tyskland &#8221; NO TANGLE &#8211; JUST FISH &#8221; och l\u00e5nga avst\u00e5nd flyter. INNO Click SLOW sv\u00e4vande \u00e4r transparent med sm\u00e5 luftbubblor, s\u00e5 det ser ut som en liten manet som lever i vattnet. Sjunkhastigheten \u00e4r 1 m p\u00e5 8 sek. Anv\u00e4ndas f\u00f6r j\u00e4mn inspinning i alla vattendjup varierat med m\u00e5nga spinnstopp genom att l\u00e5ta fl\u00f6tet sjunka ner, r\u00e4kna 1-2-3 sek. osv. till det \u00f6nskade djupet n\u00e5s, och inspinning varierat med spinnstop b\u00f6rjar igen. Kan ocks\u00e5 anv\u00e4ndas som s\u00e4nke till spinnflugrigg med rigg-ring, och med betesl\u00e5s m\u00f6jligg\u00f6rs snabb \u00e4ndring av densiteten utifr\u00e5n str\u00f6mmf\u00f6rh\u00e5llanden och vattenniv\u00e5 etc. F\u00f6r bottenmete i sj\u00f6ar med mjuk botten \u00e4r INNO Intermediat (Sv\u00e4vande) speciellt anv\u00e4ndbar, eftersom den inte sjunker ner i bottenslammet, utan sjunker sakta ner och l\u00e4gger sig p\u00e5 botten, med agnet synligt f\u00f6r fisken. INNO intermediat \u00e4r ocks\u00e5 anv\u00e4ndbar till m\u00e5nga typer av riggfiske efter sill och plattfisk mm i saltvatten. INNO crosslock \u00e4r viktigt f\u00f6r alla INNO-Bombarda.<\/p>\n","protected":false},"excerpt":{"rendered":"<p><strong>TEKNISKA SPECIFIKATIONER<\/strong><\/p>\n<p><strong>MATERIAL:<\/strong><br \/>\nUnder konstruktion<\/p>\n<p><strong>DIAMETER OCH VIKT:<\/strong><br \/>\n19 mm &#8211; 16 g<br \/>\n23 mm &#8211; 22 g<br \/>\n27 mm &#8211; 28 g<\/p>\n<p><strong>SJUNKTID:<\/strong><br \/>\n1 m \/ 8 sek.<\/p>\n<p><strong>F\u00c4RG:<\/strong><br \/>\nTransparent<\/p>\n","protected":false},"featured_media":34558,"template":"","meta":[],"product_brand":[],"product_cat":[61],"product_tag":[],"class_list":{"0":"post-34156","1":"product","2":"type-product","3":"status-publish","4":"has-post-thumbnail","6":"product_cat-inno-bombarda-float-sv","8":"first","9":"instock","10":"taxable","11":"shipping-taxable","12":"purchasable","13":"product-type-variable"},"yoast_head":"<!-- This site is optimized with the Yoast SEO plugin v27.3 - https:\/\/yoast.com\/product\/yoast-seo-wordpress\/ -->\n<title>INNO CLICK Slow Intermediat. Transparent. - Bombardashop.com<\/title>\n<meta name=\"robots\" content=\"index, follow, max-snippet:-1, max-image-preview:large, max-video-preview:-1\" \/>\n<link rel=\"canonical\" href=\"https:\/\/bombardashop.com\/sv\/shop\/inno-bombarda-float-sv\/inno-click-slow-intermediat-transparent-2\/\" \/>\n<meta property=\"og:locale\" content=\"sv_SE\" \/>\n<meta property=\"og:type\" content=\"article\" \/>\n<meta property=\"og:title\" content=\"INNO CLICK Slow Intermediat. Transparent. - Bombardashop.com\" \/>\n<meta property=\"og:description\" content=\"TEKNISKA SPECIFIKATIONER  MATERIAL: Under konstruktion  DIAMETER OCH VIKT: 19 mm - 16 g 23 mm - 22 g 27 mm - 28 g  SJUNKTID: 1 m \/ 8 sek.  F\u00c4RG: Transparent\" \/>\n<meta property=\"og:url\" content=\"https:\/\/bombardashop.com\/sv\/shop\/inno-bombarda-float-sv\/inno-click-slow-intermediat-transparent-2\/\" \/>\n<meta property=\"og:site_name\" content=\"Bombardashop.com\" \/>\n<meta property=\"article:modified_time\" content=\"2018-12-05T10:33:14+00:00\" \/>\n<meta property=\"og:image\" content=\"https:\/\/bombardashop.com\/wp-content\/uploads\/2016\/10\/00.SI_.22.G.C-scaled.jpg\" \/>\n\t<meta property=\"og:image:width\" content=\"2560\" \/>\n\t<meta property=\"og:image:height\" content=\"1707\" \/>\n\t<meta property=\"og:image:type\" content=\"image\/jpeg\" \/>\n<meta name=\"twitter:card\" content=\"summary_large_image\" \/>\n<meta name=\"twitter:label1\" content=\"Ber\u00e4knad l\u00e4stid\" \/>\n\t<meta name=\"twitter:data1\" content=\"1 minut\" \/>\n<script type=\"application\/ld+json\" class=\"yoast-schema-graph\">{\"@context\":\"https:\\\/\\\/schema.org\",\"@graph\":[{\"@type\":\"WebPage\",\"@id\":\"https:\\\/\\\/bombardashop.com\\\/sv\\\/shop\\\/inno-bombarda-float-sv\\\/inno-click-slow-intermediat-transparent-2\\\/\",\"url\":\"https:\\\/\\\/bombardashop.com\\\/sv\\\/shop\\\/inno-bombarda-float-sv\\\/inno-click-slow-intermediat-transparent-2\\\/\",\"name\":\"INNO CLICK Slow Intermediat. Transparent. - Bombardashop.com\",\"isPartOf\":{\"@id\":\"https:\\\/\\\/bombardashop.com\\\/#website\"},\"primaryImageOfPage\":{\"@id\":\"https:\\\/\\\/bombardashop.com\\\/sv\\\/shop\\\/inno-bombarda-float-sv\\\/inno-click-slow-intermediat-transparent-2\\\/#primaryimage\"},\"image\":{\"@id\":\"https:\\\/\\\/bombardashop.com\\\/sv\\\/shop\\\/inno-bombarda-float-sv\\\/inno-click-slow-intermediat-transparent-2\\\/#primaryimage\"},\"thumbnailUrl\":\"https:\\\/\\\/bombardashop.com\\\/wp-content\\\/uploads\\\/2016\\\/10\\\/00.SI_.22.G.C-scaled.jpg\",\"datePublished\":\"2018-11-27T11:45:06+00:00\",\"dateModified\":\"2018-12-05T10:33:14+00:00\",\"breadcrumb\":{\"@id\":\"https:\\\/\\\/bombardashop.com\\\/sv\\\/shop\\\/inno-bombarda-float-sv\\\/inno-click-slow-intermediat-transparent-2\\\/#breadcrumb\"},\"inLanguage\":\"sv-SE\",\"potentialAction\":[{\"@type\":\"ReadAction\",\"target\":[\"https:\\\/\\\/bombardashop.com\\\/sv\\\/shop\\\/inno-bombarda-float-sv\\\/inno-click-slow-intermediat-transparent-2\\\/\"]}]},{\"@type\":\"ImageObject\",\"inLanguage\":\"sv-SE\",\"@id\":\"https:\\\/\\\/bombardashop.com\\\/sv\\\/shop\\\/inno-bombarda-float-sv\\\/inno-click-slow-intermediat-transparent-2\\\/#primaryimage\",\"url\":\"https:\\\/\\\/bombardashop.com\\\/wp-content\\\/uploads\\\/2016\\\/10\\\/00.SI_.22.G.C-scaled.jpg\",\"contentUrl\":\"https:\\\/\\\/bombardashop.com\\\/wp-content\\\/uploads\\\/2016\\\/10\\\/00.SI_.22.G.C-scaled.jpg\",\"width\":2560,\"height\":1707},{\"@type\":\"BreadcrumbList\",\"@id\":\"https:\\\/\\\/bombardashop.com\\\/sv\\\/shop\\\/inno-bombarda-float-sv\\\/inno-click-slow-intermediat-transparent-2\\\/#breadcrumb\",\"itemListElement\":[{\"@type\":\"ListItem\",\"position\":1,\"name\":\"Hjem\",\"item\":\"https:\\\/\\\/bombardashop.com\\\/sv\\\/\"},{\"@type\":\"ListItem\",\"position\":2,\"name\":\"Butik\",\"item\":\"https:\\\/\\\/bombardashop.com\\\/sv\\\/butik\\\/\"},{\"@type\":\"ListItem\",\"position\":3,\"name\":\"INNO CLICK Slow Intermediat. Transparent.\"}]},{\"@type\":\"WebSite\",\"@id\":\"https:\\\/\\\/bombardashop.com\\\/#website\",\"url\":\"https:\\\/\\\/bombardashop.com\\\/\",\"name\":\"Bombardashop.com\",\"description\":\"Bombardashop.com\",\"potentialAction\":[{\"@type\":\"SearchAction\",\"target\":{\"@type\":\"EntryPoint\",\"urlTemplate\":\"https:\\\/\\\/bombardashop.com\\\/?s={search_term_string}\"},\"query-input\":{\"@type\":\"PropertyValueSpecification\",\"valueRequired\":true,\"valueName\":\"search_term_string\"}}],\"inLanguage\":\"sv-SE\"}]}<\/script>\n<!-- \/ Yoast SEO plugin. -->","yoast_head_json":{"title":"INNO CLICK Slow Intermediat. Transparent. - Bombardashop.com","robots":{"index":"index","follow":"follow","max-snippet":"max-snippet:-1","max-image-preview":"max-image-preview:large","max-video-preview":"max-video-preview:-1"},"canonical":"https:\/\/bombardashop.com\/sv\/shop\/inno-bombarda-float-sv\/inno-click-slow-intermediat-transparent-2\/","og_locale":"sv_SE","og_type":"article","og_title":"INNO CLICK Slow Intermediat. Transparent. - Bombardashop.com","og_description":"TEKNISKA SPECIFIKATIONER  MATERIAL: Under konstruktion  DIAMETER OCH VIKT: 19 mm - 16 g 23 mm - 22 g 27 mm - 28 g  SJUNKTID: 1 m \/ 8 sek.  F\u00c4RG: Transparent","og_url":"https:\/\/bombardashop.com\/sv\/shop\/inno-bombarda-float-sv\/inno-click-slow-intermediat-transparent-2\/","og_site_name":"Bombardashop.com","article_modified_time":"2018-12-05T10:33:14+00:00","og_image":[{"width":2560,"height":1707,"url":"https:\/\/bombardashop.com\/wp-content\/uploads\/2016\/10\/00.SI_.22.G.C-scaled.jpg","type":"image\/jpeg"}],"twitter_card":"summary_large_image","twitter_misc":{"Ber\u00e4knad l\u00e4stid":"1 minut"},"schema":{"@context":"https:\/\/schema.org","@graph":[{"@type":"WebPage","@id":"https:\/\/bombardashop.com\/sv\/shop\/inno-bombarda-float-sv\/inno-click-slow-intermediat-transparent-2\/","url":"https:\/\/bombardashop.com\/sv\/shop\/inno-bombarda-float-sv\/inno-click-slow-intermediat-transparent-2\/","name":"INNO CLICK Slow Intermediat. Transparent. - Bombardashop.com","isPartOf":{"@id":"https:\/\/bombardashop.com\/#website"},"primaryImageOfPage":{"@id":"https:\/\/bombardashop.com\/sv\/shop\/inno-bombarda-float-sv\/inno-click-slow-intermediat-transparent-2\/#primaryimage"},"image":{"@id":"https:\/\/bombardashop.com\/sv\/shop\/inno-bombarda-float-sv\/inno-click-slow-intermediat-transparent-2\/#primaryimage"},"thumbnailUrl":"https:\/\/bombardashop.com\/wp-content\/uploads\/2016\/10\/00.SI_.22.G.C-scaled.jpg","datePublished":"2018-11-27T11:45:06+00:00","dateModified":"2018-12-05T10:33:14+00:00","breadcrumb":{"@id":"https:\/\/bombardashop.com\/sv\/shop\/inno-bombarda-float-sv\/inno-click-slow-intermediat-transparent-2\/#breadcrumb"},"inLanguage":"sv-SE","potentialAction":[{"@type":"ReadAction","target":["https:\/\/bombardashop.com\/sv\/shop\/inno-bombarda-float-sv\/inno-click-slow-intermediat-transparent-2\/"]}]},{"@type":"ImageObject","inLanguage":"sv-SE","@id":"https:\/\/bombardashop.com\/sv\/shop\/inno-bombarda-float-sv\/inno-click-slow-intermediat-transparent-2\/#primaryimage","url":"https:\/\/bombardashop.com\/wp-content\/uploads\/2016\/10\/00.SI_.22.G.C-scaled.jpg","contentUrl":"https:\/\/bombardashop.com\/wp-content\/uploads\/2016\/10\/00.SI_.22.G.C-scaled.jpg","width":2560,"height":1707},{"@type":"BreadcrumbList","@id":"https:\/\/bombardashop.com\/sv\/shop\/inno-bombarda-float-sv\/inno-click-slow-intermediat-transparent-2\/#breadcrumb","itemListElement":[{"@type":"ListItem","position":1,"name":"Hjem","item":"https:\/\/bombardashop.com\/sv\/"},{"@type":"ListItem","position":2,"name":"Butik","item":"https:\/\/bombardashop.com\/sv\/butik\/"},{"@type":"ListItem","position":3,"name":"INNO CLICK Slow Intermediat. Transparent."}]},{"@type":"WebSite","@id":"https:\/\/bombardashop.com\/#website","url":"https:\/\/bombardashop.com\/","name":"Bombardashop.com","description":"Bombardashop.com","potentialAction":[{"@type":"SearchAction","target":{"@type":"EntryPoint","urlTemplate":"https:\/\/bombardashop.com\/?s={search_term_string}"},"query-input":{"@type":"PropertyValueSpecification","valueRequired":true,"valueName":"search_term_string"}}],"inLanguage":"sv-SE"}]}},"_links":{"self":[{"href":"https:\/\/bombardashop.com\/sv\/wp-json\/wp\/v2\/product\/34156","targetHints":{"allow":["GET"]}}],"collection":[{"href":"https:\/\/bombardashop.com\/sv\/wp-json\/wp\/v2\/product"}],"about":[{"href":"https:\/\/bombardashop.com\/sv\/wp-json\/wp\/v2\/types\/product"}],"wp:featuredmedia":[{"embeddable":true,"href":"https:\/\/bombardashop.com\/sv\/wp-json\/wp\/v2\/media\/34558"}],"wp:attachment":[{"href":"https:\/\/bombardashop.com\/sv\/wp-json\/wp\/v2\/media?parent=34156"}],"wp:term":[{"taxonomy":"product_brand","embeddable":true,"href":"https:\/\/bombardashop.com\/sv\/wp-json\/wp\/v2\/product_brand?post=34156"},{"taxonomy":"product_cat","embeddable":true,"href":"https:\/\/bombardashop.com\/sv\/wp-json\/wp\/v2\/product_cat?post=34156"},{"taxonomy":"product_tag","embeddable":true,"href":"https:\/\/bombardashop.com\/sv\/wp-json\/wp\/v2\/product_tag?post=34156"}],"curies":[{"name":"wp","href":"https:\/\/api.w.org\/{rel}","templated":true}]}}