
{"id":31157,"date":"2017-01-01T20:11:59","date_gmt":"2017-01-01T18:12:00","guid":{"rendered":"http:\/\/bombardashop.com\/produkt\/inno-kustfiske-fly-bundle-kopier-kopier-kopier\/?lang=sv"},"modified":"2017-05-05T09:02:33","modified_gmt":"2017-05-05T07:02:33","slug":"inno-tfs-magnus-blodtud-tupe-40mm","status":"publish","type":"product","link":"https:\/\/bombardashop.com\/sv\/shop\/flugor-fly-boxar-se\/inno-tfs-magnus-blodtud-tupe-40mm\/","title":{"rendered":"INNO-TFS. Magnus Blodtud. Tupe. 40mm."},"content":{"rendered":"<p>INNO-TFS\u00a0 flugor som alla har bevisat sina f\u00e5ngstf\u00f6rm\u00e5gor vid kustfiske, men \u00e4r \u00e4ven utm\u00e4rkt f\u00f6r sj\u00f6fiske och Put and Take.<br \/>\n\u00d6ka din krokningsf\u00f6rm\u00e5ga fr\u00e5n 50- till 90% med L-rig \/ Rapala-rig systemet, sm\u00e5 Owner trekrokar och tubflugor.<br \/>\nTestfiskare har under flera \u00e5r bevisat att L-rig \/ Rapala-rig systemet med sm\u00e5krokstackel ger n\u00e4stan dubbelt s\u00e5 mycket fisk<\/p>\n","protected":false},"excerpt":{"rendered":"<p>INNO-TFS\u00a0 flugor som alla har bevisat sina f\u00e5ngstf\u00f6rm\u00e5gor vid kustfiske, men \u00e4r \u00e4ven utm\u00e4rkt f\u00f6r sj\u00f6fiske och Put and Take.<br \/>\n\u00d6ka din krokningsf\u00f6rm\u00e5ga fr\u00e5n 50- till 90% med L-rig \/ Rapala-rig systemet, sm\u00e5 Owner trekrokar och tubflugor.<br \/>\nTestfiskare har under flera \u00e5r bevisat att L-rig \/ Rapala-rig systemet med sm\u00e5krokstackel ger n\u00e4stan dubbelt s\u00e5 mycket fisk<\/p>\n","protected":false},"featured_media":36422,"template":"","meta":[],"product_brand":[],"product_cat":[111,125],"product_tag":[],"class_list":{"0":"post-31157","1":"product","2":"type-product","3":"status-publish","4":"has-post-thumbnail","6":"product_cat-flugor-fly-boxar-se","7":"product_cat-inno-tupe-fly-system-sv","9":"first","10":"outofstock","11":"taxable","12":"shipping-taxable","13":"purchasable","14":"product-type-simple"},"yoast_head":"<!-- This site is optimized with the Yoast SEO plugin v27.3 - https:\/\/yoast.com\/product\/yoast-seo-wordpress\/ -->\n<title>INNO-TFS. Magnus Blodtud. Tupe. 40mm. - Bombardashop.com<\/title>\n<meta name=\"robots\" content=\"index, follow, max-snippet:-1, max-image-preview:large, max-video-preview:-1\" \/>\n<link rel=\"canonical\" href=\"https:\/\/bombardashop.com\/sv\/shop\/flugor-fly-boxar-se\/inno-tfs-magnus-blodtud-tupe-40mm\/\" \/>\n<meta property=\"og:locale\" content=\"sv_SE\" \/>\n<meta property=\"og:type\" content=\"article\" \/>\n<meta property=\"og:title\" content=\"INNO-TFS. Magnus Blodtud. Tupe. 40mm. - Bombardashop.com\" \/>\n<meta property=\"og:description\" content=\"INNO-TFS\u00a0 flugor som alla har bevisat sina f\u00e5ngstf\u00f6rm\u00e5gor vid kustfiske, men \u00e4r \u00e4ven utm\u00e4rkt f\u00f6r sj\u00f6fiske och Put and Take. \u00d6ka din krokningsf\u00f6rm\u00e5ga fr\u00e5n 50- till 90% med L-rig \/ Rapala-rig systemet, sm\u00e5 Owner trekrokar och tubflugor. Testfiskare har under flera \u00e5r bevisat att L-rig \/ Rapala-rig systemet med sm\u00e5krokstackel ger n\u00e4stan dubbelt s\u00e5 mycket fisk\" \/>\n<meta property=\"og:url\" content=\"https:\/\/bombardashop.com\/sv\/shop\/flugor-fly-boxar-se\/inno-tfs-magnus-blodtud-tupe-40mm\/\" \/>\n<meta property=\"og:site_name\" content=\"Bombardashop.com\" \/>\n<meta property=\"article:modified_time\" content=\"2017-05-05T07:02:33+00:00\" \/>\n<meta property=\"og:image\" content=\"https:\/\/bombardashop.com\/wp-content\/uploads\/2017\/01\/Magnus-Blodtud-TFS.-03.RF_.INMAB_.jpg\" \/>\n\t<meta property=\"og:image:width\" content=\"1977\" \/>\n\t<meta property=\"og:image:height\" content=\"1836\" \/>\n\t<meta property=\"og:image:type\" content=\"image\/jpeg\" \/>\n<meta name=\"twitter:card\" content=\"summary_large_image\" \/>\n<script type=\"application\/ld+json\" class=\"yoast-schema-graph\">{\"@context\":\"https:\\\/\\\/schema.org\",\"@graph\":[{\"@type\":\"WebPage\",\"@id\":\"https:\\\/\\\/bombardashop.com\\\/sv\\\/shop\\\/flugor-fly-boxar-se\\\/inno-tfs-magnus-blodtud-tupe-40mm\\\/\",\"url\":\"https:\\\/\\\/bombardashop.com\\\/sv\\\/shop\\\/flugor-fly-boxar-se\\\/inno-tfs-magnus-blodtud-tupe-40mm\\\/\",\"name\":\"INNO-TFS. Magnus Blodtud. Tupe. 40mm. - Bombardashop.com\",\"isPartOf\":{\"@id\":\"https:\\\/\\\/bombardashop.com\\\/#website\"},\"primaryImageOfPage\":{\"@id\":\"https:\\\/\\\/bombardashop.com\\\/sv\\\/shop\\\/flugor-fly-boxar-se\\\/inno-tfs-magnus-blodtud-tupe-40mm\\\/#primaryimage\"},\"image\":{\"@id\":\"https:\\\/\\\/bombardashop.com\\\/sv\\\/shop\\\/flugor-fly-boxar-se\\\/inno-tfs-magnus-blodtud-tupe-40mm\\\/#primaryimage\"},\"thumbnailUrl\":\"https:\\\/\\\/bombardashop.com\\\/wp-content\\\/uploads\\\/2017\\\/01\\\/Magnus-Blodtud-TFS.-03.RF_.INMAB_.jpg\",\"datePublished\":\"2017-01-01T18:12:00+00:00\",\"dateModified\":\"2017-05-05T07:02:33+00:00\",\"breadcrumb\":{\"@id\":\"https:\\\/\\\/bombardashop.com\\\/sv\\\/shop\\\/flugor-fly-boxar-se\\\/inno-tfs-magnus-blodtud-tupe-40mm\\\/#breadcrumb\"},\"inLanguage\":\"sv-SE\",\"potentialAction\":[{\"@type\":\"ReadAction\",\"target\":[\"https:\\\/\\\/bombardashop.com\\\/sv\\\/shop\\\/flugor-fly-boxar-se\\\/inno-tfs-magnus-blodtud-tupe-40mm\\\/\"]}]},{\"@type\":\"ImageObject\",\"inLanguage\":\"sv-SE\",\"@id\":\"https:\\\/\\\/bombardashop.com\\\/sv\\\/shop\\\/flugor-fly-boxar-se\\\/inno-tfs-magnus-blodtud-tupe-40mm\\\/#primaryimage\",\"url\":\"https:\\\/\\\/bombardashop.com\\\/wp-content\\\/uploads\\\/2017\\\/01\\\/Magnus-Blodtud-TFS.-03.RF_.INMAB_.jpg\",\"contentUrl\":\"https:\\\/\\\/bombardashop.com\\\/wp-content\\\/uploads\\\/2017\\\/01\\\/Magnus-Blodtud-TFS.-03.RF_.INMAB_.jpg\",\"width\":1977,\"height\":1836},{\"@type\":\"BreadcrumbList\",\"@id\":\"https:\\\/\\\/bombardashop.com\\\/sv\\\/shop\\\/flugor-fly-boxar-se\\\/inno-tfs-magnus-blodtud-tupe-40mm\\\/#breadcrumb\",\"itemListElement\":[{\"@type\":\"ListItem\",\"position\":1,\"name\":\"Hjem\",\"item\":\"https:\\\/\\\/bombardashop.com\\\/sv\\\/\"},{\"@type\":\"ListItem\",\"position\":2,\"name\":\"Butik\",\"item\":\"https:\\\/\\\/bombardashop.com\\\/sv\\\/butik\\\/\"},{\"@type\":\"ListItem\",\"position\":3,\"name\":\"INNO-TFS. Magnus Blodtud. Tupe. 40mm.\"}]},{\"@type\":\"WebSite\",\"@id\":\"https:\\\/\\\/bombardashop.com\\\/#website\",\"url\":\"https:\\\/\\\/bombardashop.com\\\/\",\"name\":\"Bombardashop.com\",\"description\":\"Bombardashop.com\",\"potentialAction\":[{\"@type\":\"SearchAction\",\"target\":{\"@type\":\"EntryPoint\",\"urlTemplate\":\"https:\\\/\\\/bombardashop.com\\\/?s={search_term_string}\"},\"query-input\":{\"@type\":\"PropertyValueSpecification\",\"valueRequired\":true,\"valueName\":\"search_term_string\"}}],\"inLanguage\":\"sv-SE\"}]}<\/script>\n<!-- \/ Yoast SEO plugin. -->","yoast_head_json":{"title":"INNO-TFS. Magnus Blodtud. Tupe. 40mm. - Bombardashop.com","robots":{"index":"index","follow":"follow","max-snippet":"max-snippet:-1","max-image-preview":"max-image-preview:large","max-video-preview":"max-video-preview:-1"},"canonical":"https:\/\/bombardashop.com\/sv\/shop\/flugor-fly-boxar-se\/inno-tfs-magnus-blodtud-tupe-40mm\/","og_locale":"sv_SE","og_type":"article","og_title":"INNO-TFS. Magnus Blodtud. Tupe. 40mm. - Bombardashop.com","og_description":"INNO-TFS\u00a0 flugor som alla har bevisat sina f\u00e5ngstf\u00f6rm\u00e5gor vid kustfiske, men \u00e4r \u00e4ven utm\u00e4rkt f\u00f6r sj\u00f6fiske och Put and Take. \u00d6ka din krokningsf\u00f6rm\u00e5ga fr\u00e5n 50- till 90% med L-rig \/ Rapala-rig systemet, sm\u00e5 Owner trekrokar och tubflugor. Testfiskare har under flera \u00e5r bevisat att L-rig \/ Rapala-rig systemet med sm\u00e5krokstackel ger n\u00e4stan dubbelt s\u00e5 mycket fisk","og_url":"https:\/\/bombardashop.com\/sv\/shop\/flugor-fly-boxar-se\/inno-tfs-magnus-blodtud-tupe-40mm\/","og_site_name":"Bombardashop.com","article_modified_time":"2017-05-05T07:02:33+00:00","og_image":[{"width":1977,"height":1836,"url":"https:\/\/bombardashop.com\/wp-content\/uploads\/2017\/01\/Magnus-Blodtud-TFS.-03.RF_.INMAB_.jpg","type":"image\/jpeg"}],"twitter_card":"summary_large_image","schema":{"@context":"https:\/\/schema.org","@graph":[{"@type":"WebPage","@id":"https:\/\/bombardashop.com\/sv\/shop\/flugor-fly-boxar-se\/inno-tfs-magnus-blodtud-tupe-40mm\/","url":"https:\/\/bombardashop.com\/sv\/shop\/flugor-fly-boxar-se\/inno-tfs-magnus-blodtud-tupe-40mm\/","name":"INNO-TFS. Magnus Blodtud. Tupe. 40mm. - Bombardashop.com","isPartOf":{"@id":"https:\/\/bombardashop.com\/#website"},"primaryImageOfPage":{"@id":"https:\/\/bombardashop.com\/sv\/shop\/flugor-fly-boxar-se\/inno-tfs-magnus-blodtud-tupe-40mm\/#primaryimage"},"image":{"@id":"https:\/\/bombardashop.com\/sv\/shop\/flugor-fly-boxar-se\/inno-tfs-magnus-blodtud-tupe-40mm\/#primaryimage"},"thumbnailUrl":"https:\/\/bombardashop.com\/wp-content\/uploads\/2017\/01\/Magnus-Blodtud-TFS.-03.RF_.INMAB_.jpg","datePublished":"2017-01-01T18:12:00+00:00","dateModified":"2017-05-05T07:02:33+00:00","breadcrumb":{"@id":"https:\/\/bombardashop.com\/sv\/shop\/flugor-fly-boxar-se\/inno-tfs-magnus-blodtud-tupe-40mm\/#breadcrumb"},"inLanguage":"sv-SE","potentialAction":[{"@type":"ReadAction","target":["https:\/\/bombardashop.com\/sv\/shop\/flugor-fly-boxar-se\/inno-tfs-magnus-blodtud-tupe-40mm\/"]}]},{"@type":"ImageObject","inLanguage":"sv-SE","@id":"https:\/\/bombardashop.com\/sv\/shop\/flugor-fly-boxar-se\/inno-tfs-magnus-blodtud-tupe-40mm\/#primaryimage","url":"https:\/\/bombardashop.com\/wp-content\/uploads\/2017\/01\/Magnus-Blodtud-TFS.-03.RF_.INMAB_.jpg","contentUrl":"https:\/\/bombardashop.com\/wp-content\/uploads\/2017\/01\/Magnus-Blodtud-TFS.-03.RF_.INMAB_.jpg","width":1977,"height":1836},{"@type":"BreadcrumbList","@id":"https:\/\/bombardashop.com\/sv\/shop\/flugor-fly-boxar-se\/inno-tfs-magnus-blodtud-tupe-40mm\/#breadcrumb","itemListElement":[{"@type":"ListItem","position":1,"name":"Hjem","item":"https:\/\/bombardashop.com\/sv\/"},{"@type":"ListItem","position":2,"name":"Butik","item":"https:\/\/bombardashop.com\/sv\/butik\/"},{"@type":"ListItem","position":3,"name":"INNO-TFS. Magnus Blodtud. Tupe. 40mm."}]},{"@type":"WebSite","@id":"https:\/\/bombardashop.com\/#website","url":"https:\/\/bombardashop.com\/","name":"Bombardashop.com","description":"Bombardashop.com","potentialAction":[{"@type":"SearchAction","target":{"@type":"EntryPoint","urlTemplate":"https:\/\/bombardashop.com\/?s={search_term_string}"},"query-input":{"@type":"PropertyValueSpecification","valueRequired":true,"valueName":"search_term_string"}}],"inLanguage":"sv-SE"}]}},"_links":{"self":[{"href":"https:\/\/bombardashop.com\/sv\/wp-json\/wp\/v2\/product\/31157","targetHints":{"allow":["GET"]}}],"collection":[{"href":"https:\/\/bombardashop.com\/sv\/wp-json\/wp\/v2\/product"}],"about":[{"href":"https:\/\/bombardashop.com\/sv\/wp-json\/wp\/v2\/types\/product"}],"wp:featuredmedia":[{"embeddable":true,"href":"https:\/\/bombardashop.com\/sv\/wp-json\/wp\/v2\/media\/36422"}],"wp:attachment":[{"href":"https:\/\/bombardashop.com\/sv\/wp-json\/wp\/v2\/media?parent=31157"}],"wp:term":[{"taxonomy":"product_brand","embeddable":true,"href":"https:\/\/bombardashop.com\/sv\/wp-json\/wp\/v2\/product_brand?post=31157"},{"taxonomy":"product_cat","embeddable":true,"href":"https:\/\/bombardashop.com\/sv\/wp-json\/wp\/v2\/product_cat?post=31157"},{"taxonomy":"product_tag","embeddable":true,"href":"https:\/\/bombardashop.com\/sv\/wp-json\/wp\/v2\/product_tag?post=31157"}],"curies":[{"name":"wp","href":"https:\/\/api.w.org\/{rel}","templated":true}]}}