
{"id":29831,"date":"2016-10-04T11:34:29","date_gmt":"2016-10-04T09:34:29","guid":{"rendered":"http:\/\/bombardashop.com\/product\/inno-bombarda-sinno-floating-2\/"},"modified":"2016-12-17T12:11:11","modified_gmt":"2016-12-17T10:11:11","slug":"inno-floating","status":"publish","type":"product","link":"https:\/\/bombardashop.com\/sv\/shop\/inno-bombarda-float-sv\/inno-floating\/","title":{"rendered":"INNO Floating"},"content":{"rendered":"<p>INNO Floating \u00e4r vita. Alla fiskar \u00e4r vita p\u00e5 buken vilket \u00e4r fiskens kamouflagef\u00e4rg sett nerifr\u00e5n och upp mot vattenytan.<br \/>\nDen vita INNO Floating \u00e4r svagt synlig f\u00f6r sportsfiskaren, men om du vill ha den mer synlig, man kan ers\u00e4tta den transparenta INNO-stickan med en orange sticka.<br \/>\nINNO Floating kan fiskas horisontellt g\u00e5ende i vattnet eller lodr\u00e4tt st\u00e5ende med hj\u00e4lp av betesl\u00e5s och anpassade s\u00e4nken som motvikt (cirka 1 gram). Motviktss\u00e4nket kan \u00f6kas s\u00e5 att du f\u00e5r ett mycket l\u00e5ngsamt sjunkande fl\u00f6te. INNO crosslock \u00e4r viktigt f\u00f6r alla INNO-Bombarda.<\/p>\n","protected":false},"excerpt":{"rendered":"<p><strong>TEKNISKA SPECIFIKATIONER<\/strong><br \/>\n<strong>BOMBARDA FLOATING<br \/>\n<\/strong><br \/>\n<strong>MATERIAL:<\/strong><br \/>\nUnder konstruktion<\/p>\n<p><strong>M\u00c5TT:<\/strong><\/p>\n<p><strong>DIAMETER OCH VIKT:<\/strong><br \/>\n28 mm &#8211;\u00a015 g<br \/>\n31 mm &#8211;\u00a020 g<br \/>\n34 mm &#8211;\u00a025 g<\/p>\n<p><strong>SJUNKTID:<\/strong><br \/>\nInte aktuellt<\/p>\n<p><strong>F\u00c4RG:<\/strong><br \/>\nVit<\/p>\n","protected":false},"featured_media":34421,"template":"","meta":[],"product_brand":[],"product_cat":[61],"product_tag":[],"class_list":{"0":"post-29831","1":"product","2":"type-product","3":"status-publish","4":"has-post-thumbnail","6":"product_cat-inno-bombarda-float-sv","8":"first","9":"instock","10":"taxable","11":"shipping-taxable","12":"purchasable","13":"product-type-variable"},"yoast_head":"<!-- This site is optimized with the Yoast SEO plugin v27.3 - https:\/\/yoast.com\/product\/yoast-seo-wordpress\/ -->\n<title>INNO Floating - Bombardashop.com<\/title>\n<meta name=\"robots\" content=\"index, follow, max-snippet:-1, max-image-preview:large, max-video-preview:-1\" \/>\n<link rel=\"canonical\" href=\"https:\/\/bombardashop.com\/sv\/shop\/inno-bombarda-float-sv\/inno-floating\/\" \/>\n<meta property=\"og:locale\" content=\"sv_SE\" \/>\n<meta property=\"og:type\" content=\"article\" \/>\n<meta property=\"og:title\" content=\"INNO Floating - Bombardashop.com\" \/>\n<meta property=\"og:description\" content=\"TEKNISKA SPECIFIKATIONER BOMBARDA FLOATING  MATERIAL: Under konstruktion  M\u00c5TT:  DIAMETER OCH VIKT: 28 mm -\u00a015 g 31 mm -\u00a020 g 34 mm -\u00a025 g  SJUNKTID: Inte aktuellt  F\u00c4RG: Vit\" \/>\n<meta property=\"og:url\" content=\"https:\/\/bombardashop.com\/sv\/shop\/inno-bombarda-float-sv\/inno-floating\/\" \/>\n<meta property=\"og:site_name\" content=\"Bombardashop.com\" \/>\n<meta property=\"article:modified_time\" content=\"2016-12-17T10:11:11+00:00\" \/>\n<meta property=\"og:image\" content=\"https:\/\/bombardashop.com\/wp-content\/uploads\/2018\/11\/EB.F.20.G-scaled.jpg\" \/>\n\t<meta property=\"og:image:width\" content=\"2560\" \/>\n\t<meta property=\"og:image:height\" content=\"1707\" \/>\n\t<meta property=\"og:image:type\" content=\"image\/jpeg\" \/>\n<meta name=\"twitter:card\" content=\"summary_large_image\" \/>\n<meta name=\"twitter:label1\" content=\"Ber\u00e4knad l\u00e4stid\" \/>\n\t<meta name=\"twitter:data1\" content=\"1 minut\" \/>\n<script type=\"application\/ld+json\" class=\"yoast-schema-graph\">{\"@context\":\"https:\\\/\\\/schema.org\",\"@graph\":[{\"@type\":\"WebPage\",\"@id\":\"https:\\\/\\\/bombardashop.com\\\/sv\\\/shop\\\/inno-bombarda-float-sv\\\/inno-floating\\\/\",\"url\":\"https:\\\/\\\/bombardashop.com\\\/sv\\\/shop\\\/inno-bombarda-float-sv\\\/inno-floating\\\/\",\"name\":\"INNO Floating - Bombardashop.com\",\"isPartOf\":{\"@id\":\"https:\\\/\\\/bombardashop.com\\\/#website\"},\"primaryImageOfPage\":{\"@id\":\"https:\\\/\\\/bombardashop.com\\\/sv\\\/shop\\\/inno-bombarda-float-sv\\\/inno-floating\\\/#primaryimage\"},\"image\":{\"@id\":\"https:\\\/\\\/bombardashop.com\\\/sv\\\/shop\\\/inno-bombarda-float-sv\\\/inno-floating\\\/#primaryimage\"},\"thumbnailUrl\":\"https:\\\/\\\/bombardashop.com\\\/wp-content\\\/uploads\\\/2018\\\/11\\\/EB.F.20.G-scaled.jpg\",\"datePublished\":\"2016-10-04T09:34:29+00:00\",\"dateModified\":\"2016-12-17T10:11:11+00:00\",\"breadcrumb\":{\"@id\":\"https:\\\/\\\/bombardashop.com\\\/sv\\\/shop\\\/inno-bombarda-float-sv\\\/inno-floating\\\/#breadcrumb\"},\"inLanguage\":\"sv-SE\",\"potentialAction\":[{\"@type\":\"ReadAction\",\"target\":[\"https:\\\/\\\/bombardashop.com\\\/sv\\\/shop\\\/inno-bombarda-float-sv\\\/inno-floating\\\/\"]}]},{\"@type\":\"ImageObject\",\"inLanguage\":\"sv-SE\",\"@id\":\"https:\\\/\\\/bombardashop.com\\\/sv\\\/shop\\\/inno-bombarda-float-sv\\\/inno-floating\\\/#primaryimage\",\"url\":\"https:\\\/\\\/bombardashop.com\\\/wp-content\\\/uploads\\\/2018\\\/11\\\/EB.F.20.G-scaled.jpg\",\"contentUrl\":\"https:\\\/\\\/bombardashop.com\\\/wp-content\\\/uploads\\\/2018\\\/11\\\/EB.F.20.G-scaled.jpg\",\"width\":2560,\"height\":1707},{\"@type\":\"BreadcrumbList\",\"@id\":\"https:\\\/\\\/bombardashop.com\\\/sv\\\/shop\\\/inno-bombarda-float-sv\\\/inno-floating\\\/#breadcrumb\",\"itemListElement\":[{\"@type\":\"ListItem\",\"position\":1,\"name\":\"Hjem\",\"item\":\"https:\\\/\\\/bombardashop.com\\\/sv\\\/\"},{\"@type\":\"ListItem\",\"position\":2,\"name\":\"Butik\",\"item\":\"https:\\\/\\\/bombardashop.com\\\/sv\\\/butik\\\/\"},{\"@type\":\"ListItem\",\"position\":3,\"name\":\"INNO Floating\"}]},{\"@type\":\"WebSite\",\"@id\":\"https:\\\/\\\/bombardashop.com\\\/#website\",\"url\":\"https:\\\/\\\/bombardashop.com\\\/\",\"name\":\"Bombardashop.com\",\"description\":\"Bombardashop.com\",\"potentialAction\":[{\"@type\":\"SearchAction\",\"target\":{\"@type\":\"EntryPoint\",\"urlTemplate\":\"https:\\\/\\\/bombardashop.com\\\/?s={search_term_string}\"},\"query-input\":{\"@type\":\"PropertyValueSpecification\",\"valueRequired\":true,\"valueName\":\"search_term_string\"}}],\"inLanguage\":\"sv-SE\"}]}<\/script>\n<!-- \/ Yoast SEO plugin. -->","yoast_head_json":{"title":"INNO Floating - Bombardashop.com","robots":{"index":"index","follow":"follow","max-snippet":"max-snippet:-1","max-image-preview":"max-image-preview:large","max-video-preview":"max-video-preview:-1"},"canonical":"https:\/\/bombardashop.com\/sv\/shop\/inno-bombarda-float-sv\/inno-floating\/","og_locale":"sv_SE","og_type":"article","og_title":"INNO Floating - Bombardashop.com","og_description":"TEKNISKA SPECIFIKATIONER BOMBARDA FLOATING  MATERIAL: Under konstruktion  M\u00c5TT:  DIAMETER OCH VIKT: 28 mm -\u00a015 g 31 mm -\u00a020 g 34 mm -\u00a025 g  SJUNKTID: Inte aktuellt  F\u00c4RG: Vit","og_url":"https:\/\/bombardashop.com\/sv\/shop\/inno-bombarda-float-sv\/inno-floating\/","og_site_name":"Bombardashop.com","article_modified_time":"2016-12-17T10:11:11+00:00","og_image":[{"width":2560,"height":1707,"url":"https:\/\/bombardashop.com\/wp-content\/uploads\/2018\/11\/EB.F.20.G-scaled.jpg","type":"image\/jpeg"}],"twitter_card":"summary_large_image","twitter_misc":{"Ber\u00e4knad l\u00e4stid":"1 minut"},"schema":{"@context":"https:\/\/schema.org","@graph":[{"@type":"WebPage","@id":"https:\/\/bombardashop.com\/sv\/shop\/inno-bombarda-float-sv\/inno-floating\/","url":"https:\/\/bombardashop.com\/sv\/shop\/inno-bombarda-float-sv\/inno-floating\/","name":"INNO Floating - Bombardashop.com","isPartOf":{"@id":"https:\/\/bombardashop.com\/#website"},"primaryImageOfPage":{"@id":"https:\/\/bombardashop.com\/sv\/shop\/inno-bombarda-float-sv\/inno-floating\/#primaryimage"},"image":{"@id":"https:\/\/bombardashop.com\/sv\/shop\/inno-bombarda-float-sv\/inno-floating\/#primaryimage"},"thumbnailUrl":"https:\/\/bombardashop.com\/wp-content\/uploads\/2018\/11\/EB.F.20.G-scaled.jpg","datePublished":"2016-10-04T09:34:29+00:00","dateModified":"2016-12-17T10:11:11+00:00","breadcrumb":{"@id":"https:\/\/bombardashop.com\/sv\/shop\/inno-bombarda-float-sv\/inno-floating\/#breadcrumb"},"inLanguage":"sv-SE","potentialAction":[{"@type":"ReadAction","target":["https:\/\/bombardashop.com\/sv\/shop\/inno-bombarda-float-sv\/inno-floating\/"]}]},{"@type":"ImageObject","inLanguage":"sv-SE","@id":"https:\/\/bombardashop.com\/sv\/shop\/inno-bombarda-float-sv\/inno-floating\/#primaryimage","url":"https:\/\/bombardashop.com\/wp-content\/uploads\/2018\/11\/EB.F.20.G-scaled.jpg","contentUrl":"https:\/\/bombardashop.com\/wp-content\/uploads\/2018\/11\/EB.F.20.G-scaled.jpg","width":2560,"height":1707},{"@type":"BreadcrumbList","@id":"https:\/\/bombardashop.com\/sv\/shop\/inno-bombarda-float-sv\/inno-floating\/#breadcrumb","itemListElement":[{"@type":"ListItem","position":1,"name":"Hjem","item":"https:\/\/bombardashop.com\/sv\/"},{"@type":"ListItem","position":2,"name":"Butik","item":"https:\/\/bombardashop.com\/sv\/butik\/"},{"@type":"ListItem","position":3,"name":"INNO Floating"}]},{"@type":"WebSite","@id":"https:\/\/bombardashop.com\/#website","url":"https:\/\/bombardashop.com\/","name":"Bombardashop.com","description":"Bombardashop.com","potentialAction":[{"@type":"SearchAction","target":{"@type":"EntryPoint","urlTemplate":"https:\/\/bombardashop.com\/?s={search_term_string}"},"query-input":{"@type":"PropertyValueSpecification","valueRequired":true,"valueName":"search_term_string"}}],"inLanguage":"sv-SE"}]}},"_links":{"self":[{"href":"https:\/\/bombardashop.com\/sv\/wp-json\/wp\/v2\/product\/29831","targetHints":{"allow":["GET"]}}],"collection":[{"href":"https:\/\/bombardashop.com\/sv\/wp-json\/wp\/v2\/product"}],"about":[{"href":"https:\/\/bombardashop.com\/sv\/wp-json\/wp\/v2\/types\/product"}],"wp:featuredmedia":[{"embeddable":true,"href":"https:\/\/bombardashop.com\/sv\/wp-json\/wp\/v2\/media\/34421"}],"wp:attachment":[{"href":"https:\/\/bombardashop.com\/sv\/wp-json\/wp\/v2\/media?parent=29831"}],"wp:term":[{"taxonomy":"product_brand","embeddable":true,"href":"https:\/\/bombardashop.com\/sv\/wp-json\/wp\/v2\/product_brand?post=29831"},{"taxonomy":"product_cat","embeddable":true,"href":"https:\/\/bombardashop.com\/sv\/wp-json\/wp\/v2\/product_cat?post=29831"},{"taxonomy":"product_tag","embeddable":true,"href":"https:\/\/bombardashop.com\/sv\/wp-json\/wp\/v2\/product_tag?post=29831"}],"curies":[{"name":"wp","href":"https:\/\/api.w.org\/{rel}","templated":true}]}}