
{"id":29789,"date":"2016-10-04T16:22:09","date_gmt":"2016-10-04T15:08:09","guid":{"rendered":"http:\/\/bombardashop.com\/product\/inno-sinking-grey-2\/"},"modified":"2016-12-17T13:16:30","modified_gmt":"2016-12-17T11:16:30","slug":"inno-sinking-grey-2","status":"publish","type":"product","link":"https:\/\/bombardashop.com\/sv\/shop\/inno-bombarda-float-sv\/inno-sinking-grey-2\/","title":{"rendered":"INNO Sinking Grey"},"content":{"rendered":"<p>INNO SINKING<br \/>\nINNO sjunkande \u00e4r gr\u00e5, och anv\u00e4nds f\u00f6r snabbt action-spinnfiske i alla vattendjup.<br \/>\nSjunkhastigheten \u00e4r 1 m p\u00e5 3 sek.<br \/>\nSnabbt spinnfiske \u00e4r supereffektivt n\u00e4r vattentemperaturen \u00e4r \u00f6ver 8 grader och fisken blivit snabbare.<\/p>\n<p>L\u00e5t fl\u00f6tet sjunka ned till \u00f6nskat djup, r\u00e4kna 1-2 sek. osv. och b\u00f6rja snabb, varierad inspinning med m\u00e5nga spinnstopp, 3-5 varv p\u00e5 rullen och 1 sek. spinnstop osv. Superbra metod f\u00f6r avfiskning av stora omr\u00e5den, b\u00e5de n\u00e4ra ytan, p\u00e5 mellandjup eller n\u00e4ra botten.<\/p>\n<p>INNO sjunkande \u00e4r en vinnare f\u00f6r den aktive sportfiskaren.<br \/>\nTill spinnfluga, bottenmete och riggfiske, kan INNO sjunkande anv\u00e4ndas som INNO Intermediat. INNO crosslock \u00e4r viktigt f\u00f6r alla INNO-Bombarda.<\/p>\n","protected":false},"excerpt":{"rendered":"<p><strong>TEKNISKA SPECIFIKATIONER<\/strong><\/p>\n<p><strong>MATERIAL:<\/strong><br \/>\nUnder konstruktion<\/p>\n<p><strong>M\u00c5TT<\/strong><\/p>\n<p><strong>DIAMETER OG VIKT:<\/strong><br \/>\n28 mm &#8211; 20 g<br \/>\n31 mm &#8211; 27 g<br \/>\n34 mm &#8211; 35 g<\/p>\n<p><strong>SJUNKTID:<\/strong><br \/>\n1 m \/ 3 sek.<\/p>\n<p><strong>F\u00c4RG:<\/strong><br \/>\nGr\u00e5<\/p>\n","protected":false},"featured_media":34533,"template":"","meta":[],"product_brand":[],"product_cat":[61],"product_tag":[],"class_list":{"0":"post-29789","1":"product","2":"type-product","3":"status-publish","4":"has-post-thumbnail","6":"product_cat-inno-bombarda-float-sv","8":"first","9":"instock","10":"taxable","11":"shipping-taxable","12":"purchasable","13":"product-type-variable"},"yoast_head":"<!-- This site is optimized with the Yoast SEO plugin v27.3 - https:\/\/yoast.com\/product\/yoast-seo-wordpress\/ -->\n<title>INNO Sinking Grey - Bombardashop.com<\/title>\n<meta name=\"robots\" content=\"index, follow, max-snippet:-1, max-image-preview:large, max-video-preview:-1\" \/>\n<link rel=\"canonical\" href=\"https:\/\/bombardashop.com\/sv\/shop\/inno-bombarda-float-sv\/inno-sinking-grey-2\/\" \/>\n<meta property=\"og:locale\" content=\"sv_SE\" \/>\n<meta property=\"og:type\" content=\"article\" \/>\n<meta property=\"og:title\" content=\"INNO Sinking Grey - Bombardashop.com\" \/>\n<meta property=\"og:description\" content=\"TEKNISKA SPECIFIKATIONER  MATERIAL: Under konstruktion  M\u00c5TT  DIAMETER OG VIKT: 28 mm - 20 g 31 mm - 27 g 34 mm - 35 g  SJUNKTID: 1 m \/ 3 sek.  F\u00c4RG: Gr\u00e5\" \/>\n<meta property=\"og:url\" content=\"https:\/\/bombardashop.com\/sv\/shop\/inno-bombarda-float-sv\/inno-sinking-grey-2\/\" \/>\n<meta property=\"og:site_name\" content=\"Bombardashop.com\" \/>\n<meta property=\"article:modified_time\" content=\"2016-12-17T11:16:30+00:00\" \/>\n<meta property=\"og:image\" content=\"https:\/\/bombardashop.com\/wp-content\/uploads\/2016\/10\/EB.S.27.G-scaled.jpg\" \/>\n\t<meta property=\"og:image:width\" content=\"2560\" \/>\n\t<meta property=\"og:image:height\" content=\"1707\" \/>\n\t<meta property=\"og:image:type\" content=\"image\/jpeg\" \/>\n<meta name=\"twitter:card\" content=\"summary_large_image\" \/>\n<meta name=\"twitter:label1\" content=\"Ber\u00e4knad l\u00e4stid\" \/>\n\t<meta name=\"twitter:data1\" content=\"1 minut\" \/>\n<script type=\"application\/ld+json\" class=\"yoast-schema-graph\">{\"@context\":\"https:\\\/\\\/schema.org\",\"@graph\":[{\"@type\":\"WebPage\",\"@id\":\"https:\\\/\\\/bombardashop.com\\\/sv\\\/shop\\\/inno-bombarda-float-sv\\\/inno-sinking-grey-2\\\/\",\"url\":\"https:\\\/\\\/bombardashop.com\\\/sv\\\/shop\\\/inno-bombarda-float-sv\\\/inno-sinking-grey-2\\\/\",\"name\":\"INNO Sinking Grey - Bombardashop.com\",\"isPartOf\":{\"@id\":\"https:\\\/\\\/bombardashop.com\\\/#website\"},\"primaryImageOfPage\":{\"@id\":\"https:\\\/\\\/bombardashop.com\\\/sv\\\/shop\\\/inno-bombarda-float-sv\\\/inno-sinking-grey-2\\\/#primaryimage\"},\"image\":{\"@id\":\"https:\\\/\\\/bombardashop.com\\\/sv\\\/shop\\\/inno-bombarda-float-sv\\\/inno-sinking-grey-2\\\/#primaryimage\"},\"thumbnailUrl\":\"https:\\\/\\\/bombardashop.com\\\/wp-content\\\/uploads\\\/2016\\\/10\\\/EB.S.27.G-scaled.jpg\",\"datePublished\":\"2016-10-04T15:08:09+00:00\",\"dateModified\":\"2016-12-17T11:16:30+00:00\",\"breadcrumb\":{\"@id\":\"https:\\\/\\\/bombardashop.com\\\/sv\\\/shop\\\/inno-bombarda-float-sv\\\/inno-sinking-grey-2\\\/#breadcrumb\"},\"inLanguage\":\"sv-SE\",\"potentialAction\":[{\"@type\":\"ReadAction\",\"target\":[\"https:\\\/\\\/bombardashop.com\\\/sv\\\/shop\\\/inno-bombarda-float-sv\\\/inno-sinking-grey-2\\\/\"]}]},{\"@type\":\"ImageObject\",\"inLanguage\":\"sv-SE\",\"@id\":\"https:\\\/\\\/bombardashop.com\\\/sv\\\/shop\\\/inno-bombarda-float-sv\\\/inno-sinking-grey-2\\\/#primaryimage\",\"url\":\"https:\\\/\\\/bombardashop.com\\\/wp-content\\\/uploads\\\/2016\\\/10\\\/EB.S.27.G-scaled.jpg\",\"contentUrl\":\"https:\\\/\\\/bombardashop.com\\\/wp-content\\\/uploads\\\/2016\\\/10\\\/EB.S.27.G-scaled.jpg\",\"width\":2560,\"height\":1707},{\"@type\":\"BreadcrumbList\",\"@id\":\"https:\\\/\\\/bombardashop.com\\\/sv\\\/shop\\\/inno-bombarda-float-sv\\\/inno-sinking-grey-2\\\/#breadcrumb\",\"itemListElement\":[{\"@type\":\"ListItem\",\"position\":1,\"name\":\"Hjem\",\"item\":\"https:\\\/\\\/bombardashop.com\\\/sv\\\/\"},{\"@type\":\"ListItem\",\"position\":2,\"name\":\"Butik\",\"item\":\"https:\\\/\\\/bombardashop.com\\\/sv\\\/butik\\\/\"},{\"@type\":\"ListItem\",\"position\":3,\"name\":\"INNO Sinking Grey\"}]},{\"@type\":\"WebSite\",\"@id\":\"https:\\\/\\\/bombardashop.com\\\/#website\",\"url\":\"https:\\\/\\\/bombardashop.com\\\/\",\"name\":\"Bombardashop.com\",\"description\":\"Bombardashop.com\",\"potentialAction\":[{\"@type\":\"SearchAction\",\"target\":{\"@type\":\"EntryPoint\",\"urlTemplate\":\"https:\\\/\\\/bombardashop.com\\\/?s={search_term_string}\"},\"query-input\":{\"@type\":\"PropertyValueSpecification\",\"valueRequired\":true,\"valueName\":\"search_term_string\"}}],\"inLanguage\":\"sv-SE\"}]}<\/script>\n<!-- \/ Yoast SEO plugin. -->","yoast_head_json":{"title":"INNO Sinking Grey - Bombardashop.com","robots":{"index":"index","follow":"follow","max-snippet":"max-snippet:-1","max-image-preview":"max-image-preview:large","max-video-preview":"max-video-preview:-1"},"canonical":"https:\/\/bombardashop.com\/sv\/shop\/inno-bombarda-float-sv\/inno-sinking-grey-2\/","og_locale":"sv_SE","og_type":"article","og_title":"INNO Sinking Grey - Bombardashop.com","og_description":"TEKNISKA SPECIFIKATIONER  MATERIAL: Under konstruktion  M\u00c5TT  DIAMETER OG VIKT: 28 mm - 20 g 31 mm - 27 g 34 mm - 35 g  SJUNKTID: 1 m \/ 3 sek.  F\u00c4RG: Gr\u00e5","og_url":"https:\/\/bombardashop.com\/sv\/shop\/inno-bombarda-float-sv\/inno-sinking-grey-2\/","og_site_name":"Bombardashop.com","article_modified_time":"2016-12-17T11:16:30+00:00","og_image":[{"width":2560,"height":1707,"url":"https:\/\/bombardashop.com\/wp-content\/uploads\/2016\/10\/EB.S.27.G-scaled.jpg","type":"image\/jpeg"}],"twitter_card":"summary_large_image","twitter_misc":{"Ber\u00e4knad l\u00e4stid":"1 minut"},"schema":{"@context":"https:\/\/schema.org","@graph":[{"@type":"WebPage","@id":"https:\/\/bombardashop.com\/sv\/shop\/inno-bombarda-float-sv\/inno-sinking-grey-2\/","url":"https:\/\/bombardashop.com\/sv\/shop\/inno-bombarda-float-sv\/inno-sinking-grey-2\/","name":"INNO Sinking Grey - Bombardashop.com","isPartOf":{"@id":"https:\/\/bombardashop.com\/#website"},"primaryImageOfPage":{"@id":"https:\/\/bombardashop.com\/sv\/shop\/inno-bombarda-float-sv\/inno-sinking-grey-2\/#primaryimage"},"image":{"@id":"https:\/\/bombardashop.com\/sv\/shop\/inno-bombarda-float-sv\/inno-sinking-grey-2\/#primaryimage"},"thumbnailUrl":"https:\/\/bombardashop.com\/wp-content\/uploads\/2016\/10\/EB.S.27.G-scaled.jpg","datePublished":"2016-10-04T15:08:09+00:00","dateModified":"2016-12-17T11:16:30+00:00","breadcrumb":{"@id":"https:\/\/bombardashop.com\/sv\/shop\/inno-bombarda-float-sv\/inno-sinking-grey-2\/#breadcrumb"},"inLanguage":"sv-SE","potentialAction":[{"@type":"ReadAction","target":["https:\/\/bombardashop.com\/sv\/shop\/inno-bombarda-float-sv\/inno-sinking-grey-2\/"]}]},{"@type":"ImageObject","inLanguage":"sv-SE","@id":"https:\/\/bombardashop.com\/sv\/shop\/inno-bombarda-float-sv\/inno-sinking-grey-2\/#primaryimage","url":"https:\/\/bombardashop.com\/wp-content\/uploads\/2016\/10\/EB.S.27.G-scaled.jpg","contentUrl":"https:\/\/bombardashop.com\/wp-content\/uploads\/2016\/10\/EB.S.27.G-scaled.jpg","width":2560,"height":1707},{"@type":"BreadcrumbList","@id":"https:\/\/bombardashop.com\/sv\/shop\/inno-bombarda-float-sv\/inno-sinking-grey-2\/#breadcrumb","itemListElement":[{"@type":"ListItem","position":1,"name":"Hjem","item":"https:\/\/bombardashop.com\/sv\/"},{"@type":"ListItem","position":2,"name":"Butik","item":"https:\/\/bombardashop.com\/sv\/butik\/"},{"@type":"ListItem","position":3,"name":"INNO Sinking Grey"}]},{"@type":"WebSite","@id":"https:\/\/bombardashop.com\/#website","url":"https:\/\/bombardashop.com\/","name":"Bombardashop.com","description":"Bombardashop.com","potentialAction":[{"@type":"SearchAction","target":{"@type":"EntryPoint","urlTemplate":"https:\/\/bombardashop.com\/?s={search_term_string}"},"query-input":{"@type":"PropertyValueSpecification","valueRequired":true,"valueName":"search_term_string"}}],"inLanguage":"sv-SE"}]}},"_links":{"self":[{"href":"https:\/\/bombardashop.com\/sv\/wp-json\/wp\/v2\/product\/29789","targetHints":{"allow":["GET"]}}],"collection":[{"href":"https:\/\/bombardashop.com\/sv\/wp-json\/wp\/v2\/product"}],"about":[{"href":"https:\/\/bombardashop.com\/sv\/wp-json\/wp\/v2\/types\/product"}],"wp:featuredmedia":[{"embeddable":true,"href":"https:\/\/bombardashop.com\/sv\/wp-json\/wp\/v2\/media\/34533"}],"wp:attachment":[{"href":"https:\/\/bombardashop.com\/sv\/wp-json\/wp\/v2\/media?parent=29789"}],"wp:term":[{"taxonomy":"product_brand","embeddable":true,"href":"https:\/\/bombardashop.com\/sv\/wp-json\/wp\/v2\/product_brand?post=29789"},{"taxonomy":"product_cat","embeddable":true,"href":"https:\/\/bombardashop.com\/sv\/wp-json\/wp\/v2\/product_cat?post=29789"},{"taxonomy":"product_tag","embeddable":true,"href":"https:\/\/bombardashop.com\/sv\/wp-json\/wp\/v2\/product_tag?post=29789"}],"curies":[{"name":"wp","href":"https:\/\/api.w.org\/{rel}","templated":true}]}}