
{"id":29780,"date":"2016-10-04T18:04:21","date_gmt":"2016-10-04T16:04:21","guid":{"rendered":"http:\/\/bombardashop.com\/product\/stickers-for-bombarda-orange\/"},"modified":"2020-04-28T12:47:23","modified_gmt":"2020-04-28T10:47:23","slug":"inno-sticks-small-orange","status":"publish","type":"product","link":"https:\/\/bombardashop.com\/sv\/shop\/inno-bombarda-float-sv\/inno-sticks-small-orange\/","title":{"rendered":"INNO Sticks small. Orange"},"content":{"rendered":"<p>INNO Floating \u00e4r vita. Alla fiskar \u00e4r vita p\u00e5 buken vilket \u00e4r fiskens kamouflagef\u00e4rg sett nerifr\u00e5n och upp mot vattenytan.<br \/>\nDen vita INNO Floating \u00e4r svagt synlig f\u00f6r sportsfiskaren, men om du vill ha den mer synlig, man kan ers\u00e4tta den transparenta INNO-stickan med en orange sticka.<br \/>\nINNO Floating kan fiskas horisontellt g\u00e5ende i vattnet eller lodr\u00e4tt st\u00e5ende med hj\u00e4lp av betesl\u00e5s och anpassade s\u00e4nken som motvikt (cirka 1 gram). Motviktss\u00e4nket kan \u00f6kas s\u00e5 att du f\u00e5r ett mycket l\u00e5ngsamt sjunkande fl\u00f6te.<\/p>\n","protected":false},"excerpt":{"rendered":"<p><strong>INNO STICKO:<br \/>\n<\/strong>F\u00f6rpackning om 3 st.<\/p>\n<p><strong>DRAGH\u00c5LLFASTHET:<\/strong><br \/>\n20 kg. med fl\u00e4tlinor och nylonlinor<\/p>\n<p><strong>F\u00c4RG:<br \/>\n<\/strong>Orange<\/p>\n","protected":false},"featured_media":36574,"template":"","meta":[],"product_brand":[],"product_cat":[61],"product_tag":[],"class_list":{"0":"post-29780","1":"product","2":"type-product","3":"status-publish","4":"has-post-thumbnail","6":"product_cat-inno-bombarda-float-sv","8":"first","9":"instock","10":"taxable","11":"shipping-taxable","12":"purchasable","13":"product-type-simple"},"yoast_head":"<!-- This site is optimized with the Yoast SEO plugin v27.3 - https:\/\/yoast.com\/product\/yoast-seo-wordpress\/ -->\n<title>INNO Sticks small. Orange - Bombardashop.com<\/title>\n<meta name=\"robots\" content=\"index, follow, max-snippet:-1, max-image-preview:large, max-video-preview:-1\" \/>\n<link rel=\"canonical\" href=\"https:\/\/bombardashop.com\/sv\/shop\/inno-bombarda-float-sv\/inno-sticks-small-orange\/\" \/>\n<meta property=\"og:locale\" content=\"sv_SE\" \/>\n<meta property=\"og:type\" content=\"article\" \/>\n<meta property=\"og:title\" content=\"INNO Sticks small. Orange - Bombardashop.com\" \/>\n<meta property=\"og:description\" content=\"INNO STICKO: F\u00f6rpackning om 3 st.  DRAGH\u00c5LLFASTHET: 20 kg. med fl\u00e4tlinor och nylonlinor  F\u00c4RG: Orange\" \/>\n<meta property=\"og:url\" content=\"https:\/\/bombardashop.com\/sv\/shop\/inno-bombarda-float-sv\/inno-sticks-small-orange\/\" \/>\n<meta property=\"og:site_name\" content=\"Bombardashop.com\" \/>\n<meta property=\"article:modified_time\" content=\"2020-04-28T10:47:23+00:00\" \/>\n<meta property=\"og:image\" content=\"https:\/\/bombardashop.com\/wp-content\/uploads\/2017\/02\/INNO-stick-orange-00.IS_.OR_-1.jpg\" \/>\n\t<meta property=\"og:image:width\" content=\"1732\" \/>\n\t<meta property=\"og:image:height\" content=\"2560\" \/>\n\t<meta property=\"og:image:type\" content=\"image\/jpeg\" \/>\n<meta name=\"twitter:card\" content=\"summary_large_image\" \/>\n<script type=\"application\/ld+json\" class=\"yoast-schema-graph\">{\"@context\":\"https:\\\/\\\/schema.org\",\"@graph\":[{\"@type\":\"WebPage\",\"@id\":\"https:\\\/\\\/bombardashop.com\\\/sv\\\/shop\\\/inno-bombarda-float-sv\\\/inno-sticks-small-orange\\\/\",\"url\":\"https:\\\/\\\/bombardashop.com\\\/sv\\\/shop\\\/inno-bombarda-float-sv\\\/inno-sticks-small-orange\\\/\",\"name\":\"INNO Sticks small. Orange - Bombardashop.com\",\"isPartOf\":{\"@id\":\"https:\\\/\\\/bombardashop.com\\\/#website\"},\"primaryImageOfPage\":{\"@id\":\"https:\\\/\\\/bombardashop.com\\\/sv\\\/shop\\\/inno-bombarda-float-sv\\\/inno-sticks-small-orange\\\/#primaryimage\"},\"image\":{\"@id\":\"https:\\\/\\\/bombardashop.com\\\/sv\\\/shop\\\/inno-bombarda-float-sv\\\/inno-sticks-small-orange\\\/#primaryimage\"},\"thumbnailUrl\":\"https:\\\/\\\/bombardashop.com\\\/wp-content\\\/uploads\\\/2017\\\/02\\\/INNO-stick-orange-00.IS_.OR_-1.jpg\",\"datePublished\":\"2016-10-04T16:04:21+00:00\",\"dateModified\":\"2020-04-28T10:47:23+00:00\",\"breadcrumb\":{\"@id\":\"https:\\\/\\\/bombardashop.com\\\/sv\\\/shop\\\/inno-bombarda-float-sv\\\/inno-sticks-small-orange\\\/#breadcrumb\"},\"inLanguage\":\"sv-SE\",\"potentialAction\":[{\"@type\":\"ReadAction\",\"target\":[\"https:\\\/\\\/bombardashop.com\\\/sv\\\/shop\\\/inno-bombarda-float-sv\\\/inno-sticks-small-orange\\\/\"]}]},{\"@type\":\"ImageObject\",\"inLanguage\":\"sv-SE\",\"@id\":\"https:\\\/\\\/bombardashop.com\\\/sv\\\/shop\\\/inno-bombarda-float-sv\\\/inno-sticks-small-orange\\\/#primaryimage\",\"url\":\"https:\\\/\\\/bombardashop.com\\\/wp-content\\\/uploads\\\/2017\\\/02\\\/INNO-stick-orange-00.IS_.OR_-1.jpg\",\"contentUrl\":\"https:\\\/\\\/bombardashop.com\\\/wp-content\\\/uploads\\\/2017\\\/02\\\/INNO-stick-orange-00.IS_.OR_-1.jpg\",\"width\":1732,\"height\":2560},{\"@type\":\"BreadcrumbList\",\"@id\":\"https:\\\/\\\/bombardashop.com\\\/sv\\\/shop\\\/inno-bombarda-float-sv\\\/inno-sticks-small-orange\\\/#breadcrumb\",\"itemListElement\":[{\"@type\":\"ListItem\",\"position\":1,\"name\":\"Hjem\",\"item\":\"https:\\\/\\\/bombardashop.com\\\/sv\\\/\"},{\"@type\":\"ListItem\",\"position\":2,\"name\":\"Butik\",\"item\":\"https:\\\/\\\/bombardashop.com\\\/sv\\\/butik\\\/\"},{\"@type\":\"ListItem\",\"position\":3,\"name\":\"INNO Sticks small. Orange\"}]},{\"@type\":\"WebSite\",\"@id\":\"https:\\\/\\\/bombardashop.com\\\/#website\",\"url\":\"https:\\\/\\\/bombardashop.com\\\/\",\"name\":\"Bombardashop.com\",\"description\":\"Bombardashop.com\",\"potentialAction\":[{\"@type\":\"SearchAction\",\"target\":{\"@type\":\"EntryPoint\",\"urlTemplate\":\"https:\\\/\\\/bombardashop.com\\\/?s={search_term_string}\"},\"query-input\":{\"@type\":\"PropertyValueSpecification\",\"valueRequired\":true,\"valueName\":\"search_term_string\"}}],\"inLanguage\":\"sv-SE\"}]}<\/script>\n<!-- \/ Yoast SEO plugin. -->","yoast_head_json":{"title":"INNO Sticks small. Orange - Bombardashop.com","robots":{"index":"index","follow":"follow","max-snippet":"max-snippet:-1","max-image-preview":"max-image-preview:large","max-video-preview":"max-video-preview:-1"},"canonical":"https:\/\/bombardashop.com\/sv\/shop\/inno-bombarda-float-sv\/inno-sticks-small-orange\/","og_locale":"sv_SE","og_type":"article","og_title":"INNO Sticks small. Orange - Bombardashop.com","og_description":"INNO STICKO: F\u00f6rpackning om 3 st.  DRAGH\u00c5LLFASTHET: 20 kg. med fl\u00e4tlinor och nylonlinor  F\u00c4RG: Orange","og_url":"https:\/\/bombardashop.com\/sv\/shop\/inno-bombarda-float-sv\/inno-sticks-small-orange\/","og_site_name":"Bombardashop.com","article_modified_time":"2020-04-28T10:47:23+00:00","og_image":[{"width":1732,"height":2560,"url":"https:\/\/bombardashop.com\/wp-content\/uploads\/2017\/02\/INNO-stick-orange-00.IS_.OR_-1.jpg","type":"image\/jpeg"}],"twitter_card":"summary_large_image","schema":{"@context":"https:\/\/schema.org","@graph":[{"@type":"WebPage","@id":"https:\/\/bombardashop.com\/sv\/shop\/inno-bombarda-float-sv\/inno-sticks-small-orange\/","url":"https:\/\/bombardashop.com\/sv\/shop\/inno-bombarda-float-sv\/inno-sticks-small-orange\/","name":"INNO Sticks small. Orange - Bombardashop.com","isPartOf":{"@id":"https:\/\/bombardashop.com\/#website"},"primaryImageOfPage":{"@id":"https:\/\/bombardashop.com\/sv\/shop\/inno-bombarda-float-sv\/inno-sticks-small-orange\/#primaryimage"},"image":{"@id":"https:\/\/bombardashop.com\/sv\/shop\/inno-bombarda-float-sv\/inno-sticks-small-orange\/#primaryimage"},"thumbnailUrl":"https:\/\/bombardashop.com\/wp-content\/uploads\/2017\/02\/INNO-stick-orange-00.IS_.OR_-1.jpg","datePublished":"2016-10-04T16:04:21+00:00","dateModified":"2020-04-28T10:47:23+00:00","breadcrumb":{"@id":"https:\/\/bombardashop.com\/sv\/shop\/inno-bombarda-float-sv\/inno-sticks-small-orange\/#breadcrumb"},"inLanguage":"sv-SE","potentialAction":[{"@type":"ReadAction","target":["https:\/\/bombardashop.com\/sv\/shop\/inno-bombarda-float-sv\/inno-sticks-small-orange\/"]}]},{"@type":"ImageObject","inLanguage":"sv-SE","@id":"https:\/\/bombardashop.com\/sv\/shop\/inno-bombarda-float-sv\/inno-sticks-small-orange\/#primaryimage","url":"https:\/\/bombardashop.com\/wp-content\/uploads\/2017\/02\/INNO-stick-orange-00.IS_.OR_-1.jpg","contentUrl":"https:\/\/bombardashop.com\/wp-content\/uploads\/2017\/02\/INNO-stick-orange-00.IS_.OR_-1.jpg","width":1732,"height":2560},{"@type":"BreadcrumbList","@id":"https:\/\/bombardashop.com\/sv\/shop\/inno-bombarda-float-sv\/inno-sticks-small-orange\/#breadcrumb","itemListElement":[{"@type":"ListItem","position":1,"name":"Hjem","item":"https:\/\/bombardashop.com\/sv\/"},{"@type":"ListItem","position":2,"name":"Butik","item":"https:\/\/bombardashop.com\/sv\/butik\/"},{"@type":"ListItem","position":3,"name":"INNO Sticks small. Orange"}]},{"@type":"WebSite","@id":"https:\/\/bombardashop.com\/#website","url":"https:\/\/bombardashop.com\/","name":"Bombardashop.com","description":"Bombardashop.com","potentialAction":[{"@type":"SearchAction","target":{"@type":"EntryPoint","urlTemplate":"https:\/\/bombardashop.com\/?s={search_term_string}"},"query-input":{"@type":"PropertyValueSpecification","valueRequired":true,"valueName":"search_term_string"}}],"inLanguage":"sv-SE"}]}},"_links":{"self":[{"href":"https:\/\/bombardashop.com\/sv\/wp-json\/wp\/v2\/product\/29780","targetHints":{"allow":["GET"]}}],"collection":[{"href":"https:\/\/bombardashop.com\/sv\/wp-json\/wp\/v2\/product"}],"about":[{"href":"https:\/\/bombardashop.com\/sv\/wp-json\/wp\/v2\/types\/product"}],"wp:featuredmedia":[{"embeddable":true,"href":"https:\/\/bombardashop.com\/sv\/wp-json\/wp\/v2\/media\/36574"}],"wp:attachment":[{"href":"https:\/\/bombardashop.com\/sv\/wp-json\/wp\/v2\/media?parent=29780"}],"wp:term":[{"taxonomy":"product_brand","embeddable":true,"href":"https:\/\/bombardashop.com\/sv\/wp-json\/wp\/v2\/product_brand?post=29780"},{"taxonomy":"product_cat","embeddable":true,"href":"https:\/\/bombardashop.com\/sv\/wp-json\/wp\/v2\/product_cat?post=29780"},{"taxonomy":"product_tag","embeddable":true,"href":"https:\/\/bombardashop.com\/sv\/wp-json\/wp\/v2\/product_tag?post=29780"}],"curies":[{"name":"wp","href":"https:\/\/api.w.org\/{rel}","templated":true}]}}