
{"id":29749,"date":"2016-10-04T18:59:46","date_gmt":"2016-10-04T16:59:46","guid":{"rendered":"http:\/\/bombardashop.com\/product\/verktygshaallare-med-dubbla-utdragbara-linor\/"},"modified":"2016-10-04T18:59:46","modified_gmt":"2016-10-04T16:59:46","slug":"verktygshaallare-med-dubbla-utdragbara-linor","status":"publish","type":"product","link":"https:\/\/bombardashop.com\/sv\/shop\/diverse-tillbehoer-sv\/verktygshaallare-med-dubbla-utdragbara-linor\/","title":{"rendered":"Verktygsh\u00e5llare med dubbla utdragbara linor"},"content":{"rendered":"<p class=\"p1\"><span class=\"s1\">Verktygsh\u00e5llare med dubbla utdragbara linor f\u00f6r verktyg som t.ex. linklippare och krokslip. Med magnet f\u00f6r att h\u00e5lla reda p\u00e5 kroken. <\/span><span class=\"s1\">Bara att s\u00e4tta fast p\u00e5 fiskejackan s\u00e5 att verktygen alltid finns till hands.<\/span><\/p>\n","protected":false},"excerpt":{"rendered":"<p>Verktygsh\u00e5llare med dubbla utdragbara linor f\u00f6r verktyg som t.ex. linklippare och krokslip. Med magnet f\u00f6r att h\u00e5lla reda p\u00e5 kroken. Bara att s\u00e4tta fast p\u00e5 fiskejackan s\u00e5 att verktygen alltid&#8230;<\/p>\n","protected":false},"featured_media":36539,"template":"","meta":[],"product_brand":[],"product_cat":[63],"product_tag":[],"class_list":{"0":"post-29749","1":"product","2":"type-product","3":"status-publish","4":"has-post-thumbnail","6":"product_cat-diverse-tillbehoer-sv","8":"first","9":"instock","10":"taxable","11":"shipping-taxable","12":"purchasable","13":"product-type-simple"},"yoast_head":"<!-- This site is optimized with the Yoast SEO plugin v27.3 - https:\/\/yoast.com\/product\/yoast-seo-wordpress\/ -->\n<title>Verktygsh\u00e5llare med dubbla utdragbara linor - Bombardashop.com<\/title>\n<meta name=\"robots\" content=\"index, follow, max-snippet:-1, max-image-preview:large, max-video-preview:-1\" \/>\n<link rel=\"canonical\" href=\"https:\/\/bombardashop.com\/sv\/shop\/diverse-tillbehoer-sv\/verktygshaallare-med-dubbla-utdragbara-linor\/\" \/>\n<meta property=\"og:locale\" content=\"sv_SE\" \/>\n<meta property=\"og:type\" content=\"article\" \/>\n<meta property=\"og:title\" content=\"Verktygsh\u00e5llare med dubbla utdragbara linor - Bombardashop.com\" \/>\n<meta property=\"og:description\" content=\"Verktygsh\u00e5llare med dubbla utdragbara linor f\u00f6r verktyg som t.ex. linklippare och krokslip. Med magnet f\u00f6r att h\u00e5lla reda p\u00e5 kroken. Bara att s\u00e4tta fast p\u00e5 fiskejackan s\u00e5 att verktygen alltid...\" \/>\n<meta property=\"og:url\" content=\"https:\/\/bombardashop.com\/sv\/shop\/diverse-tillbehoer-sv\/verktygshaallare-med-dubbla-utdragbara-linor\/\" \/>\n<meta property=\"og:site_name\" content=\"Bombardashop.com\" \/>\n<meta property=\"og:image\" content=\"https:\/\/bombardashop.com\/wp-content\/uploads\/2016\/10\/Pin-on-Reel-05.PR_.DS_.jpg\" \/>\n\t<meta property=\"og:image:width\" content=\"2560\" \/>\n\t<meta property=\"og:image:height\" content=\"2560\" \/>\n\t<meta property=\"og:image:type\" content=\"image\/jpeg\" \/>\n<meta name=\"twitter:card\" content=\"summary_large_image\" \/>\n<script type=\"application\/ld+json\" class=\"yoast-schema-graph\">{\"@context\":\"https:\\\/\\\/schema.org\",\"@graph\":[{\"@type\":\"WebPage\",\"@id\":\"https:\\\/\\\/bombardashop.com\\\/sv\\\/shop\\\/diverse-tillbehoer-sv\\\/verktygshaallare-med-dubbla-utdragbara-linor\\\/\",\"url\":\"https:\\\/\\\/bombardashop.com\\\/sv\\\/shop\\\/diverse-tillbehoer-sv\\\/verktygshaallare-med-dubbla-utdragbara-linor\\\/\",\"name\":\"Verktygsh\u00e5llare med dubbla utdragbara linor - Bombardashop.com\",\"isPartOf\":{\"@id\":\"https:\\\/\\\/bombardashop.com\\\/#website\"},\"primaryImageOfPage\":{\"@id\":\"https:\\\/\\\/bombardashop.com\\\/sv\\\/shop\\\/diverse-tillbehoer-sv\\\/verktygshaallare-med-dubbla-utdragbara-linor\\\/#primaryimage\"},\"image\":{\"@id\":\"https:\\\/\\\/bombardashop.com\\\/sv\\\/shop\\\/diverse-tillbehoer-sv\\\/verktygshaallare-med-dubbla-utdragbara-linor\\\/#primaryimage\"},\"thumbnailUrl\":\"https:\\\/\\\/bombardashop.com\\\/wp-content\\\/uploads\\\/2016\\\/10\\\/Pin-on-Reel-05.PR_.DS_.jpg\",\"datePublished\":\"2016-10-04T16:59:46+00:00\",\"breadcrumb\":{\"@id\":\"https:\\\/\\\/bombardashop.com\\\/sv\\\/shop\\\/diverse-tillbehoer-sv\\\/verktygshaallare-med-dubbla-utdragbara-linor\\\/#breadcrumb\"},\"inLanguage\":\"sv-SE\",\"potentialAction\":[{\"@type\":\"ReadAction\",\"target\":[\"https:\\\/\\\/bombardashop.com\\\/sv\\\/shop\\\/diverse-tillbehoer-sv\\\/verktygshaallare-med-dubbla-utdragbara-linor\\\/\"]}]},{\"@type\":\"ImageObject\",\"inLanguage\":\"sv-SE\",\"@id\":\"https:\\\/\\\/bombardashop.com\\\/sv\\\/shop\\\/diverse-tillbehoer-sv\\\/verktygshaallare-med-dubbla-utdragbara-linor\\\/#primaryimage\",\"url\":\"https:\\\/\\\/bombardashop.com\\\/wp-content\\\/uploads\\\/2016\\\/10\\\/Pin-on-Reel-05.PR_.DS_.jpg\",\"contentUrl\":\"https:\\\/\\\/bombardashop.com\\\/wp-content\\\/uploads\\\/2016\\\/10\\\/Pin-on-Reel-05.PR_.DS_.jpg\",\"width\":2560,\"height\":2560},{\"@type\":\"BreadcrumbList\",\"@id\":\"https:\\\/\\\/bombardashop.com\\\/sv\\\/shop\\\/diverse-tillbehoer-sv\\\/verktygshaallare-med-dubbla-utdragbara-linor\\\/#breadcrumb\",\"itemListElement\":[{\"@type\":\"ListItem\",\"position\":1,\"name\":\"Hjem\",\"item\":\"https:\\\/\\\/bombardashop.com\\\/sv\\\/\"},{\"@type\":\"ListItem\",\"position\":2,\"name\":\"Butik\",\"item\":\"https:\\\/\\\/bombardashop.com\\\/sv\\\/butik\\\/\"},{\"@type\":\"ListItem\",\"position\":3,\"name\":\"Verktygsh\u00e5llare med dubbla utdragbara linor\"}]},{\"@type\":\"WebSite\",\"@id\":\"https:\\\/\\\/bombardashop.com\\\/#website\",\"url\":\"https:\\\/\\\/bombardashop.com\\\/\",\"name\":\"Bombardashop.com\",\"description\":\"Bombardashop.com\",\"potentialAction\":[{\"@type\":\"SearchAction\",\"target\":{\"@type\":\"EntryPoint\",\"urlTemplate\":\"https:\\\/\\\/bombardashop.com\\\/?s={search_term_string}\"},\"query-input\":{\"@type\":\"PropertyValueSpecification\",\"valueRequired\":true,\"valueName\":\"search_term_string\"}}],\"inLanguage\":\"sv-SE\"}]}<\/script>\n<!-- \/ Yoast SEO plugin. -->","yoast_head_json":{"title":"Verktygsh\u00e5llare med dubbla utdragbara linor - Bombardashop.com","robots":{"index":"index","follow":"follow","max-snippet":"max-snippet:-1","max-image-preview":"max-image-preview:large","max-video-preview":"max-video-preview:-1"},"canonical":"https:\/\/bombardashop.com\/sv\/shop\/diverse-tillbehoer-sv\/verktygshaallare-med-dubbla-utdragbara-linor\/","og_locale":"sv_SE","og_type":"article","og_title":"Verktygsh\u00e5llare med dubbla utdragbara linor - Bombardashop.com","og_description":"Verktygsh\u00e5llare med dubbla utdragbara linor f\u00f6r verktyg som t.ex. linklippare och krokslip. Med magnet f\u00f6r att h\u00e5lla reda p\u00e5 kroken. Bara att s\u00e4tta fast p\u00e5 fiskejackan s\u00e5 att verktygen alltid...","og_url":"https:\/\/bombardashop.com\/sv\/shop\/diverse-tillbehoer-sv\/verktygshaallare-med-dubbla-utdragbara-linor\/","og_site_name":"Bombardashop.com","og_image":[{"width":2560,"height":2560,"url":"https:\/\/bombardashop.com\/wp-content\/uploads\/2016\/10\/Pin-on-Reel-05.PR_.DS_.jpg","type":"image\/jpeg"}],"twitter_card":"summary_large_image","schema":{"@context":"https:\/\/schema.org","@graph":[{"@type":"WebPage","@id":"https:\/\/bombardashop.com\/sv\/shop\/diverse-tillbehoer-sv\/verktygshaallare-med-dubbla-utdragbara-linor\/","url":"https:\/\/bombardashop.com\/sv\/shop\/diverse-tillbehoer-sv\/verktygshaallare-med-dubbla-utdragbara-linor\/","name":"Verktygsh\u00e5llare med dubbla utdragbara linor - Bombardashop.com","isPartOf":{"@id":"https:\/\/bombardashop.com\/#website"},"primaryImageOfPage":{"@id":"https:\/\/bombardashop.com\/sv\/shop\/diverse-tillbehoer-sv\/verktygshaallare-med-dubbla-utdragbara-linor\/#primaryimage"},"image":{"@id":"https:\/\/bombardashop.com\/sv\/shop\/diverse-tillbehoer-sv\/verktygshaallare-med-dubbla-utdragbara-linor\/#primaryimage"},"thumbnailUrl":"https:\/\/bombardashop.com\/wp-content\/uploads\/2016\/10\/Pin-on-Reel-05.PR_.DS_.jpg","datePublished":"2016-10-04T16:59:46+00:00","breadcrumb":{"@id":"https:\/\/bombardashop.com\/sv\/shop\/diverse-tillbehoer-sv\/verktygshaallare-med-dubbla-utdragbara-linor\/#breadcrumb"},"inLanguage":"sv-SE","potentialAction":[{"@type":"ReadAction","target":["https:\/\/bombardashop.com\/sv\/shop\/diverse-tillbehoer-sv\/verktygshaallare-med-dubbla-utdragbara-linor\/"]}]},{"@type":"ImageObject","inLanguage":"sv-SE","@id":"https:\/\/bombardashop.com\/sv\/shop\/diverse-tillbehoer-sv\/verktygshaallare-med-dubbla-utdragbara-linor\/#primaryimage","url":"https:\/\/bombardashop.com\/wp-content\/uploads\/2016\/10\/Pin-on-Reel-05.PR_.DS_.jpg","contentUrl":"https:\/\/bombardashop.com\/wp-content\/uploads\/2016\/10\/Pin-on-Reel-05.PR_.DS_.jpg","width":2560,"height":2560},{"@type":"BreadcrumbList","@id":"https:\/\/bombardashop.com\/sv\/shop\/diverse-tillbehoer-sv\/verktygshaallare-med-dubbla-utdragbara-linor\/#breadcrumb","itemListElement":[{"@type":"ListItem","position":1,"name":"Hjem","item":"https:\/\/bombardashop.com\/sv\/"},{"@type":"ListItem","position":2,"name":"Butik","item":"https:\/\/bombardashop.com\/sv\/butik\/"},{"@type":"ListItem","position":3,"name":"Verktygsh\u00e5llare med dubbla utdragbara linor"}]},{"@type":"WebSite","@id":"https:\/\/bombardashop.com\/#website","url":"https:\/\/bombardashop.com\/","name":"Bombardashop.com","description":"Bombardashop.com","potentialAction":[{"@type":"SearchAction","target":{"@type":"EntryPoint","urlTemplate":"https:\/\/bombardashop.com\/?s={search_term_string}"},"query-input":{"@type":"PropertyValueSpecification","valueRequired":true,"valueName":"search_term_string"}}],"inLanguage":"sv-SE"}]}},"_links":{"self":[{"href":"https:\/\/bombardashop.com\/sv\/wp-json\/wp\/v2\/product\/29749","targetHints":{"allow":["GET"]}}],"collection":[{"href":"https:\/\/bombardashop.com\/sv\/wp-json\/wp\/v2\/product"}],"about":[{"href":"https:\/\/bombardashop.com\/sv\/wp-json\/wp\/v2\/types\/product"}],"wp:featuredmedia":[{"embeddable":true,"href":"https:\/\/bombardashop.com\/sv\/wp-json\/wp\/v2\/media\/36539"}],"wp:attachment":[{"href":"https:\/\/bombardashop.com\/sv\/wp-json\/wp\/v2\/media?parent=29749"}],"wp:term":[{"taxonomy":"product_brand","embeddable":true,"href":"https:\/\/bombardashop.com\/sv\/wp-json\/wp\/v2\/product_brand?post=29749"},{"taxonomy":"product_cat","embeddable":true,"href":"https:\/\/bombardashop.com\/sv\/wp-json\/wp\/v2\/product_cat?post=29749"},{"taxonomy":"product_tag","embeddable":true,"href":"https:\/\/bombardashop.com\/sv\/wp-json\/wp\/v2\/product_tag?post=29749"}],"curies":[{"name":"wp","href":"https:\/\/api.w.org\/{rel}","templated":true}]}}