
{"id":29719,"date":"2016-10-09T17:40:50","date_gmt":"2016-10-09T15:40:50","guid":{"rendered":"http:\/\/bombardashop.com\/product\/ultra-fiskelina\/"},"modified":"2019-02-25T09:51:47","modified_gmt":"2019-02-25T08:51:47","slug":"ultra-fiskelina","status":"publish","type":"product","link":"https:\/\/bombardashop.com\/sv\/shop\/fiskelina-och-krokar\/ultra-fiskelina\/","title":{"rendered":"ULTRA FISKELINA"},"content":{"rendered":"<p class=\"p1\">ULTRA ( 2000 ) FISKELINA K\u00c4ND FR\u00c5N M\u00d6RRUM.<br \/>\nNylonlina av h\u00f6gsta kvalitet med gigantisk knutstyrka.<br \/>\nDen starkaste tafslina f\u00f6r Bombarda- och flugfiske vi har testat.<br \/>\nD\u00e4r det finns risk f\u00f6r knutar p\u00e5 tafsen, \u00e4r ULTRA (2000) suver\u00e4nt stark.<\/p>\n","protected":false},"excerpt":{"rendered":"<p><strong>TEKNISKA SPECIFIKATIONER<\/strong><\/p>\n<p><strong>MATERIAL:<\/strong><br \/>\nNylon<\/p>\n<p><strong>M\u00c5TT:<\/strong><br \/>\nL\u00e4ngd 100 meter<\/p>\n<p><strong>DIAMETER OCH STYRKA:<br \/>\n<\/strong>0,25 m : 6,9 kg<br \/>\n0,30 m : 8,8 kg<\/p>\n<p><strong>F\u00c4RG:<\/strong><br \/>\nTransparent<\/p>\n","protected":false},"featured_media":36481,"template":"","meta":[],"product_brand":[],"product_cat":[62],"product_tag":[],"class_list":{"0":"post-29719","1":"product","2":"type-product","3":"status-publish","4":"has-post-thumbnail","6":"product_cat-fiskelina-och-krokar","8":"first","9":"instock","10":"taxable","11":"shipping-taxable","12":"purchasable","13":"product-type-variable"},"yoast_head":"<!-- This site is optimized with the Yoast SEO plugin v27.3 - https:\/\/yoast.com\/product\/yoast-seo-wordpress\/ -->\n<title>ULTRA FISKELINA - Bombardashop.com<\/title>\n<meta name=\"robots\" content=\"index, follow, max-snippet:-1, max-image-preview:large, max-video-preview:-1\" \/>\n<link rel=\"canonical\" href=\"https:\/\/bombardashop.com\/sv\/shop\/fiskelina-och-krokar\/ultra-fiskelina\/\" \/>\n<meta property=\"og:locale\" content=\"sv_SE\" \/>\n<meta property=\"og:type\" content=\"article\" \/>\n<meta property=\"og:title\" content=\"ULTRA FISKELINA - Bombardashop.com\" \/>\n<meta property=\"og:description\" content=\"TEKNISKA SPECIFIKATIONER  MATERIAL: Nylon  M\u00c5TT: L\u00e4ngd 100 meter  DIAMETER OCH STYRKA: 0,25 m : 6,9 kg 0,30 m : 8,8 kg  F\u00c4RG: Transparent\" \/>\n<meta property=\"og:url\" content=\"https:\/\/bombardashop.com\/sv\/shop\/fiskelina-och-krokar\/ultra-fiskelina\/\" \/>\n<meta property=\"og:site_name\" content=\"Bombardashop.com\" \/>\n<meta property=\"article:modified_time\" content=\"2019-02-25T08:51:47+00:00\" \/>\n<meta property=\"og:image\" content=\"https:\/\/bombardashop.com\/wp-content\/uploads\/2016\/10\/ULTRA-line-01.NL_.30-1024x1024.jpg\" \/>\n\t<meta property=\"og:image:width\" content=\"1024\" \/>\n\t<meta property=\"og:image:height\" content=\"1024\" \/>\n\t<meta property=\"og:image:type\" content=\"image\/jpeg\" \/>\n<meta name=\"twitter:card\" content=\"summary_large_image\" \/>\n<script type=\"application\/ld+json\" class=\"yoast-schema-graph\">{\"@context\":\"https:\\\/\\\/schema.org\",\"@graph\":[{\"@type\":\"WebPage\",\"@id\":\"https:\\\/\\\/bombardashop.com\\\/sv\\\/shop\\\/fiskelina-och-krokar\\\/ultra-fiskelina\\\/\",\"url\":\"https:\\\/\\\/bombardashop.com\\\/sv\\\/shop\\\/fiskelina-och-krokar\\\/ultra-fiskelina\\\/\",\"name\":\"ULTRA FISKELINA - Bombardashop.com\",\"isPartOf\":{\"@id\":\"https:\\\/\\\/bombardashop.com\\\/#website\"},\"primaryImageOfPage\":{\"@id\":\"https:\\\/\\\/bombardashop.com\\\/sv\\\/shop\\\/fiskelina-och-krokar\\\/ultra-fiskelina\\\/#primaryimage\"},\"image\":{\"@id\":\"https:\\\/\\\/bombardashop.com\\\/sv\\\/shop\\\/fiskelina-och-krokar\\\/ultra-fiskelina\\\/#primaryimage\"},\"thumbnailUrl\":\"https:\\\/\\\/bombardashop.com\\\/wp-content\\\/uploads\\\/2016\\\/10\\\/ULTRA-line-01.NL_.30.jpg\",\"datePublished\":\"2016-10-09T15:40:50+00:00\",\"dateModified\":\"2019-02-25T08:51:47+00:00\",\"breadcrumb\":{\"@id\":\"https:\\\/\\\/bombardashop.com\\\/sv\\\/shop\\\/fiskelina-och-krokar\\\/ultra-fiskelina\\\/#breadcrumb\"},\"inLanguage\":\"sv-SE\",\"potentialAction\":[{\"@type\":\"ReadAction\",\"target\":[\"https:\\\/\\\/bombardashop.com\\\/sv\\\/shop\\\/fiskelina-och-krokar\\\/ultra-fiskelina\\\/\"]}]},{\"@type\":\"ImageObject\",\"inLanguage\":\"sv-SE\",\"@id\":\"https:\\\/\\\/bombardashop.com\\\/sv\\\/shop\\\/fiskelina-och-krokar\\\/ultra-fiskelina\\\/#primaryimage\",\"url\":\"https:\\\/\\\/bombardashop.com\\\/wp-content\\\/uploads\\\/2016\\\/10\\\/ULTRA-line-01.NL_.30.jpg\",\"contentUrl\":\"https:\\\/\\\/bombardashop.com\\\/wp-content\\\/uploads\\\/2016\\\/10\\\/ULTRA-line-01.NL_.30.jpg\",\"width\":2560,\"height\":2560},{\"@type\":\"BreadcrumbList\",\"@id\":\"https:\\\/\\\/bombardashop.com\\\/sv\\\/shop\\\/fiskelina-och-krokar\\\/ultra-fiskelina\\\/#breadcrumb\",\"itemListElement\":[{\"@type\":\"ListItem\",\"position\":1,\"name\":\"Hjem\",\"item\":\"https:\\\/\\\/bombardashop.com\\\/sv\\\/\"},{\"@type\":\"ListItem\",\"position\":2,\"name\":\"Butik\",\"item\":\"https:\\\/\\\/bombardashop.com\\\/sv\\\/butik\\\/\"},{\"@type\":\"ListItem\",\"position\":3,\"name\":\"ULTRA FISKELINA\"}]},{\"@type\":\"WebSite\",\"@id\":\"https:\\\/\\\/bombardashop.com\\\/#website\",\"url\":\"https:\\\/\\\/bombardashop.com\\\/\",\"name\":\"Bombardashop.com\",\"description\":\"Bombardashop.com\",\"potentialAction\":[{\"@type\":\"SearchAction\",\"target\":{\"@type\":\"EntryPoint\",\"urlTemplate\":\"https:\\\/\\\/bombardashop.com\\\/?s={search_term_string}\"},\"query-input\":{\"@type\":\"PropertyValueSpecification\",\"valueRequired\":true,\"valueName\":\"search_term_string\"}}],\"inLanguage\":\"sv-SE\"}]}<\/script>\n<!-- \/ Yoast SEO plugin. -->","yoast_head_json":{"title":"ULTRA FISKELINA - Bombardashop.com","robots":{"index":"index","follow":"follow","max-snippet":"max-snippet:-1","max-image-preview":"max-image-preview:large","max-video-preview":"max-video-preview:-1"},"canonical":"https:\/\/bombardashop.com\/sv\/shop\/fiskelina-och-krokar\/ultra-fiskelina\/","og_locale":"sv_SE","og_type":"article","og_title":"ULTRA FISKELINA - Bombardashop.com","og_description":"TEKNISKA SPECIFIKATIONER  MATERIAL: Nylon  M\u00c5TT: L\u00e4ngd 100 meter  DIAMETER OCH STYRKA: 0,25 m : 6,9 kg 0,30 m : 8,8 kg  F\u00c4RG: Transparent","og_url":"https:\/\/bombardashop.com\/sv\/shop\/fiskelina-och-krokar\/ultra-fiskelina\/","og_site_name":"Bombardashop.com","article_modified_time":"2019-02-25T08:51:47+00:00","og_image":[{"width":1024,"height":1024,"url":"https:\/\/bombardashop.com\/wp-content\/uploads\/2016\/10\/ULTRA-line-01.NL_.30-1024x1024.jpg","type":"image\/jpeg"}],"twitter_card":"summary_large_image","schema":{"@context":"https:\/\/schema.org","@graph":[{"@type":"WebPage","@id":"https:\/\/bombardashop.com\/sv\/shop\/fiskelina-och-krokar\/ultra-fiskelina\/","url":"https:\/\/bombardashop.com\/sv\/shop\/fiskelina-och-krokar\/ultra-fiskelina\/","name":"ULTRA FISKELINA - Bombardashop.com","isPartOf":{"@id":"https:\/\/bombardashop.com\/#website"},"primaryImageOfPage":{"@id":"https:\/\/bombardashop.com\/sv\/shop\/fiskelina-och-krokar\/ultra-fiskelina\/#primaryimage"},"image":{"@id":"https:\/\/bombardashop.com\/sv\/shop\/fiskelina-och-krokar\/ultra-fiskelina\/#primaryimage"},"thumbnailUrl":"https:\/\/bombardashop.com\/wp-content\/uploads\/2016\/10\/ULTRA-line-01.NL_.30.jpg","datePublished":"2016-10-09T15:40:50+00:00","dateModified":"2019-02-25T08:51:47+00:00","breadcrumb":{"@id":"https:\/\/bombardashop.com\/sv\/shop\/fiskelina-och-krokar\/ultra-fiskelina\/#breadcrumb"},"inLanguage":"sv-SE","potentialAction":[{"@type":"ReadAction","target":["https:\/\/bombardashop.com\/sv\/shop\/fiskelina-och-krokar\/ultra-fiskelina\/"]}]},{"@type":"ImageObject","inLanguage":"sv-SE","@id":"https:\/\/bombardashop.com\/sv\/shop\/fiskelina-och-krokar\/ultra-fiskelina\/#primaryimage","url":"https:\/\/bombardashop.com\/wp-content\/uploads\/2016\/10\/ULTRA-line-01.NL_.30.jpg","contentUrl":"https:\/\/bombardashop.com\/wp-content\/uploads\/2016\/10\/ULTRA-line-01.NL_.30.jpg","width":2560,"height":2560},{"@type":"BreadcrumbList","@id":"https:\/\/bombardashop.com\/sv\/shop\/fiskelina-och-krokar\/ultra-fiskelina\/#breadcrumb","itemListElement":[{"@type":"ListItem","position":1,"name":"Hjem","item":"https:\/\/bombardashop.com\/sv\/"},{"@type":"ListItem","position":2,"name":"Butik","item":"https:\/\/bombardashop.com\/sv\/butik\/"},{"@type":"ListItem","position":3,"name":"ULTRA FISKELINA"}]},{"@type":"WebSite","@id":"https:\/\/bombardashop.com\/#website","url":"https:\/\/bombardashop.com\/","name":"Bombardashop.com","description":"Bombardashop.com","potentialAction":[{"@type":"SearchAction","target":{"@type":"EntryPoint","urlTemplate":"https:\/\/bombardashop.com\/?s={search_term_string}"},"query-input":{"@type":"PropertyValueSpecification","valueRequired":true,"valueName":"search_term_string"}}],"inLanguage":"sv-SE"}]}},"_links":{"self":[{"href":"https:\/\/bombardashop.com\/sv\/wp-json\/wp\/v2\/product\/29719","targetHints":{"allow":["GET"]}}],"collection":[{"href":"https:\/\/bombardashop.com\/sv\/wp-json\/wp\/v2\/product"}],"about":[{"href":"https:\/\/bombardashop.com\/sv\/wp-json\/wp\/v2\/types\/product"}],"wp:featuredmedia":[{"embeddable":true,"href":"https:\/\/bombardashop.com\/sv\/wp-json\/wp\/v2\/media\/36481"}],"wp:attachment":[{"href":"https:\/\/bombardashop.com\/sv\/wp-json\/wp\/v2\/media?parent=29719"}],"wp:term":[{"taxonomy":"product_brand","embeddable":true,"href":"https:\/\/bombardashop.com\/sv\/wp-json\/wp\/v2\/product_brand?post=29719"},{"taxonomy":"product_cat","embeddable":true,"href":"https:\/\/bombardashop.com\/sv\/wp-json\/wp\/v2\/product_cat?post=29719"},{"taxonomy":"product_tag","embeddable":true,"href":"https:\/\/bombardashop.com\/sv\/wp-json\/wp\/v2\/product_tag?post=29719"}],"curies":[{"name":"wp","href":"https:\/\/api.w.org\/{rel}","templated":true}]}}