
{"id":29711,"date":"2016-10-10T00:25:30","date_gmt":"2016-10-09T22:25:30","guid":{"rendered":"http:\/\/bombardashop.com\/product\/29711\/"},"modified":"2016-12-02T14:20:37","modified_gmt":"2016-12-02T12:20:37","slug":"owner-st36bc-trekrok-8-st","status":"publish","type":"product","link":"https:\/\/bombardashop.com\/sv\/shop\/fiskelina-och-krokar\/owner-st36bc-trekrok-8-st\/","title":{"rendered":"OWNER, ST36BC, TREKROK &#8211; 8 st."},"content":{"rendered":"<p>Den v\u00e4rldsber\u00f6mda Owner ST36BC trekrok \u00e4r fantastisk till att kroka din fisk. De sm\u00e5 krokarna h\u00e5ller l\u00e4tt till stor fisk \u00f6ver 10 kg.<br \/>\nL-riggflugor med Owner trekrok har bevisat sina f\u00e5ngstf\u00f6rm\u00e5gor vid kustfiske, men \u00e4r \u00e4ven utm\u00e4rkt f\u00f6r sj\u00f6fiske och Put and Take.<br \/>\n\u00d6ka din krokningsf\u00f6rm\u00e5ga fr\u00e5n 50- till 90% med L-riggsystemet, sm\u00e5 Owner trekrokar och tubflugor.<br \/>\nTestfiskare har under flera \u00e5r bevisat att L-riggsystemet med sm\u00e5krokstackel ger n\u00e4stan dubbelt s\u00e5 mycket fisk<\/p>\n","protected":false},"excerpt":{"rendered":"<p class=\"p1\"><span class=\"s1\"><b>ORIGINALE OWNER TREKROK<\/b><\/span><\/p>\n<p class=\"p2\"><span class=\"s1\">\u00a0 <\/span><span class=\"s1\"><b>SPECIFIKATIONER<\/p>\n<p>Storlek: Stlk. 16<\/b><br \/>\nModel: Trekrok<br \/>\nL\u00e4ngd: 10 mm<br \/>\nAntal i f\u00f6rpackningen: 8 st.<br \/>\nKrokgab: 6 mm<br \/>\nModel nr.: ST-36BC<b><br \/>\n<\/b><\/span><\/p>\n<p class=\"p2\"><span class=\"s1\"><b>Storlek: Stlk. 14<br \/>\n<\/b><\/span><span class=\"s1\">Model: Trekrok<br \/>\n<\/span><span class=\"s1\">L\u00e4ngd: 11 mm<br \/>\n<\/span><span class=\"s1\">Antal i f\u00f6rpackningen: 8 st.<br \/>\n<\/span><span class=\"s1\">Krokgab: 9 mm<br \/>\n<\/span><span class=\"s1\">Model nr.: ST-36BC <\/span><\/p>\n<p class=\"p2\"><span class=\"s1\"><b>Storlek: Stlk. 12<br \/>\n<\/b><\/span><span class=\"s1\">Model: Trekrok<br \/>\n<\/span><span class=\"s1\">L\u00e4ngd: 13 mm<br \/>\n<\/span><span class=\"s1\">Antal i f\u00f6rpackningen: 8 st.<br \/>\n<\/span><span class=\"s1\">Krokgab: 10 mm<br \/>\n<\/span><span class=\"s1\">Model nr.: ST-36BC <\/span><\/p>\n","protected":false},"featured_media":36509,"template":"","meta":[],"product_brand":[],"product_cat":[62],"product_tag":[],"class_list":{"0":"post-29711","1":"product","2":"type-product","3":"status-publish","4":"has-post-thumbnail","6":"product_cat-fiskelina-och-krokar","8":"first","9":"instock","10":"taxable","11":"shipping-taxable","12":"purchasable","13":"product-type-variable"},"yoast_head":"<!-- This site is optimized with the Yoast SEO plugin v27.3 - https:\/\/yoast.com\/product\/yoast-seo-wordpress\/ -->\n<title>OWNER, ST36BC, TREKROK - 8 st. - Bombardashop.com<\/title>\n<meta name=\"robots\" content=\"index, follow, max-snippet:-1, max-image-preview:large, max-video-preview:-1\" \/>\n<link rel=\"canonical\" href=\"https:\/\/bombardashop.com\/sv\/shop\/fiskelina-och-krokar\/owner-st36bc-trekrok-8-st\/\" \/>\n<meta property=\"og:locale\" content=\"sv_SE\" \/>\n<meta property=\"og:type\" content=\"article\" \/>\n<meta property=\"og:title\" content=\"OWNER, ST36BC, TREKROK - 8 st. - Bombardashop.com\" \/>\n<meta property=\"og:description\" content=\"ORIGINALE OWNER TREKROK \u00a0 SPECIFIKATIONER  Storlek: Stlk. 16 Model: Trekrok L\u00e4ngd: 10 mm Antal i f\u00f6rpackningen: 8 st. Krokgab: 6 mm Model nr.: ST-36BC  Storlek: Stlk. 14 Model: Trekrok L\u00e4ngd: 11 mm Antal i f\u00f6rpackningen: 8 st. Krokgab: 9 mm Model nr.: ST-36BC  Storlek: Stlk. 12 Model: Trekrok L\u00e4ngd: 13 mm Antal i f\u00f6rpackningen: 8 st. Krokgab: 10 mm Model nr.: ST-36BC\" \/>\n<meta property=\"og:url\" content=\"https:\/\/bombardashop.com\/sv\/shop\/fiskelina-och-krokar\/owner-st36bc-trekrok-8-st\/\" \/>\n<meta property=\"og:site_name\" content=\"Bombardashop.com\" \/>\n<meta property=\"article:modified_time\" content=\"2016-12-02T12:20:37+00:00\" \/>\n<meta property=\"og:image\" content=\"https:\/\/bombardashop.com\/wp-content\/uploads\/2016\/10\/Owner-krog-04.OX_.14-scaled-e1579514745420-1024x1024.jpg\" \/>\n\t<meta property=\"og:image:width\" content=\"1024\" \/>\n\t<meta property=\"og:image:height\" content=\"1024\" \/>\n\t<meta property=\"og:image:type\" content=\"image\/jpeg\" \/>\n<meta name=\"twitter:card\" content=\"summary_large_image\" \/>\n<script type=\"application\/ld+json\" class=\"yoast-schema-graph\">{\"@context\":\"https:\\\/\\\/schema.org\",\"@graph\":[{\"@type\":\"WebPage\",\"@id\":\"https:\\\/\\\/bombardashop.com\\\/sv\\\/shop\\\/fiskelina-och-krokar\\\/owner-st36bc-trekrok-8-st\\\/\",\"url\":\"https:\\\/\\\/bombardashop.com\\\/sv\\\/shop\\\/fiskelina-och-krokar\\\/owner-st36bc-trekrok-8-st\\\/\",\"name\":\"OWNER, ST36BC, TREKROK - 8 st. - Bombardashop.com\",\"isPartOf\":{\"@id\":\"https:\\\/\\\/bombardashop.com\\\/#website\"},\"primaryImageOfPage\":{\"@id\":\"https:\\\/\\\/bombardashop.com\\\/sv\\\/shop\\\/fiskelina-och-krokar\\\/owner-st36bc-trekrok-8-st\\\/#primaryimage\"},\"image\":{\"@id\":\"https:\\\/\\\/bombardashop.com\\\/sv\\\/shop\\\/fiskelina-och-krokar\\\/owner-st36bc-trekrok-8-st\\\/#primaryimage\"},\"thumbnailUrl\":\"https:\\\/\\\/bombardashop.com\\\/wp-content\\\/uploads\\\/2016\\\/10\\\/Owner-krog-04.OX_.14.jpg\",\"datePublished\":\"2016-10-09T22:25:30+00:00\",\"dateModified\":\"2016-12-02T12:20:37+00:00\",\"breadcrumb\":{\"@id\":\"https:\\\/\\\/bombardashop.com\\\/sv\\\/shop\\\/fiskelina-och-krokar\\\/owner-st36bc-trekrok-8-st\\\/#breadcrumb\"},\"inLanguage\":\"sv-SE\",\"potentialAction\":[{\"@type\":\"ReadAction\",\"target\":[\"https:\\\/\\\/bombardashop.com\\\/sv\\\/shop\\\/fiskelina-och-krokar\\\/owner-st36bc-trekrok-8-st\\\/\"]}]},{\"@type\":\"ImageObject\",\"inLanguage\":\"sv-SE\",\"@id\":\"https:\\\/\\\/bombardashop.com\\\/sv\\\/shop\\\/fiskelina-och-krokar\\\/owner-st36bc-trekrok-8-st\\\/#primaryimage\",\"url\":\"https:\\\/\\\/bombardashop.com\\\/wp-content\\\/uploads\\\/2016\\\/10\\\/Owner-krog-04.OX_.14.jpg\",\"contentUrl\":\"https:\\\/\\\/bombardashop.com\\\/wp-content\\\/uploads\\\/2016\\\/10\\\/Owner-krog-04.OX_.14.jpg\",\"width\":2560,\"height\":2560},{\"@type\":\"BreadcrumbList\",\"@id\":\"https:\\\/\\\/bombardashop.com\\\/sv\\\/shop\\\/fiskelina-och-krokar\\\/owner-st36bc-trekrok-8-st\\\/#breadcrumb\",\"itemListElement\":[{\"@type\":\"ListItem\",\"position\":1,\"name\":\"Hjem\",\"item\":\"https:\\\/\\\/bombardashop.com\\\/sv\\\/\"},{\"@type\":\"ListItem\",\"position\":2,\"name\":\"Butik\",\"item\":\"https:\\\/\\\/bombardashop.com\\\/sv\\\/butik\\\/\"},{\"@type\":\"ListItem\",\"position\":3,\"name\":\"OWNER, ST36BC, TREKROK &#8211; 8 st.\"}]},{\"@type\":\"WebSite\",\"@id\":\"https:\\\/\\\/bombardashop.com\\\/#website\",\"url\":\"https:\\\/\\\/bombardashop.com\\\/\",\"name\":\"Bombardashop.com\",\"description\":\"Bombardashop.com\",\"potentialAction\":[{\"@type\":\"SearchAction\",\"target\":{\"@type\":\"EntryPoint\",\"urlTemplate\":\"https:\\\/\\\/bombardashop.com\\\/?s={search_term_string}\"},\"query-input\":{\"@type\":\"PropertyValueSpecification\",\"valueRequired\":true,\"valueName\":\"search_term_string\"}}],\"inLanguage\":\"sv-SE\"}]}<\/script>\n<!-- \/ Yoast SEO plugin. -->","yoast_head_json":{"title":"OWNER, ST36BC, TREKROK - 8 st. - Bombardashop.com","robots":{"index":"index","follow":"follow","max-snippet":"max-snippet:-1","max-image-preview":"max-image-preview:large","max-video-preview":"max-video-preview:-1"},"canonical":"https:\/\/bombardashop.com\/sv\/shop\/fiskelina-och-krokar\/owner-st36bc-trekrok-8-st\/","og_locale":"sv_SE","og_type":"article","og_title":"OWNER, ST36BC, TREKROK - 8 st. - Bombardashop.com","og_description":"ORIGINALE OWNER TREKROK \u00a0 SPECIFIKATIONER  Storlek: Stlk. 16 Model: Trekrok L\u00e4ngd: 10 mm Antal i f\u00f6rpackningen: 8 st. Krokgab: 6 mm Model nr.: ST-36BC  Storlek: Stlk. 14 Model: Trekrok L\u00e4ngd: 11 mm Antal i f\u00f6rpackningen: 8 st. Krokgab: 9 mm Model nr.: ST-36BC  Storlek: Stlk. 12 Model: Trekrok L\u00e4ngd: 13 mm Antal i f\u00f6rpackningen: 8 st. Krokgab: 10 mm Model nr.: ST-36BC","og_url":"https:\/\/bombardashop.com\/sv\/shop\/fiskelina-och-krokar\/owner-st36bc-trekrok-8-st\/","og_site_name":"Bombardashop.com","article_modified_time":"2016-12-02T12:20:37+00:00","og_image":[{"width":1024,"height":1024,"url":"https:\/\/bombardashop.com\/wp-content\/uploads\/2016\/10\/Owner-krog-04.OX_.14-scaled-e1579514745420-1024x1024.jpg","type":"image\/jpeg"}],"twitter_card":"summary_large_image","schema":{"@context":"https:\/\/schema.org","@graph":[{"@type":"WebPage","@id":"https:\/\/bombardashop.com\/sv\/shop\/fiskelina-och-krokar\/owner-st36bc-trekrok-8-st\/","url":"https:\/\/bombardashop.com\/sv\/shop\/fiskelina-och-krokar\/owner-st36bc-trekrok-8-st\/","name":"OWNER, ST36BC, TREKROK - 8 st. - Bombardashop.com","isPartOf":{"@id":"https:\/\/bombardashop.com\/#website"},"primaryImageOfPage":{"@id":"https:\/\/bombardashop.com\/sv\/shop\/fiskelina-och-krokar\/owner-st36bc-trekrok-8-st\/#primaryimage"},"image":{"@id":"https:\/\/bombardashop.com\/sv\/shop\/fiskelina-och-krokar\/owner-st36bc-trekrok-8-st\/#primaryimage"},"thumbnailUrl":"https:\/\/bombardashop.com\/wp-content\/uploads\/2016\/10\/Owner-krog-04.OX_.14.jpg","datePublished":"2016-10-09T22:25:30+00:00","dateModified":"2016-12-02T12:20:37+00:00","breadcrumb":{"@id":"https:\/\/bombardashop.com\/sv\/shop\/fiskelina-och-krokar\/owner-st36bc-trekrok-8-st\/#breadcrumb"},"inLanguage":"sv-SE","potentialAction":[{"@type":"ReadAction","target":["https:\/\/bombardashop.com\/sv\/shop\/fiskelina-och-krokar\/owner-st36bc-trekrok-8-st\/"]}]},{"@type":"ImageObject","inLanguage":"sv-SE","@id":"https:\/\/bombardashop.com\/sv\/shop\/fiskelina-och-krokar\/owner-st36bc-trekrok-8-st\/#primaryimage","url":"https:\/\/bombardashop.com\/wp-content\/uploads\/2016\/10\/Owner-krog-04.OX_.14.jpg","contentUrl":"https:\/\/bombardashop.com\/wp-content\/uploads\/2016\/10\/Owner-krog-04.OX_.14.jpg","width":2560,"height":2560},{"@type":"BreadcrumbList","@id":"https:\/\/bombardashop.com\/sv\/shop\/fiskelina-och-krokar\/owner-st36bc-trekrok-8-st\/#breadcrumb","itemListElement":[{"@type":"ListItem","position":1,"name":"Hjem","item":"https:\/\/bombardashop.com\/sv\/"},{"@type":"ListItem","position":2,"name":"Butik","item":"https:\/\/bombardashop.com\/sv\/butik\/"},{"@type":"ListItem","position":3,"name":"OWNER, ST36BC, TREKROK &#8211; 8 st."}]},{"@type":"WebSite","@id":"https:\/\/bombardashop.com\/#website","url":"https:\/\/bombardashop.com\/","name":"Bombardashop.com","description":"Bombardashop.com","potentialAction":[{"@type":"SearchAction","target":{"@type":"EntryPoint","urlTemplate":"https:\/\/bombardashop.com\/?s={search_term_string}"},"query-input":{"@type":"PropertyValueSpecification","valueRequired":true,"valueName":"search_term_string"}}],"inLanguage":"sv-SE"}]}},"_links":{"self":[{"href":"https:\/\/bombardashop.com\/sv\/wp-json\/wp\/v2\/product\/29711","targetHints":{"allow":["GET"]}}],"collection":[{"href":"https:\/\/bombardashop.com\/sv\/wp-json\/wp\/v2\/product"}],"about":[{"href":"https:\/\/bombardashop.com\/sv\/wp-json\/wp\/v2\/types\/product"}],"wp:featuredmedia":[{"embeddable":true,"href":"https:\/\/bombardashop.com\/sv\/wp-json\/wp\/v2\/media\/36509"}],"wp:attachment":[{"href":"https:\/\/bombardashop.com\/sv\/wp-json\/wp\/v2\/media?parent=29711"}],"wp:term":[{"taxonomy":"product_brand","embeddable":true,"href":"https:\/\/bombardashop.com\/sv\/wp-json\/wp\/v2\/product_brand?post=29711"},{"taxonomy":"product_cat","embeddable":true,"href":"https:\/\/bombardashop.com\/sv\/wp-json\/wp\/v2\/product_cat?post=29711"},{"taxonomy":"product_tag","embeddable":true,"href":"https:\/\/bombardashop.com\/sv\/wp-json\/wp\/v2\/product_tag?post=29711"}],"curies":[{"name":"wp","href":"https:\/\/api.w.org\/{rel}","templated":true}]}}