
{"id":38345,"date":"2022-01-27T10:36:15","date_gmt":"2022-01-27T09:36:15","guid":{"rendered":"https:\/\/bombardashop.com\/vilkaar-og-betingelser-for-koeb\/"},"modified":"2022-01-27T10:53:50","modified_gmt":"2022-01-27T09:53:50","slug":"vilkaar-og-betingelser-for-koeb","status":"publish","type":"page","link":"https:\/\/bombardashop.com\/sv\/vilkaar-og-betingelser-for-koeb\/","title":{"rendered":"Vilk\u00e5r og betingelser for k\u00f8b"},"content":{"rendered":"<h1>Handelsbetingelser<\/h1>\n<h3>S\u00e5dan handler du p\u00e5 webshoppen<\/h3>\n<p>Find de produkt du er interesseret i, og v\u00e6lg hvilken variant du \u00f8nsker, f.eks. farve, v\u00e6gt samt antal. Kom varen i indk\u00f8bskurven ved at klikke p\u00e5 knappen \u201cBestil\u201d.<br \/>\nN\u00e5r du er f\u00e6rdig med at handle, trykker du p\u00e5 den gr\u00f8nne \u201cIndk\u00f8bskurv\u201d i \u00f8verste h\u00f8jre side. Hvis kurven indeholder de rigtige varer, trykker du p\u00e5 knappen \u201cOK\u201d.<br \/>\nDu kan betale med VISA, Maestro og MasterCard, som er afbilledet nederst p\u00e5 siden.<br \/>\nDerefter udfylder du de n\u00f8dvendige felter med dine oplysninger samt e-mail adresse. I n\u00e6ste trin godkender du din ordre, og herefter skal du indtaste dine dankort\/kreditkort oplysninger. N\u00e5r din bestilling er ekspederet, f\u00e5r du igen en elektronisk meddelelse.<\/p>\n<p>&nbsp;<\/p>\n<h3>Betaling<\/h3>\n<p>BombardaShop.com modtager betaling med med VISA, Maestro og MasterCard. Benyttes betalingskort vil bel\u00f8bet f\u00f8rst blive trukket p\u00e5 din konto, n\u00e5r varen afsendes.<br \/>\nDer tages ikke gebyr ved betaling p\u00e5 BombardaShop.com, og der kan aldrig tr\u00e6kkes et st\u00f8rre bel\u00f8b end det, du har godkendt ved k\u00f8bet.<br \/>\nBombardaShop.com krypterer alle dine kortoplysninger med den s\u00e5kaldte SSL protokol. Det betyder, at uvedkommende ikke kan afl\u00e6se dit kortnummer eller andre informationer under transaktionen.<\/p>\n<p>&nbsp;<\/p>\n<h3>Bestilling<\/h3>\n<p>P\u00e5 BombardaShop.com kan du kun bestille varer via vores website. Hvis du har foresp\u00f8rgsler til varer, som ikke er p\u00e5 siden, er du velkommen til at kontakte os.<br \/>\nAlle priser er inkl. moms og andre afgifter. Priserne er dagspriser.<br \/>\nHvis du \u00f8nsker, at modtage en kopi af din faktura, skal du sende en e-mail til info@BombardaShop.com<\/p>\n<p>&nbsp;<\/p>\n<h3>Leveringstid<\/h3>\n<p>Ekspeditionstiden for din ordre er 1-2 arbejdsdage.<br \/>\nOrdren sendes med PostNord, der kan have op til 5 dages leveringstid. Det betyder en forventet leveringstid p\u00e5 3-7 arbejdsdage.<br \/>\nDer h\u00e6ves ikke noget p\u00e5 dit kreditkort, f\u00f8r din ordre er afsendt.<\/p>\n<p>&nbsp;<\/p>\n<h3>Reklamationsret<\/h3>\n<p>BombardaShop.com yder 2 \u00e5rs reklamationsret i henhold til k\u00f8beloven, omfattende fabrikations- og materialefejl, der konstateres ved varens normale anvendelse. Reklamationsretten d\u00e6kker ikke fejl, skader eller slitage, direkte eller indirekte opst\u00e5et som f\u00f8lge af forkert betjening, ringe vedligeholdelse, vold eller uautoriserede indgreb. Reklamation over fejl og mangler, som b\u00f8r opdages ved s\u00e6dvanlig unders\u00f8gelse af varen, skal meddeles BombardaShop.com inden for rimelig tid.<\/p>\n<p>&nbsp;<\/p>\n<h3>Returnering<\/h3>\n<p>Ved fejl, mangler eller evt. udeblevne leverancer bedes henvendelse rettet til:<\/p>\n<p>BombardaShop.com<br \/>\nSellerup Vangvej 32<br \/>\nDK-7080 B\u00f8rkop<br \/>\nDenmark<\/p>\n<p>E-mail: info@BombardaShop.com<br \/>\nTelefon: (+45) 24 85 64 40<\/p>\n<p>Varereturnering foreg\u00e5r til ovenst\u00e5ende adresse \u2013 bem\u00e6rk at vi ikke modtager pakker sendt pr. efterkrav.<\/p>\n<p>Er reklamationen berettiget refunderer vi naturligvis dine (rimelige) fragtomkostninger. N\u00e5r du returnerer varen, bedes du oplyse hvad problemet er, s\u00e5 detaljeret som muligt.<br \/>\nHusk at varen altid skal sendes tilbage i forsvarlig emballage, og f\u00e5 en kvittering for afsendelse.<\/p>\n<p>&nbsp;<\/p>\n<h3>Ved tvist<\/h3>\n<p>Enhver tvist mellem forretningen og kunden er underlagt dansk lov.<\/p>\n<p>&nbsp;<\/p>\n<h3>Ombytning<\/h3>\n<p>\u00d8nskes en vare byttet, skal du blot returnere varen til:<\/p>\n<p>BombardaShop.com<br \/>\nSellerup Vangvej 32<br \/>\nDK-7080 B\u00f8rkop<br \/>\nDenmark<\/p>\n<p>Husk at pakken skal v\u00e6re forsvarligt emballeret. Varen skal v\u00e6re ubrugt og i original ubeskadiget emballage. Omkostninger til returnering skal du selv afholde.<\/p>\n<p>&nbsp;<\/p>\n<h3>Fortrydelsesret<\/h3>\n<p>BombardaShop.com yder 14 dages returret p\u00e5 produkterne, regnet fra den dag de modtages. Hvis du v\u00e6lger at fortryde et k\u00f8b, skal du blot returnere varen \u2013 se \u201dReturnering\u201d.<\/p>\n<p>Husk at pakken skal v\u00e6re forsvarligt emballeret. Varen skal v\u00e6re i v\u00e6sentlig samme stand og m\u00e6ngde. Fortrydelsesretten bortfalder derfor, hvis du bruger varen p\u00e5 en m\u00e5de, som helt \u00e5benbart forringer varens salgsv\u00e6rdig v\u00e6sentligt. N\u00e5r du returnerer varen, skal du vedl\u00e6gge en kopi af fakturaen, hvorp\u00e5 du angiver dit kontonummer, s\u00e5 vi kan udbetale bel\u00f8bet til dig hurtigst muligt. N\u00e5r varen er modtaget retur og godkendt, refunderes k\u00f8besummen til din konto inden for f\u00e5 dage. Eneste omkostning du har, n\u00e5r du fortryder, er portoen for at sende varen tilbage til os.<\/p>\n<p>Der ydes ikke returret p\u00e5 varer, som ikke indg\u00e5r i sortimentet, men som er bestilt specielt hjem p\u00e5 foresp\u00f8rgsel.<\/p>\n<p>Bem\u00e6rk! Vi modtager ikke pakker sendt pr. efterkrav.<\/p>\n<p>Har du sendt en vare ind til fortrydelse eller reklamation vil du altid f\u00e5 tilsendt en mail n\u00e5r vi har modtaget varen. I mailen f\u00e5r du oplysninger om den videre proces i forbindelse med behandlingen af din fortrydelse\/reklamation.<\/p>\n<p>&nbsp;<\/p>\n<h3>Sikkerhed \/ Fortrolighed<\/h3>\n<p>Ingen personlige oplysninger, der registreres p\u00e5 www.BombardaShop.com, bliver p\u00e5 noget tidspunkt overdraget, solgt eller gjort tilg\u00e6ngelige for tredjemand. Alle informationer opbevares p\u00e5 betryggende vis, og er kun tilg\u00e6ngelige for betroede medarbejdere hos BombardaShop.com.<\/p>\n<p>I forbindelse med den elektronisk betaling bruges en sikker krypteret metode gennem Webshopsystemet.<\/p>\n<p>Shopsystemet anvender ikke cookies.<\/p>\n<p>Vi bruger en logstatistik p\u00e5 BombardaShop.com hvilket betyder, at et statistik-system opsamler information, som kan give et statistisk billede af, hvor mange bes\u00f8gende vi har, hvor de kommer fra og hvor p\u00e5 websitet det forlades mv.<br \/>\nDirekt\u00f8ren og de ansatte for BombardaShop.com har adgang til de oplysninger, der registreres om dig.<\/p>\n<p>Under et k\u00f8b udbeder vi os navn, adresse, telefonnummer og emailadresse. Disse informationer bruges udelukkende til behandling af ordren. Informationerne transmitteres og lagres elektronisk p\u00e5 ukrypteret form, og gemmes i 5 \u00e5r.<\/p>\n<p>Desuden registrerer vi IP-adressen hvorfra evt. k\u00f8b foretages. Informationen finder normalt ingen anvendelse, men kan bruges i en evt. politiefterforskning. Alle falske bestillinger politianmeldes!<\/p>\n<p>Du kan valgfrit f\u00e5 din e-mailadresse optaget p\u00e5 en mailingliste hos BombardaShop.com, s\u00e5ledes at du l\u00f8bende modtager nyheder og anden information fra BombardaShop.com. Denne service kan du til enhver tid til- og framelde dig, helt som du \u00f8nsker.<\/p>\n<p>Jvf. persondataloven oplyser vi p\u00e5 foresp\u00f8rgsel om registrerede oplysninger og p\u00e5 baggrund af evt. indsigelser foretager vi sletning i det omfang det \u00f8nskes.<\/p>\n<p>&nbsp;<\/p>\n<h3>Forbehold<\/h3>\n<p>BombardaShop.com tager forbehold for \u2018trykfejl\u2019 \u2013 tastefejl i priser eller produktbeskrivelser, udsolgte varer, samt fejlagtigt oplyst produktinfo fra vores leverand\u00f8rer.<\/p>\n<p>&nbsp;<\/p>\n<h3>Kontakt<\/h3>\n<p>Er du i tvivl om noget, s\u00e5 er du altid velkomment til at kontakte os p\u00e5 (+45) 24 85 64 40. Du kan ogs\u00e5 sende en mail til info@BombardaShop.com<\/p>\n<p>Vi besvarer mails indenfor 48 timer i hverdagen.<\/p>\n","protected":false},"excerpt":{"rendered":"<p>Handelsbetingelser S\u00e5dan handler du p\u00e5 webshoppen Find de produkt du er interesseret i, og v\u00e6lg hvilken variant du \u00f8nsker, f.eks. farve, v\u00e6gt samt antal. Kom varen i indk\u00f8bskurven ved at&#8230;<\/p>\n","protected":false},"author":8,"featured_media":0,"parent":0,"menu_order":0,"comment_status":"closed","ping_status":"closed","template":"","meta":{"footnotes":""},"class_list":["post-38345","page","type-page","status-publish"],"yoast_head":"<!-- This site is optimized with the Yoast SEO plugin v27.3 - https:\/\/yoast.com\/product\/yoast-seo-wordpress\/ -->\n<title>Vilk\u00e5r og betingelser for k\u00f8b - Bombardashop.com<\/title>\n<meta name=\"robots\" content=\"index, follow, max-snippet:-1, max-image-preview:large, max-video-preview:-1\" \/>\n<link rel=\"canonical\" href=\"https:\/\/bombardashop.com\/vilkaar-og-betingelser-for-koeb\/\" \/>\n<meta property=\"og:locale\" content=\"sv_SE\" \/>\n<meta property=\"og:type\" content=\"article\" \/>\n<meta property=\"og:title\" content=\"Vilk\u00e5r og betingelser for k\u00f8b - Bombardashop.com\" \/>\n<meta property=\"og:description\" content=\"Handelsbetingelser S\u00e5dan handler du p\u00e5 webshoppen Find de produkt du er interesseret i, og v\u00e6lg hvilken variant du \u00f8nsker, f.eks. farve, v\u00e6gt samt antal. Kom varen i indk\u00f8bskurven ved at...\" \/>\n<meta property=\"og:url\" content=\"https:\/\/bombardashop.com\/vilkaar-og-betingelser-for-koeb\/\" \/>\n<meta property=\"og:site_name\" content=\"Bombardashop.com\" \/>\n<meta property=\"article:modified_time\" content=\"2022-01-27T09:53:50+00:00\" \/>\n<meta name=\"twitter:card\" content=\"summary_large_image\" \/>\n<meta name=\"twitter:label1\" content=\"Ber\u00e4knad l\u00e4stid\" \/>\n\t<meta name=\"twitter:data1\" content=\"5 minuter\" \/>\n<script type=\"application\/ld+json\" class=\"yoast-schema-graph\">{\"@context\":\"https:\\\/\\\/schema.org\",\"@graph\":[{\"@type\":\"WebPage\",\"@id\":\"https:\\\/\\\/bombardashop.com\\\/vilkaar-og-betingelser-for-koeb\\\/\",\"url\":\"https:\\\/\\\/bombardashop.com\\\/vilkaar-og-betingelser-for-koeb\\\/\",\"name\":\"Vilk\u00e5r og betingelser for k\u00f8b - Bombardashop.com\",\"isPartOf\":{\"@id\":\"https:\\\/\\\/bombardashop.com\\\/#website\"},\"datePublished\":\"2022-01-27T09:36:15+00:00\",\"dateModified\":\"2022-01-27T09:53:50+00:00\",\"breadcrumb\":{\"@id\":\"https:\\\/\\\/bombardashop.com\\\/vilkaar-og-betingelser-for-koeb\\\/#breadcrumb\"},\"inLanguage\":\"sv-SE\",\"potentialAction\":[{\"@type\":\"ReadAction\",\"target\":[\"https:\\\/\\\/bombardashop.com\\\/vilkaar-og-betingelser-for-koeb\\\/\"]}]},{\"@type\":\"BreadcrumbList\",\"@id\":\"https:\\\/\\\/bombardashop.com\\\/vilkaar-og-betingelser-for-koeb\\\/#breadcrumb\",\"itemListElement\":[{\"@type\":\"ListItem\",\"position\":1,\"name\":\"Hjem\",\"item\":\"https:\\\/\\\/bombardashop.com\\\/sv\\\/\"},{\"@type\":\"ListItem\",\"position\":2,\"name\":\"Vilk\u00e5r og betingelser for k\u00f8b\"}]},{\"@type\":\"WebSite\",\"@id\":\"https:\\\/\\\/bombardashop.com\\\/#website\",\"url\":\"https:\\\/\\\/bombardashop.com\\\/\",\"name\":\"Bombardashop.com\",\"description\":\"Bombardashop.com\",\"potentialAction\":[{\"@type\":\"SearchAction\",\"target\":{\"@type\":\"EntryPoint\",\"urlTemplate\":\"https:\\\/\\\/bombardashop.com\\\/?s={search_term_string}\"},\"query-input\":{\"@type\":\"PropertyValueSpecification\",\"valueRequired\":true,\"valueName\":\"search_term_string\"}}],\"inLanguage\":\"sv-SE\"}]}<\/script>\n<!-- \/ Yoast SEO plugin. -->","yoast_head_json":{"title":"Vilk\u00e5r og betingelser for k\u00f8b - Bombardashop.com","robots":{"index":"index","follow":"follow","max-snippet":"max-snippet:-1","max-image-preview":"max-image-preview:large","max-video-preview":"max-video-preview:-1"},"canonical":"https:\/\/bombardashop.com\/vilkaar-og-betingelser-for-koeb\/","og_locale":"sv_SE","og_type":"article","og_title":"Vilk\u00e5r og betingelser for k\u00f8b - Bombardashop.com","og_description":"Handelsbetingelser S\u00e5dan handler du p\u00e5 webshoppen Find de produkt du er interesseret i, og v\u00e6lg hvilken variant du \u00f8nsker, f.eks. farve, v\u00e6gt samt antal. Kom varen i indk\u00f8bskurven ved at...","og_url":"https:\/\/bombardashop.com\/vilkaar-og-betingelser-for-koeb\/","og_site_name":"Bombardashop.com","article_modified_time":"2022-01-27T09:53:50+00:00","twitter_card":"summary_large_image","twitter_misc":{"Ber\u00e4knad l\u00e4stid":"5 minuter"},"schema":{"@context":"https:\/\/schema.org","@graph":[{"@type":"WebPage","@id":"https:\/\/bombardashop.com\/vilkaar-og-betingelser-for-koeb\/","url":"https:\/\/bombardashop.com\/vilkaar-og-betingelser-for-koeb\/","name":"Vilk\u00e5r og betingelser for k\u00f8b - Bombardashop.com","isPartOf":{"@id":"https:\/\/bombardashop.com\/#website"},"datePublished":"2022-01-27T09:36:15+00:00","dateModified":"2022-01-27T09:53:50+00:00","breadcrumb":{"@id":"https:\/\/bombardashop.com\/vilkaar-og-betingelser-for-koeb\/#breadcrumb"},"inLanguage":"sv-SE","potentialAction":[{"@type":"ReadAction","target":["https:\/\/bombardashop.com\/vilkaar-og-betingelser-for-koeb\/"]}]},{"@type":"BreadcrumbList","@id":"https:\/\/bombardashop.com\/vilkaar-og-betingelser-for-koeb\/#breadcrumb","itemListElement":[{"@type":"ListItem","position":1,"name":"Hjem","item":"https:\/\/bombardashop.com\/sv\/"},{"@type":"ListItem","position":2,"name":"Vilk\u00e5r og betingelser for k\u00f8b"}]},{"@type":"WebSite","@id":"https:\/\/bombardashop.com\/#website","url":"https:\/\/bombardashop.com\/","name":"Bombardashop.com","description":"Bombardashop.com","potentialAction":[{"@type":"SearchAction","target":{"@type":"EntryPoint","urlTemplate":"https:\/\/bombardashop.com\/?s={search_term_string}"},"query-input":{"@type":"PropertyValueSpecification","valueRequired":true,"valueName":"search_term_string"}}],"inLanguage":"sv-SE"}]}},"_links":{"self":[{"href":"https:\/\/bombardashop.com\/sv\/wp-json\/wp\/v2\/pages\/38345","targetHints":{"allow":["GET"]}}],"collection":[{"href":"https:\/\/bombardashop.com\/sv\/wp-json\/wp\/v2\/pages"}],"about":[{"href":"https:\/\/bombardashop.com\/sv\/wp-json\/wp\/v2\/types\/page"}],"author":[{"embeddable":true,"href":"https:\/\/bombardashop.com\/sv\/wp-json\/wp\/v2\/users\/8"}],"replies":[{"embeddable":true,"href":"https:\/\/bombardashop.com\/sv\/wp-json\/wp\/v2\/comments?post=38345"}],"version-history":[{"count":1,"href":"https:\/\/bombardashop.com\/sv\/wp-json\/wp\/v2\/pages\/38345\/revisions"}],"predecessor-version":[{"id":38348,"href":"https:\/\/bombardashop.com\/sv\/wp-json\/wp\/v2\/pages\/38345\/revisions\/38348"}],"wp:attachment":[{"href":"https:\/\/bombardashop.com\/sv\/wp-json\/wp\/v2\/media?parent=38345"}],"curies":[{"name":"wp","href":"https:\/\/api.w.org\/{rel}","templated":true}]}}