
{"id":30024,"date":"2016-10-17T22:31:02","date_gmt":"2016-10-17T20:31:02","guid":{"rendered":"http:\/\/bombardashop.com\/terms-conditions-purchase\/?lang=sv"},"modified":"2022-11-25T11:35:52","modified_gmt":"2022-11-25T10:35:52","slug":"terms-conditions-purchase","status":"publish","type":"page","link":"https:\/\/bombardashop.com\/sv\/terms-conditions-purchase\/","title":{"rendered":"Handelsvillkor"},"content":{"rendered":"<h1>Handelsvillkor<\/h1>\n<h3>S\u00e5 handlar du p\u00e5 webbshoppen<\/h3>\n<p>Hitta den produkt du \u00e4r intresserad av och v\u00e4lj vilken variant du vill ha, t.ex. f\u00e4rg, vikt och antal. L\u00e4gg artikeln i din varukorg genom att klicka p\u00e5 knappen &#8221;Best\u00e4ll&#8221;.<br \/>\nN\u00e4r du har handlat klart, klicka p\u00e5 den gr\u00f6na &#8221;Varukorgen&#8221; \u00f6verst p\u00e5 h\u00f6gra sidan. Om korgen inneh\u00e5ller r\u00e4tt varor, tryck p\u00e5 knappen &#8221;OK&#8221;.<br \/>\nDu kan betala med VISA, Maestro och MasterCard, som \u00e4r avbildade l\u00e4ngst ner p\u00e5 sidan.<br \/>\nD\u00e4refter fyller du i de obligatoriska f\u00e4lten med dina uppgifter samt e-postadress. I n\u00e4sta steg godk\u00e4nner du din best\u00e4llning, och d\u00e4refter ska du ange dina bank\/kreditkorts uppgifter. N\u00e4r din best\u00e4llning har behandlats f\u00e5r du tillbaka en elektronisk kvittens p\u00e5 din best\u00e4llning.<\/p>\n<p>&nbsp;<\/p>\n<h3>Betalning<\/h3>\n<p>bombardashop.se tar emot betalning med VISA, Maestro och MasterCard. Anv\u00e4nds bankkort kommer beloppet att debiteras ditt konto f\u00f6rst n\u00e4r artikeln skickas.<br \/>\nDet tas inte ut n\u00e5gon avgift n\u00e4r du betalar p\u00e5 bombardashop.se, och det kan aldrig dras ett st\u00f6rre belopp \u00e4n det som du har godk\u00e4nt vid k\u00f6ptillf\u00e4llet.<br \/>\nbombardashop.se krypterar alla dina kortuppgifter med det s.k. SSL-protokollet. Detta inneb\u00e4r att obeh\u00f6riga inte kan l\u00e4sa ditt kortnummer eller annan information under transaktionen.<\/p>\n<p>&nbsp;<\/p>\n<h3>Best\u00e4llning<\/h3>\n<p>P\u00e5 bombardashop.se kan du endast best\u00e4lla varor via v\u00e5r hemsida. Om du har n\u00e5gra fr\u00e5gor om produkter som inte finns p\u00e5 sidan, \u00e4r du v\u00e4lkommen att kontakta oss.<br \/>\nAlla priser \u00e4r inkl. moms och andra avgifter. Priserna \u00e4r aktuella priser.<\/p>\n<p>&nbsp;<\/p>\n<h3>Leveranstid<\/h3>\n<p>Expeditionstiden f\u00f6r din best\u00e4llning \u00e4r 2-3 arbetsdagar.<br \/>\nDet inneb\u00e4r en f\u00f6rv\u00e4ntad leveranstid p\u00e5 4-6 arbetsdagar.<br \/>\nDitt kreditkort belastas inte f\u00f6rr\u00e4n best\u00e4llningen har skickats.<\/p>\n<p>&nbsp;<\/p>\n<h3>Garanti<\/h3>\n<p>bombardashop.se ger 2 \u00e5rs garanti i enlighet med k\u00f6plagen, omfattande tillverknings- och materialfel som uppst\u00e5r vid normal anv\u00e4ndning. Garantin t\u00e4cker inte fel, skador eller slitage som direkt eller indirekt orsakats av felaktigt handhavande, d\u00e5ligt underh\u00e5ll, v\u00e5ld eller obeh\u00f6riga ingrepp. Reklamation av fel och brister som uppt\u00e4ckts vid en vanlig unders\u00f6kning av varan m\u00e5ste g\u00f6ras till bombardashop.se inom sk\u00e4lig tid.<\/p>\n<p>&nbsp;<\/p>\n<h3>Returer<\/h3>\n<p>Vid fel, saknade varor eller ev. uteblivna leveranser v\u00e4nligen kontakta:<\/p>\n<p>BombardaShop.com<br \/>\nHybenvej 2<br \/>\nH\u00f8ll<br \/>\nDK-7080 B\u00f8rkop<br \/>\nDanmark<\/p>\n<p>E-post: info@BombardaShop.com<br \/>\nTelefon: (+45) 24 85 64 40<\/p>\n<p>Retur av varor sker till ovanst\u00e5ende adress. V\u00e4nligen notera att vi inte tar emot paket som skickas mot postf\u00f6rskott.<\/p>\n<p>\u00c4r reklamationen befogad, kommer vi naturligtvis att \u00e5terbetala dina (rimliga) fraktkostnader. N\u00e4r du returnerar varan, v\u00e4nligen ange vad problemet \u00e4r, s\u00e5 detaljerat som m\u00f6jligt.<br \/>\nKom ih\u00e5g att varan alltid ska skickas tillbaka i ordentlig f\u00f6rpackning, och se till att du f\u00e5r ett avs\u00e4ndningskvitto, s\u00e5 att vi kan ers\u00e4tta dina fraktkostnader.<\/p>\n<p>&nbsp;<\/p>\n<h3>Vid tvist<\/h3>\n<p>Alla tvister mellan f\u00f6retaget och kunden styrs av dansk lag.<\/p>\n<p>&nbsp;<\/p>\n<h3>Byten<\/h3>\n<p>Om du vill byta en vara, ska du bara returnera varan till: :<\/p>\n<p>BombardaShop.com<br \/>\nHybenvej 2<br \/>\nH\u00f8ll<br \/>\nDK-7080 B\u00f8rkop<br \/>\nDanmark<\/p>\n<p>Kom ih\u00e5g att paketet m\u00e5ste emballeras ordentligt. Artikeln m\u00e5ste vara oanv\u00e4nd och i oskadad originalf\u00f6rpackning. Kostnader f\u00f6r returen svarar du sj\u00e4lv f\u00f6r.<\/p>\n<p>&nbsp;<\/p>\n<h3>\u00c5ngerr\u00e4tt<\/h3>\n<p>bombardashop.se ger 14 dagars returr\u00e4tt p\u00e5 de varor, som r\u00e4knas fr\u00e5n den dag de mottas. Om du v\u00e4ljer att \u00e5ngra ett k\u00f6p, ska du bara returnera varan \u2013 se &#8221;Returer&#8221;.<br \/>\nKom ih\u00e5g att paketet m\u00e5ste emballeras ordentligt. Varan m\u00e5ste vara i v\u00e4sentligt samma skick och antal. \u00c5ngerr\u00e4tten upph\u00f6r att g\u00e4lla, om du anv\u00e4nder produkten p\u00e5 ett s\u00e4tt, som uppenbart f\u00f6rs\u00e4mrar artikelns f\u00f6rs\u00e4ljningsv\u00e4rde betydligt. N\u00e4r du returnerar varan, m\u00e5ste du bifoga en kopia av fakturan, d\u00e4r du anger ditt kontonummer s\u00e5 att vi kan \u00e5terbetala beloppet till dig s\u00e5 snart som m\u00f6jligt. N\u00e4r varan \u00e4r mottagen och godk\u00e4nts, \u00e5terbetalas k\u00f6pesumman till ditt konto inom n\u00e5gra dagar. Det enda du betalar n\u00e4r du \u00e5ngrar ett k\u00f6p \u00e4r portot f\u00f6r att skicka varan tillbaka till oss.<br \/>\nDet \u00e4r ingen returr\u00e4tt f\u00f6r varor som inte ing\u00e5r i sortimentet, men som vi har best\u00e4llt hem speciellt p\u00e5 beg\u00e4ran.<br \/>\nObservera! Vi tar inte emot paket som skickas mot postf\u00f6rskott.<br \/>\nOm du har skickat en vara i retur pga. \u00e5nger eller reklamation, f\u00e5r du alltid ett mail n\u00e4r vi har mottagit varan. I mailet f\u00e5r du information om den fortsatta processen i samband med behandlingen av din \u00e5nger\/reklamation.<\/p>\n<p>&nbsp;<\/p>\n<h3>S\u00e4kerhet\/Sekretess<\/h3>\n<p>Personlig information som registreras p\u00e5 www.bombardashop.se, kommer aldrig n\u00e5gonsin att \u00f6verf\u00f6ras, s\u00e4ljas eller g\u00f6ras tillg\u00e4nglig f\u00f6r tredje part. All information lagras s\u00e4kert och \u00e4r endast tillg\u00e4nglig f\u00f6r betrodda medarbetare p\u00e5 bombardashop.se.<br \/>\nI samband med elektronisk betalning anv\u00e4nds en s\u00e4ker krypterad metod via Webshopsystemet.<br \/>\nUnder ett k\u00f6p ber vi om namn, adress, telefonnummer och e-postadress. Denna information anv\u00e4nds endast f\u00f6r behandling av ordern. Informationen \u00f6verf\u00f6rs och lagras elektroniskt i okrypterad form, och sparas i 5 \u00e5r.<br \/>\nDessutom registrerar vi IP-adressen varifr\u00e5n eventuella k\u00f6p genomf\u00f6rs. Informationen anv\u00e4nds oftast inte, men kan anv\u00e4ndas i en eventuell polisutredning. Alla falska best\u00e4llningar polisanm\u00e4ls!<br \/>\nDu kan v\u00e4lja att f\u00e5 din e-postadress registrerad p\u00e5 en s\u00e4ndlista hos bombardashop.se, s\u00e5 att du kontinuerligt f\u00e5r nyheter och annan information fr\u00e5n bombardashop.se via e-post. Denna tj\u00e4nst kan du n\u00e4r som helst att v\u00e4lja att anm\u00e4la dig till och avanm\u00e4la dig ifr\u00e5n, precis som du \u00f6nskar.<br \/>\nEnligt persondatalagen informerar vi p\u00e5 beg\u00e4ran om de uppgifter som finns registrerade, och mot bakgrund av ev. inv\u00e4ndningar, tar vi bort uppgifter i den omfattning som \u00f6nskas.<\/p>\n<p>&nbsp;<\/p>\n<h3>Reservationer<\/h3>\n<p>bombardashop.se reserverar sig f\u00f6r tryckfel och stavfel i priser eller produktbeskrivningar, av lagervaror, s\u00e5v\u00e4l som f\u00f6r felaktigt uppgiven produktinformation fr\u00e5n v\u00e5ra leverant\u00f6rer.<\/p>\n<p>&nbsp;<\/p>\n<h3>Kontakt<\/h3>\n<p>Om du \u00e4r os\u00e4ker p\u00e5 n\u00e5got, \u00e4r du alltid v\u00e4lkommen att kontakta oss p\u00e5 tel. (+45) 24 85 64 40. Du kan ocks\u00e5 skicka ett mail till info@BombardaShop.com<\/p>\n<p>Vi svarar p\u00e5 e-post inom 48 timmar under vardagar.<\/p>\n","protected":false},"excerpt":{"rendered":"<p>Handelsvillkor S\u00e5 handlar du p\u00e5 webbshoppen Hitta den produkt du \u00e4r intresserad av och v\u00e4lj vilken variant du vill ha, t.ex. f\u00e4rg, vikt och antal. L\u00e4gg artikeln i din varukorg&#8230;<\/p>\n","protected":false},"author":8,"featured_media":0,"parent":0,"menu_order":0,"comment_status":"closed","ping_status":"closed","template":"","meta":{"footnotes":""},"class_list":["post-30024","page","type-page","status-publish"],"yoast_head":"<!-- This site is optimized with the Yoast SEO plugin v27.3 - https:\/\/yoast.com\/product\/yoast-seo-wordpress\/ -->\n<title>Handelsvillkor - Bombardashop.com<\/title>\n<meta name=\"robots\" content=\"index, follow, max-snippet:-1, max-image-preview:large, max-video-preview:-1\" \/>\n<link rel=\"canonical\" href=\"https:\/\/bombardashop.com\/sv\/terms-conditions-purchase\/\" \/>\n<meta property=\"og:locale\" content=\"sv_SE\" \/>\n<meta property=\"og:type\" content=\"article\" \/>\n<meta property=\"og:title\" content=\"Handelsvillkor - Bombardashop.com\" \/>\n<meta property=\"og:description\" content=\"Handelsvillkor S\u00e5 handlar du p\u00e5 webbshoppen Hitta den produkt du \u00e4r intresserad av och v\u00e4lj vilken variant du vill ha, t.ex. f\u00e4rg, vikt och antal. L\u00e4gg artikeln i din varukorg...\" \/>\n<meta property=\"og:url\" content=\"https:\/\/bombardashop.com\/sv\/terms-conditions-purchase\/\" \/>\n<meta property=\"og:site_name\" content=\"Bombardashop.com\" \/>\n<meta property=\"article:modified_time\" content=\"2022-11-25T10:35:52+00:00\" \/>\n<meta name=\"twitter:card\" content=\"summary_large_image\" \/>\n<meta name=\"twitter:label1\" content=\"Ber\u00e4knad l\u00e4stid\" \/>\n\t<meta name=\"twitter:data1\" content=\"5 minuter\" \/>\n<script type=\"application\/ld+json\" class=\"yoast-schema-graph\">{\"@context\":\"https:\\\/\\\/schema.org\",\"@graph\":[{\"@type\":\"WebPage\",\"@id\":\"https:\\\/\\\/bombardashop.com\\\/sv\\\/terms-conditions-purchase\\\/\",\"url\":\"https:\\\/\\\/bombardashop.com\\\/sv\\\/terms-conditions-purchase\\\/\",\"name\":\"Handelsvillkor - Bombardashop.com\",\"isPartOf\":{\"@id\":\"https:\\\/\\\/bombardashop.com\\\/#website\"},\"datePublished\":\"2016-10-17T20:31:02+00:00\",\"dateModified\":\"2022-11-25T10:35:52+00:00\",\"breadcrumb\":{\"@id\":\"https:\\\/\\\/bombardashop.com\\\/sv\\\/terms-conditions-purchase\\\/#breadcrumb\"},\"inLanguage\":\"sv-SE\",\"potentialAction\":[{\"@type\":\"ReadAction\",\"target\":[\"https:\\\/\\\/bombardashop.com\\\/sv\\\/terms-conditions-purchase\\\/\"]}]},{\"@type\":\"BreadcrumbList\",\"@id\":\"https:\\\/\\\/bombardashop.com\\\/sv\\\/terms-conditions-purchase\\\/#breadcrumb\",\"itemListElement\":[{\"@type\":\"ListItem\",\"position\":1,\"name\":\"Hjem\",\"item\":\"https:\\\/\\\/bombardashop.com\\\/sv\\\/\"},{\"@type\":\"ListItem\",\"position\":2,\"name\":\"Handelsvillkor\"}]},{\"@type\":\"WebSite\",\"@id\":\"https:\\\/\\\/bombardashop.com\\\/#website\",\"url\":\"https:\\\/\\\/bombardashop.com\\\/\",\"name\":\"Bombardashop.com\",\"description\":\"Bombardashop.com\",\"potentialAction\":[{\"@type\":\"SearchAction\",\"target\":{\"@type\":\"EntryPoint\",\"urlTemplate\":\"https:\\\/\\\/bombardashop.com\\\/?s={search_term_string}\"},\"query-input\":{\"@type\":\"PropertyValueSpecification\",\"valueRequired\":true,\"valueName\":\"search_term_string\"}}],\"inLanguage\":\"sv-SE\"}]}<\/script>\n<!-- \/ Yoast SEO plugin. -->","yoast_head_json":{"title":"Handelsvillkor - Bombardashop.com","robots":{"index":"index","follow":"follow","max-snippet":"max-snippet:-1","max-image-preview":"max-image-preview:large","max-video-preview":"max-video-preview:-1"},"canonical":"https:\/\/bombardashop.com\/sv\/terms-conditions-purchase\/","og_locale":"sv_SE","og_type":"article","og_title":"Handelsvillkor - Bombardashop.com","og_description":"Handelsvillkor S\u00e5 handlar du p\u00e5 webbshoppen Hitta den produkt du \u00e4r intresserad av och v\u00e4lj vilken variant du vill ha, t.ex. f\u00e4rg, vikt och antal. L\u00e4gg artikeln i din varukorg...","og_url":"https:\/\/bombardashop.com\/sv\/terms-conditions-purchase\/","og_site_name":"Bombardashop.com","article_modified_time":"2022-11-25T10:35:52+00:00","twitter_card":"summary_large_image","twitter_misc":{"Ber\u00e4knad l\u00e4stid":"5 minuter"},"schema":{"@context":"https:\/\/schema.org","@graph":[{"@type":"WebPage","@id":"https:\/\/bombardashop.com\/sv\/terms-conditions-purchase\/","url":"https:\/\/bombardashop.com\/sv\/terms-conditions-purchase\/","name":"Handelsvillkor - Bombardashop.com","isPartOf":{"@id":"https:\/\/bombardashop.com\/#website"},"datePublished":"2016-10-17T20:31:02+00:00","dateModified":"2022-11-25T10:35:52+00:00","breadcrumb":{"@id":"https:\/\/bombardashop.com\/sv\/terms-conditions-purchase\/#breadcrumb"},"inLanguage":"sv-SE","potentialAction":[{"@type":"ReadAction","target":["https:\/\/bombardashop.com\/sv\/terms-conditions-purchase\/"]}]},{"@type":"BreadcrumbList","@id":"https:\/\/bombardashop.com\/sv\/terms-conditions-purchase\/#breadcrumb","itemListElement":[{"@type":"ListItem","position":1,"name":"Hjem","item":"https:\/\/bombardashop.com\/sv\/"},{"@type":"ListItem","position":2,"name":"Handelsvillkor"}]},{"@type":"WebSite","@id":"https:\/\/bombardashop.com\/#website","url":"https:\/\/bombardashop.com\/","name":"Bombardashop.com","description":"Bombardashop.com","potentialAction":[{"@type":"SearchAction","target":{"@type":"EntryPoint","urlTemplate":"https:\/\/bombardashop.com\/?s={search_term_string}"},"query-input":{"@type":"PropertyValueSpecification","valueRequired":true,"valueName":"search_term_string"}}],"inLanguage":"sv-SE"}]}},"_links":{"self":[{"href":"https:\/\/bombardashop.com\/sv\/wp-json\/wp\/v2\/pages\/30024","targetHints":{"allow":["GET"]}}],"collection":[{"href":"https:\/\/bombardashop.com\/sv\/wp-json\/wp\/v2\/pages"}],"about":[{"href":"https:\/\/bombardashop.com\/sv\/wp-json\/wp\/v2\/types\/page"}],"author":[{"embeddable":true,"href":"https:\/\/bombardashop.com\/sv\/wp-json\/wp\/v2\/users\/8"}],"replies":[{"embeddable":true,"href":"https:\/\/bombardashop.com\/sv\/wp-json\/wp\/v2\/comments?post=30024"}],"version-history":[{"count":3,"href":"https:\/\/bombardashop.com\/sv\/wp-json\/wp\/v2\/pages\/30024\/revisions"}],"predecessor-version":[{"id":38585,"href":"https:\/\/bombardashop.com\/sv\/wp-json\/wp\/v2\/pages\/30024\/revisions\/38585"}],"wp:attachment":[{"href":"https:\/\/bombardashop.com\/sv\/wp-json\/wp\/v2\/media?parent=30024"}],"curies":[{"name":"wp","href":"https:\/\/api.w.org\/{rel}","templated":true}]}}