
{"id":30008,"date":"2016-08-30T20:19:33","date_gmt":"2016-08-30T18:19:33","guid":{"rendered":"http:\/\/bombardashop.com\/forside\/?lang=sv"},"modified":"2016-11-06T18:40:31","modified_gmt":"2016-11-06T16:40:31","slug":"forside","status":"publish","type":"page","link":"https:\/\/bombardashop.com\/sv\/forside\/","title":{"rendered":"Forside"},"content":{"rendered":"[et_pb_section admin_label=&#8221;section&#8221;][et_pb_row admin_label=&#8221;row&#8221;][et_pb_column type=&#8221;4_4&#8243;][et_pb_image admin_label=&#8221;forside billed&#8221; show_in_lightbox=&#8221;off&#8221; url_new_window=&#8221;off&#8221; use_overlay=&#8221;off&#8221; animation=&#8221;left&#8221; sticky=&#8221;off&#8221; align=&#8221;left&#8221; force_fullwidth=&#8221;off&#8221; always_center_on_mobile=&#8221;on&#8221; use_border_color=&#8221;off&#8221; border_color=&#8221;#ffffff&#8221; border_style=&#8221;solid&#8221;] [\/et_pb_image][\/et_pb_column][\/et_pb_row][et_pb_row admin_label=&#8221;Row&#8221;][et_pb_column type=&#8221;1_3&#8243;][et_pb_text admin_label=&#8221;INNO bombarda&#8221; background_layout=&#8221;light&#8221; text_orientation=&#8221;left&#8221; use_border_color=&#8221;off&#8221; border_color=&#8221;#ffffff&#8221; border_style=&#8221;solid&#8221;]\n<h1>INNO bombarda<\/h1>\n[\/et_pb_text][et_pb_text admin_label=&#8221;L\u00e4s Bj\u00f8rn Tore Kj\u00f8lholt&#8221; background_layout=&#8221;light&#8221; text_orientation=&#8221;left&#8221; use_border_color=&#8221;off&#8221; border_color=&#8221;#ffffff&#8221; border_style=&#8221;solid&#8221;]\n<h2>L\u00e4s Bj\u00f8rn Tore Kj\u00f8lholt<\/h2>\n<p>En norsk bloggare, som har testat INNO Bombarda:<br \/>\n<a href=\"http:\/\/www.rosareke.no\/?p=811\" target=\"_blank\">Dagens Test &#8211; INNO Bombarda <\/a><\/p>\n<h2>L\u00c4S TESTET I MIT FISKE<\/h2>\n<p><a href=\"http:\/\/www.bombardashop.se\/image\/se_test.pdf\" target=\"_blank\">KLIK HER<br \/>\n<\/a><\/p>\n<p><a href=\"http:\/\/www.bombardashop.se\/image\/se_test.pdf\" target=\"_blank\"> <img decoding=\"async\" src=\"http:\/\/www.bombardashop.se\/image\/mit_fiske.jpeg\" width=\"250px\" \/><\/a><\/p>\n<p>&nbsp;<\/p>\n[\/et_pb_text][et_pb_divider admin_label=&#8221;Divider&#8221; color=&#8221;#000000&#8243; show_divider=&#8221;on&#8221; divider_style=&#8221;solid&#8221; divider_position=&#8221;top&#8221; hide_on_mobile=&#8221;on&#8221;] [\/et_pb_divider][et_pb_text admin_label=&#8221;Alla typer av den patenterade *) &#8221; background_layout=&#8221;light&#8221; text_orientation=&#8221;left&#8221; use_border_color=&#8221;off&#8221; border_color=&#8221;#ffffff&#8221; border_style=&#8221;solid&#8221;]\n<p>Alla typer av den patenterade *) INNO Bombarda levereras med en specialdesignad multi INNO-sticka med f\u00f6tesstopp och \u00f6glor f\u00f6r montering av betesl\u00e5s eller linor. Detta g\u00f6r att Inno-Bombarda anv\u00e4nds utan tejpade\/spunna tafsar, som d\u00e4rmed sparas.<br \/>\nMed detta system, blir det inget slitage p\u00e5 linor och knutar, som i fallet med vanliga Bombardafl\u00f6ten, d\u00e4r fl\u00f6tet sliter p\u00e5 linan och n\u00f6ter knuten p\u00e5 lekaren.<br \/>\nINNO-stickan framf\u00f6r fl\u00f6tet minimerar lintrassel vid kast genom det l\u00e4ngre avst\u00e5ndet mellan linorna.<\/p>\n<p>Vid monteringen g\u00f6r man en stor lin\u00f6gla som knyts med kirurgknut, lin\u00f6glan tr\u00e4s igenom \u00f6glan p\u00e5 betesl\u00e5set och ner runt fl\u00f6tet och tillbaka igen och dras \u00e5t.<\/p>\n[\/et_pb_text][et_pb_image admin_label=&#8221;Image&#8221; src=&#8221;http:\/\/bombardashop.com\/wp-content\/uploads\/2016\/08\/bombarda_med_kirurg_knude_og_rapala_forfang.jpg&#8221; show_in_lightbox=&#8221;off&#8221; url_new_window=&#8221;off&#8221; use_overlay=&#8221;off&#8221; animation=&#8221;left&#8221; sticky=&#8221;off&#8221; align=&#8221;left&#8221; force_fullwidth=&#8221;off&#8221; always_center_on_mobile=&#8221;on&#8221; use_border_color=&#8221;off&#8221; border_color=&#8221;#ffffff&#8221; border_style=&#8221;solid&#8221;] [\/et_pb_image][et_pb_text admin_label=&#8221;Att anv\u00e4nda betesl\u00e5s &#8221; background_layout=&#8221;light&#8221; text_orientation=&#8221;left&#8221; use_border_color=&#8221;off&#8221; border_color=&#8221;#ffffff&#8221; border_style=&#8221;solid&#8221;]\n<p>Att anv\u00e4nda betesl\u00e5s g\u00f6r det m\u00f6jligt att snabbt \u00e4ndra antal s\u00e4nken p\u00e5 fl\u00f6tet, eller snabbt byta till bl\u00e4nke.<\/p>\n[\/et_pb_text][et_pb_image admin_label=&#8221;Image&#8221; src=&#8221;http:\/\/bombardashop.com\/wp-content\/uploads\/2016\/08\/tegning_2_wobler-2.jpg&#8221; show_in_lightbox=&#8221;off&#8221; url_new_window=&#8221;off&#8221; use_overlay=&#8221;off&#8221; animation=&#8221;left&#8221; sticky=&#8221;off&#8221; align=&#8221;left&#8221; force_fullwidth=&#8221;off&#8221; always_center_on_mobile=&#8221;on&#8221; use_border_color=&#8221;off&#8221; border_color=&#8221;#ffffff&#8221; border_style=&#8221;solid&#8221;] [\/et_pb_image][et_pb_text admin_label=&#8221;Betesl\u00e5set fungerar ocks\u00e5 &#8221; background_layout=&#8221;light&#8221; text_orientation=&#8221;left&#8221; use_border_color=&#8221;off&#8221; border_color=&#8221;#ffffff&#8221; border_style=&#8221;solid&#8221;]\n<p>Betesl\u00e5set fungerar ocks\u00e5 som ett l\u00e5s, vid fiske med stora flugor och sm\u00e5 wobblers.<\/p>\n<p>INNO-stickans \u00f6glor har en brottstyrka p\u00e5 hela 20 kg.<br \/>\nDen symetriskt runda formen p\u00e5 INNO Bombardafl\u00f6tet g\u00f6r det m\u00f6jligt att b\u00e4ttre bibeh\u00e5lla \u00f6nskat djupg\u00e5ende vid snabb inspinning \u00e4n med vanliga bombardafl\u00f6ten som snabbt planar p\u00e5 ytan.<\/p>\n[\/et_pb_text][et_pb_text admin_label=&#8221;Shopping Info&#8221; background_layout=&#8221;light&#8221; text_orientation=&#8221;left&#8221; use_border_color=&#8221;off&#8221; border_color=&#8221;#ffffff&#8221; border_style=&#8221;solid&#8221;]\n<h1>Shopping Info:<\/h1>\n<p>Handelsvillkor<\/p>\n[\/et_pb_text][et_pb_image admin_label=&#8221;Image&#8221; src=&#8221;http:\/\/bombardashop.com\/wp-content\/uploads\/2016\/10\/tegning_3_flue-1.jpg&#8221; show_in_lightbox=&#8221;off&#8221; url_new_window=&#8221;off&#8221; use_overlay=&#8221;off&#8221; animation=&#8221;left&#8221; sticky=&#8221;off&#8221; align=&#8221;left&#8221; force_fullwidth=&#8221;off&#8221; always_center_on_mobile=&#8221;on&#8221; use_border_color=&#8221;off&#8221; border_color=&#8221;#ffffff&#8221; border_style=&#8221;solid&#8221;] [\/et_pb_image][et_pb_text admin_label=&#8221;Text*)Inno-Bombardafl\u00f6ten&#8221; background_layout=&#8221;light&#8221; text_orientation=&#8221;left&#8221; use_border_color=&#8221;off&#8221; border_color=&#8221;#ffffff&#8221; border_style=&#8221;solid&#8221;]\n<p>*)Inno-Bombardafl\u00f6ten \u00e4r patenterade i EU. Nr. 002606111-0001 och 002606111-0002<\/p>\n[\/et_pb_text][\/et_pb_column][et_pb_column type=&#8221;2_3&#8243;][\/et_pb_column][\/et_pb_row][\/et_pb_section]\n","protected":false},"excerpt":{"rendered":"<p>[et_pb_section admin_label=&#8221;section&#8221;][et_pb_row admin_label=&#8221;row&#8221;][et_pb_column type=&#8221;4_4&#8243;][et_pb_image admin_label=&#8221;forside billed&#8221; show_in_lightbox=&#8221;off&#8221; url_new_window=&#8221;off&#8221; use_overlay=&#8221;off&#8221; animation=&#8221;left&#8221; sticky=&#8221;off&#8221; align=&#8221;left&#8221; force_fullwidth=&#8221;off&#8221; always_center_on_mobile=&#8221;on&#8221; use_border_color=&#8221;off&#8221; border_color=&#8221;#ffffff&#8221; border_style=&#8221;solid&#8221;] [\/et_pb_image][\/et_pb_column][\/et_pb_row][et_pb_row admin_label=&#8221;Row&#8221;][et_pb_column type=&#8221;1_3&#8243;][et_pb_text admin_label=&#8221;INNO bombarda&#8221; background_layout=&#8221;light&#8221; text_orientation=&#8221;left&#8221; use_border_color=&#8221;off&#8221; border_color=&#8221;#ffffff&#8221; border_style=&#8221;solid&#8221;] INNO bombarda [\/et_pb_text][et_pb_text&#8230;<\/p>\n","protected":false},"author":8,"featured_media":0,"parent":0,"menu_order":0,"comment_status":"closed","ping_status":"closed","template":"","meta":{"footnotes":""},"class_list":["post-30008","page","type-page","status-publish"],"yoast_head":"<!-- This site is optimized with the Yoast SEO plugin v27.4 - https:\/\/yoast.com\/product\/yoast-seo-wordpress\/ -->\n<title>Forside - Bombardashop.com<\/title>\n<meta name=\"robots\" content=\"index, follow, max-snippet:-1, max-image-preview:large, max-video-preview:-1\" \/>\n<link rel=\"canonical\" href=\"https:\/\/bombardashop.com\/sv\/forside\/\" \/>\n<meta property=\"og:locale\" content=\"sv_SE\" \/>\n<meta property=\"og:type\" content=\"article\" \/>\n<meta property=\"og:title\" content=\"Forside - Bombardashop.com\" \/>\n<meta property=\"og:description\" content=\"[et_pb_section admin_label=&#8221;section&#8221;][et_pb_row admin_label=&#8221;row&#8221;][et_pb_column type=&#8221;4_4&#8243;][et_pb_image admin_label=&#8221;forside billed&#8221; show_in_lightbox=&#8221;off&#8221; url_new_window=&#8221;off&#8221; use_overlay=&#8221;off&#8221; animation=&#8221;left&#8221; sticky=&#8221;off&#8221; align=&#8221;left&#8221; force_fullwidth=&#8221;off&#8221; always_center_on_mobile=&#8221;on&#8221; use_border_color=&#8221;off&#8221; border_color=&#8221;#ffffff&#8221; border_style=&#8221;solid&#8221;] [\/et_pb_image][\/et_pb_column][\/et_pb_row][et_pb_row admin_label=&#8221;Row&#8221;][et_pb_column type=&#8221;1_3&#8243;][et_pb_text admin_label=&#8221;INNO bombarda&#8221; background_layout=&#8221;light&#8221; text_orientation=&#8221;left&#8221; use_border_color=&#8221;off&#8221; border_color=&#8221;#ffffff&#8221; border_style=&#8221;solid&#8221;] INNO bombarda [\/et_pb_text][et_pb_text...\" \/>\n<meta property=\"og:url\" content=\"https:\/\/bombardashop.com\/sv\/forside\/\" \/>\n<meta property=\"og:site_name\" content=\"Bombardashop.com\" \/>\n<meta property=\"article:modified_time\" content=\"2016-11-06T16:40:31+00:00\" \/>\n<meta property=\"og:image\" content=\"http:\/\/www.bombardashop.se\/image\/mit_fiske.jpeg\" \/>\n<meta name=\"twitter:card\" content=\"summary_large_image\" \/>\n<meta name=\"twitter:label1\" content=\"Ber\u00e4knad l\u00e4stid\" \/>\n\t<meta name=\"twitter:data1\" content=\"4 minuter\" \/>\n<script type=\"application\/ld+json\" class=\"yoast-schema-graph\">{\"@context\":\"https:\\\/\\\/schema.org\",\"@graph\":[{\"@type\":\"WebPage\",\"@id\":\"https:\\\/\\\/bombardashop.com\\\/sv\\\/forside\\\/\",\"url\":\"https:\\\/\\\/bombardashop.com\\\/sv\\\/forside\\\/\",\"name\":\"Forside - Bombardashop.com\",\"isPartOf\":{\"@id\":\"https:\\\/\\\/bombardashop.com\\\/#website\"},\"primaryImageOfPage\":{\"@id\":\"https:\\\/\\\/bombardashop.com\\\/sv\\\/forside\\\/#primaryimage\"},\"image\":{\"@id\":\"https:\\\/\\\/bombardashop.com\\\/sv\\\/forside\\\/#primaryimage\"},\"thumbnailUrl\":\"http:\\\/\\\/www.bombardashop.se\\\/image\\\/mit_fiske.jpeg\",\"datePublished\":\"2016-08-30T18:19:33+00:00\",\"dateModified\":\"2016-11-06T16:40:31+00:00\",\"breadcrumb\":{\"@id\":\"https:\\\/\\\/bombardashop.com\\\/sv\\\/forside\\\/#breadcrumb\"},\"inLanguage\":\"sv-SE\",\"potentialAction\":[{\"@type\":\"ReadAction\",\"target\":[\"https:\\\/\\\/bombardashop.com\\\/sv\\\/forside\\\/\"]}]},{\"@type\":\"ImageObject\",\"inLanguage\":\"sv-SE\",\"@id\":\"https:\\\/\\\/bombardashop.com\\\/sv\\\/forside\\\/#primaryimage\",\"url\":\"http:\\\/\\\/www.bombardashop.se\\\/image\\\/mit_fiske.jpeg\",\"contentUrl\":\"http:\\\/\\\/www.bombardashop.se\\\/image\\\/mit_fiske.jpeg\"},{\"@type\":\"BreadcrumbList\",\"@id\":\"https:\\\/\\\/bombardashop.com\\\/sv\\\/forside\\\/#breadcrumb\",\"itemListElement\":[{\"@type\":\"ListItem\",\"position\":1,\"name\":\"Hjem\",\"item\":\"https:\\\/\\\/bombardashop.com\\\/sv\\\/\"},{\"@type\":\"ListItem\",\"position\":2,\"name\":\"Forside\"}]},{\"@type\":\"WebSite\",\"@id\":\"https:\\\/\\\/bombardashop.com\\\/#website\",\"url\":\"https:\\\/\\\/bombardashop.com\\\/\",\"name\":\"Bombardashop.com\",\"description\":\"Bombardashop.com\",\"potentialAction\":[{\"@type\":\"SearchAction\",\"target\":{\"@type\":\"EntryPoint\",\"urlTemplate\":\"https:\\\/\\\/bombardashop.com\\\/?s={search_term_string}\"},\"query-input\":{\"@type\":\"PropertyValueSpecification\",\"valueRequired\":true,\"valueName\":\"search_term_string\"}}],\"inLanguage\":\"sv-SE\"}]}<\/script>\n<!-- \/ Yoast SEO plugin. -->","yoast_head_json":{"title":"Forside - Bombardashop.com","robots":{"index":"index","follow":"follow","max-snippet":"max-snippet:-1","max-image-preview":"max-image-preview:large","max-video-preview":"max-video-preview:-1"},"canonical":"https:\/\/bombardashop.com\/sv\/forside\/","og_locale":"sv_SE","og_type":"article","og_title":"Forside - Bombardashop.com","og_description":"[et_pb_section admin_label=&#8221;section&#8221;][et_pb_row admin_label=&#8221;row&#8221;][et_pb_column type=&#8221;4_4&#8243;][et_pb_image admin_label=&#8221;forside billed&#8221; show_in_lightbox=&#8221;off&#8221; url_new_window=&#8221;off&#8221; use_overlay=&#8221;off&#8221; animation=&#8221;left&#8221; sticky=&#8221;off&#8221; align=&#8221;left&#8221; force_fullwidth=&#8221;off&#8221; always_center_on_mobile=&#8221;on&#8221; use_border_color=&#8221;off&#8221; border_color=&#8221;#ffffff&#8221; border_style=&#8221;solid&#8221;] [\/et_pb_image][\/et_pb_column][\/et_pb_row][et_pb_row admin_label=&#8221;Row&#8221;][et_pb_column type=&#8221;1_3&#8243;][et_pb_text admin_label=&#8221;INNO bombarda&#8221; background_layout=&#8221;light&#8221; text_orientation=&#8221;left&#8221; use_border_color=&#8221;off&#8221; border_color=&#8221;#ffffff&#8221; border_style=&#8221;solid&#8221;] INNO bombarda [\/et_pb_text][et_pb_text...","og_url":"https:\/\/bombardashop.com\/sv\/forside\/","og_site_name":"Bombardashop.com","article_modified_time":"2016-11-06T16:40:31+00:00","og_image":[{"url":"http:\/\/www.bombardashop.se\/image\/mit_fiske.jpeg","type":"","width":"","height":""}],"twitter_card":"summary_large_image","twitter_misc":{"Ber\u00e4knad l\u00e4stid":"4 minuter"},"schema":{"@context":"https:\/\/schema.org","@graph":[{"@type":"WebPage","@id":"https:\/\/bombardashop.com\/sv\/forside\/","url":"https:\/\/bombardashop.com\/sv\/forside\/","name":"Forside - Bombardashop.com","isPartOf":{"@id":"https:\/\/bombardashop.com\/#website"},"primaryImageOfPage":{"@id":"https:\/\/bombardashop.com\/sv\/forside\/#primaryimage"},"image":{"@id":"https:\/\/bombardashop.com\/sv\/forside\/#primaryimage"},"thumbnailUrl":"http:\/\/www.bombardashop.se\/image\/mit_fiske.jpeg","datePublished":"2016-08-30T18:19:33+00:00","dateModified":"2016-11-06T16:40:31+00:00","breadcrumb":{"@id":"https:\/\/bombardashop.com\/sv\/forside\/#breadcrumb"},"inLanguage":"sv-SE","potentialAction":[{"@type":"ReadAction","target":["https:\/\/bombardashop.com\/sv\/forside\/"]}]},{"@type":"ImageObject","inLanguage":"sv-SE","@id":"https:\/\/bombardashop.com\/sv\/forside\/#primaryimage","url":"http:\/\/www.bombardashop.se\/image\/mit_fiske.jpeg","contentUrl":"http:\/\/www.bombardashop.se\/image\/mit_fiske.jpeg"},{"@type":"BreadcrumbList","@id":"https:\/\/bombardashop.com\/sv\/forside\/#breadcrumb","itemListElement":[{"@type":"ListItem","position":1,"name":"Hjem","item":"https:\/\/bombardashop.com\/sv\/"},{"@type":"ListItem","position":2,"name":"Forside"}]},{"@type":"WebSite","@id":"https:\/\/bombardashop.com\/#website","url":"https:\/\/bombardashop.com\/","name":"Bombardashop.com","description":"Bombardashop.com","potentialAction":[{"@type":"SearchAction","target":{"@type":"EntryPoint","urlTemplate":"https:\/\/bombardashop.com\/?s={search_term_string}"},"query-input":{"@type":"PropertyValueSpecification","valueRequired":true,"valueName":"search_term_string"}}],"inLanguage":"sv-SE"}]}},"_links":{"self":[{"href":"https:\/\/bombardashop.com\/sv\/wp-json\/wp\/v2\/pages\/30008","targetHints":{"allow":["GET"]}}],"collection":[{"href":"https:\/\/bombardashop.com\/sv\/wp-json\/wp\/v2\/pages"}],"about":[{"href":"https:\/\/bombardashop.com\/sv\/wp-json\/wp\/v2\/types\/page"}],"author":[{"embeddable":true,"href":"https:\/\/bombardashop.com\/sv\/wp-json\/wp\/v2\/users\/8"}],"replies":[{"embeddable":true,"href":"https:\/\/bombardashop.com\/sv\/wp-json\/wp\/v2\/comments?post=30008"}],"version-history":[{"count":0,"href":"https:\/\/bombardashop.com\/sv\/wp-json\/wp\/v2\/pages\/30008\/revisions"}],"wp:attachment":[{"href":"https:\/\/bombardashop.com\/sv\/wp-json\/wp\/v2\/media?parent=30008"}],"curies":[{"name":"wp","href":"https:\/\/api.w.org\/{rel}","templated":true}]}}