
{"id":29987,"date":"2016-10-14T10:21:25","date_gmt":"2016-10-14T08:21:25","guid":{"rendered":"http:\/\/bombardashop.com\/become-a-dealer\/?lang=sv"},"modified":"2019-11-27T15:22:08","modified_gmt":"2019-11-27T14:22:08","slug":"read-more","status":"publish","type":"page","link":"https:\/\/bombardashop.com\/sv\/read-more\/","title":{"rendered":"L\u00c4S MER"},"content":{"rendered":"[vc_row type=&#8221;in_container&#8221; full_screen_row_position=&#8221;middle&#8221; column_margin=&#8221;default&#8221; scene_position=&#8221;center&#8221; text_color=&#8221;dark&#8221; text_align=&#8221;left&#8221; overlay_strength=&#8221;0.3&#8243; shape_divider_position=&#8221;bottom&#8221; bg_image_animation=&#8221;none&#8221;][vc_column column_padding=&#8221;no-extra-padding&#8221; column_padding_position=&#8221;all&#8221; background_color_opacity=&#8221;1&#8243; background_hover_color_opacity=&#8221;1&#8243; column_link_target=&#8221;_self&#8221; column_shadow=&#8221;none&#8221; column_border_radius=&#8221;none&#8221; width=&#8221;1\/1&#8243; tablet_width_inherit=&#8221;default&#8221; tablet_text_alignment=&#8221;default&#8221; phone_text_alignment=&#8221;default&#8221; overlay_strength=&#8221;0.3&#8243; column_border_width=&#8221;none&#8221; column_border_style=&#8221;solid&#8221; bg_image_animation=&#8221;none&#8221;][vc_column_text]\n<h1>S\u00e5 effektiv \u00e4r INNO-Bombarda fl\u00f6t<\/h1>\n[\/vc_column_text][divider line_type=&#8221;No Line&#8221; custom_height=&#8221;40&#8243;][\/vc_column][\/vc_row][vc_row type=&#8221;in_container&#8221; full_screen_row_position=&#8221;middle&#8221; column_margin=&#8221;default&#8221; scene_position=&#8221;center&#8221; text_color=&#8221;dark&#8221; text_align=&#8221;left&#8221; overlay_strength=&#8221;0.3&#8243; shape_divider_position=&#8221;bottom&#8221; bg_image_animation=&#8221;none&#8221;][vc_column column_padding=&#8221;no-extra-padding&#8221; column_padding_position=&#8221;all&#8221; background_color_opacity=&#8221;1&#8243; background_hover_color_opacity=&#8221;1&#8243; column_link_target=&#8221;_self&#8221; column_shadow=&#8221;none&#8221; column_border_radius=&#8221;none&#8221; width=&#8221;1\/2&#8243; tablet_width_inherit=&#8221;default&#8221; tablet_text_alignment=&#8221;default&#8221; phone_text_alignment=&#8221;default&#8221; overlay_strength=&#8221;0.3&#8243; column_border_width=&#8221;none&#8221; column_border_style=&#8221;solid&#8221; bg_image_animation=&#8221;none&#8221;][vc_column_text]\n<h3>Testat av Fisk og Fri<img loading=\"lazy\" decoding=\"async\" class=\"size-full wp-image-28827 alignright\" src=\"https:\/\/bombardashop.sky457.dk\/wp-content\/uploads\/2016\/10\/fisk_og_fri_bombarda.jpg\" sizes=\"auto, (max-width: 259px) 100vw, 259px\" srcset=\"https:\/\/bombardashop.sky457.dk\/wp-content\/uploads\/2016\/10\/fisk_og_fri_bombarda.jpg 259w, https:\/\/bombardashop.sky457.dk\/wp-content\/uploads\/2016\/10\/fisk_og_fri_bombarda-255x69.jpg 255w\" alt=\"fisk_og_fri_bombarda\" width=\"259\" height=\"69\" \/><\/h3>\n<p>Inno-bombarda \u00e4r namnet p\u00e5 ett nytt, patenterat, danskdesignat bombardafl\u00f6te fr\u00e5n 2014, som l\u00f6ser en rad av de problem man har med de traditionella bombardafl\u00f6tena. Detta nya bombardafl\u00f6te \u00e4r helt klart den mest sp\u00e4nnande nyheten inom bombardafl\u00f6ten och kastadobbar p\u00e5 \u00e5rtionden \u2013 och kravet p\u00e5 minimalt trassel kombinerat med l\u00e5nga kast \u2013 fixar detta b\u00e4ttre \u00e4n vissa andra fl\u00f6ten p\u00e5 marknaden.<br \/>\nFl\u00f6tet som uppfanns av dansken Martin Buch, liknar inget av de befintliga bombardafl\u00f6tena \u2013 och tar tag i problemet med \u00e5terl\u00f6p av tacklet perfekt, n\u00e4r den \u00e4r monterad med ett fast montage i varje \u00e4nde. Fl\u00f6tet har ingen styrpinne p\u00e5 baksidan, men d\u00e4remot en integrerad anti-trassel inno-sticka p\u00e5 framsidan. Kombinationen av den fasta monteringen och den unika konstruktionen g\u00f6r att det \u00e4r n\u00e4rmast om\u00f6jligt att f\u00e5 trassel \u2013 \u00e4ven n\u00e4r man kastar under de sv\u00e5raste f\u00f6rh\u00e5llandena \u2013 s\u00e5som h\u00e5rd medvind eller sidvind fr\u00e5n kastarmsidan. Men inte nog med att det \u00e4r trassels\u00e4kert \u2013 det kastar samtidigt suver\u00e4nt. Dessutom bibeh\u00e5ller fl\u00f6tet djupet \u00e4ven vid h\u00f6g hastighet, ger perfekt presentation \u2013 och \u00e4r extremt l\u00e4tt att av och s\u00e4tta p\u00e5. Fl\u00f6tet kan l\u00e4tt \u00e4ndras med ett betesl\u00e5s p\u00e5 baksidan \u2013 och erbjuder i \u00f6vrigt stor flexibilitet, eftersom det ocks\u00e5 kan anv\u00e4ndas uteslutande f\u00e4st i baksidan, som viktlast t.ex. vid spinnflugfiske i str\u00f6mmt vatten. P\u00e5 grund av spetsen som sl\u00e4par \u00f6ver botten, s\u00e5 fastnar det inte s\u00e5 l\u00e4tt.[\/vc_column_text][image_with_animation image_url=&#8221;28833&#8243; alignment=&#8221;center&#8221; animation=&#8221;Fade In&#8221; hover_animation=&#8221;none&#8221; border_radius=&#8221;none&#8221; box_shadow=&#8221;none&#8221; image_loading=&#8221;default&#8221; max_width=&#8221;100%&#8221; max_width_mobile=&#8221;default&#8221;][vc_column_text]\n<div class=\"et_pb_module et_pb_text et_pb_text_4 et_pb_bg_layout_light et_pb_text_align_left\">\n<div class=\"et_pb_text_inner\">\n<p>Fast montering d\u00e4r inno-stickan \u00e4r f\u00e4st vid huvudlinan med ett litet betesl\u00e5s, s\u00e5 stickan inte kan glida fram\u00e5t och orsaka \u00e5terl\u00f6p, \u00e4r enligt min mening absolut b\u00e4st, enklaste att anv\u00e4nda och mest trassels\u00e4ker. Oavsett om du kastar med guidade kast, snabba sn\u00e4rtiga kast eller med linan liggande p\u00e5 ytan s\u00e5 blir det inget trassel. Inno-bombardan kan dock ocks\u00e5 monteras glidande med en \u00f6gla i slutet av huvudlinan, men det st\u00e4ller st\u00f6rre krav p\u00e5 fullst\u00e4ndigt enhetliga och j\u00e4mnt accelererande kast, d\u00e4r linan \u00e4r helt str\u00e4ckt \u2013 hela tiden. Glidmontaget kan ocks\u00e5 g\u00f6ras semifixerat genom att trycka en bit av ett tjockt silikonr\u00f6r \u00f6ver \u00f6glan, varefter r\u00f6ret skjuts upp \u00f6ver bakre \u00e4nden av stickan hela v\u00e4gen upp till fl\u00f6tet. Men \u00e5terigen \u2013 s\u00e5 \u00e4r betesl\u00e5s mycket l\u00e4ttare att arbeta med i praktiken \u2013 och \u00e4r n\u00e4stan lika elegant rent presentationsm\u00e4ssigt.<\/p>\n<p>Inno bombardarna fr\u00e5n www.bombardashop.se finns i flytande, sv\u00e4vande och sjunkande versioner med vikter fr\u00e5n 15-35 gram.<\/p>\n<p><b><i>Jens Bursell<br \/>\n<\/i><\/b>Fisk og Fri<\/p>\n<\/div>\n<\/div>\n[\/vc_column_text][divider line_type=&#8221;No Line&#8221; custom_height=&#8221;40&#8243;][divider line_type=&#8221;Full Width Line&#8221; line_thickness=&#8221;1&#8243; divider_color=&#8221;default&#8221; animate=&#8221;yes&#8221;][divider line_type=&#8221;No Line&#8221; custom_height=&#8221;40&#8243;][vc_column_text]\n<h3>\u00d6KA DIN F\u00c5NGST FR\u00c5N 50- TILL 90% AV DEN FISK DU HAR KONTAKT MED<\/h3>\n<p>Som fritidsfiskare l\u00e4gger vi mycket tid och pengar p\u00e5 utrustningen \u2013 kl\u00e4der, sp\u00f6n, rullar och beten som vi k\u00f6per f\u00f6r att f\u00e5nga mer fisk. Kontakten mellan oss och fisken sker via en sak \u2013 kroken. Med de traditionella och v\u00e4lbekanta fisketekniker som vi anv\u00e4nder idag tappar \u00e4ven erfarna fiskare ca 50% av fisken man har kontakt med.<\/p>\n<p>F\u00f6r att minimera problemet, har Jens Bursell fr\u00e5n Fisk och Fri utvecklat nya montagetekniker \u2013 t.ex. L-riggar och Release-tackel med sm\u00e5 trekrokar av typen Owner ST 36 BCX storlek 12 \u2013 18 f\u00f6r tubflugor.<\/p>\n<p>Jens Bursell och hans testfiskare har under n\u00e5gra \u00e5r f\u00f6rt statistik \u00f6ver f\u00e5ngstf\u00f6rm\u00e5gan hos normala kustflugor och sm\u00e5krokstackel. Resultatet \u00e4r f\u00f6ljande. Traditionella enkroksflugor stlk. 10-2: 1001 kontakter, 429 landade = 43%, tubfluga med L-rigg: 688 kontakter, 628 landade = 91%, stora kustflugor p\u00e5 release-tackel: 371 kontakter, 330 landade = 89%. S\u00e5 i praktiken kan du dubbla dina f\u00e5ngster genom att byta till sm\u00e5krokstackel. Skillnaderna \u00e4r alla statistiskt signifikanta (X 2, p &lt; 0.001) \u2013 bland dessa \u00e4r 15 fiskar \u00f6ver 5 kilo upp till 10 kilo.<\/p>\n<p>Under hugget och kampen \u00e4r det cirka 1 kg dragbelastning p\u00e5 krok och sp\u00f6. Sm\u00e5 krokar g\u00f6r att spetsen och hullingen l\u00e4ttare tr\u00e4nger in i alla delar av fiskens mun, \u00e4ven i den h\u00e5rda k\u00e4ken, d\u00e4r stora krokar inte kan f\u00e5 f\u00e4ste[\/vc_column_text][image_with_animation image_url=&#8221;35908&#8243; alignment=&#8221;center&#8221; animation=&#8221;Fade In&#8221; hover_animation=&#8221;none&#8221; border_radius=&#8221;none&#8221; box_shadow=&#8221;none&#8221; image_loading=&#8221;default&#8221; max_width=&#8221;100%&#8221; max_width_mobile=&#8221;default&#8221;][divider line_type=&#8221;No Line&#8221; custom_height=&#8221;40&#8243;][vc_column_text]\n<div class=\"et_pb_module et_pb_text et_pb_text_6 et_pb_bg_layout_light et_pb_text_align_left\">\n<div class=\"et_pb_text_inner\">\n<p>B\u00e4sta kroken f\u00f6r detta \u00e4ndam\u00e5l \u00e4r trekroken Owner ST 36 BC X som anv\u00e4nds till tubflugor. F\u00f6r st\u00f6rre flugor anv\u00e4nds stlk. 12-14 och till mindre flugor stlk. 14-18.<\/p>\n<\/div>\n<\/div>\n[\/vc_column_text][divider line_type=&#8221;No Line&#8221; custom_height=&#8221;40&#8243;][divider line_type=&#8221;Full Width Line&#8221; line_thickness=&#8221;1&#8243; divider_color=&#8221;default&#8221; animate=&#8221;yes&#8221;][divider line_type=&#8221;No Line&#8221; custom_height=&#8221;40&#8243;][vc_column_text]\n<h3>L-RIGG OCH RELEASE MONTAGE<\/h3>\n<p>Jens Bursell[\/vc_column_text][image_with_animation image_url=&#8221;28831&#8243; alignment=&#8221;center&#8221; animation=&#8221;Fade In&#8221; hover_animation=&#8221;none&#8221; border_radius=&#8221;none&#8221; box_shadow=&#8221;none&#8221; image_loading=&#8221;default&#8221; max_width=&#8221;100%&#8221; max_width_mobile=&#8221;default&#8221;][divider line_type=&#8221;No Line&#8221; custom_height=&#8221;40&#8243;][vc_column_text]Elastisk-release tubflugan ger en extremt h\u00f6g landningsprocent och \u00e4r ett perfekt s\u00e4tt att finslipa sitt bombardafiske p\u00e5. F\u00f6rdelen med detta tackel \u00e4r att kroken kan r\u00f6ra sig fram\u00e5t och kroka fisken \u2013 \u00e4ven om flugan \u00e4r l\u00e5st mellan k\u00e4karna. Detta l\u00e5ter sig inte g\u00f6ras med n\u00e5got annat flugsystem. Detta \u00e4r en super-effektiv metod med en f\u00e5ngstf\u00f6rm\u00e5ga p\u00e5 \u00f6ver 90 % \u2013 s\u00e4rskilt vid bombardafiske.[\/vc_column_text][image_with_animation image_url=&#8221;28828&#8243; alignment=&#8221;center&#8221; animation=&#8221;Fade In&#8221; hover_animation=&#8221;none&#8221; border_radius=&#8221;none&#8221; box_shadow=&#8221;none&#8221; image_loading=&#8221;default&#8221; max_width=&#8221;100%&#8221; max_width_mobile=&#8221;default&#8221;][vc_column_text]Det tar bara 40 sekunder att g\u00f6ra en L-rigg, den \u00e4r det enklaste montaget av tubflugor. H\u00e4r visas den semifixerade versionen, det \u00e4r den b\u00e4sta allroundl\u00f6sningen f\u00f6r de flesta sm\u00e5- och medelstora flugor. 91 % f\u00e5ngstf\u00f6rm\u00e5ga.[\/vc_column_text][image_with_animation image_url=&#8221;28829&#8243; alignment=&#8221;center&#8221; animation=&#8221;Fade In&#8221; hover_animation=&#8221;none&#8221; border_radius=&#8221;none&#8221; box_shadow=&#8221;none&#8221; image_loading=&#8221;default&#8221; max_width=&#8221;100%&#8221; max_width_mobile=&#8221;default&#8221;][divider line_type=&#8221;No Line&#8221; custom_height=&#8221;40&#8243;][vc_column_text]Releasefluga \u2013 h\u00e4r med l\u00f6st h\u00e4ngande krok. Flugan \u00e4r bunden p\u00e5 en enkelkrok, d\u00e4r krokspetsen \u00e4r avklippt. Kroktacklet \u00e4r semifixerat p\u00e5 det bak\u00e5tst\u00e5ende krokgapet med en bit silikonr\u00f6r. Framf\u00f6r \u00e4r linan monterad i krok\u00f6glan p\u00e5 enkelkroken via ett flugbetesl\u00e5s storlek 2. Detta tackel \u00e4r det b\u00e4sta valet f\u00f6r de n\u00e5got st\u00f6rre flugorna som t.ex. \u201dPattegrisen\u201d och tobisflugor. Kroken kan ocks\u00e5 f\u00e4stas med en \u201dnot-a-knot\u201d. 90 % f\u00e5ngstf\u00f6rm\u00e5ga.[\/vc_column_text][image_with_animation image_url=&#8221;28830&#8243; alignment=&#8221;center&#8221; animation=&#8221;Fade In&#8221; hover_animation=&#8221;none&#8221; border_radius=&#8221;none&#8221; box_shadow=&#8221;none&#8221; image_loading=&#8221;default&#8221; max_width=&#8221;100%&#8221; max_width_mobile=&#8221;default&#8221;][\/vc_column][vc_column column_padding=&#8221;no-extra-padding&#8221; column_padding_position=&#8221;all&#8221; background_color_opacity=&#8221;1&#8243; background_hover_color_opacity=&#8221;1&#8243; column_link_target=&#8221;_self&#8221; column_shadow=&#8221;none&#8221; column_border_radius=&#8221;none&#8221; width=&#8221;1\/2&#8243; tablet_width_inherit=&#8221;default&#8221; tablet_text_alignment=&#8221;default&#8221; phone_text_alignment=&#8221;default&#8221; overlay_strength=&#8221;0.3&#8243; column_border_width=&#8221;none&#8221; column_border_style=&#8221;solid&#8221; bg_image_animation=&#8221;none&#8221;][vc_column_text]\n<h3>Read more<\/h3>\n<ul>\n<li>Testat av Fisk och Fri<\/li>\n<li>\u00d6KA DIN F\u00c5NGST FR\u00c5N 50- TILL 90% AV DEN FISK DU HAR KONTAKT MED<\/li>\n<li>L-RIGG OCH RELEASE MONTAGE<\/li>\n<\/ul>\n[\/vc_column_text][image_with_animation image_url=&#8221;28836&#8243; alignment=&#8221;center&#8221; animation=&#8221;Fade In&#8221; hover_animation=&#8221;none&#8221; border_radius=&#8221;none&#8221; box_shadow=&#8221;none&#8221; image_loading=&#8221;default&#8221; max_width=&#8221;100%&#8221; max_width_mobile=&#8221;default&#8221;][\/vc_column][\/vc_row]\n","protected":false},"excerpt":{"rendered":"<p>[vc_row type=&#8221;in_container&#8221; full_screen_row_position=&#8221;middle&#8221; column_margin=&#8221;default&#8221; scene_position=&#8221;center&#8221; text_color=&#8221;dark&#8221; text_align=&#8221;left&#8221; overlay_strength=&#8221;0.3&#8243; shape_divider_position=&#8221;bottom&#8221; bg_image_animation=&#8221;none&#8221;][vc_column column_padding=&#8221;no-extra-padding&#8221; column_padding_position=&#8221;all&#8221; background_color_opacity=&#8221;1&#8243; background_hover_color_opacity=&#8221;1&#8243; column_link_target=&#8221;_self&#8221; column_shadow=&#8221;none&#8221; column_border_radius=&#8221;none&#8221; width=&#8221;1\/1&#8243; tablet_width_inherit=&#8221;default&#8221; tablet_text_alignment=&#8221;default&#8221; phone_text_alignment=&#8221;default&#8221; overlay_strength=&#8221;0.3&#8243; column_border_width=&#8221;none&#8221; column_border_style=&#8221;solid&#8221; bg_image_animation=&#8221;none&#8221;][vc_column_text] S\u00e5 effektiv \u00e4r INNO-Bombarda fl\u00f6t&#8230;<\/p>\n","protected":false},"author":8,"featured_media":0,"parent":0,"menu_order":0,"comment_status":"closed","ping_status":"closed","template":"","meta":{"footnotes":""},"class_list":["post-29987","page","type-page","status-publish"],"yoast_head":"<!-- This site is optimized with the Yoast SEO plugin v27.4 - https:\/\/yoast.com\/product\/yoast-seo-wordpress\/ -->\n<title>L\u00c4S MER - Bombardashop.com<\/title>\n<meta name=\"robots\" content=\"index, follow, max-snippet:-1, max-image-preview:large, max-video-preview:-1\" \/>\n<link rel=\"canonical\" href=\"https:\/\/bombardashop.com\/sv\/read-more\/\" \/>\n<meta property=\"og:locale\" content=\"sv_SE\" \/>\n<meta property=\"og:type\" content=\"article\" \/>\n<meta property=\"og:title\" content=\"L\u00c4S MER - Bombardashop.com\" \/>\n<meta property=\"og:description\" content=\"[vc_row type=&#8221;in_container&#8221; full_screen_row_position=&#8221;middle&#8221; column_margin=&#8221;default&#8221; scene_position=&#8221;center&#8221; text_color=&#8221;dark&#8221; text_align=&#8221;left&#8221; overlay_strength=&#8221;0.3&#8243; shape_divider_position=&#8221;bottom&#8221; bg_image_animation=&#8221;none&#8221;][vc_column column_padding=&#8221;no-extra-padding&#8221; column_padding_position=&#8221;all&#8221; background_color_opacity=&#8221;1&#8243; background_hover_color_opacity=&#8221;1&#8243; column_link_target=&#8221;_self&#8221; column_shadow=&#8221;none&#8221; column_border_radius=&#8221;none&#8221; width=&#8221;1\/1&#8243; tablet_width_inherit=&#8221;default&#8221; tablet_text_alignment=&#8221;default&#8221; phone_text_alignment=&#8221;default&#8221; overlay_strength=&#8221;0.3&#8243; column_border_width=&#8221;none&#8221; column_border_style=&#8221;solid&#8221; bg_image_animation=&#8221;none&#8221;][vc_column_text] S\u00e5 effektiv \u00e4r INNO-Bombarda fl\u00f6t...\" \/>\n<meta property=\"og:url\" content=\"https:\/\/bombardashop.com\/sv\/read-more\/\" \/>\n<meta property=\"og:site_name\" content=\"Bombardashop.com\" \/>\n<meta property=\"article:modified_time\" content=\"2019-11-27T14:22:08+00:00\" \/>\n<meta property=\"og:image\" content=\"https:\/\/bombardashop.sky457.dk\/wp-content\/uploads\/2016\/10\/fisk_og_fri_bombarda.jpg\" \/>\n<meta name=\"twitter:card\" content=\"summary_large_image\" \/>\n<meta name=\"twitter:label1\" content=\"Ber\u00e4knad l\u00e4stid\" \/>\n\t<meta name=\"twitter:data1\" content=\"8 minuter\" \/>\n<script type=\"application\/ld+json\" class=\"yoast-schema-graph\">{\"@context\":\"https:\\\/\\\/schema.org\",\"@graph\":[{\"@type\":\"WebPage\",\"@id\":\"https:\\\/\\\/bombardashop.com\\\/sv\\\/read-more\\\/\",\"url\":\"https:\\\/\\\/bombardashop.com\\\/sv\\\/read-more\\\/\",\"name\":\"L\u00c4S MER - Bombardashop.com\",\"isPartOf\":{\"@id\":\"https:\\\/\\\/bombardashop.com\\\/#website\"},\"primaryImageOfPage\":{\"@id\":\"https:\\\/\\\/bombardashop.com\\\/sv\\\/read-more\\\/#primaryimage\"},\"image\":{\"@id\":\"https:\\\/\\\/bombardashop.com\\\/sv\\\/read-more\\\/#primaryimage\"},\"thumbnailUrl\":\"https:\\\/\\\/bombardashop.sky457.dk\\\/wp-content\\\/uploads\\\/2016\\\/10\\\/fisk_og_fri_bombarda.jpg\",\"datePublished\":\"2016-10-14T08:21:25+00:00\",\"dateModified\":\"2019-11-27T14:22:08+00:00\",\"breadcrumb\":{\"@id\":\"https:\\\/\\\/bombardashop.com\\\/sv\\\/read-more\\\/#breadcrumb\"},\"inLanguage\":\"sv-SE\",\"potentialAction\":[{\"@type\":\"ReadAction\",\"target\":[\"https:\\\/\\\/bombardashop.com\\\/sv\\\/read-more\\\/\"]}]},{\"@type\":\"ImageObject\",\"inLanguage\":\"sv-SE\",\"@id\":\"https:\\\/\\\/bombardashop.com\\\/sv\\\/read-more\\\/#primaryimage\",\"url\":\"https:\\\/\\\/bombardashop.sky457.dk\\\/wp-content\\\/uploads\\\/2016\\\/10\\\/fisk_og_fri_bombarda.jpg\",\"contentUrl\":\"https:\\\/\\\/bombardashop.sky457.dk\\\/wp-content\\\/uploads\\\/2016\\\/10\\\/fisk_og_fri_bombarda.jpg\"},{\"@type\":\"BreadcrumbList\",\"@id\":\"https:\\\/\\\/bombardashop.com\\\/sv\\\/read-more\\\/#breadcrumb\",\"itemListElement\":[{\"@type\":\"ListItem\",\"position\":1,\"name\":\"Hjem\",\"item\":\"https:\\\/\\\/bombardashop.com\\\/sv\\\/\"},{\"@type\":\"ListItem\",\"position\":2,\"name\":\"L\u00c4S MER\"}]},{\"@type\":\"WebSite\",\"@id\":\"https:\\\/\\\/bombardashop.com\\\/#website\",\"url\":\"https:\\\/\\\/bombardashop.com\\\/\",\"name\":\"Bombardashop.com\",\"description\":\"Bombardashop.com\",\"potentialAction\":[{\"@type\":\"SearchAction\",\"target\":{\"@type\":\"EntryPoint\",\"urlTemplate\":\"https:\\\/\\\/bombardashop.com\\\/?s={search_term_string}\"},\"query-input\":{\"@type\":\"PropertyValueSpecification\",\"valueRequired\":true,\"valueName\":\"search_term_string\"}}],\"inLanguage\":\"sv-SE\"}]}<\/script>\n<!-- \/ Yoast SEO plugin. -->","yoast_head_json":{"title":"L\u00c4S MER - Bombardashop.com","robots":{"index":"index","follow":"follow","max-snippet":"max-snippet:-1","max-image-preview":"max-image-preview:large","max-video-preview":"max-video-preview:-1"},"canonical":"https:\/\/bombardashop.com\/sv\/read-more\/","og_locale":"sv_SE","og_type":"article","og_title":"L\u00c4S MER - Bombardashop.com","og_description":"[vc_row type=&#8221;in_container&#8221; full_screen_row_position=&#8221;middle&#8221; column_margin=&#8221;default&#8221; scene_position=&#8221;center&#8221; text_color=&#8221;dark&#8221; text_align=&#8221;left&#8221; overlay_strength=&#8221;0.3&#8243; shape_divider_position=&#8221;bottom&#8221; bg_image_animation=&#8221;none&#8221;][vc_column column_padding=&#8221;no-extra-padding&#8221; column_padding_position=&#8221;all&#8221; background_color_opacity=&#8221;1&#8243; background_hover_color_opacity=&#8221;1&#8243; column_link_target=&#8221;_self&#8221; column_shadow=&#8221;none&#8221; column_border_radius=&#8221;none&#8221; width=&#8221;1\/1&#8243; tablet_width_inherit=&#8221;default&#8221; tablet_text_alignment=&#8221;default&#8221; phone_text_alignment=&#8221;default&#8221; overlay_strength=&#8221;0.3&#8243; column_border_width=&#8221;none&#8221; column_border_style=&#8221;solid&#8221; bg_image_animation=&#8221;none&#8221;][vc_column_text] S\u00e5 effektiv \u00e4r INNO-Bombarda fl\u00f6t...","og_url":"https:\/\/bombardashop.com\/sv\/read-more\/","og_site_name":"Bombardashop.com","article_modified_time":"2019-11-27T14:22:08+00:00","og_image":[{"url":"https:\/\/bombardashop.sky457.dk\/wp-content\/uploads\/2016\/10\/fisk_og_fri_bombarda.jpg","type":"","width":"","height":""}],"twitter_card":"summary_large_image","twitter_misc":{"Ber\u00e4knad l\u00e4stid":"8 minuter"},"schema":{"@context":"https:\/\/schema.org","@graph":[{"@type":"WebPage","@id":"https:\/\/bombardashop.com\/sv\/read-more\/","url":"https:\/\/bombardashop.com\/sv\/read-more\/","name":"L\u00c4S MER - Bombardashop.com","isPartOf":{"@id":"https:\/\/bombardashop.com\/#website"},"primaryImageOfPage":{"@id":"https:\/\/bombardashop.com\/sv\/read-more\/#primaryimage"},"image":{"@id":"https:\/\/bombardashop.com\/sv\/read-more\/#primaryimage"},"thumbnailUrl":"https:\/\/bombardashop.sky457.dk\/wp-content\/uploads\/2016\/10\/fisk_og_fri_bombarda.jpg","datePublished":"2016-10-14T08:21:25+00:00","dateModified":"2019-11-27T14:22:08+00:00","breadcrumb":{"@id":"https:\/\/bombardashop.com\/sv\/read-more\/#breadcrumb"},"inLanguage":"sv-SE","potentialAction":[{"@type":"ReadAction","target":["https:\/\/bombardashop.com\/sv\/read-more\/"]}]},{"@type":"ImageObject","inLanguage":"sv-SE","@id":"https:\/\/bombardashop.com\/sv\/read-more\/#primaryimage","url":"https:\/\/bombardashop.sky457.dk\/wp-content\/uploads\/2016\/10\/fisk_og_fri_bombarda.jpg","contentUrl":"https:\/\/bombardashop.sky457.dk\/wp-content\/uploads\/2016\/10\/fisk_og_fri_bombarda.jpg"},{"@type":"BreadcrumbList","@id":"https:\/\/bombardashop.com\/sv\/read-more\/#breadcrumb","itemListElement":[{"@type":"ListItem","position":1,"name":"Hjem","item":"https:\/\/bombardashop.com\/sv\/"},{"@type":"ListItem","position":2,"name":"L\u00c4S MER"}]},{"@type":"WebSite","@id":"https:\/\/bombardashop.com\/#website","url":"https:\/\/bombardashop.com\/","name":"Bombardashop.com","description":"Bombardashop.com","potentialAction":[{"@type":"SearchAction","target":{"@type":"EntryPoint","urlTemplate":"https:\/\/bombardashop.com\/?s={search_term_string}"},"query-input":{"@type":"PropertyValueSpecification","valueRequired":true,"valueName":"search_term_string"}}],"inLanguage":"sv-SE"}]}},"_links":{"self":[{"href":"https:\/\/bombardashop.com\/sv\/wp-json\/wp\/v2\/pages\/29987","targetHints":{"allow":["GET"]}}],"collection":[{"href":"https:\/\/bombardashop.com\/sv\/wp-json\/wp\/v2\/pages"}],"about":[{"href":"https:\/\/bombardashop.com\/sv\/wp-json\/wp\/v2\/types\/page"}],"author":[{"embeddable":true,"href":"https:\/\/bombardashop.com\/sv\/wp-json\/wp\/v2\/users\/8"}],"replies":[{"embeddable":true,"href":"https:\/\/bombardashop.com\/sv\/wp-json\/wp\/v2\/comments?post=29987"}],"version-history":[{"count":3,"href":"https:\/\/bombardashop.com\/sv\/wp-json\/wp\/v2\/pages\/29987\/revisions"}],"predecessor-version":[{"id":35921,"href":"https:\/\/bombardashop.com\/sv\/wp-json\/wp\/v2\/pages\/29987\/revisions\/35921"}],"wp:attachment":[{"href":"https:\/\/bombardashop.com\/sv\/wp-json\/wp\/v2\/media?parent=29987"}],"curies":[{"name":"wp","href":"https:\/\/api.w.org\/{rel}","templated":true}]}}