
{"id":40693,"date":"2025-07-30T17:09:55","date_gmt":"2025-07-30T15:09:55","guid":{"rendered":"https:\/\/bombardashop.com\/shop\/unkategorisiert\/inno-bombarda-mini-slow-intermediat-1m-8-sek-8-gram-mat-transparent-2-pak\/"},"modified":"2025-07-30T17:09:55","modified_gmt":"2025-07-30T15:09:55","slug":"inno-bombarda-mini-slow-intermediat-1m-8-sek-8-gram-mat-transparent-2-pak","status":"publish","type":"product","link":"https:\/\/bombardashop.com\/de\/shop\/inno-sbirolino\/inno-bombarda-mini-slow-intermediat-1m-8-sek-8-gram-mat-transparent-2-pak\/","title":{"rendered":"INNO-Bombarda\u00ae MINI.  Slow Intermediat.  1M \/ 8 SEK.  8 Gram.  Mat Transparent. 2 Pak"},"content":{"rendered":"<p>INNO-Bombarda\u00aeMINI ist der kleine Neuling in der INNO-Familie und bietet dieselben einzigartigen Eigenschaften wie die anderen \u201eNO TANGEL \u2013 JUST FISH\u201c-Modelle.<\/p>\n<p>Aber \u2026 INNO-Bombarda\u00aeMINI kann noch mehr: Sie l\u00e4sst sich am INNO-Stick auf zwei Arten drehen: mit Weitwurf- oder NO TANGEL-Montage. Sie kann aber auch mit dem K\u00f6rper allein ohne INNO-Stick gefischt werden, mit der Schnur als Bubble Float mit Stick-Stopper zur Anpassung der Schnurl\u00e4nge an den K\u00f6der.<\/p>\n<p>Einfache Montage, Ver\u00e4nderung der Dichte\/des K\u00f6rpers ohne neue Knoten \u00fcber das Hakensystem, kein Verschlei\u00df an Schnur\/Knoten. Keine scharfen Kanten am Produkt.<\/p>\n<p>\u201eINNO MULTIRIG SYSTEM\u201c f\u00fcr viele Angelmethoden und viele Fischarten an Ihrer Ul-Ausr\u00fcstung.<\/p>\n<p>Gewichte von 7 bis 10 Gramm<\/p>\n","protected":false},"excerpt":{"rendered":"<p>INNO-Bombarda\u00aeMINI ist der kleine Neuling in der INNO-Familie und bietet dieselben einzigartigen Eigenschaften wie die anderen \u201eNO TANGEL \u2013 JUST FISH\u201c-Modelle. Aber \u2026 INNO-Bombarda\u00aeMINI kann noch mehr: Sie l\u00e4sst sich&#8230;<\/p>\n","protected":false},"featured_media":40584,"template":"","meta":[],"product_brand":[],"product_cat":[59],"product_tag":[],"class_list":{"0":"post-40693","1":"product","2":"type-product","3":"status-publish","4":"has-post-thumbnail","6":"product_cat-inno-sbirolino","8":"first","9":"instock","10":"taxable","11":"shipping-taxable","12":"purchasable","13":"product-type-simple"},"yoast_head":"<!-- This site is optimized with the Yoast SEO plugin v27.3 - https:\/\/yoast.com\/product\/yoast-seo-wordpress\/ -->\n<title>INNO-Bombarda\u00ae MINI. Slow Intermediat. 1M \/ 8 SEK. 8 Gram. Mat Transparent. 2 Pak - Bombardashop.com<\/title>\n<meta name=\"robots\" content=\"index, follow, max-snippet:-1, max-image-preview:large, max-video-preview:-1\" \/>\n<link rel=\"canonical\" href=\"https:\/\/bombardashop.com\/de\/shop\/unkategorisiert\/inno-bombarda-mini-slow-intermediat-1m-8-sek-8-gram-mat-transparent-2-pak\/\" \/>\n<meta property=\"og:locale\" content=\"de_DE\" \/>\n<meta property=\"og:type\" content=\"article\" \/>\n<meta property=\"og:title\" content=\"INNO-Bombarda\u00ae MINI. Slow Intermediat. 1M \/ 8 SEK. 8 Gram. Mat Transparent. 2 Pak - Bombardashop.com\" \/>\n<meta property=\"og:description\" content=\"INNO-Bombarda\u00aeMINI ist der kleine Neuling in der INNO-Familie und bietet dieselben einzigartigen Eigenschaften wie die anderen \u201eNO TANGEL \u2013 JUST FISH\u201c-Modelle. Aber \u2026 INNO-Bombarda\u00aeMINI kann noch mehr: Sie l\u00e4sst sich...\" \/>\n<meta property=\"og:url\" content=\"https:\/\/bombardashop.com\/de\/shop\/unkategorisiert\/inno-bombarda-mini-slow-intermediat-1m-8-sek-8-gram-mat-transparent-2-pak\/\" \/>\n<meta property=\"og:site_name\" content=\"Bombardashop.com\" \/>\n<meta property=\"og:image\" content=\"https:\/\/bombardashop.com\/wp-content\/uploads\/2025\/07\/INNO-Bombarda-MINI-Slow-Intermediat-scaled.jpg\" \/>\n\t<meta property=\"og:image:width\" content=\"2560\" \/>\n\t<meta property=\"og:image:height\" content=\"1707\" \/>\n\t<meta property=\"og:image:type\" content=\"image\/jpeg\" \/>\n<meta name=\"twitter:card\" content=\"summary_large_image\" \/>\n<meta name=\"twitter:label1\" content=\"Gesch\u00e4tzte Lesezeit\" \/>\n\t<meta name=\"twitter:data1\" content=\"1\u00a0Minute\" \/>\n<script type=\"application\/ld+json\" class=\"yoast-schema-graph\">{\"@context\":\"https:\\\/\\\/schema.org\",\"@graph\":[{\"@type\":\"WebPage\",\"@id\":\"https:\\\/\\\/bombardashop.com\\\/de\\\/shop\\\/unkategorisiert\\\/inno-bombarda-mini-slow-intermediat-1m-8-sek-8-gram-mat-transparent-2-pak\\\/\",\"url\":\"https:\\\/\\\/bombardashop.com\\\/de\\\/shop\\\/unkategorisiert\\\/inno-bombarda-mini-slow-intermediat-1m-8-sek-8-gram-mat-transparent-2-pak\\\/\",\"name\":\"INNO-Bombarda\u00ae MINI. Slow Intermediat. 1M \\\/ 8 SEK. 8 Gram. Mat Transparent. 2 Pak - Bombardashop.com\",\"isPartOf\":{\"@id\":\"https:\\\/\\\/bombardashop.com\\\/#website\"},\"primaryImageOfPage\":{\"@id\":\"https:\\\/\\\/bombardashop.com\\\/de\\\/shop\\\/unkategorisiert\\\/inno-bombarda-mini-slow-intermediat-1m-8-sek-8-gram-mat-transparent-2-pak\\\/#primaryimage\"},\"image\":{\"@id\":\"https:\\\/\\\/bombardashop.com\\\/de\\\/shop\\\/unkategorisiert\\\/inno-bombarda-mini-slow-intermediat-1m-8-sek-8-gram-mat-transparent-2-pak\\\/#primaryimage\"},\"thumbnailUrl\":\"https:\\\/\\\/bombardashop.com\\\/wp-content\\\/uploads\\\/2025\\\/07\\\/INNO-Bombarda-MINI-Slow-Intermediat-scaled.jpg\",\"datePublished\":\"2025-07-30T15:09:55+00:00\",\"breadcrumb\":{\"@id\":\"https:\\\/\\\/bombardashop.com\\\/de\\\/shop\\\/unkategorisiert\\\/inno-bombarda-mini-slow-intermediat-1m-8-sek-8-gram-mat-transparent-2-pak\\\/#breadcrumb\"},\"inLanguage\":\"de\",\"potentialAction\":[{\"@type\":\"ReadAction\",\"target\":[\"https:\\\/\\\/bombardashop.com\\\/de\\\/shop\\\/unkategorisiert\\\/inno-bombarda-mini-slow-intermediat-1m-8-sek-8-gram-mat-transparent-2-pak\\\/\"]}]},{\"@type\":\"ImageObject\",\"inLanguage\":\"de\",\"@id\":\"https:\\\/\\\/bombardashop.com\\\/de\\\/shop\\\/unkategorisiert\\\/inno-bombarda-mini-slow-intermediat-1m-8-sek-8-gram-mat-transparent-2-pak\\\/#primaryimage\",\"url\":\"https:\\\/\\\/bombardashop.com\\\/wp-content\\\/uploads\\\/2025\\\/07\\\/INNO-Bombarda-MINI-Slow-Intermediat-scaled.jpg\",\"contentUrl\":\"https:\\\/\\\/bombardashop.com\\\/wp-content\\\/uploads\\\/2025\\\/07\\\/INNO-Bombarda-MINI-Slow-Intermediat-scaled.jpg\",\"width\":2560,\"height\":1707},{\"@type\":\"BreadcrumbList\",\"@id\":\"https:\\\/\\\/bombardashop.com\\\/de\\\/shop\\\/unkategorisiert\\\/inno-bombarda-mini-slow-intermediat-1m-8-sek-8-gram-mat-transparent-2-pak\\\/#breadcrumb\",\"itemListElement\":[{\"@type\":\"ListItem\",\"position\":1,\"name\":\"Hjem\",\"item\":\"https:\\\/\\\/bombardashop.com\\\/de\\\/\"},{\"@type\":\"ListItem\",\"position\":2,\"name\":\"Shop\",\"item\":\"https:\\\/\\\/bombardashop.com\\\/de\\\/shop-2\\\/\"},{\"@type\":\"ListItem\",\"position\":3,\"name\":\"INNO-Bombarda\u00ae MINI. Slow Intermediat. 1M \\\/ 8 SEK. 8 Gram. Mat Transparent. 2 Pak\"}]},{\"@type\":\"WebSite\",\"@id\":\"https:\\\/\\\/bombardashop.com\\\/#website\",\"url\":\"https:\\\/\\\/bombardashop.com\\\/\",\"name\":\"Bombardashop.com\",\"description\":\"Bombardashop.com\",\"potentialAction\":[{\"@type\":\"SearchAction\",\"target\":{\"@type\":\"EntryPoint\",\"urlTemplate\":\"https:\\\/\\\/bombardashop.com\\\/?s={search_term_string}\"},\"query-input\":{\"@type\":\"PropertyValueSpecification\",\"valueRequired\":true,\"valueName\":\"search_term_string\"}}],\"inLanguage\":\"de\"}]}<\/script>\n<!-- \/ Yoast SEO plugin. -->","yoast_head_json":{"title":"INNO-Bombarda\u00ae MINI. Slow Intermediat. 1M \/ 8 SEK. 8 Gram. Mat Transparent. 2 Pak - Bombardashop.com","robots":{"index":"index","follow":"follow","max-snippet":"max-snippet:-1","max-image-preview":"max-image-preview:large","max-video-preview":"max-video-preview:-1"},"canonical":"https:\/\/bombardashop.com\/de\/shop\/unkategorisiert\/inno-bombarda-mini-slow-intermediat-1m-8-sek-8-gram-mat-transparent-2-pak\/","og_locale":"de_DE","og_type":"article","og_title":"INNO-Bombarda\u00ae MINI. Slow Intermediat. 1M \/ 8 SEK. 8 Gram. Mat Transparent. 2 Pak - Bombardashop.com","og_description":"INNO-Bombarda\u00aeMINI ist der kleine Neuling in der INNO-Familie und bietet dieselben einzigartigen Eigenschaften wie die anderen \u201eNO TANGEL \u2013 JUST FISH\u201c-Modelle. Aber \u2026 INNO-Bombarda\u00aeMINI kann noch mehr: Sie l\u00e4sst sich...","og_url":"https:\/\/bombardashop.com\/de\/shop\/unkategorisiert\/inno-bombarda-mini-slow-intermediat-1m-8-sek-8-gram-mat-transparent-2-pak\/","og_site_name":"Bombardashop.com","og_image":[{"width":2560,"height":1707,"url":"https:\/\/bombardashop.com\/wp-content\/uploads\/2025\/07\/INNO-Bombarda-MINI-Slow-Intermediat-scaled.jpg","type":"image\/jpeg"}],"twitter_card":"summary_large_image","twitter_misc":{"Gesch\u00e4tzte Lesezeit":"1\u00a0Minute"},"schema":{"@context":"https:\/\/schema.org","@graph":[{"@type":"WebPage","@id":"https:\/\/bombardashop.com\/de\/shop\/unkategorisiert\/inno-bombarda-mini-slow-intermediat-1m-8-sek-8-gram-mat-transparent-2-pak\/","url":"https:\/\/bombardashop.com\/de\/shop\/unkategorisiert\/inno-bombarda-mini-slow-intermediat-1m-8-sek-8-gram-mat-transparent-2-pak\/","name":"INNO-Bombarda\u00ae MINI. Slow Intermediat. 1M \/ 8 SEK. 8 Gram. Mat Transparent. 2 Pak - Bombardashop.com","isPartOf":{"@id":"https:\/\/bombardashop.com\/#website"},"primaryImageOfPage":{"@id":"https:\/\/bombardashop.com\/de\/shop\/unkategorisiert\/inno-bombarda-mini-slow-intermediat-1m-8-sek-8-gram-mat-transparent-2-pak\/#primaryimage"},"image":{"@id":"https:\/\/bombardashop.com\/de\/shop\/unkategorisiert\/inno-bombarda-mini-slow-intermediat-1m-8-sek-8-gram-mat-transparent-2-pak\/#primaryimage"},"thumbnailUrl":"https:\/\/bombardashop.com\/wp-content\/uploads\/2025\/07\/INNO-Bombarda-MINI-Slow-Intermediat-scaled.jpg","datePublished":"2025-07-30T15:09:55+00:00","breadcrumb":{"@id":"https:\/\/bombardashop.com\/de\/shop\/unkategorisiert\/inno-bombarda-mini-slow-intermediat-1m-8-sek-8-gram-mat-transparent-2-pak\/#breadcrumb"},"inLanguage":"de","potentialAction":[{"@type":"ReadAction","target":["https:\/\/bombardashop.com\/de\/shop\/unkategorisiert\/inno-bombarda-mini-slow-intermediat-1m-8-sek-8-gram-mat-transparent-2-pak\/"]}]},{"@type":"ImageObject","inLanguage":"de","@id":"https:\/\/bombardashop.com\/de\/shop\/unkategorisiert\/inno-bombarda-mini-slow-intermediat-1m-8-sek-8-gram-mat-transparent-2-pak\/#primaryimage","url":"https:\/\/bombardashop.com\/wp-content\/uploads\/2025\/07\/INNO-Bombarda-MINI-Slow-Intermediat-scaled.jpg","contentUrl":"https:\/\/bombardashop.com\/wp-content\/uploads\/2025\/07\/INNO-Bombarda-MINI-Slow-Intermediat-scaled.jpg","width":2560,"height":1707},{"@type":"BreadcrumbList","@id":"https:\/\/bombardashop.com\/de\/shop\/unkategorisiert\/inno-bombarda-mini-slow-intermediat-1m-8-sek-8-gram-mat-transparent-2-pak\/#breadcrumb","itemListElement":[{"@type":"ListItem","position":1,"name":"Hjem","item":"https:\/\/bombardashop.com\/de\/"},{"@type":"ListItem","position":2,"name":"Shop","item":"https:\/\/bombardashop.com\/de\/shop-2\/"},{"@type":"ListItem","position":3,"name":"INNO-Bombarda\u00ae MINI. Slow Intermediat. 1M \/ 8 SEK. 8 Gram. Mat Transparent. 2 Pak"}]},{"@type":"WebSite","@id":"https:\/\/bombardashop.com\/#website","url":"https:\/\/bombardashop.com\/","name":"Bombardashop.com","description":"Bombardashop.com","potentialAction":[{"@type":"SearchAction","target":{"@type":"EntryPoint","urlTemplate":"https:\/\/bombardashop.com\/?s={search_term_string}"},"query-input":{"@type":"PropertyValueSpecification","valueRequired":true,"valueName":"search_term_string"}}],"inLanguage":"de"}]}},"_links":{"self":[{"href":"https:\/\/bombardashop.com\/de\/wp-json\/wp\/v2\/product\/40693","targetHints":{"allow":["GET"]}}],"collection":[{"href":"https:\/\/bombardashop.com\/de\/wp-json\/wp\/v2\/product"}],"about":[{"href":"https:\/\/bombardashop.com\/de\/wp-json\/wp\/v2\/types\/product"}],"wp:featuredmedia":[{"embeddable":true,"href":"https:\/\/bombardashop.com\/de\/wp-json\/wp\/v2\/media\/40584"}],"wp:attachment":[{"href":"https:\/\/bombardashop.com\/de\/wp-json\/wp\/v2\/media?parent=40693"}],"wp:term":[{"taxonomy":"product_brand","embeddable":true,"href":"https:\/\/bombardashop.com\/de\/wp-json\/wp\/v2\/product_brand?post=40693"},{"taxonomy":"product_cat","embeddable":true,"href":"https:\/\/bombardashop.com\/de\/wp-json\/wp\/v2\/product_cat?post=40693"},{"taxonomy":"product_tag","embeddable":true,"href":"https:\/\/bombardashop.com\/de\/wp-json\/wp\/v2\/product_tag?post=40693"}],"curies":[{"name":"wp","href":"https:\/\/api.w.org\/{rel}","templated":true}]}}