
{"id":40260,"date":"2025-01-28T20:43:48","date_gmt":"2025-01-28T19:43:48","guid":{"rendered":"https:\/\/bombardashop.com\/shop\/unkategorisiert\/inno-tfs-tubenfliege-4x2-stk-inno-go-get-it-4-stk-komplette-box\/"},"modified":"2025-01-28T20:43:48","modified_gmt":"2025-01-28T19:43:48","slug":"inno-tfs-tubenfliege-4x2-stk-inno-go-get-it-4-stk-komplette-box","status":"publish","type":"product","link":"https:\/\/bombardashop.com\/de\/shop\/inno-tupe-fly-system-de\/inno-tfs-tubenfliege-4x2-stk-inno-go-get-it-4-stk-komplette-box\/","title":{"rendered":"INNO-TFS. Tubenfliege 4&#215;2 Stk. &#038; INNO GO GET IT 4 Stk. Komplette Box."},"content":{"rendered":"<p>INNO TUPE FLIEGENSYSTEM. L-Rig-Ausr\u00fcstung \/ Rapala-Rig-Ausr\u00fcstung. Box mit 4 x 2 Tupefliegen. 4 x INNO, hol es dir. 2 Stk. Besitzer Drillingshaken. 4. Roter Haken\/Knoten h\u00e4lt. Benutzerhandbuch. Karton 120 x 110 x 35MM<\/p>\n<p>INNO-TFS-Tubenfliegen, die ihre Fangqualit\u00e4ten allesamt an der K\u00fcste unter Beweis gestellt haben, sich aber auch hervorragend zum Angeln in Seen und zum Put and Take eignen.<br \/>\nSteigern Sie Ihre Hakenquote um 50 bis 90 % mit kleinen Hakenmontagen. Besitzer von Drillingshaken und Tubenfliegen.<br \/>\nTestfischer haben \u00fcber mehrere Jahre bewiesen, dass mit der kleinen Hakenmontage fast doppelt so viele Fische gefangen werden wie mit der L-Montage oder der Rapala-Montage auf Tubenfliegen. Neue Version mit eingebautem Gewicht in der Fliege, Fischmaske und 3D-Augen.<\/p>\n<p>INNO Go Get It ist Ihre neue Ein-Gramm-Waffe am Ufer oder in Ihrem Put &amp; Take-Gew\u00e4sser nach Bombarda oder direkt auf Ihrer ultraleichten Spinnausr\u00fcstung. Sowie im flie\u00dfenden Gew\u00e4sser mit der Fliegenrute.<br \/>\nINNO Go Get Es wiegt nur ein Gramm und kann daher sehr langsam mit kleinen Rucken oder schnell monoton mit vielen Spinstopps, an der K\u00fcste auf Bombarda, gefischt werden. Ebenso wie mit der Fliegenrute im flie\u00dfenden Wasser, wo es sich superschnell bewegt, ganz anders als eine Fliege \u2013 Ihre Geheimwaffe bei schwierigen Fischen.<\/p>\n","protected":false},"excerpt":{"rendered":"<p>INNO TUPE FLIEGENSYSTEM. L-Rig-Ausr\u00fcstung \/ Rapala-Rig-Ausr\u00fcstung. Box mit 4 x 2 Tupefliegen. 4 x INNO, hol es dir. 2 Stk. Besitzer Drillingshaken. 4. Roter Haken\/Knoten h\u00e4lt. Benutzerhandbuch. Karton 120 x&#8230;<\/p>\n","protected":false},"featured_media":40246,"template":"","meta":[],"product_brand":[],"product_cat":[200,124],"product_tag":[],"class_list":{"0":"post-40260","1":"product","2":"type-product","3":"status-publish","4":"has-post-thumbnail","6":"product_cat-inno-go-get-it-durchlau","7":"product_cat-inno-tupe-fly-system-de","9":"first","10":"instock","11":"taxable","12":"shipping-taxable","13":"purchasable","14":"product-type-simple"},"yoast_head":"<!-- This site is optimized with the Yoast SEO plugin v27.3 - https:\/\/yoast.com\/product\/yoast-seo-wordpress\/ -->\n<title>INNO-TFS. Tubenfliege 4x2 Stk. &amp; INNO GO GET IT 4 Stk. Komplette Box. - Bombardashop.com<\/title>\n<meta name=\"robots\" content=\"index, follow, max-snippet:-1, max-image-preview:large, max-video-preview:-1\" \/>\n<link rel=\"canonical\" href=\"https:\/\/bombardashop.com\/de\/shop\/unkategorisiert\/inno-tfs-tubenfliege-4x2-stk-inno-go-get-it-4-stk-komplette-box\/\" \/>\n<meta property=\"og:locale\" content=\"de_DE\" \/>\n<meta property=\"og:type\" content=\"article\" \/>\n<meta property=\"og:title\" content=\"INNO-TFS. Tubenfliege 4x2 Stk. &amp; INNO GO GET IT 4 Stk. Komplette Box. - Bombardashop.com\" \/>\n<meta property=\"og:description\" content=\"INNO TUPE FLIEGENSYSTEM. L-Rig-Ausr\u00fcstung \/ Rapala-Rig-Ausr\u00fcstung. Box mit 4 x 2 Tupefliegen. 4 x INNO, hol es dir. 2 Stk. Besitzer Drillingshaken. 4. Roter Haken\/Knoten h\u00e4lt. Benutzerhandbuch. Karton 120 x...\" \/>\n<meta property=\"og:url\" content=\"https:\/\/bombardashop.com\/de\/shop\/unkategorisiert\/inno-tfs-tubenfliege-4x2-stk-inno-go-get-it-4-stk-komplette-box\/\" \/>\n<meta property=\"og:site_name\" content=\"Bombardashop.com\" \/>\n<meta property=\"og:image\" content=\"https:\/\/bombardashop.com\/wp-content\/uploads\/2025\/01\/INNO-go-get-it-og-TFS-sampack-boks-2.jpg\" \/>\n\t<meta property=\"og:image:width\" content=\"2000\" \/>\n\t<meta property=\"og:image:height\" content=\"1333\" \/>\n\t<meta property=\"og:image:type\" content=\"image\/jpeg\" \/>\n<meta name=\"twitter:card\" content=\"summary_large_image\" \/>\n<meta name=\"twitter:label1\" content=\"Gesch\u00e4tzte Lesezeit\" \/>\n\t<meta name=\"twitter:data1\" content=\"1\u00a0Minute\" \/>\n<script type=\"application\/ld+json\" class=\"yoast-schema-graph\">{\"@context\":\"https:\\\/\\\/schema.org\",\"@graph\":[{\"@type\":\"WebPage\",\"@id\":\"https:\\\/\\\/bombardashop.com\\\/de\\\/shop\\\/unkategorisiert\\\/inno-tfs-tubenfliege-4x2-stk-inno-go-get-it-4-stk-komplette-box\\\/\",\"url\":\"https:\\\/\\\/bombardashop.com\\\/de\\\/shop\\\/unkategorisiert\\\/inno-tfs-tubenfliege-4x2-stk-inno-go-get-it-4-stk-komplette-box\\\/\",\"name\":\"INNO-TFS. Tubenfliege 4x2 Stk. & INNO GO GET IT 4 Stk. Komplette Box. - Bombardashop.com\",\"isPartOf\":{\"@id\":\"https:\\\/\\\/bombardashop.com\\\/#website\"},\"primaryImageOfPage\":{\"@id\":\"https:\\\/\\\/bombardashop.com\\\/de\\\/shop\\\/unkategorisiert\\\/inno-tfs-tubenfliege-4x2-stk-inno-go-get-it-4-stk-komplette-box\\\/#primaryimage\"},\"image\":{\"@id\":\"https:\\\/\\\/bombardashop.com\\\/de\\\/shop\\\/unkategorisiert\\\/inno-tfs-tubenfliege-4x2-stk-inno-go-get-it-4-stk-komplette-box\\\/#primaryimage\"},\"thumbnailUrl\":\"https:\\\/\\\/bombardashop.com\\\/wp-content\\\/uploads\\\/2025\\\/01\\\/INNO-go-get-it-og-TFS-sampack-boks-2.jpg\",\"datePublished\":\"2025-01-28T19:43:48+00:00\",\"breadcrumb\":{\"@id\":\"https:\\\/\\\/bombardashop.com\\\/de\\\/shop\\\/unkategorisiert\\\/inno-tfs-tubenfliege-4x2-stk-inno-go-get-it-4-stk-komplette-box\\\/#breadcrumb\"},\"inLanguage\":\"de\",\"potentialAction\":[{\"@type\":\"ReadAction\",\"target\":[\"https:\\\/\\\/bombardashop.com\\\/de\\\/shop\\\/unkategorisiert\\\/inno-tfs-tubenfliege-4x2-stk-inno-go-get-it-4-stk-komplette-box\\\/\"]}]},{\"@type\":\"ImageObject\",\"inLanguage\":\"de\",\"@id\":\"https:\\\/\\\/bombardashop.com\\\/de\\\/shop\\\/unkategorisiert\\\/inno-tfs-tubenfliege-4x2-stk-inno-go-get-it-4-stk-komplette-box\\\/#primaryimage\",\"url\":\"https:\\\/\\\/bombardashop.com\\\/wp-content\\\/uploads\\\/2025\\\/01\\\/INNO-go-get-it-og-TFS-sampack-boks-2.jpg\",\"contentUrl\":\"https:\\\/\\\/bombardashop.com\\\/wp-content\\\/uploads\\\/2025\\\/01\\\/INNO-go-get-it-og-TFS-sampack-boks-2.jpg\",\"width\":2000,\"height\":1333},{\"@type\":\"BreadcrumbList\",\"@id\":\"https:\\\/\\\/bombardashop.com\\\/de\\\/shop\\\/unkategorisiert\\\/inno-tfs-tubenfliege-4x2-stk-inno-go-get-it-4-stk-komplette-box\\\/#breadcrumb\",\"itemListElement\":[{\"@type\":\"ListItem\",\"position\":1,\"name\":\"Hjem\",\"item\":\"https:\\\/\\\/bombardashop.com\\\/de\\\/\"},{\"@type\":\"ListItem\",\"position\":2,\"name\":\"Shop\",\"item\":\"https:\\\/\\\/bombardashop.com\\\/de\\\/shop-2\\\/\"},{\"@type\":\"ListItem\",\"position\":3,\"name\":\"INNO-TFS. Tubenfliege 4&#215;2 Stk. &#038; INNO GO GET IT 4 Stk. Komplette Box.\"}]},{\"@type\":\"WebSite\",\"@id\":\"https:\\\/\\\/bombardashop.com\\\/#website\",\"url\":\"https:\\\/\\\/bombardashop.com\\\/\",\"name\":\"Bombardashop.com\",\"description\":\"Bombardashop.com\",\"potentialAction\":[{\"@type\":\"SearchAction\",\"target\":{\"@type\":\"EntryPoint\",\"urlTemplate\":\"https:\\\/\\\/bombardashop.com\\\/?s={search_term_string}\"},\"query-input\":{\"@type\":\"PropertyValueSpecification\",\"valueRequired\":true,\"valueName\":\"search_term_string\"}}],\"inLanguage\":\"de\"}]}<\/script>\n<!-- \/ Yoast SEO plugin. -->","yoast_head_json":{"title":"INNO-TFS. Tubenfliege 4x2 Stk. & INNO GO GET IT 4 Stk. Komplette Box. - Bombardashop.com","robots":{"index":"index","follow":"follow","max-snippet":"max-snippet:-1","max-image-preview":"max-image-preview:large","max-video-preview":"max-video-preview:-1"},"canonical":"https:\/\/bombardashop.com\/de\/shop\/unkategorisiert\/inno-tfs-tubenfliege-4x2-stk-inno-go-get-it-4-stk-komplette-box\/","og_locale":"de_DE","og_type":"article","og_title":"INNO-TFS. Tubenfliege 4x2 Stk. & INNO GO GET IT 4 Stk. Komplette Box. - Bombardashop.com","og_description":"INNO TUPE FLIEGENSYSTEM. L-Rig-Ausr\u00fcstung \/ Rapala-Rig-Ausr\u00fcstung. Box mit 4 x 2 Tupefliegen. 4 x INNO, hol es dir. 2 Stk. Besitzer Drillingshaken. 4. Roter Haken\/Knoten h\u00e4lt. Benutzerhandbuch. Karton 120 x...","og_url":"https:\/\/bombardashop.com\/de\/shop\/unkategorisiert\/inno-tfs-tubenfliege-4x2-stk-inno-go-get-it-4-stk-komplette-box\/","og_site_name":"Bombardashop.com","og_image":[{"width":2000,"height":1333,"url":"https:\/\/bombardashop.com\/wp-content\/uploads\/2025\/01\/INNO-go-get-it-og-TFS-sampack-boks-2.jpg","type":"image\/jpeg"}],"twitter_card":"summary_large_image","twitter_misc":{"Gesch\u00e4tzte Lesezeit":"1\u00a0Minute"},"schema":{"@context":"https:\/\/schema.org","@graph":[{"@type":"WebPage","@id":"https:\/\/bombardashop.com\/de\/shop\/unkategorisiert\/inno-tfs-tubenfliege-4x2-stk-inno-go-get-it-4-stk-komplette-box\/","url":"https:\/\/bombardashop.com\/de\/shop\/unkategorisiert\/inno-tfs-tubenfliege-4x2-stk-inno-go-get-it-4-stk-komplette-box\/","name":"INNO-TFS. Tubenfliege 4x2 Stk. & INNO GO GET IT 4 Stk. Komplette Box. - Bombardashop.com","isPartOf":{"@id":"https:\/\/bombardashop.com\/#website"},"primaryImageOfPage":{"@id":"https:\/\/bombardashop.com\/de\/shop\/unkategorisiert\/inno-tfs-tubenfliege-4x2-stk-inno-go-get-it-4-stk-komplette-box\/#primaryimage"},"image":{"@id":"https:\/\/bombardashop.com\/de\/shop\/unkategorisiert\/inno-tfs-tubenfliege-4x2-stk-inno-go-get-it-4-stk-komplette-box\/#primaryimage"},"thumbnailUrl":"https:\/\/bombardashop.com\/wp-content\/uploads\/2025\/01\/INNO-go-get-it-og-TFS-sampack-boks-2.jpg","datePublished":"2025-01-28T19:43:48+00:00","breadcrumb":{"@id":"https:\/\/bombardashop.com\/de\/shop\/unkategorisiert\/inno-tfs-tubenfliege-4x2-stk-inno-go-get-it-4-stk-komplette-box\/#breadcrumb"},"inLanguage":"de","potentialAction":[{"@type":"ReadAction","target":["https:\/\/bombardashop.com\/de\/shop\/unkategorisiert\/inno-tfs-tubenfliege-4x2-stk-inno-go-get-it-4-stk-komplette-box\/"]}]},{"@type":"ImageObject","inLanguage":"de","@id":"https:\/\/bombardashop.com\/de\/shop\/unkategorisiert\/inno-tfs-tubenfliege-4x2-stk-inno-go-get-it-4-stk-komplette-box\/#primaryimage","url":"https:\/\/bombardashop.com\/wp-content\/uploads\/2025\/01\/INNO-go-get-it-og-TFS-sampack-boks-2.jpg","contentUrl":"https:\/\/bombardashop.com\/wp-content\/uploads\/2025\/01\/INNO-go-get-it-og-TFS-sampack-boks-2.jpg","width":2000,"height":1333},{"@type":"BreadcrumbList","@id":"https:\/\/bombardashop.com\/de\/shop\/unkategorisiert\/inno-tfs-tubenfliege-4x2-stk-inno-go-get-it-4-stk-komplette-box\/#breadcrumb","itemListElement":[{"@type":"ListItem","position":1,"name":"Hjem","item":"https:\/\/bombardashop.com\/de\/"},{"@type":"ListItem","position":2,"name":"Shop","item":"https:\/\/bombardashop.com\/de\/shop-2\/"},{"@type":"ListItem","position":3,"name":"INNO-TFS. Tubenfliege 4&#215;2 Stk. &#038; INNO GO GET IT 4 Stk. Komplette Box."}]},{"@type":"WebSite","@id":"https:\/\/bombardashop.com\/#website","url":"https:\/\/bombardashop.com\/","name":"Bombardashop.com","description":"Bombardashop.com","potentialAction":[{"@type":"SearchAction","target":{"@type":"EntryPoint","urlTemplate":"https:\/\/bombardashop.com\/?s={search_term_string}"},"query-input":{"@type":"PropertyValueSpecification","valueRequired":true,"valueName":"search_term_string"}}],"inLanguage":"de"}]}},"_links":{"self":[{"href":"https:\/\/bombardashop.com\/de\/wp-json\/wp\/v2\/product\/40260","targetHints":{"allow":["GET"]}}],"collection":[{"href":"https:\/\/bombardashop.com\/de\/wp-json\/wp\/v2\/product"}],"about":[{"href":"https:\/\/bombardashop.com\/de\/wp-json\/wp\/v2\/types\/product"}],"wp:featuredmedia":[{"embeddable":true,"href":"https:\/\/bombardashop.com\/de\/wp-json\/wp\/v2\/media\/40246"}],"wp:attachment":[{"href":"https:\/\/bombardashop.com\/de\/wp-json\/wp\/v2\/media?parent=40260"}],"wp:term":[{"taxonomy":"product_brand","embeddable":true,"href":"https:\/\/bombardashop.com\/de\/wp-json\/wp\/v2\/product_brand?post=40260"},{"taxonomy":"product_cat","embeddable":true,"href":"https:\/\/bombardashop.com\/de\/wp-json\/wp\/v2\/product_cat?post=40260"},{"taxonomy":"product_tag","embeddable":true,"href":"https:\/\/bombardashop.com\/de\/wp-json\/wp\/v2\/product_tag?post=40260"}],"curies":[{"name":"wp","href":"https:\/\/api.w.org\/{rel}","templated":true}]}}