
{"id":39722,"date":"2024-01-31T19:27:19","date_gmt":"2024-01-31T18:27:19","guid":{"rendered":"https:\/\/bombardashop.com\/shop\/unkategorisiert\/hakenlenker-fuer-mini-rohre-mit-integrierten-inno-tbh-gummibeschlaegen-rot-5-stuecke\/"},"modified":"2024-01-31T19:27:19","modified_gmt":"2024-01-31T18:27:19","slug":"hakenlenker-fuer-mini-rohre-mit-integrierten-inno-tbh-gummibeschlaegen-rot-5-stuecke","status":"publish","type":"product","link":"https:\/\/bombardashop.com\/de\/shop\/mini-tupe-fliegen-de\/hakenlenker-fuer-mini-rohre-mit-integrierten-inno-tbh-gummibeschlaegen-rot-5-stuecke\/","title":{"rendered":"Hakenlenker f\u00fcr Mini-Rohre mit integrierten INNO-TBH-Gummibeschl\u00e4gen Rot. 5 St\u00fccke."},"content":{"rendered":"<p>Hakenf\u00fchrung f\u00fcr INNO-Mini-R\u00f6hrenfliegen.<\/p>\n<p>Auf diese Weise erhalten Sie INNO-TBH-Gummianschl\u00fcsse f\u00fcr Ihre Mini-R\u00f6hrenfliegen.<\/p>\n<p>5 St\u00fccke. In der Tasche, sofort einsatzbereit.<\/p>\n","protected":false},"excerpt":{"rendered":"<p>Hakenf\u00fchrung f\u00fcr INNO-Mini-R\u00f6hrenfliegen. Auf diese Weise erhalten Sie INNO-TBH-Gummianschl\u00fcsse f\u00fcr Ihre Mini-R\u00f6hrenfliegen. 5 St\u00fccke. In der Tasche, sofort einsatzbereit.<\/p>\n","protected":false},"featured_media":39743,"template":"","meta":[],"product_brand":[],"product_cat":[190],"product_tag":[],"class_list":{"0":"post-39722","1":"product","2":"type-product","3":"status-publish","4":"has-post-thumbnail","6":"product_cat-mini-tupe-fliegen-de","8":"first","9":"instock","10":"taxable","11":"shipping-taxable","12":"purchasable","13":"product-type-simple"},"yoast_head":"<!-- This site is optimized with the Yoast SEO plugin v27.3 - https:\/\/yoast.com\/product\/yoast-seo-wordpress\/ -->\n<title>Hakenlenker f\u00fcr Mini-Rohre mit integrierten INNO-TBH-Gummibeschl\u00e4gen Rot. 5 St\u00fccke. - Bombardashop.com<\/title>\n<meta name=\"robots\" content=\"index, follow, max-snippet:-1, max-image-preview:large, max-video-preview:-1\" \/>\n<link rel=\"canonical\" href=\"https:\/\/bombardashop.com\/de\/shop\/mini-tupe-fliegen-de\/hakenlenker-fuer-mini-rohre-mit-integrierten-inno-tbh-gummibeschlaegen-rot-5-stuecke\/\" \/>\n<meta property=\"og:locale\" content=\"de_DE\" \/>\n<meta property=\"og:type\" content=\"article\" \/>\n<meta property=\"og:title\" content=\"Hakenlenker f\u00fcr Mini-Rohre mit integrierten INNO-TBH-Gummibeschl\u00e4gen Rot. 5 St\u00fccke. - Bombardashop.com\" \/>\n<meta property=\"og:description\" content=\"Hakenf\u00fchrung f\u00fcr INNO-Mini-R\u00f6hrenfliegen. Auf diese Weise erhalten Sie INNO-TBH-Gummianschl\u00fcsse f\u00fcr Ihre Mini-R\u00f6hrenfliegen. 5 St\u00fccke. In der Tasche, sofort einsatzbereit.\" \/>\n<meta property=\"og:url\" content=\"https:\/\/bombardashop.com\/de\/shop\/mini-tupe-fliegen-de\/hakenlenker-fuer-mini-rohre-mit-integrierten-inno-tbh-gummibeschlaegen-rot-5-stuecke\/\" \/>\n<meta property=\"og:site_name\" content=\"Bombardashop.com\" \/>\n<meta property=\"og:image\" content=\"https:\/\/bombardashop.com\/wp-content\/uploads\/2024\/01\/MG_0403.jpg\" \/>\n\t<meta property=\"og:image:width\" content=\"1067\" \/>\n\t<meta property=\"og:image:height\" content=\"1600\" \/>\n\t<meta property=\"og:image:type\" content=\"image\/jpeg\" \/>\n<meta name=\"twitter:card\" content=\"summary_large_image\" \/>\n<script type=\"application\/ld+json\" class=\"yoast-schema-graph\">{\"@context\":\"https:\\\/\\\/schema.org\",\"@graph\":[{\"@type\":\"WebPage\",\"@id\":\"https:\\\/\\\/bombardashop.com\\\/de\\\/shop\\\/mini-tupe-fliegen-de\\\/hakenlenker-fuer-mini-rohre-mit-integrierten-inno-tbh-gummibeschlaegen-rot-5-stuecke\\\/\",\"url\":\"https:\\\/\\\/bombardashop.com\\\/de\\\/shop\\\/mini-tupe-fliegen-de\\\/hakenlenker-fuer-mini-rohre-mit-integrierten-inno-tbh-gummibeschlaegen-rot-5-stuecke\\\/\",\"name\":\"Hakenlenker f\u00fcr Mini-Rohre mit integrierten INNO-TBH-Gummibeschl\u00e4gen Rot. 5 St\u00fccke. - Bombardashop.com\",\"isPartOf\":{\"@id\":\"https:\\\/\\\/bombardashop.com\\\/#website\"},\"primaryImageOfPage\":{\"@id\":\"https:\\\/\\\/bombardashop.com\\\/de\\\/shop\\\/mini-tupe-fliegen-de\\\/hakenlenker-fuer-mini-rohre-mit-integrierten-inno-tbh-gummibeschlaegen-rot-5-stuecke\\\/#primaryimage\"},\"image\":{\"@id\":\"https:\\\/\\\/bombardashop.com\\\/de\\\/shop\\\/mini-tupe-fliegen-de\\\/hakenlenker-fuer-mini-rohre-mit-integrierten-inno-tbh-gummibeschlaegen-rot-5-stuecke\\\/#primaryimage\"},\"thumbnailUrl\":\"https:\\\/\\\/bombardashop.com\\\/wp-content\\\/uploads\\\/2024\\\/01\\\/MG_0403.jpg\",\"datePublished\":\"2024-01-31T18:27:19+00:00\",\"breadcrumb\":{\"@id\":\"https:\\\/\\\/bombardashop.com\\\/de\\\/shop\\\/mini-tupe-fliegen-de\\\/hakenlenker-fuer-mini-rohre-mit-integrierten-inno-tbh-gummibeschlaegen-rot-5-stuecke\\\/#breadcrumb\"},\"inLanguage\":\"de\",\"potentialAction\":[{\"@type\":\"ReadAction\",\"target\":[\"https:\\\/\\\/bombardashop.com\\\/de\\\/shop\\\/mini-tupe-fliegen-de\\\/hakenlenker-fuer-mini-rohre-mit-integrierten-inno-tbh-gummibeschlaegen-rot-5-stuecke\\\/\"]}]},{\"@type\":\"ImageObject\",\"inLanguage\":\"de\",\"@id\":\"https:\\\/\\\/bombardashop.com\\\/de\\\/shop\\\/mini-tupe-fliegen-de\\\/hakenlenker-fuer-mini-rohre-mit-integrierten-inno-tbh-gummibeschlaegen-rot-5-stuecke\\\/#primaryimage\",\"url\":\"https:\\\/\\\/bombardashop.com\\\/wp-content\\\/uploads\\\/2024\\\/01\\\/MG_0403.jpg\",\"contentUrl\":\"https:\\\/\\\/bombardashop.com\\\/wp-content\\\/uploads\\\/2024\\\/01\\\/MG_0403.jpg\",\"width\":1067,\"height\":1600},{\"@type\":\"BreadcrumbList\",\"@id\":\"https:\\\/\\\/bombardashop.com\\\/de\\\/shop\\\/mini-tupe-fliegen-de\\\/hakenlenker-fuer-mini-rohre-mit-integrierten-inno-tbh-gummibeschlaegen-rot-5-stuecke\\\/#breadcrumb\",\"itemListElement\":[{\"@type\":\"ListItem\",\"position\":1,\"name\":\"Hjem\",\"item\":\"https:\\\/\\\/bombardashop.com\\\/de\\\/\"},{\"@type\":\"ListItem\",\"position\":2,\"name\":\"Shop\",\"item\":\"https:\\\/\\\/bombardashop.com\\\/de\\\/shop-2\\\/\"},{\"@type\":\"ListItem\",\"position\":3,\"name\":\"Hakenlenker f\u00fcr Mini-Rohre mit integrierten INNO-TBH-Gummibeschl\u00e4gen Rot. 5 St\u00fccke.\"}]},{\"@type\":\"WebSite\",\"@id\":\"https:\\\/\\\/bombardashop.com\\\/#website\",\"url\":\"https:\\\/\\\/bombardashop.com\\\/\",\"name\":\"Bombardashop.com\",\"description\":\"Bombardashop.com\",\"potentialAction\":[{\"@type\":\"SearchAction\",\"target\":{\"@type\":\"EntryPoint\",\"urlTemplate\":\"https:\\\/\\\/bombardashop.com\\\/?s={search_term_string}\"},\"query-input\":{\"@type\":\"PropertyValueSpecification\",\"valueRequired\":true,\"valueName\":\"search_term_string\"}}],\"inLanguage\":\"de\"}]}<\/script>\n<!-- \/ Yoast SEO plugin. -->","yoast_head_json":{"title":"Hakenlenker f\u00fcr Mini-Rohre mit integrierten INNO-TBH-Gummibeschl\u00e4gen Rot. 5 St\u00fccke. - Bombardashop.com","robots":{"index":"index","follow":"follow","max-snippet":"max-snippet:-1","max-image-preview":"max-image-preview:large","max-video-preview":"max-video-preview:-1"},"canonical":"https:\/\/bombardashop.com\/de\/shop\/mini-tupe-fliegen-de\/hakenlenker-fuer-mini-rohre-mit-integrierten-inno-tbh-gummibeschlaegen-rot-5-stuecke\/","og_locale":"de_DE","og_type":"article","og_title":"Hakenlenker f\u00fcr Mini-Rohre mit integrierten INNO-TBH-Gummibeschl\u00e4gen Rot. 5 St\u00fccke. - Bombardashop.com","og_description":"Hakenf\u00fchrung f\u00fcr INNO-Mini-R\u00f6hrenfliegen. Auf diese Weise erhalten Sie INNO-TBH-Gummianschl\u00fcsse f\u00fcr Ihre Mini-R\u00f6hrenfliegen. 5 St\u00fccke. In der Tasche, sofort einsatzbereit.","og_url":"https:\/\/bombardashop.com\/de\/shop\/mini-tupe-fliegen-de\/hakenlenker-fuer-mini-rohre-mit-integrierten-inno-tbh-gummibeschlaegen-rot-5-stuecke\/","og_site_name":"Bombardashop.com","og_image":[{"width":1067,"height":1600,"url":"https:\/\/bombardashop.com\/wp-content\/uploads\/2024\/01\/MG_0403.jpg","type":"image\/jpeg"}],"twitter_card":"summary_large_image","schema":{"@context":"https:\/\/schema.org","@graph":[{"@type":"WebPage","@id":"https:\/\/bombardashop.com\/de\/shop\/mini-tupe-fliegen-de\/hakenlenker-fuer-mini-rohre-mit-integrierten-inno-tbh-gummibeschlaegen-rot-5-stuecke\/","url":"https:\/\/bombardashop.com\/de\/shop\/mini-tupe-fliegen-de\/hakenlenker-fuer-mini-rohre-mit-integrierten-inno-tbh-gummibeschlaegen-rot-5-stuecke\/","name":"Hakenlenker f\u00fcr Mini-Rohre mit integrierten INNO-TBH-Gummibeschl\u00e4gen Rot. 5 St\u00fccke. - Bombardashop.com","isPartOf":{"@id":"https:\/\/bombardashop.com\/#website"},"primaryImageOfPage":{"@id":"https:\/\/bombardashop.com\/de\/shop\/mini-tupe-fliegen-de\/hakenlenker-fuer-mini-rohre-mit-integrierten-inno-tbh-gummibeschlaegen-rot-5-stuecke\/#primaryimage"},"image":{"@id":"https:\/\/bombardashop.com\/de\/shop\/mini-tupe-fliegen-de\/hakenlenker-fuer-mini-rohre-mit-integrierten-inno-tbh-gummibeschlaegen-rot-5-stuecke\/#primaryimage"},"thumbnailUrl":"https:\/\/bombardashop.com\/wp-content\/uploads\/2024\/01\/MG_0403.jpg","datePublished":"2024-01-31T18:27:19+00:00","breadcrumb":{"@id":"https:\/\/bombardashop.com\/de\/shop\/mini-tupe-fliegen-de\/hakenlenker-fuer-mini-rohre-mit-integrierten-inno-tbh-gummibeschlaegen-rot-5-stuecke\/#breadcrumb"},"inLanguage":"de","potentialAction":[{"@type":"ReadAction","target":["https:\/\/bombardashop.com\/de\/shop\/mini-tupe-fliegen-de\/hakenlenker-fuer-mini-rohre-mit-integrierten-inno-tbh-gummibeschlaegen-rot-5-stuecke\/"]}]},{"@type":"ImageObject","inLanguage":"de","@id":"https:\/\/bombardashop.com\/de\/shop\/mini-tupe-fliegen-de\/hakenlenker-fuer-mini-rohre-mit-integrierten-inno-tbh-gummibeschlaegen-rot-5-stuecke\/#primaryimage","url":"https:\/\/bombardashop.com\/wp-content\/uploads\/2024\/01\/MG_0403.jpg","contentUrl":"https:\/\/bombardashop.com\/wp-content\/uploads\/2024\/01\/MG_0403.jpg","width":1067,"height":1600},{"@type":"BreadcrumbList","@id":"https:\/\/bombardashop.com\/de\/shop\/mini-tupe-fliegen-de\/hakenlenker-fuer-mini-rohre-mit-integrierten-inno-tbh-gummibeschlaegen-rot-5-stuecke\/#breadcrumb","itemListElement":[{"@type":"ListItem","position":1,"name":"Hjem","item":"https:\/\/bombardashop.com\/de\/"},{"@type":"ListItem","position":2,"name":"Shop","item":"https:\/\/bombardashop.com\/de\/shop-2\/"},{"@type":"ListItem","position":3,"name":"Hakenlenker f\u00fcr Mini-Rohre mit integrierten INNO-TBH-Gummibeschl\u00e4gen Rot. 5 St\u00fccke."}]},{"@type":"WebSite","@id":"https:\/\/bombardashop.com\/#website","url":"https:\/\/bombardashop.com\/","name":"Bombardashop.com","description":"Bombardashop.com","potentialAction":[{"@type":"SearchAction","target":{"@type":"EntryPoint","urlTemplate":"https:\/\/bombardashop.com\/?s={search_term_string}"},"query-input":{"@type":"PropertyValueSpecification","valueRequired":true,"valueName":"search_term_string"}}],"inLanguage":"de"}]}},"_links":{"self":[{"href":"https:\/\/bombardashop.com\/de\/wp-json\/wp\/v2\/product\/39722","targetHints":{"allow":["GET"]}}],"collection":[{"href":"https:\/\/bombardashop.com\/de\/wp-json\/wp\/v2\/product"}],"about":[{"href":"https:\/\/bombardashop.com\/de\/wp-json\/wp\/v2\/types\/product"}],"wp:featuredmedia":[{"embeddable":true,"href":"https:\/\/bombardashop.com\/de\/wp-json\/wp\/v2\/media\/39743"}],"wp:attachment":[{"href":"https:\/\/bombardashop.com\/de\/wp-json\/wp\/v2\/media?parent=39722"}],"wp:term":[{"taxonomy":"product_brand","embeddable":true,"href":"https:\/\/bombardashop.com\/de\/wp-json\/wp\/v2\/product_brand?post=39722"},{"taxonomy":"product_cat","embeddable":true,"href":"https:\/\/bombardashop.com\/de\/wp-json\/wp\/v2\/product_cat?post=39722"},{"taxonomy":"product_tag","embeddable":true,"href":"https:\/\/bombardashop.com\/de\/wp-json\/wp\/v2\/product_tag?post=39722"}],"curies":[{"name":"wp","href":"https:\/\/api.w.org\/{rel}","templated":true}]}}