
{"id":39523,"date":"2023-12-19T21:08:48","date_gmt":"2023-12-19T20:08:48","guid":{"rendered":"https:\/\/bombardashop.com\/shop\/unkategorisiert\/39523\/"},"modified":"2023-12-19T21:08:48","modified_gmt":"2023-12-19T20:08:48","slug":"39523","status":"publish","type":"product","link":"https:\/\/bombardashop.com\/de\/shop\/mini-tupe-fliegen-de\/39523\/","title":{"rendered":""},"content":{"rendered":"<p>Tubenfliegen, die alle ihre Angelf\u00e4higkeiten an der K\u00fcste unter Beweis gestellt haben, sich aber auch hervorragend f\u00fcr Seefische und Put and Take eignen. Erh\u00f6hen Sie Ihre Hakenquote mit kleinem Hakenger\u00e4t von 50 auf 90 %. Eigene Drillinge und Tubenfliegen. Testfischer haben \u00fcber mehrere Jahre bewiesen, dass das Kleinhakenger\u00e4t mit L-Rig- oder Rapala-Montage auf Tubenfliegen fast doppelt so viele Fische bringt.<\/p>\n","protected":false},"excerpt":{"rendered":"<p>Tubenfliegen, die alle ihre Angelf\u00e4higkeiten an der K\u00fcste unter Beweis gestellt haben, sich aber auch hervorragend f\u00fcr Seefische und Put and Take eignen. Erh\u00f6hen Sie Ihre Hakenquote mit kleinem Hakenger\u00e4t&#8230;<\/p>\n","protected":false},"featured_media":39519,"template":"","meta":[],"product_brand":[],"product_cat":[190],"product_tag":[],"class_list":{"0":"post-39523","1":"product","2":"type-product","3":"status-publish","4":"has-post-thumbnail","6":"product_cat-mini-tupe-fliegen-de","8":"first","9":"instock","10":"taxable","11":"shipping-taxable","12":"purchasable","13":"product-type-simple"},"yoast_head":"<!-- This site is optimized with the Yoast SEO plugin v27.3 - https:\/\/yoast.com\/product\/yoast-seo-wordpress\/ -->\n<title>- Bombardashop.com<\/title>\n<meta name=\"robots\" content=\"index, follow, max-snippet:-1, max-image-preview:large, max-video-preview:-1\" \/>\n<link rel=\"canonical\" href=\"https:\/\/bombardashop.com\/de\/shop\/unkategorisiert\/39523\/\" \/>\n<meta property=\"og:locale\" content=\"de_DE\" \/>\n<meta property=\"og:type\" content=\"article\" \/>\n<meta property=\"og:title\" content=\"- Bombardashop.com\" \/>\n<meta property=\"og:description\" content=\"Tubenfliegen, die alle ihre Angelf\u00e4higkeiten an der K\u00fcste unter Beweis gestellt haben, sich aber auch hervorragend f\u00fcr Seefische und Put and Take eignen. Erh\u00f6hen Sie Ihre Hakenquote mit kleinem Hakenger\u00e4t...\" \/>\n<meta property=\"og:url\" content=\"https:\/\/bombardashop.com\/de\/shop\/unkategorisiert\/39523\/\" \/>\n<meta property=\"og:site_name\" content=\"Bombardashop.com\" \/>\n<meta property=\"og:image\" content=\"https:\/\/bombardashop.com\/wp-content\/uploads\/2023\/12\/Polar-Magnus-variant-Mini-tube.jpg\" \/>\n\t<meta property=\"og:image:width\" content=\"1600\" \/>\n\t<meta property=\"og:image:height\" content=\"1067\" \/>\n\t<meta property=\"og:image:type\" content=\"image\/jpeg\" \/>\n<meta name=\"twitter:card\" content=\"summary_large_image\" \/>\n<script type=\"application\/ld+json\" class=\"yoast-schema-graph\">{\"@context\":\"https:\\\/\\\/schema.org\",\"@graph\":[{\"@type\":\"WebPage\",\"@id\":\"https:\\\/\\\/bombardashop.com\\\/de\\\/shop\\\/unkategorisiert\\\/39523\\\/\",\"url\":\"https:\\\/\\\/bombardashop.com\\\/de\\\/shop\\\/unkategorisiert\\\/39523\\\/\",\"name\":\"- Bombardashop.com\",\"isPartOf\":{\"@id\":\"https:\\\/\\\/bombardashop.com\\\/#website\"},\"primaryImageOfPage\":{\"@id\":\"https:\\\/\\\/bombardashop.com\\\/de\\\/shop\\\/unkategorisiert\\\/39523\\\/#primaryimage\"},\"image\":{\"@id\":\"https:\\\/\\\/bombardashop.com\\\/de\\\/shop\\\/unkategorisiert\\\/39523\\\/#primaryimage\"},\"thumbnailUrl\":\"https:\\\/\\\/bombardashop.com\\\/wp-content\\\/uploads\\\/2023\\\/12\\\/Polar-Magnus-variant-Mini-tube.jpg\",\"datePublished\":\"2023-12-19T20:08:48+00:00\",\"breadcrumb\":{\"@id\":\"https:\\\/\\\/bombardashop.com\\\/de\\\/shop\\\/unkategorisiert\\\/39523\\\/#breadcrumb\"},\"inLanguage\":\"de\",\"potentialAction\":[{\"@type\":\"ReadAction\",\"target\":[\"https:\\\/\\\/bombardashop.com\\\/de\\\/shop\\\/unkategorisiert\\\/39523\\\/\"]}]},{\"@type\":\"ImageObject\",\"inLanguage\":\"de\",\"@id\":\"https:\\\/\\\/bombardashop.com\\\/de\\\/shop\\\/unkategorisiert\\\/39523\\\/#primaryimage\",\"url\":\"https:\\\/\\\/bombardashop.com\\\/wp-content\\\/uploads\\\/2023\\\/12\\\/Polar-Magnus-variant-Mini-tube.jpg\",\"contentUrl\":\"https:\\\/\\\/bombardashop.com\\\/wp-content\\\/uploads\\\/2023\\\/12\\\/Polar-Magnus-variant-Mini-tube.jpg\",\"width\":1600,\"height\":1067},{\"@type\":\"BreadcrumbList\",\"@id\":\"https:\\\/\\\/bombardashop.com\\\/de\\\/shop\\\/unkategorisiert\\\/39523\\\/#breadcrumb\",\"itemListElement\":[{\"@type\":\"ListItem\",\"position\":1,\"name\":\"Hjem\",\"item\":\"https:\\\/\\\/bombardashop.com\\\/de\\\/\"},{\"@type\":\"ListItem\",\"position\":2,\"name\":\"Shop\",\"item\":\"https:\\\/\\\/bombardashop.com\\\/de\\\/shop-2\\\/\"}]},{\"@type\":\"WebSite\",\"@id\":\"https:\\\/\\\/bombardashop.com\\\/#website\",\"url\":\"https:\\\/\\\/bombardashop.com\\\/\",\"name\":\"Bombardashop.com\",\"description\":\"Bombardashop.com\",\"potentialAction\":[{\"@type\":\"SearchAction\",\"target\":{\"@type\":\"EntryPoint\",\"urlTemplate\":\"https:\\\/\\\/bombardashop.com\\\/?s={search_term_string}\"},\"query-input\":{\"@type\":\"PropertyValueSpecification\",\"valueRequired\":true,\"valueName\":\"search_term_string\"}}],\"inLanguage\":\"de\"}]}<\/script>\n<!-- \/ Yoast SEO plugin. -->","yoast_head_json":{"title":"- Bombardashop.com","robots":{"index":"index","follow":"follow","max-snippet":"max-snippet:-1","max-image-preview":"max-image-preview:large","max-video-preview":"max-video-preview:-1"},"canonical":"https:\/\/bombardashop.com\/de\/shop\/unkategorisiert\/39523\/","og_locale":"de_DE","og_type":"article","og_title":"- Bombardashop.com","og_description":"Tubenfliegen, die alle ihre Angelf\u00e4higkeiten an der K\u00fcste unter Beweis gestellt haben, sich aber auch hervorragend f\u00fcr Seefische und Put and Take eignen. Erh\u00f6hen Sie Ihre Hakenquote mit kleinem Hakenger\u00e4t...","og_url":"https:\/\/bombardashop.com\/de\/shop\/unkategorisiert\/39523\/","og_site_name":"Bombardashop.com","og_image":[{"width":1600,"height":1067,"url":"https:\/\/bombardashop.com\/wp-content\/uploads\/2023\/12\/Polar-Magnus-variant-Mini-tube.jpg","type":"image\/jpeg"}],"twitter_card":"summary_large_image","schema":{"@context":"https:\/\/schema.org","@graph":[{"@type":"WebPage","@id":"https:\/\/bombardashop.com\/de\/shop\/unkategorisiert\/39523\/","url":"https:\/\/bombardashop.com\/de\/shop\/unkategorisiert\/39523\/","name":"- Bombardashop.com","isPartOf":{"@id":"https:\/\/bombardashop.com\/#website"},"primaryImageOfPage":{"@id":"https:\/\/bombardashop.com\/de\/shop\/unkategorisiert\/39523\/#primaryimage"},"image":{"@id":"https:\/\/bombardashop.com\/de\/shop\/unkategorisiert\/39523\/#primaryimage"},"thumbnailUrl":"https:\/\/bombardashop.com\/wp-content\/uploads\/2023\/12\/Polar-Magnus-variant-Mini-tube.jpg","datePublished":"2023-12-19T20:08:48+00:00","breadcrumb":{"@id":"https:\/\/bombardashop.com\/de\/shop\/unkategorisiert\/39523\/#breadcrumb"},"inLanguage":"de","potentialAction":[{"@type":"ReadAction","target":["https:\/\/bombardashop.com\/de\/shop\/unkategorisiert\/39523\/"]}]},{"@type":"ImageObject","inLanguage":"de","@id":"https:\/\/bombardashop.com\/de\/shop\/unkategorisiert\/39523\/#primaryimage","url":"https:\/\/bombardashop.com\/wp-content\/uploads\/2023\/12\/Polar-Magnus-variant-Mini-tube.jpg","contentUrl":"https:\/\/bombardashop.com\/wp-content\/uploads\/2023\/12\/Polar-Magnus-variant-Mini-tube.jpg","width":1600,"height":1067},{"@type":"BreadcrumbList","@id":"https:\/\/bombardashop.com\/de\/shop\/unkategorisiert\/39523\/#breadcrumb","itemListElement":[{"@type":"ListItem","position":1,"name":"Hjem","item":"https:\/\/bombardashop.com\/de\/"},{"@type":"ListItem","position":2,"name":"Shop","item":"https:\/\/bombardashop.com\/de\/shop-2\/"}]},{"@type":"WebSite","@id":"https:\/\/bombardashop.com\/#website","url":"https:\/\/bombardashop.com\/","name":"Bombardashop.com","description":"Bombardashop.com","potentialAction":[{"@type":"SearchAction","target":{"@type":"EntryPoint","urlTemplate":"https:\/\/bombardashop.com\/?s={search_term_string}"},"query-input":{"@type":"PropertyValueSpecification","valueRequired":true,"valueName":"search_term_string"}}],"inLanguage":"de"}]}},"_links":{"self":[{"href":"https:\/\/bombardashop.com\/de\/wp-json\/wp\/v2\/product\/39523","targetHints":{"allow":["GET"]}}],"collection":[{"href":"https:\/\/bombardashop.com\/de\/wp-json\/wp\/v2\/product"}],"about":[{"href":"https:\/\/bombardashop.com\/de\/wp-json\/wp\/v2\/types\/product"}],"wp:featuredmedia":[{"embeddable":true,"href":"https:\/\/bombardashop.com\/de\/wp-json\/wp\/v2\/media\/39519"}],"wp:attachment":[{"href":"https:\/\/bombardashop.com\/de\/wp-json\/wp\/v2\/media?parent=39523"}],"wp:term":[{"taxonomy":"product_brand","embeddable":true,"href":"https:\/\/bombardashop.com\/de\/wp-json\/wp\/v2\/product_brand?post=39523"},{"taxonomy":"product_cat","embeddable":true,"href":"https:\/\/bombardashop.com\/de\/wp-json\/wp\/v2\/product_cat?post=39523"},{"taxonomy":"product_tag","embeddable":true,"href":"https:\/\/bombardashop.com\/de\/wp-json\/wp\/v2\/product_tag?post=39523"}],"curies":[{"name":"wp","href":"https:\/\/api.w.org\/{rel}","templated":true}]}}