
{"id":39440,"date":"2023-10-24T16:02:48","date_gmt":"2023-10-24T14:02:48","guid":{"rendered":"https:\/\/bombardashop.com\/shop\/unkategorisiert\/inno-g0-get-it-mix-5-stk-assoteret-36-mm-1-gr\/"},"modified":"2023-10-24T18:04:36","modified_gmt":"2023-10-24T16:04:36","slug":"inno-g0-get-it-mix-5-stk-assoteret-36-mm-1-gr","status":"publish","type":"product","link":"https:\/\/bombardashop.com\/de\/shop\/inno-go-get-it-durchlau\/inno-g0-get-it-mix-5-stk-assoteret-36-mm-1-gr\/","title":{"rendered":"INNO G0 Get It . Mix 5 stk. Assoteret. 36 mm. 1 gr."},"content":{"rendered":"<p>Mix Pack bestehend aus 5 Inno High Speed\/ Go Get It in verschiedenen Farben, Sie k\u00f6nnen die Farben nicht selbst ausw\u00e4hlen.<\/p>\n<p>&nbsp;<\/p>\n<p>INNO HIGH SPEED \/ GO GET IT ist Ihre neue Ein-Gramm-Waffe an der K\u00fcste oder in Ihrem Put &amp; Take-Gew\u00e4sser nach Bombarda oder direkt an Ihrer ultraleichten Spinnausr\u00fcstung. Sowie im flie\u00dfenden Wasser an der Fliegenrute.<\/p>\n<p>INNO HIGH SPEED \/ GO GET IT wiegt nur ein Gramm und kann daher sehr langsam mit kleinen St\u00f6\u00dfen oder HIGH SPEED schnell mit Spinnstopp an der K\u00fcste nach Bombarda angeln. Sowie an einer Fliegenrute im flie\u00dfenden Wasser, wo es superfrech geht, ganz anders als eine Fliege \u2013 Deine Geheimwaffe bei schwierigen Fischen.<\/p>\n","protected":false},"excerpt":{"rendered":"<p>Mix Pack bestehend aus 5 Inno High Speed\/ Go Get It in verschiedenen Farben, Sie k\u00f6nnen die Farben nicht selbst ausw\u00e4hlen. &nbsp; INNO HIGH SPEED \/ GO GET IT ist&#8230;<\/p>\n","protected":false},"featured_media":39372,"template":"","meta":[],"product_brand":[],"product_cat":[200],"product_tag":[],"class_list":{"0":"post-39440","1":"product","2":"type-product","3":"status-publish","4":"has-post-thumbnail","6":"product_cat-inno-go-get-it-durchlau","8":"first","9":"instock","10":"taxable","11":"shipping-taxable","12":"purchasable","13":"product-type-simple"},"yoast_head":"<!-- This site is optimized with the Yoast SEO plugin v27.4 - https:\/\/yoast.com\/product\/yoast-seo-wordpress\/ -->\n<title>INNO G0 Get It . Mix 5 stk. Assoteret. 36 mm. 1 gr. - Bombardashop.com<\/title>\n<meta name=\"robots\" content=\"index, follow, max-snippet:-1, max-image-preview:large, max-video-preview:-1\" \/>\n<link rel=\"canonical\" href=\"https:\/\/bombardashop.com\/de\/shop\/inno-go-get-it-durchlau\/inno-g0-get-it-mix-5-stk-assoteret-36-mm-1-gr\/\" \/>\n<meta property=\"og:locale\" content=\"de_DE\" \/>\n<meta property=\"og:type\" content=\"article\" \/>\n<meta property=\"og:title\" content=\"INNO G0 Get It . Mix 5 stk. Assoteret. 36 mm. 1 gr. - Bombardashop.com\" \/>\n<meta property=\"og:description\" content=\"Mix Pack bestehend aus 5 Inno High Speed\/ Go Get It in verschiedenen Farben, Sie k\u00f6nnen die Farben nicht selbst ausw\u00e4hlen. &nbsp; INNO HIGH SPEED \/ GO GET IT ist...\" \/>\n<meta property=\"og:url\" content=\"https:\/\/bombardashop.com\/de\/shop\/inno-go-get-it-durchlau\/inno-g0-get-it-mix-5-stk-assoteret-36-mm-1-gr\/\" \/>\n<meta property=\"og:site_name\" content=\"Bombardashop.com\" \/>\n<meta property=\"article:modified_time\" content=\"2023-10-24T16:04:36+00:00\" \/>\n<meta property=\"og:image\" content=\"https:\/\/bombardashop.com\/wp-content\/uploads\/2023\/10\/Inno-High-Speed-Mix-Pakke-Bagside-Web.jpg\" \/>\n\t<meta property=\"og:image:width\" content=\"1600\" \/>\n\t<meta property=\"og:image:height\" content=\"1067\" \/>\n\t<meta property=\"og:image:type\" content=\"image\/jpeg\" \/>\n<meta name=\"twitter:card\" content=\"summary_large_image\" \/>\n<meta name=\"twitter:label1\" content=\"Gesch\u00e4tzte Lesezeit\" \/>\n\t<meta name=\"twitter:data1\" content=\"1\u00a0Minute\" \/>\n<script type=\"application\/ld+json\" class=\"yoast-schema-graph\">{\"@context\":\"https:\\\/\\\/schema.org\",\"@graph\":[{\"@type\":\"WebPage\",\"@id\":\"https:\\\/\\\/bombardashop.com\\\/de\\\/shop\\\/inno-go-get-it-durchlau\\\/inno-g0-get-it-mix-5-stk-assoteret-36-mm-1-gr\\\/\",\"url\":\"https:\\\/\\\/bombardashop.com\\\/de\\\/shop\\\/inno-go-get-it-durchlau\\\/inno-g0-get-it-mix-5-stk-assoteret-36-mm-1-gr\\\/\",\"name\":\"INNO G0 Get It . Mix 5 stk. Assoteret. 36 mm. 1 gr. - Bombardashop.com\",\"isPartOf\":{\"@id\":\"https:\\\/\\\/bombardashop.com\\\/#website\"},\"primaryImageOfPage\":{\"@id\":\"https:\\\/\\\/bombardashop.com\\\/de\\\/shop\\\/inno-go-get-it-durchlau\\\/inno-g0-get-it-mix-5-stk-assoteret-36-mm-1-gr\\\/#primaryimage\"},\"image\":{\"@id\":\"https:\\\/\\\/bombardashop.com\\\/de\\\/shop\\\/inno-go-get-it-durchlau\\\/inno-g0-get-it-mix-5-stk-assoteret-36-mm-1-gr\\\/#primaryimage\"},\"thumbnailUrl\":\"https:\\\/\\\/bombardashop.com\\\/wp-content\\\/uploads\\\/2023\\\/10\\\/Inno-High-Speed-Mix-Pakke-Bagside-Web.jpg\",\"datePublished\":\"2023-10-24T14:02:48+00:00\",\"dateModified\":\"2023-10-24T16:04:36+00:00\",\"breadcrumb\":{\"@id\":\"https:\\\/\\\/bombardashop.com\\\/de\\\/shop\\\/inno-go-get-it-durchlau\\\/inno-g0-get-it-mix-5-stk-assoteret-36-mm-1-gr\\\/#breadcrumb\"},\"inLanguage\":\"de\",\"potentialAction\":[{\"@type\":\"ReadAction\",\"target\":[\"https:\\\/\\\/bombardashop.com\\\/de\\\/shop\\\/inno-go-get-it-durchlau\\\/inno-g0-get-it-mix-5-stk-assoteret-36-mm-1-gr\\\/\"]}]},{\"@type\":\"ImageObject\",\"inLanguage\":\"de\",\"@id\":\"https:\\\/\\\/bombardashop.com\\\/de\\\/shop\\\/inno-go-get-it-durchlau\\\/inno-g0-get-it-mix-5-stk-assoteret-36-mm-1-gr\\\/#primaryimage\",\"url\":\"https:\\\/\\\/bombardashop.com\\\/wp-content\\\/uploads\\\/2023\\\/10\\\/Inno-High-Speed-Mix-Pakke-Bagside-Web.jpg\",\"contentUrl\":\"https:\\\/\\\/bombardashop.com\\\/wp-content\\\/uploads\\\/2023\\\/10\\\/Inno-High-Speed-Mix-Pakke-Bagside-Web.jpg\",\"width\":1600,\"height\":1067},{\"@type\":\"BreadcrumbList\",\"@id\":\"https:\\\/\\\/bombardashop.com\\\/de\\\/shop\\\/inno-go-get-it-durchlau\\\/inno-g0-get-it-mix-5-stk-assoteret-36-mm-1-gr\\\/#breadcrumb\",\"itemListElement\":[{\"@type\":\"ListItem\",\"position\":1,\"name\":\"Hjem\",\"item\":\"https:\\\/\\\/bombardashop.com\\\/de\\\/\"},{\"@type\":\"ListItem\",\"position\":2,\"name\":\"Shop\",\"item\":\"https:\\\/\\\/bombardashop.com\\\/de\\\/shop-2\\\/\"},{\"@type\":\"ListItem\",\"position\":3,\"name\":\"INNO G0 Get It . Mix 5 stk. Assoteret. 36 mm. 1 gr.\"}]},{\"@type\":\"WebSite\",\"@id\":\"https:\\\/\\\/bombardashop.com\\\/#website\",\"url\":\"https:\\\/\\\/bombardashop.com\\\/\",\"name\":\"Bombardashop.com\",\"description\":\"Bombardashop.com\",\"potentialAction\":[{\"@type\":\"SearchAction\",\"target\":{\"@type\":\"EntryPoint\",\"urlTemplate\":\"https:\\\/\\\/bombardashop.com\\\/?s={search_term_string}\"},\"query-input\":{\"@type\":\"PropertyValueSpecification\",\"valueRequired\":true,\"valueName\":\"search_term_string\"}}],\"inLanguage\":\"de\"}]}<\/script>\n<!-- \/ Yoast SEO plugin. -->","yoast_head_json":{"title":"INNO G0 Get It . Mix 5 stk. Assoteret. 36 mm. 1 gr. - Bombardashop.com","robots":{"index":"index","follow":"follow","max-snippet":"max-snippet:-1","max-image-preview":"max-image-preview:large","max-video-preview":"max-video-preview:-1"},"canonical":"https:\/\/bombardashop.com\/de\/shop\/inno-go-get-it-durchlau\/inno-g0-get-it-mix-5-stk-assoteret-36-mm-1-gr\/","og_locale":"de_DE","og_type":"article","og_title":"INNO G0 Get It . Mix 5 stk. Assoteret. 36 mm. 1 gr. - Bombardashop.com","og_description":"Mix Pack bestehend aus 5 Inno High Speed\/ Go Get It in verschiedenen Farben, Sie k\u00f6nnen die Farben nicht selbst ausw\u00e4hlen. &nbsp; INNO HIGH SPEED \/ GO GET IT ist...","og_url":"https:\/\/bombardashop.com\/de\/shop\/inno-go-get-it-durchlau\/inno-g0-get-it-mix-5-stk-assoteret-36-mm-1-gr\/","og_site_name":"Bombardashop.com","article_modified_time":"2023-10-24T16:04:36+00:00","og_image":[{"width":1600,"height":1067,"url":"https:\/\/bombardashop.com\/wp-content\/uploads\/2023\/10\/Inno-High-Speed-Mix-Pakke-Bagside-Web.jpg","type":"image\/jpeg"}],"twitter_card":"summary_large_image","twitter_misc":{"Gesch\u00e4tzte Lesezeit":"1\u00a0Minute"},"schema":{"@context":"https:\/\/schema.org","@graph":[{"@type":"WebPage","@id":"https:\/\/bombardashop.com\/de\/shop\/inno-go-get-it-durchlau\/inno-g0-get-it-mix-5-stk-assoteret-36-mm-1-gr\/","url":"https:\/\/bombardashop.com\/de\/shop\/inno-go-get-it-durchlau\/inno-g0-get-it-mix-5-stk-assoteret-36-mm-1-gr\/","name":"INNO G0 Get It . Mix 5 stk. Assoteret. 36 mm. 1 gr. - Bombardashop.com","isPartOf":{"@id":"https:\/\/bombardashop.com\/#website"},"primaryImageOfPage":{"@id":"https:\/\/bombardashop.com\/de\/shop\/inno-go-get-it-durchlau\/inno-g0-get-it-mix-5-stk-assoteret-36-mm-1-gr\/#primaryimage"},"image":{"@id":"https:\/\/bombardashop.com\/de\/shop\/inno-go-get-it-durchlau\/inno-g0-get-it-mix-5-stk-assoteret-36-mm-1-gr\/#primaryimage"},"thumbnailUrl":"https:\/\/bombardashop.com\/wp-content\/uploads\/2023\/10\/Inno-High-Speed-Mix-Pakke-Bagside-Web.jpg","datePublished":"2023-10-24T14:02:48+00:00","dateModified":"2023-10-24T16:04:36+00:00","breadcrumb":{"@id":"https:\/\/bombardashop.com\/de\/shop\/inno-go-get-it-durchlau\/inno-g0-get-it-mix-5-stk-assoteret-36-mm-1-gr\/#breadcrumb"},"inLanguage":"de","potentialAction":[{"@type":"ReadAction","target":["https:\/\/bombardashop.com\/de\/shop\/inno-go-get-it-durchlau\/inno-g0-get-it-mix-5-stk-assoteret-36-mm-1-gr\/"]}]},{"@type":"ImageObject","inLanguage":"de","@id":"https:\/\/bombardashop.com\/de\/shop\/inno-go-get-it-durchlau\/inno-g0-get-it-mix-5-stk-assoteret-36-mm-1-gr\/#primaryimage","url":"https:\/\/bombardashop.com\/wp-content\/uploads\/2023\/10\/Inno-High-Speed-Mix-Pakke-Bagside-Web.jpg","contentUrl":"https:\/\/bombardashop.com\/wp-content\/uploads\/2023\/10\/Inno-High-Speed-Mix-Pakke-Bagside-Web.jpg","width":1600,"height":1067},{"@type":"BreadcrumbList","@id":"https:\/\/bombardashop.com\/de\/shop\/inno-go-get-it-durchlau\/inno-g0-get-it-mix-5-stk-assoteret-36-mm-1-gr\/#breadcrumb","itemListElement":[{"@type":"ListItem","position":1,"name":"Hjem","item":"https:\/\/bombardashop.com\/de\/"},{"@type":"ListItem","position":2,"name":"Shop","item":"https:\/\/bombardashop.com\/de\/shop-2\/"},{"@type":"ListItem","position":3,"name":"INNO G0 Get It . Mix 5 stk. Assoteret. 36 mm. 1 gr."}]},{"@type":"WebSite","@id":"https:\/\/bombardashop.com\/#website","url":"https:\/\/bombardashop.com\/","name":"Bombardashop.com","description":"Bombardashop.com","potentialAction":[{"@type":"SearchAction","target":{"@type":"EntryPoint","urlTemplate":"https:\/\/bombardashop.com\/?s={search_term_string}"},"query-input":{"@type":"PropertyValueSpecification","valueRequired":true,"valueName":"search_term_string"}}],"inLanguage":"de"}]}},"_links":{"self":[{"href":"https:\/\/bombardashop.com\/de\/wp-json\/wp\/v2\/product\/39440","targetHints":{"allow":["GET"]}}],"collection":[{"href":"https:\/\/bombardashop.com\/de\/wp-json\/wp\/v2\/product"}],"about":[{"href":"https:\/\/bombardashop.com\/de\/wp-json\/wp\/v2\/types\/product"}],"wp:featuredmedia":[{"embeddable":true,"href":"https:\/\/bombardashop.com\/de\/wp-json\/wp\/v2\/media\/39372"}],"wp:attachment":[{"href":"https:\/\/bombardashop.com\/de\/wp-json\/wp\/v2\/media?parent=39440"}],"wp:term":[{"taxonomy":"product_brand","embeddable":true,"href":"https:\/\/bombardashop.com\/de\/wp-json\/wp\/v2\/product_brand?post=39440"},{"taxonomy":"product_cat","embeddable":true,"href":"https:\/\/bombardashop.com\/de\/wp-json\/wp\/v2\/product_cat?post=39440"},{"taxonomy":"product_tag","embeddable":true,"href":"https:\/\/bombardashop.com\/de\/wp-json\/wp\/v2\/product_tag?post=39440"}],"curies":[{"name":"wp","href":"https:\/\/api.w.org\/{rel}","templated":true}]}}