
{"id":38824,"date":"2023-03-09T12:55:50","date_gmt":"2023-03-09T11:55:50","guid":{"rendered":"https:\/\/bombardashop.com\/shop\/unkategorisiert\/inno-bombarda-coastal-fliegenset-mit-16-fliegen-8x2-stueck\/"},"modified":"2023-03-15T08:19:59","modified_gmt":"2023-03-15T07:19:59","slug":"inno-bombarda-coastal-fliegenset-mit-16-fliegen-8x2-stueck","status":"publish","type":"product","link":"https:\/\/bombardashop.com\/de\/shop\/fliegen-fliegenbox-de\/inno-bombarda-coastal-fliegenset-mit-16-fliegen-8x2-stueck\/","title":{"rendered":"INNO Bombarda K\u00fcstenFliegenset mit 16 Fliegen (8X2 St\u00fcck)."},"content":{"rendered":"<p>INNO Bombarda K\u00fcstFliegenset mit 16 Fliegen (8X2 St\u00fcck).<\/p>\n<p>Dies sind die neuen Fliegen, die wir speziell f\u00fcr Bombardashop hergestellt haben. Alle Fliegen mit Ausnahme der B\u00fcrstenw\u00fcrmer sind so beschwert, dass die Fliegen auch bei schnellem Drehen im Wasser bleiben. Die B\u00fcrstenw\u00fcrmer werden nicht beschwert, da sie wie die B\u00fcrstenw\u00fcrmerschw\u00e4rme im Fr\u00fchjahr im Wasser schwimmen. Alle Fliegen werden in D\u00e4nemark an hochwertigen Salzwasserhaken von Owner entworfen, entwickelt und gebunden, mit Fish-Mask-K\u00f6pfen mit 3D-Augen.<\/p>\n<p>INNO-B\u00f8rsteorm, INNO-Kobberbassen, INNO-Ferkel in 2 verschiedenen Farben, INNO-Brenda, INNO-Polar Magnus, INNO-Gr\u00e5 Frede und INNO-Golden Kutling. INNO-Kobberbassen # 8, die restlichen Fliegen sind # 4 &amp; 6<\/p>\n","protected":false},"excerpt":{"rendered":"<p>INNO Bombarda K\u00fcstFliegenset mit 16 Fliegen (8X2 St\u00fcck). Dies sind die neuen Fliegen, die wir speziell f\u00fcr Bombardashop hergestellt haben. Alle Fliegen mit Ausnahme der B\u00fcrstenw\u00fcrmer sind so beschwert, dass&#8230;<\/p>\n","protected":false},"featured_media":38816,"template":"","meta":[],"product_brand":[],"product_cat":[110],"product_tag":[],"class_list":{"0":"post-38824","1":"product","2":"type-product","3":"status-publish","4":"has-post-thumbnail","6":"product_cat-fliegen-fliegenbox-de","8":"first","9":"instock","10":"taxable","11":"shipping-taxable","12":"purchasable","13":"product-type-simple"},"yoast_head":"<!-- This site is optimized with the Yoast SEO plugin v27.4 - https:\/\/yoast.com\/product\/yoast-seo-wordpress\/ -->\n<title>INNO Bombarda K\u00fcstenFliegenset mit 16 Fliegen (8X2 St\u00fcck). - Bombardashop.com<\/title>\n<meta name=\"robots\" content=\"index, follow, max-snippet:-1, max-image-preview:large, max-video-preview:-1\" \/>\n<link rel=\"canonical\" href=\"https:\/\/bombardashop.com\/de\/shop\/fliegen-fliegenbox-de\/inno-bombarda-coastal-fliegenset-mit-16-fliegen-8x2-stueck\/\" \/>\n<meta property=\"og:locale\" content=\"de_DE\" \/>\n<meta property=\"og:type\" content=\"article\" \/>\n<meta property=\"og:title\" content=\"INNO Bombarda K\u00fcstenFliegenset mit 16 Fliegen (8X2 St\u00fcck). - Bombardashop.com\" \/>\n<meta property=\"og:description\" content=\"INNO Bombarda K\u00fcstFliegenset mit 16 Fliegen (8X2 St\u00fcck). Dies sind die neuen Fliegen, die wir speziell f\u00fcr Bombardashop hergestellt haben. Alle Fliegen mit Ausnahme der B\u00fcrstenw\u00fcrmer sind so beschwert, dass...\" \/>\n<meta property=\"og:url\" content=\"https:\/\/bombardashop.com\/de\/shop\/fliegen-fliegenbox-de\/inno-bombarda-coastal-fliegenset-mit-16-fliegen-8x2-stueck\/\" \/>\n<meta property=\"og:site_name\" content=\"Bombardashop.com\" \/>\n<meta property=\"article:modified_time\" content=\"2023-03-15T07:19:59+00:00\" \/>\n<meta property=\"og:image\" content=\"https:\/\/bombardashop.com\/wp-content\/uploads\/2023\/03\/INNO-Bombarda-Kystfluer-uden-aeske-2-3.jpg\" \/>\n\t<meta property=\"og:image:width\" content=\"2000\" \/>\n\t<meta property=\"og:image:height\" content=\"1967\" \/>\n\t<meta property=\"og:image:type\" content=\"image\/jpeg\" \/>\n<meta name=\"twitter:card\" content=\"summary_large_image\" \/>\n<meta name=\"twitter:label1\" content=\"Gesch\u00e4tzte Lesezeit\" \/>\n\t<meta name=\"twitter:data1\" content=\"1\u00a0Minute\" \/>\n<script type=\"application\/ld+json\" class=\"yoast-schema-graph\">{\"@context\":\"https:\\\/\\\/schema.org\",\"@graph\":[{\"@type\":\"WebPage\",\"@id\":\"https:\\\/\\\/bombardashop.com\\\/de\\\/shop\\\/fliegen-fliegenbox-de\\\/inno-bombarda-coastal-fliegenset-mit-16-fliegen-8x2-stueck\\\/\",\"url\":\"https:\\\/\\\/bombardashop.com\\\/de\\\/shop\\\/fliegen-fliegenbox-de\\\/inno-bombarda-coastal-fliegenset-mit-16-fliegen-8x2-stueck\\\/\",\"name\":\"INNO Bombarda K\u00fcstenFliegenset mit 16 Fliegen (8X2 St\u00fcck). - Bombardashop.com\",\"isPartOf\":{\"@id\":\"https:\\\/\\\/bombardashop.com\\\/#website\"},\"primaryImageOfPage\":{\"@id\":\"https:\\\/\\\/bombardashop.com\\\/de\\\/shop\\\/fliegen-fliegenbox-de\\\/inno-bombarda-coastal-fliegenset-mit-16-fliegen-8x2-stueck\\\/#primaryimage\"},\"image\":{\"@id\":\"https:\\\/\\\/bombardashop.com\\\/de\\\/shop\\\/fliegen-fliegenbox-de\\\/inno-bombarda-coastal-fliegenset-mit-16-fliegen-8x2-stueck\\\/#primaryimage\"},\"thumbnailUrl\":\"https:\\\/\\\/bombardashop.com\\\/wp-content\\\/uploads\\\/2023\\\/03\\\/INNO-Bombarda-Kystfluer-uden-aeske-2-3.jpg\",\"datePublished\":\"2023-03-09T11:55:50+00:00\",\"dateModified\":\"2023-03-15T07:19:59+00:00\",\"breadcrumb\":{\"@id\":\"https:\\\/\\\/bombardashop.com\\\/de\\\/shop\\\/fliegen-fliegenbox-de\\\/inno-bombarda-coastal-fliegenset-mit-16-fliegen-8x2-stueck\\\/#breadcrumb\"},\"inLanguage\":\"de\",\"potentialAction\":[{\"@type\":\"ReadAction\",\"target\":[\"https:\\\/\\\/bombardashop.com\\\/de\\\/shop\\\/fliegen-fliegenbox-de\\\/inno-bombarda-coastal-fliegenset-mit-16-fliegen-8x2-stueck\\\/\"]}]},{\"@type\":\"ImageObject\",\"inLanguage\":\"de\",\"@id\":\"https:\\\/\\\/bombardashop.com\\\/de\\\/shop\\\/fliegen-fliegenbox-de\\\/inno-bombarda-coastal-fliegenset-mit-16-fliegen-8x2-stueck\\\/#primaryimage\",\"url\":\"https:\\\/\\\/bombardashop.com\\\/wp-content\\\/uploads\\\/2023\\\/03\\\/INNO-Bombarda-Kystfluer-uden-aeske-2-3.jpg\",\"contentUrl\":\"https:\\\/\\\/bombardashop.com\\\/wp-content\\\/uploads\\\/2023\\\/03\\\/INNO-Bombarda-Kystfluer-uden-aeske-2-3.jpg\",\"width\":2000,\"height\":1967},{\"@type\":\"BreadcrumbList\",\"@id\":\"https:\\\/\\\/bombardashop.com\\\/de\\\/shop\\\/fliegen-fliegenbox-de\\\/inno-bombarda-coastal-fliegenset-mit-16-fliegen-8x2-stueck\\\/#breadcrumb\",\"itemListElement\":[{\"@type\":\"ListItem\",\"position\":1,\"name\":\"Hjem\",\"item\":\"https:\\\/\\\/bombardashop.com\\\/de\\\/\"},{\"@type\":\"ListItem\",\"position\":2,\"name\":\"Shop\",\"item\":\"https:\\\/\\\/bombardashop.com\\\/de\\\/shop-2\\\/\"},{\"@type\":\"ListItem\",\"position\":3,\"name\":\"INNO Bombarda K\u00fcstenFliegenset mit 16 Fliegen (8X2 St\u00fcck).\"}]},{\"@type\":\"WebSite\",\"@id\":\"https:\\\/\\\/bombardashop.com\\\/#website\",\"url\":\"https:\\\/\\\/bombardashop.com\\\/\",\"name\":\"Bombardashop.com\",\"description\":\"Bombardashop.com\",\"potentialAction\":[{\"@type\":\"SearchAction\",\"target\":{\"@type\":\"EntryPoint\",\"urlTemplate\":\"https:\\\/\\\/bombardashop.com\\\/?s={search_term_string}\"},\"query-input\":{\"@type\":\"PropertyValueSpecification\",\"valueRequired\":true,\"valueName\":\"search_term_string\"}}],\"inLanguage\":\"de\"}]}<\/script>\n<!-- \/ Yoast SEO plugin. -->","yoast_head_json":{"title":"INNO Bombarda K\u00fcstenFliegenset mit 16 Fliegen (8X2 St\u00fcck). - Bombardashop.com","robots":{"index":"index","follow":"follow","max-snippet":"max-snippet:-1","max-image-preview":"max-image-preview:large","max-video-preview":"max-video-preview:-1"},"canonical":"https:\/\/bombardashop.com\/de\/shop\/fliegen-fliegenbox-de\/inno-bombarda-coastal-fliegenset-mit-16-fliegen-8x2-stueck\/","og_locale":"de_DE","og_type":"article","og_title":"INNO Bombarda K\u00fcstenFliegenset mit 16 Fliegen (8X2 St\u00fcck). - Bombardashop.com","og_description":"INNO Bombarda K\u00fcstFliegenset mit 16 Fliegen (8X2 St\u00fcck). Dies sind die neuen Fliegen, die wir speziell f\u00fcr Bombardashop hergestellt haben. Alle Fliegen mit Ausnahme der B\u00fcrstenw\u00fcrmer sind so beschwert, dass...","og_url":"https:\/\/bombardashop.com\/de\/shop\/fliegen-fliegenbox-de\/inno-bombarda-coastal-fliegenset-mit-16-fliegen-8x2-stueck\/","og_site_name":"Bombardashop.com","article_modified_time":"2023-03-15T07:19:59+00:00","og_image":[{"width":2000,"height":1967,"url":"https:\/\/bombardashop.com\/wp-content\/uploads\/2023\/03\/INNO-Bombarda-Kystfluer-uden-aeske-2-3.jpg","type":"image\/jpeg"}],"twitter_card":"summary_large_image","twitter_misc":{"Gesch\u00e4tzte Lesezeit":"1\u00a0Minute"},"schema":{"@context":"https:\/\/schema.org","@graph":[{"@type":"WebPage","@id":"https:\/\/bombardashop.com\/de\/shop\/fliegen-fliegenbox-de\/inno-bombarda-coastal-fliegenset-mit-16-fliegen-8x2-stueck\/","url":"https:\/\/bombardashop.com\/de\/shop\/fliegen-fliegenbox-de\/inno-bombarda-coastal-fliegenset-mit-16-fliegen-8x2-stueck\/","name":"INNO Bombarda K\u00fcstenFliegenset mit 16 Fliegen (8X2 St\u00fcck). - Bombardashop.com","isPartOf":{"@id":"https:\/\/bombardashop.com\/#website"},"primaryImageOfPage":{"@id":"https:\/\/bombardashop.com\/de\/shop\/fliegen-fliegenbox-de\/inno-bombarda-coastal-fliegenset-mit-16-fliegen-8x2-stueck\/#primaryimage"},"image":{"@id":"https:\/\/bombardashop.com\/de\/shop\/fliegen-fliegenbox-de\/inno-bombarda-coastal-fliegenset-mit-16-fliegen-8x2-stueck\/#primaryimage"},"thumbnailUrl":"https:\/\/bombardashop.com\/wp-content\/uploads\/2023\/03\/INNO-Bombarda-Kystfluer-uden-aeske-2-3.jpg","datePublished":"2023-03-09T11:55:50+00:00","dateModified":"2023-03-15T07:19:59+00:00","breadcrumb":{"@id":"https:\/\/bombardashop.com\/de\/shop\/fliegen-fliegenbox-de\/inno-bombarda-coastal-fliegenset-mit-16-fliegen-8x2-stueck\/#breadcrumb"},"inLanguage":"de","potentialAction":[{"@type":"ReadAction","target":["https:\/\/bombardashop.com\/de\/shop\/fliegen-fliegenbox-de\/inno-bombarda-coastal-fliegenset-mit-16-fliegen-8x2-stueck\/"]}]},{"@type":"ImageObject","inLanguage":"de","@id":"https:\/\/bombardashop.com\/de\/shop\/fliegen-fliegenbox-de\/inno-bombarda-coastal-fliegenset-mit-16-fliegen-8x2-stueck\/#primaryimage","url":"https:\/\/bombardashop.com\/wp-content\/uploads\/2023\/03\/INNO-Bombarda-Kystfluer-uden-aeske-2-3.jpg","contentUrl":"https:\/\/bombardashop.com\/wp-content\/uploads\/2023\/03\/INNO-Bombarda-Kystfluer-uden-aeske-2-3.jpg","width":2000,"height":1967},{"@type":"BreadcrumbList","@id":"https:\/\/bombardashop.com\/de\/shop\/fliegen-fliegenbox-de\/inno-bombarda-coastal-fliegenset-mit-16-fliegen-8x2-stueck\/#breadcrumb","itemListElement":[{"@type":"ListItem","position":1,"name":"Hjem","item":"https:\/\/bombardashop.com\/de\/"},{"@type":"ListItem","position":2,"name":"Shop","item":"https:\/\/bombardashop.com\/de\/shop-2\/"},{"@type":"ListItem","position":3,"name":"INNO Bombarda K\u00fcstenFliegenset mit 16 Fliegen (8X2 St\u00fcck)."}]},{"@type":"WebSite","@id":"https:\/\/bombardashop.com\/#website","url":"https:\/\/bombardashop.com\/","name":"Bombardashop.com","description":"Bombardashop.com","potentialAction":[{"@type":"SearchAction","target":{"@type":"EntryPoint","urlTemplate":"https:\/\/bombardashop.com\/?s={search_term_string}"},"query-input":{"@type":"PropertyValueSpecification","valueRequired":true,"valueName":"search_term_string"}}],"inLanguage":"de"}]}},"_links":{"self":[{"href":"https:\/\/bombardashop.com\/de\/wp-json\/wp\/v2\/product\/38824","targetHints":{"allow":["GET"]}}],"collection":[{"href":"https:\/\/bombardashop.com\/de\/wp-json\/wp\/v2\/product"}],"about":[{"href":"https:\/\/bombardashop.com\/de\/wp-json\/wp\/v2\/types\/product"}],"wp:featuredmedia":[{"embeddable":true,"href":"https:\/\/bombardashop.com\/de\/wp-json\/wp\/v2\/media\/38816"}],"wp:attachment":[{"href":"https:\/\/bombardashop.com\/de\/wp-json\/wp\/v2\/media?parent=38824"}],"wp:term":[{"taxonomy":"product_brand","embeddable":true,"href":"https:\/\/bombardashop.com\/de\/wp-json\/wp\/v2\/product_brand?post=38824"},{"taxonomy":"product_cat","embeddable":true,"href":"https:\/\/bombardashop.com\/de\/wp-json\/wp\/v2\/product_cat?post=38824"},{"taxonomy":"product_tag","embeddable":true,"href":"https:\/\/bombardashop.com\/de\/wp-json\/wp\/v2\/product_tag?post=38824"}],"curies":[{"name":"wp","href":"https:\/\/api.w.org\/{rel}","templated":true}]}}