
{"id":38732,"date":"2023-02-21T12:11:39","date_gmt":"2023-02-21T11:11:39","guid":{"rendered":"https:\/\/bombardashop.com\/shop\/unkategorisiert\/sampak-kyst-fluesaet-med-16-fluer-8x2-samt-3-inno-flaad-floating-20-g-intermediat-18-g-og-sinking-20-g\/"},"modified":"2023-02-21T12:11:39","modified_gmt":"2023-02-21T11:11:39","slug":"sampak-kyst-fluesaet-med-16-fluer-8x2-samt-3-inno-flaad-floating-20-g-intermediat-18-g-og-sinking-20-g","status":"publish","type":"product","link":"https:\/\/bombardashop.com\/de\/shop\/fliegen-fliegenbox-de\/sampak-kyst-fluesaet-med-16-fluer-8x2-samt-3-inno-flaad-floating-20-g-intermediat-18-g-og-sinking-20-g\/","title":{"rendered":"SAMPAK \u2013 KYST flues\u00e6t med 16 fluer (8X2) samt 3 INNO fl\u00e5d: Floating 20 g, Intermediat 18 g og Sinking 20 g."},"content":{"rendered":"<p>3 INNO fl\u00e5d: Floating 20 g, Intermediat 18 g og Sinking 20 g.<\/p>\n<p>Dette er de nye fluer vi har f\u00e5et lavet specielt til bombardashop, alle fluerne med undtagelse af b\u00f8rsteormene er v\u00e6gt belastet s\u00e5 fluerne holder sig nede i vandet selv ved hurtig indspinning. B\u00f8rsteormene er ikke v\u00e6gt belastet da de sv\u00e6ver i vandet som de sv\u00e6rmene b\u00f8rsteorm i for\u00e5ret. Alle fluerne er designet og udviklet i Danmark og de bliver alle bundet i Danmark. Vi har valgt At alle vores fluer bliver bundet p\u00e5 Owner kroge.<\/p>\n<p>Inno B\u00f8rsteorm, Inno Kobberbassen, Inno Pattegrisen i 2 forskellige farver, Inno Brenda, Inno Polar Magnus, Inno Gr\u00e5 Frede og Inno Golden Kutling. Inno kobberbassen # 8, de resterende kommer i # 4&amp;6<\/p>\n<p>&nbsp;<\/p>\n","protected":false},"excerpt":{"rendered":"<p>SAMPAK \u2013 KYST flues\u00e6t med 16 fluer (8X2) samt 3 INNO fl\u00e5d: Floating 20 g, Intermediat 18 g og Sinking 20 g.<\/p>\n","protected":false},"featured_media":38718,"template":"","meta":[],"product_brand":[],"product_cat":[110],"product_tag":[],"class_list":{"0":"post-38732","1":"product","2":"type-product","3":"status-publish","4":"has-post-thumbnail","6":"product_cat-fliegen-fliegenbox-de","8":"first","9":"instock","10":"taxable","11":"shipping-taxable","12":"purchasable","13":"product-type-simple"},"yoast_head":"<!-- This site is optimized with the Yoast SEO plugin v27.3 - https:\/\/yoast.com\/product\/yoast-seo-wordpress\/ -->\n<title>SAMPAK \u2013 KYST flues\u00e6t med 16 fluer (8X2) samt 3 INNO fl\u00e5d: Floating 20 g, Intermediat 18 g og Sinking 20 g. - Bombardashop.com<\/title>\n<meta name=\"robots\" content=\"index, follow, max-snippet:-1, max-image-preview:large, max-video-preview:-1\" \/>\n<link rel=\"canonical\" href=\"https:\/\/bombardashop.com\/de\/shop\/fliegen-fliegenbox-de\/sampak-kyst-fluesaet-med-16-fluer-8x2-samt-3-inno-flaad-floating-20-g-intermediat-18-g-og-sinking-20-g\/\" \/>\n<meta property=\"og:locale\" content=\"de_DE\" \/>\n<meta property=\"og:type\" content=\"article\" \/>\n<meta property=\"og:title\" content=\"SAMPAK \u2013 KYST flues\u00e6t med 16 fluer (8X2) samt 3 INNO fl\u00e5d: Floating 20 g, Intermediat 18 g og Sinking 20 g. - Bombardashop.com\" \/>\n<meta property=\"og:description\" content=\"SAMPAK \u2013 KYST flues\u00e6t med 16 fluer (8X2) samt 3 INNO fl\u00e5d: Floating 20 g, Intermediat 18 g og Sinking 20 g.\" \/>\n<meta property=\"og:url\" content=\"https:\/\/bombardashop.com\/de\/shop\/fliegen-fliegenbox-de\/sampak-kyst-fluesaet-med-16-fluer-8x2-samt-3-inno-flaad-floating-20-g-intermediat-18-g-og-sinking-20-g\/\" \/>\n<meta property=\"og:site_name\" content=\"Bombardashop.com\" \/>\n<meta property=\"og:image\" content=\"https:\/\/bombardashop.com\/wp-content\/uploads\/2016\/10\/Inno-flaad-02.jpg\" \/>\n\t<meta property=\"og:image:width\" content=\"1333\" \/>\n\t<meta property=\"og:image:height\" content=\"2000\" \/>\n\t<meta property=\"og:image:type\" content=\"image\/jpeg\" \/>\n<meta name=\"twitter:card\" content=\"summary_large_image\" \/>\n<meta name=\"twitter:label1\" content=\"Gesch\u00e4tzte Lesezeit\" \/>\n\t<meta name=\"twitter:data1\" content=\"1\u00a0Minute\" \/>\n<script type=\"application\/ld+json\" class=\"yoast-schema-graph\">{\"@context\":\"https:\\\/\\\/schema.org\",\"@graph\":[{\"@type\":\"WebPage\",\"@id\":\"https:\\\/\\\/bombardashop.com\\\/de\\\/shop\\\/fliegen-fliegenbox-de\\\/sampak-kyst-fluesaet-med-16-fluer-8x2-samt-3-inno-flaad-floating-20-g-intermediat-18-g-og-sinking-20-g\\\/\",\"url\":\"https:\\\/\\\/bombardashop.com\\\/de\\\/shop\\\/fliegen-fliegenbox-de\\\/sampak-kyst-fluesaet-med-16-fluer-8x2-samt-3-inno-flaad-floating-20-g-intermediat-18-g-og-sinking-20-g\\\/\",\"name\":\"SAMPAK \u2013 KYST flues\u00e6t med 16 fluer (8X2) samt 3 INNO fl\u00e5d: Floating 20 g, Intermediat 18 g og Sinking 20 g. - Bombardashop.com\",\"isPartOf\":{\"@id\":\"https:\\\/\\\/bombardashop.com\\\/#website\"},\"primaryImageOfPage\":{\"@id\":\"https:\\\/\\\/bombardashop.com\\\/de\\\/shop\\\/fliegen-fliegenbox-de\\\/sampak-kyst-fluesaet-med-16-fluer-8x2-samt-3-inno-flaad-floating-20-g-intermediat-18-g-og-sinking-20-g\\\/#primaryimage\"},\"image\":{\"@id\":\"https:\\\/\\\/bombardashop.com\\\/de\\\/shop\\\/fliegen-fliegenbox-de\\\/sampak-kyst-fluesaet-med-16-fluer-8x2-samt-3-inno-flaad-floating-20-g-intermediat-18-g-og-sinking-20-g\\\/#primaryimage\"},\"thumbnailUrl\":\"https:\\\/\\\/bombardashop.com\\\/wp-content\\\/uploads\\\/2016\\\/10\\\/Inno-flaad-02.jpg\",\"datePublished\":\"2023-02-21T11:11:39+00:00\",\"breadcrumb\":{\"@id\":\"https:\\\/\\\/bombardashop.com\\\/de\\\/shop\\\/fliegen-fliegenbox-de\\\/sampak-kyst-fluesaet-med-16-fluer-8x2-samt-3-inno-flaad-floating-20-g-intermediat-18-g-og-sinking-20-g\\\/#breadcrumb\"},\"inLanguage\":\"de\",\"potentialAction\":[{\"@type\":\"ReadAction\",\"target\":[\"https:\\\/\\\/bombardashop.com\\\/de\\\/shop\\\/fliegen-fliegenbox-de\\\/sampak-kyst-fluesaet-med-16-fluer-8x2-samt-3-inno-flaad-floating-20-g-intermediat-18-g-og-sinking-20-g\\\/\"]}]},{\"@type\":\"ImageObject\",\"inLanguage\":\"de\",\"@id\":\"https:\\\/\\\/bombardashop.com\\\/de\\\/shop\\\/fliegen-fliegenbox-de\\\/sampak-kyst-fluesaet-med-16-fluer-8x2-samt-3-inno-flaad-floating-20-g-intermediat-18-g-og-sinking-20-g\\\/#primaryimage\",\"url\":\"https:\\\/\\\/bombardashop.com\\\/wp-content\\\/uploads\\\/2016\\\/10\\\/Inno-flaad-02.jpg\",\"contentUrl\":\"https:\\\/\\\/bombardashop.com\\\/wp-content\\\/uploads\\\/2016\\\/10\\\/Inno-flaad-02.jpg\",\"width\":1333,\"height\":2000},{\"@type\":\"BreadcrumbList\",\"@id\":\"https:\\\/\\\/bombardashop.com\\\/de\\\/shop\\\/fliegen-fliegenbox-de\\\/sampak-kyst-fluesaet-med-16-fluer-8x2-samt-3-inno-flaad-floating-20-g-intermediat-18-g-og-sinking-20-g\\\/#breadcrumb\",\"itemListElement\":[{\"@type\":\"ListItem\",\"position\":1,\"name\":\"Hjem\",\"item\":\"https:\\\/\\\/bombardashop.com\\\/de\\\/\"},{\"@type\":\"ListItem\",\"position\":2,\"name\":\"Shop\",\"item\":\"https:\\\/\\\/bombardashop.com\\\/de\\\/shop-2\\\/\"},{\"@type\":\"ListItem\",\"position\":3,\"name\":\"SAMPAK \u2013 KYST flues\u00e6t med 16 fluer (8X2) samt 3 INNO fl\u00e5d: Floating 20 g, Intermediat 18 g og Sinking 20 g.\"}]},{\"@type\":\"WebSite\",\"@id\":\"https:\\\/\\\/bombardashop.com\\\/#website\",\"url\":\"https:\\\/\\\/bombardashop.com\\\/\",\"name\":\"Bombardashop.com\",\"description\":\"Bombardashop.com\",\"potentialAction\":[{\"@type\":\"SearchAction\",\"target\":{\"@type\":\"EntryPoint\",\"urlTemplate\":\"https:\\\/\\\/bombardashop.com\\\/?s={search_term_string}\"},\"query-input\":{\"@type\":\"PropertyValueSpecification\",\"valueRequired\":true,\"valueName\":\"search_term_string\"}}],\"inLanguage\":\"de\"}]}<\/script>\n<!-- \/ Yoast SEO plugin. -->","yoast_head_json":{"title":"SAMPAK \u2013 KYST flues\u00e6t med 16 fluer (8X2) samt 3 INNO fl\u00e5d: Floating 20 g, Intermediat 18 g og Sinking 20 g. - Bombardashop.com","robots":{"index":"index","follow":"follow","max-snippet":"max-snippet:-1","max-image-preview":"max-image-preview:large","max-video-preview":"max-video-preview:-1"},"canonical":"https:\/\/bombardashop.com\/de\/shop\/fliegen-fliegenbox-de\/sampak-kyst-fluesaet-med-16-fluer-8x2-samt-3-inno-flaad-floating-20-g-intermediat-18-g-og-sinking-20-g\/","og_locale":"de_DE","og_type":"article","og_title":"SAMPAK \u2013 KYST flues\u00e6t med 16 fluer (8X2) samt 3 INNO fl\u00e5d: Floating 20 g, Intermediat 18 g og Sinking 20 g. - Bombardashop.com","og_description":"SAMPAK \u2013 KYST flues\u00e6t med 16 fluer (8X2) samt 3 INNO fl\u00e5d: Floating 20 g, Intermediat 18 g og Sinking 20 g.","og_url":"https:\/\/bombardashop.com\/de\/shop\/fliegen-fliegenbox-de\/sampak-kyst-fluesaet-med-16-fluer-8x2-samt-3-inno-flaad-floating-20-g-intermediat-18-g-og-sinking-20-g\/","og_site_name":"Bombardashop.com","og_image":[{"width":1333,"height":2000,"url":"https:\/\/bombardashop.com\/wp-content\/uploads\/2016\/10\/Inno-flaad-02.jpg","type":"image\/jpeg"}],"twitter_card":"summary_large_image","twitter_misc":{"Gesch\u00e4tzte Lesezeit":"1\u00a0Minute"},"schema":{"@context":"https:\/\/schema.org","@graph":[{"@type":"WebPage","@id":"https:\/\/bombardashop.com\/de\/shop\/fliegen-fliegenbox-de\/sampak-kyst-fluesaet-med-16-fluer-8x2-samt-3-inno-flaad-floating-20-g-intermediat-18-g-og-sinking-20-g\/","url":"https:\/\/bombardashop.com\/de\/shop\/fliegen-fliegenbox-de\/sampak-kyst-fluesaet-med-16-fluer-8x2-samt-3-inno-flaad-floating-20-g-intermediat-18-g-og-sinking-20-g\/","name":"SAMPAK \u2013 KYST flues\u00e6t med 16 fluer (8X2) samt 3 INNO fl\u00e5d: Floating 20 g, Intermediat 18 g og Sinking 20 g. - Bombardashop.com","isPartOf":{"@id":"https:\/\/bombardashop.com\/#website"},"primaryImageOfPage":{"@id":"https:\/\/bombardashop.com\/de\/shop\/fliegen-fliegenbox-de\/sampak-kyst-fluesaet-med-16-fluer-8x2-samt-3-inno-flaad-floating-20-g-intermediat-18-g-og-sinking-20-g\/#primaryimage"},"image":{"@id":"https:\/\/bombardashop.com\/de\/shop\/fliegen-fliegenbox-de\/sampak-kyst-fluesaet-med-16-fluer-8x2-samt-3-inno-flaad-floating-20-g-intermediat-18-g-og-sinking-20-g\/#primaryimage"},"thumbnailUrl":"https:\/\/bombardashop.com\/wp-content\/uploads\/2016\/10\/Inno-flaad-02.jpg","datePublished":"2023-02-21T11:11:39+00:00","breadcrumb":{"@id":"https:\/\/bombardashop.com\/de\/shop\/fliegen-fliegenbox-de\/sampak-kyst-fluesaet-med-16-fluer-8x2-samt-3-inno-flaad-floating-20-g-intermediat-18-g-og-sinking-20-g\/#breadcrumb"},"inLanguage":"de","potentialAction":[{"@type":"ReadAction","target":["https:\/\/bombardashop.com\/de\/shop\/fliegen-fliegenbox-de\/sampak-kyst-fluesaet-med-16-fluer-8x2-samt-3-inno-flaad-floating-20-g-intermediat-18-g-og-sinking-20-g\/"]}]},{"@type":"ImageObject","inLanguage":"de","@id":"https:\/\/bombardashop.com\/de\/shop\/fliegen-fliegenbox-de\/sampak-kyst-fluesaet-med-16-fluer-8x2-samt-3-inno-flaad-floating-20-g-intermediat-18-g-og-sinking-20-g\/#primaryimage","url":"https:\/\/bombardashop.com\/wp-content\/uploads\/2016\/10\/Inno-flaad-02.jpg","contentUrl":"https:\/\/bombardashop.com\/wp-content\/uploads\/2016\/10\/Inno-flaad-02.jpg","width":1333,"height":2000},{"@type":"BreadcrumbList","@id":"https:\/\/bombardashop.com\/de\/shop\/fliegen-fliegenbox-de\/sampak-kyst-fluesaet-med-16-fluer-8x2-samt-3-inno-flaad-floating-20-g-intermediat-18-g-og-sinking-20-g\/#breadcrumb","itemListElement":[{"@type":"ListItem","position":1,"name":"Hjem","item":"https:\/\/bombardashop.com\/de\/"},{"@type":"ListItem","position":2,"name":"Shop","item":"https:\/\/bombardashop.com\/de\/shop-2\/"},{"@type":"ListItem","position":3,"name":"SAMPAK \u2013 KYST flues\u00e6t med 16 fluer (8X2) samt 3 INNO fl\u00e5d: Floating 20 g, Intermediat 18 g og Sinking 20 g."}]},{"@type":"WebSite","@id":"https:\/\/bombardashop.com\/#website","url":"https:\/\/bombardashop.com\/","name":"Bombardashop.com","description":"Bombardashop.com","potentialAction":[{"@type":"SearchAction","target":{"@type":"EntryPoint","urlTemplate":"https:\/\/bombardashop.com\/?s={search_term_string}"},"query-input":{"@type":"PropertyValueSpecification","valueRequired":true,"valueName":"search_term_string"}}],"inLanguage":"de"}]}},"_links":{"self":[{"href":"https:\/\/bombardashop.com\/de\/wp-json\/wp\/v2\/product\/38732","targetHints":{"allow":["GET"]}}],"collection":[{"href":"https:\/\/bombardashop.com\/de\/wp-json\/wp\/v2\/product"}],"about":[{"href":"https:\/\/bombardashop.com\/de\/wp-json\/wp\/v2\/types\/product"}],"wp:featuredmedia":[{"embeddable":true,"href":"https:\/\/bombardashop.com\/de\/wp-json\/wp\/v2\/media\/38718"}],"wp:attachment":[{"href":"https:\/\/bombardashop.com\/de\/wp-json\/wp\/v2\/media?parent=38732"}],"wp:term":[{"taxonomy":"product_brand","embeddable":true,"href":"https:\/\/bombardashop.com\/de\/wp-json\/wp\/v2\/product_brand?post=38732"},{"taxonomy":"product_cat","embeddable":true,"href":"https:\/\/bombardashop.com\/de\/wp-json\/wp\/v2\/product_cat?post=38732"},{"taxonomy":"product_tag","embeddable":true,"href":"https:\/\/bombardashop.com\/de\/wp-json\/wp\/v2\/product_tag?post=38732"}],"curies":[{"name":"wp","href":"https:\/\/api.w.org\/{rel}","templated":true}]}}