
{"id":34152,"date":"2018-11-27T12:45:06","date_gmt":"2018-11-27T11:45:06","guid":{"rendered":"http:\/\/bombardashop.com\/shop\/unkategorisiert\/inno-click-slow-intermediat-transparent-2\/"},"modified":"2018-12-05T11:32:25","modified_gmt":"2018-12-05T10:32:25","slug":"inno-click-slow-intermediat-transparent-2","status":"publish","type":"product","link":"https:\/\/bombardashop.com\/de\/shop\/inno-sbirolino\/inno-click-slow-intermediat-transparent-2\/","title":{"rendered":"INNO CLICK Slow Intermediat. Transparent."},"content":{"rendered":"<p>INNO CLICK &#8211; Sbirolino ist der test-sieger in DK &#8211; N &#8211; S und D. &#8220; No TANGLE &#8211; JUST FISH &#8222;. Lange distanz werfen. Der INNO CLICK SLOW Intermediat ist Transparent und erzeugt kleine Luftblasen, die einer kleinen im Wasser lebenden Qualle \u00e4hneln. Die Sinkgeschwindigkeit betr\u00e4gt 1 m pro 8 Sekunden. Wird f\u00fcr gleichm\u00e4\u00dfiges und variiertes Einholen mit vielen Einholpausen in allen Wassertiefen verwendet. Man z\u00e4hlt beim Sinken des Schwimmer die Wassertiefe hinunter, 1\u20132\u20133 Sek. usw., bis die gew\u00fcnschte Wassertiefe erreicht wird, worauf das variierte Einholen mit Pausen gestartet wird. Kann auch als Gewicht f\u00fcr Spinnfliegenrig mit Rig-Ring und einem Haken, bei welchem ein rascher Bleiwechsel je nach Str\u00f6mung, Wasserstand usw. m\u00f6glich ist, verwendet werden. F\u00fcr das Grundangeln in Seen mit weichem Grund ist der INNO SLOW Intermediat besonders zu empfehlen, da dieser nicht in den weichen Schlamm einsinkt, sondern langsam nach unten gleitet und sich mit dem K\u00f6der f\u00fcr den Fisch sichtbar auf den Schlamm legt. Der INNO CLICK Slow Intermediat kann auch f\u00fcr viele Arten des Rigangelns nach Heringen, Flundern usw. im Salzwasser verwendet werden. INNO crosslock ist wichtig f\u00fcr INNO-Sbirolino.<\/p>\n","protected":false},"excerpt":{"rendered":"<p><strong>TECHNISCHE SPEZIFIKATIONEN<\/strong><\/p>\n<p><strong>MATERIAL:<\/strong><br \/>\nWird gerade erstellt<\/p>\n<p><strong>DURCHMESSER UND GEWICHT:<\/strong><br \/>\n19 mm &#8211; 16 g<br \/>\n23 mm &#8211; 22 g<br \/>\n27 mm &#8211; 28 g<\/p>\n<p><strong>SINKZEIT:<\/strong><br \/>\n1 m \/ 8 sek.<\/p>\n<p><strong>FARBE:<\/strong><br \/>\nTransparent<\/p>\n","protected":false},"featured_media":34557,"template":"","meta":[],"product_brand":[],"product_cat":[59,183,170],"product_tag":[],"class_list":{"0":"post-34152","1":"product","2":"type-product","3":"status-publish","4":"has-post-thumbnail","6":"product_cat-inno-sbirolino","7":"product_cat-okategoriserad","8":"product_cat-unkategorisiert","10":"first","11":"instock","12":"taxable","13":"shipping-taxable","14":"purchasable","15":"product-type-variable"},"yoast_head":"<!-- This site is optimized with the Yoast SEO plugin v27.3 - https:\/\/yoast.com\/product\/yoast-seo-wordpress\/ -->\n<title>INNO CLICK Slow Intermediat. Transparent. - Bombardashop.com<\/title>\n<meta name=\"robots\" content=\"index, follow, max-snippet:-1, max-image-preview:large, max-video-preview:-1\" \/>\n<link rel=\"canonical\" href=\"https:\/\/bombardashop.com\/de\/shop\/inno-sbirolino\/inno-click-slow-intermediat-transparent-2\/\" \/>\n<meta property=\"og:locale\" content=\"de_DE\" \/>\n<meta property=\"og:type\" content=\"article\" \/>\n<meta property=\"og:title\" content=\"INNO CLICK Slow Intermediat. Transparent. - Bombardashop.com\" \/>\n<meta property=\"og:description\" content=\"TECHNISCHE SPEZIFIKATIONEN  MATERIAL: Wird gerade erstellt  DURCHMESSER UND GEWICHT: 19 mm - 16 g 23 mm - 22 g 27 mm - 28 g  SINKZEIT: 1 m \/ 8 sek.  FARBE: Transparent\" \/>\n<meta property=\"og:url\" content=\"https:\/\/bombardashop.com\/de\/shop\/inno-sbirolino\/inno-click-slow-intermediat-transparent-2\/\" \/>\n<meta property=\"og:site_name\" content=\"Bombardashop.com\" \/>\n<meta property=\"article:modified_time\" content=\"2018-12-05T10:32:25+00:00\" \/>\n<meta property=\"og:image\" content=\"https:\/\/bombardashop.com\/wp-content\/uploads\/2016\/10\/00.SI_.22.G.C-scaled.jpg\" \/>\n\t<meta property=\"og:image:width\" content=\"2560\" \/>\n\t<meta property=\"og:image:height\" content=\"1707\" \/>\n\t<meta property=\"og:image:type\" content=\"image\/jpeg\" \/>\n<meta name=\"twitter:card\" content=\"summary_large_image\" \/>\n<meta name=\"twitter:label1\" content=\"Gesch\u00e4tzte Lesezeit\" \/>\n\t<meta name=\"twitter:data1\" content=\"1\u00a0Minute\" \/>\n<script type=\"application\/ld+json\" class=\"yoast-schema-graph\">{\"@context\":\"https:\\\/\\\/schema.org\",\"@graph\":[{\"@type\":\"WebPage\",\"@id\":\"https:\\\/\\\/bombardashop.com\\\/de\\\/shop\\\/inno-sbirolino\\\/inno-click-slow-intermediat-transparent-2\\\/\",\"url\":\"https:\\\/\\\/bombardashop.com\\\/de\\\/shop\\\/inno-sbirolino\\\/inno-click-slow-intermediat-transparent-2\\\/\",\"name\":\"INNO CLICK Slow Intermediat. Transparent. - Bombardashop.com\",\"isPartOf\":{\"@id\":\"https:\\\/\\\/bombardashop.com\\\/#website\"},\"primaryImageOfPage\":{\"@id\":\"https:\\\/\\\/bombardashop.com\\\/de\\\/shop\\\/inno-sbirolino\\\/inno-click-slow-intermediat-transparent-2\\\/#primaryimage\"},\"image\":{\"@id\":\"https:\\\/\\\/bombardashop.com\\\/de\\\/shop\\\/inno-sbirolino\\\/inno-click-slow-intermediat-transparent-2\\\/#primaryimage\"},\"thumbnailUrl\":\"https:\\\/\\\/bombardashop.com\\\/wp-content\\\/uploads\\\/2016\\\/10\\\/00.SI_.22.G.C-scaled.jpg\",\"datePublished\":\"2018-11-27T11:45:06+00:00\",\"dateModified\":\"2018-12-05T10:32:25+00:00\",\"breadcrumb\":{\"@id\":\"https:\\\/\\\/bombardashop.com\\\/de\\\/shop\\\/inno-sbirolino\\\/inno-click-slow-intermediat-transparent-2\\\/#breadcrumb\"},\"inLanguage\":\"de\",\"potentialAction\":[{\"@type\":\"ReadAction\",\"target\":[\"https:\\\/\\\/bombardashop.com\\\/de\\\/shop\\\/inno-sbirolino\\\/inno-click-slow-intermediat-transparent-2\\\/\"]}]},{\"@type\":\"ImageObject\",\"inLanguage\":\"de\",\"@id\":\"https:\\\/\\\/bombardashop.com\\\/de\\\/shop\\\/inno-sbirolino\\\/inno-click-slow-intermediat-transparent-2\\\/#primaryimage\",\"url\":\"https:\\\/\\\/bombardashop.com\\\/wp-content\\\/uploads\\\/2016\\\/10\\\/00.SI_.22.G.C-scaled.jpg\",\"contentUrl\":\"https:\\\/\\\/bombardashop.com\\\/wp-content\\\/uploads\\\/2016\\\/10\\\/00.SI_.22.G.C-scaled.jpg\",\"width\":2560,\"height\":1707},{\"@type\":\"BreadcrumbList\",\"@id\":\"https:\\\/\\\/bombardashop.com\\\/de\\\/shop\\\/inno-sbirolino\\\/inno-click-slow-intermediat-transparent-2\\\/#breadcrumb\",\"itemListElement\":[{\"@type\":\"ListItem\",\"position\":1,\"name\":\"Hjem\",\"item\":\"https:\\\/\\\/bombardashop.com\\\/de\\\/\"},{\"@type\":\"ListItem\",\"position\":2,\"name\":\"Shop\",\"item\":\"https:\\\/\\\/bombardashop.com\\\/de\\\/shop-2\\\/\"},{\"@type\":\"ListItem\",\"position\":3,\"name\":\"INNO CLICK Slow Intermediat. Transparent.\"}]},{\"@type\":\"WebSite\",\"@id\":\"https:\\\/\\\/bombardashop.com\\\/#website\",\"url\":\"https:\\\/\\\/bombardashop.com\\\/\",\"name\":\"Bombardashop.com\",\"description\":\"Bombardashop.com\",\"potentialAction\":[{\"@type\":\"SearchAction\",\"target\":{\"@type\":\"EntryPoint\",\"urlTemplate\":\"https:\\\/\\\/bombardashop.com\\\/?s={search_term_string}\"},\"query-input\":{\"@type\":\"PropertyValueSpecification\",\"valueRequired\":true,\"valueName\":\"search_term_string\"}}],\"inLanguage\":\"de\"}]}<\/script>\n<!-- \/ Yoast SEO plugin. -->","yoast_head_json":{"title":"INNO CLICK Slow Intermediat. Transparent. - Bombardashop.com","robots":{"index":"index","follow":"follow","max-snippet":"max-snippet:-1","max-image-preview":"max-image-preview:large","max-video-preview":"max-video-preview:-1"},"canonical":"https:\/\/bombardashop.com\/de\/shop\/inno-sbirolino\/inno-click-slow-intermediat-transparent-2\/","og_locale":"de_DE","og_type":"article","og_title":"INNO CLICK Slow Intermediat. Transparent. - Bombardashop.com","og_description":"TECHNISCHE SPEZIFIKATIONEN  MATERIAL: Wird gerade erstellt  DURCHMESSER UND GEWICHT: 19 mm - 16 g 23 mm - 22 g 27 mm - 28 g  SINKZEIT: 1 m \/ 8 sek.  FARBE: Transparent","og_url":"https:\/\/bombardashop.com\/de\/shop\/inno-sbirolino\/inno-click-slow-intermediat-transparent-2\/","og_site_name":"Bombardashop.com","article_modified_time":"2018-12-05T10:32:25+00:00","og_image":[{"width":2560,"height":1707,"url":"https:\/\/bombardashop.com\/wp-content\/uploads\/2016\/10\/00.SI_.22.G.C-scaled.jpg","type":"image\/jpeg"}],"twitter_card":"summary_large_image","twitter_misc":{"Gesch\u00e4tzte Lesezeit":"1\u00a0Minute"},"schema":{"@context":"https:\/\/schema.org","@graph":[{"@type":"WebPage","@id":"https:\/\/bombardashop.com\/de\/shop\/inno-sbirolino\/inno-click-slow-intermediat-transparent-2\/","url":"https:\/\/bombardashop.com\/de\/shop\/inno-sbirolino\/inno-click-slow-intermediat-transparent-2\/","name":"INNO CLICK Slow Intermediat. Transparent. - Bombardashop.com","isPartOf":{"@id":"https:\/\/bombardashop.com\/#website"},"primaryImageOfPage":{"@id":"https:\/\/bombardashop.com\/de\/shop\/inno-sbirolino\/inno-click-slow-intermediat-transparent-2\/#primaryimage"},"image":{"@id":"https:\/\/bombardashop.com\/de\/shop\/inno-sbirolino\/inno-click-slow-intermediat-transparent-2\/#primaryimage"},"thumbnailUrl":"https:\/\/bombardashop.com\/wp-content\/uploads\/2016\/10\/00.SI_.22.G.C-scaled.jpg","datePublished":"2018-11-27T11:45:06+00:00","dateModified":"2018-12-05T10:32:25+00:00","breadcrumb":{"@id":"https:\/\/bombardashop.com\/de\/shop\/inno-sbirolino\/inno-click-slow-intermediat-transparent-2\/#breadcrumb"},"inLanguage":"de","potentialAction":[{"@type":"ReadAction","target":["https:\/\/bombardashop.com\/de\/shop\/inno-sbirolino\/inno-click-slow-intermediat-transparent-2\/"]}]},{"@type":"ImageObject","inLanguage":"de","@id":"https:\/\/bombardashop.com\/de\/shop\/inno-sbirolino\/inno-click-slow-intermediat-transparent-2\/#primaryimage","url":"https:\/\/bombardashop.com\/wp-content\/uploads\/2016\/10\/00.SI_.22.G.C-scaled.jpg","contentUrl":"https:\/\/bombardashop.com\/wp-content\/uploads\/2016\/10\/00.SI_.22.G.C-scaled.jpg","width":2560,"height":1707},{"@type":"BreadcrumbList","@id":"https:\/\/bombardashop.com\/de\/shop\/inno-sbirolino\/inno-click-slow-intermediat-transparent-2\/#breadcrumb","itemListElement":[{"@type":"ListItem","position":1,"name":"Hjem","item":"https:\/\/bombardashop.com\/de\/"},{"@type":"ListItem","position":2,"name":"Shop","item":"https:\/\/bombardashop.com\/de\/shop-2\/"},{"@type":"ListItem","position":3,"name":"INNO CLICK Slow Intermediat. Transparent."}]},{"@type":"WebSite","@id":"https:\/\/bombardashop.com\/#website","url":"https:\/\/bombardashop.com\/","name":"Bombardashop.com","description":"Bombardashop.com","potentialAction":[{"@type":"SearchAction","target":{"@type":"EntryPoint","urlTemplate":"https:\/\/bombardashop.com\/?s={search_term_string}"},"query-input":{"@type":"PropertyValueSpecification","valueRequired":true,"valueName":"search_term_string"}}],"inLanguage":"de"}]}},"_links":{"self":[{"href":"https:\/\/bombardashop.com\/de\/wp-json\/wp\/v2\/product\/34152","targetHints":{"allow":["GET"]}}],"collection":[{"href":"https:\/\/bombardashop.com\/de\/wp-json\/wp\/v2\/product"}],"about":[{"href":"https:\/\/bombardashop.com\/de\/wp-json\/wp\/v2\/types\/product"}],"wp:featuredmedia":[{"embeddable":true,"href":"https:\/\/bombardashop.com\/de\/wp-json\/wp\/v2\/media\/34557"}],"wp:attachment":[{"href":"https:\/\/bombardashop.com\/de\/wp-json\/wp\/v2\/media?parent=34152"}],"wp:term":[{"taxonomy":"product_brand","embeddable":true,"href":"https:\/\/bombardashop.com\/de\/wp-json\/wp\/v2\/product_brand?post=34152"},{"taxonomy":"product_cat","embeddable":true,"href":"https:\/\/bombardashop.com\/de\/wp-json\/wp\/v2\/product_cat?post=34152"},{"taxonomy":"product_tag","embeddable":true,"href":"https:\/\/bombardashop.com\/de\/wp-json\/wp\/v2\/product_tag?post=34152"}],"curies":[{"name":"wp","href":"https:\/\/api.w.org\/{rel}","templated":true}]}}