
{"id":33975,"date":"2018-11-19T10:38:42","date_gmt":"2018-11-19T09:38:42","guid":{"rendered":"http:\/\/bombardashop.com\/shop\/unkategorisiert\/inno-click-floating-white-2\/"},"modified":"2018-12-05T10:51:13","modified_gmt":"2018-12-05T09:51:13","slug":"inno-click-floating-white-2","status":"publish","type":"product","link":"https:\/\/bombardashop.com\/de\/shop\/inno-sbirolino\/inno-click-floating-white-2\/","title":{"rendered":"INNO CLICK Floating. White."},"content":{"rendered":"<p>INNO CLICK &#8211; Sbirolino ist der test-sieger in DK &#8211; N &#8211; S und D. &#8220; No TANGLE &#8211; JUST FISH &#8222;. Lange distanz werfen. INNO CLICK-Schwimmer in Wei\u00df. Alle Fische sind am Bauch wei\u00df. Dies ist die Camouflagefarbe der Fische von unten zur Wasseroberfl\u00e4che hin gesehen.<br \/>\nDas wei\u00dfe INNO CLICK-Sbirolino ist f\u00fcr den Sportangler schwer sichtbar. M\u00f6chte man dieses besser sehen, kann man den transparenten INNO-Stick gegen einen orangen austauschen.<br \/>\nMit dem INNO-Sbirolino kann mithilfe des Hakens und angepasstem Gegengewicht (ca. 1 Gramm) waagrecht\/durchgehend oder senkrecht\/stehend geangelt werden. Das Gegengewicht kann auch erh\u00f6ht werden. Auf diese Weise erh\u00e4lt man einen sehr langsam sinkenden Schwimmer. INNO crosslock ist wichtig f\u00fcr INNO-Sbirolino.<\/p>\n","protected":false},"excerpt":{"rendered":"<p><strong>Technical specifications<\/strong><br \/>\nINNO CLICK\u00a0 Schwimmer<\/p>\n<p><strong>Materials:<\/strong><\/p>\n<p><strong>Diameter and weight:<\/strong><br \/>\n18 mm, 15 g<br \/>\n23 mm, 20 g<br \/>\n27 mm, 25 g<\/p>\n<p><strong>Sinking time:<br \/>\n<\/strong> not current<\/p>\n<p><strong>Colour:<br \/>\n<\/strong> White<\/p>\n","protected":false},"featured_media":34573,"template":"","meta":[],"product_brand":[],"product_cat":[59,183,170],"product_tag":[],"class_list":{"0":"post-33975","1":"product","2":"type-product","3":"status-publish","4":"has-post-thumbnail","6":"product_cat-inno-sbirolino","7":"product_cat-okategoriserad","8":"product_cat-unkategorisiert","10":"first","11":"instock","12":"taxable","13":"shipping-taxable","14":"purchasable","15":"product-type-variable"},"yoast_head":"<!-- This site is optimized with the Yoast SEO plugin v27.4 - https:\/\/yoast.com\/product\/yoast-seo-wordpress\/ -->\n<title>INNO CLICK Floating. White. - Bombardashop.com<\/title>\n<meta name=\"robots\" content=\"index, follow, max-snippet:-1, max-image-preview:large, max-video-preview:-1\" \/>\n<link rel=\"canonical\" href=\"https:\/\/bombardashop.com\/de\/shop\/inno-sbirolino\/inno-click-floating-white-2\/\" \/>\n<meta property=\"og:locale\" content=\"de_DE\" \/>\n<meta property=\"og:type\" content=\"article\" \/>\n<meta property=\"og:title\" content=\"INNO CLICK Floating. White. - Bombardashop.com\" \/>\n<meta property=\"og:description\" content=\"Technical specifications INNO CLICK\u00a0 Schwimmer  Materials:  Diameter and weight: 18 mm, 15 g 23 mm, 20 g 27 mm, 25 g  Sinking time:  not current  Colour:  White\" \/>\n<meta property=\"og:url\" content=\"https:\/\/bombardashop.com\/de\/shop\/inno-sbirolino\/inno-click-floating-white-2\/\" \/>\n<meta property=\"og:site_name\" content=\"Bombardashop.com\" \/>\n<meta property=\"article:modified_time\" content=\"2018-12-05T09:51:13+00:00\" \/>\n<meta property=\"og:image\" content=\"https:\/\/bombardashop.com\/wp-content\/uploads\/2016\/10\/EB.F.20.G.C-scaled.jpg\" \/>\n\t<meta property=\"og:image:width\" content=\"2560\" \/>\n\t<meta property=\"og:image:height\" content=\"1707\" \/>\n\t<meta property=\"og:image:type\" content=\"image\/jpeg\" \/>\n<meta name=\"twitter:card\" content=\"summary_large_image\" \/>\n<meta name=\"twitter:label1\" content=\"Gesch\u00e4tzte Lesezeit\" \/>\n\t<meta name=\"twitter:data1\" content=\"1\u00a0Minute\" \/>\n<script type=\"application\/ld+json\" class=\"yoast-schema-graph\">{\"@context\":\"https:\\\/\\\/schema.org\",\"@graph\":[{\"@type\":\"WebPage\",\"@id\":\"https:\\\/\\\/bombardashop.com\\\/de\\\/shop\\\/inno-sbirolino\\\/inno-click-floating-white-2\\\/\",\"url\":\"https:\\\/\\\/bombardashop.com\\\/de\\\/shop\\\/inno-sbirolino\\\/inno-click-floating-white-2\\\/\",\"name\":\"INNO CLICK Floating. White. - Bombardashop.com\",\"isPartOf\":{\"@id\":\"https:\\\/\\\/bombardashop.com\\\/#website\"},\"primaryImageOfPage\":{\"@id\":\"https:\\\/\\\/bombardashop.com\\\/de\\\/shop\\\/inno-sbirolino\\\/inno-click-floating-white-2\\\/#primaryimage\"},\"image\":{\"@id\":\"https:\\\/\\\/bombardashop.com\\\/de\\\/shop\\\/inno-sbirolino\\\/inno-click-floating-white-2\\\/#primaryimage\"},\"thumbnailUrl\":\"https:\\\/\\\/bombardashop.com\\\/wp-content\\\/uploads\\\/2016\\\/10\\\/EB.F.20.G.C-scaled.jpg\",\"datePublished\":\"2018-11-19T09:38:42+00:00\",\"dateModified\":\"2018-12-05T09:51:13+00:00\",\"breadcrumb\":{\"@id\":\"https:\\\/\\\/bombardashop.com\\\/de\\\/shop\\\/inno-sbirolino\\\/inno-click-floating-white-2\\\/#breadcrumb\"},\"inLanguage\":\"de\",\"potentialAction\":[{\"@type\":\"ReadAction\",\"target\":[\"https:\\\/\\\/bombardashop.com\\\/de\\\/shop\\\/inno-sbirolino\\\/inno-click-floating-white-2\\\/\"]}]},{\"@type\":\"ImageObject\",\"inLanguage\":\"de\",\"@id\":\"https:\\\/\\\/bombardashop.com\\\/de\\\/shop\\\/inno-sbirolino\\\/inno-click-floating-white-2\\\/#primaryimage\",\"url\":\"https:\\\/\\\/bombardashop.com\\\/wp-content\\\/uploads\\\/2016\\\/10\\\/EB.F.20.G.C-scaled.jpg\",\"contentUrl\":\"https:\\\/\\\/bombardashop.com\\\/wp-content\\\/uploads\\\/2016\\\/10\\\/EB.F.20.G.C-scaled.jpg\",\"width\":2560,\"height\":1707},{\"@type\":\"BreadcrumbList\",\"@id\":\"https:\\\/\\\/bombardashop.com\\\/de\\\/shop\\\/inno-sbirolino\\\/inno-click-floating-white-2\\\/#breadcrumb\",\"itemListElement\":[{\"@type\":\"ListItem\",\"position\":1,\"name\":\"Hjem\",\"item\":\"https:\\\/\\\/bombardashop.com\\\/de\\\/\"},{\"@type\":\"ListItem\",\"position\":2,\"name\":\"Shop\",\"item\":\"https:\\\/\\\/bombardashop.com\\\/de\\\/shop-2\\\/\"},{\"@type\":\"ListItem\",\"position\":3,\"name\":\"INNO CLICK Floating. White.\"}]},{\"@type\":\"WebSite\",\"@id\":\"https:\\\/\\\/bombardashop.com\\\/#website\",\"url\":\"https:\\\/\\\/bombardashop.com\\\/\",\"name\":\"Bombardashop.com\",\"description\":\"Bombardashop.com\",\"potentialAction\":[{\"@type\":\"SearchAction\",\"target\":{\"@type\":\"EntryPoint\",\"urlTemplate\":\"https:\\\/\\\/bombardashop.com\\\/?s={search_term_string}\"},\"query-input\":{\"@type\":\"PropertyValueSpecification\",\"valueRequired\":true,\"valueName\":\"search_term_string\"}}],\"inLanguage\":\"de\"}]}<\/script>\n<!-- \/ Yoast SEO plugin. -->","yoast_head_json":{"title":"INNO CLICK Floating. White. - Bombardashop.com","robots":{"index":"index","follow":"follow","max-snippet":"max-snippet:-1","max-image-preview":"max-image-preview:large","max-video-preview":"max-video-preview:-1"},"canonical":"https:\/\/bombardashop.com\/de\/shop\/inno-sbirolino\/inno-click-floating-white-2\/","og_locale":"de_DE","og_type":"article","og_title":"INNO CLICK Floating. White. - Bombardashop.com","og_description":"Technical specifications INNO CLICK\u00a0 Schwimmer  Materials:  Diameter and weight: 18 mm, 15 g 23 mm, 20 g 27 mm, 25 g  Sinking time:  not current  Colour:  White","og_url":"https:\/\/bombardashop.com\/de\/shop\/inno-sbirolino\/inno-click-floating-white-2\/","og_site_name":"Bombardashop.com","article_modified_time":"2018-12-05T09:51:13+00:00","og_image":[{"width":2560,"height":1707,"url":"https:\/\/bombardashop.com\/wp-content\/uploads\/2016\/10\/EB.F.20.G.C-scaled.jpg","type":"image\/jpeg"}],"twitter_card":"summary_large_image","twitter_misc":{"Gesch\u00e4tzte Lesezeit":"1\u00a0Minute"},"schema":{"@context":"https:\/\/schema.org","@graph":[{"@type":"WebPage","@id":"https:\/\/bombardashop.com\/de\/shop\/inno-sbirolino\/inno-click-floating-white-2\/","url":"https:\/\/bombardashop.com\/de\/shop\/inno-sbirolino\/inno-click-floating-white-2\/","name":"INNO CLICK Floating. White. - Bombardashop.com","isPartOf":{"@id":"https:\/\/bombardashop.com\/#website"},"primaryImageOfPage":{"@id":"https:\/\/bombardashop.com\/de\/shop\/inno-sbirolino\/inno-click-floating-white-2\/#primaryimage"},"image":{"@id":"https:\/\/bombardashop.com\/de\/shop\/inno-sbirolino\/inno-click-floating-white-2\/#primaryimage"},"thumbnailUrl":"https:\/\/bombardashop.com\/wp-content\/uploads\/2016\/10\/EB.F.20.G.C-scaled.jpg","datePublished":"2018-11-19T09:38:42+00:00","dateModified":"2018-12-05T09:51:13+00:00","breadcrumb":{"@id":"https:\/\/bombardashop.com\/de\/shop\/inno-sbirolino\/inno-click-floating-white-2\/#breadcrumb"},"inLanguage":"de","potentialAction":[{"@type":"ReadAction","target":["https:\/\/bombardashop.com\/de\/shop\/inno-sbirolino\/inno-click-floating-white-2\/"]}]},{"@type":"ImageObject","inLanguage":"de","@id":"https:\/\/bombardashop.com\/de\/shop\/inno-sbirolino\/inno-click-floating-white-2\/#primaryimage","url":"https:\/\/bombardashop.com\/wp-content\/uploads\/2016\/10\/EB.F.20.G.C-scaled.jpg","contentUrl":"https:\/\/bombardashop.com\/wp-content\/uploads\/2016\/10\/EB.F.20.G.C-scaled.jpg","width":2560,"height":1707},{"@type":"BreadcrumbList","@id":"https:\/\/bombardashop.com\/de\/shop\/inno-sbirolino\/inno-click-floating-white-2\/#breadcrumb","itemListElement":[{"@type":"ListItem","position":1,"name":"Hjem","item":"https:\/\/bombardashop.com\/de\/"},{"@type":"ListItem","position":2,"name":"Shop","item":"https:\/\/bombardashop.com\/de\/shop-2\/"},{"@type":"ListItem","position":3,"name":"INNO CLICK Floating. White."}]},{"@type":"WebSite","@id":"https:\/\/bombardashop.com\/#website","url":"https:\/\/bombardashop.com\/","name":"Bombardashop.com","description":"Bombardashop.com","potentialAction":[{"@type":"SearchAction","target":{"@type":"EntryPoint","urlTemplate":"https:\/\/bombardashop.com\/?s={search_term_string}"},"query-input":{"@type":"PropertyValueSpecification","valueRequired":true,"valueName":"search_term_string"}}],"inLanguage":"de"}]}},"_links":{"self":[{"href":"https:\/\/bombardashop.com\/de\/wp-json\/wp\/v2\/product\/33975","targetHints":{"allow":["GET"]}}],"collection":[{"href":"https:\/\/bombardashop.com\/de\/wp-json\/wp\/v2\/product"}],"about":[{"href":"https:\/\/bombardashop.com\/de\/wp-json\/wp\/v2\/types\/product"}],"wp:featuredmedia":[{"embeddable":true,"href":"https:\/\/bombardashop.com\/de\/wp-json\/wp\/v2\/media\/34573"}],"wp:attachment":[{"href":"https:\/\/bombardashop.com\/de\/wp-json\/wp\/v2\/media?parent=33975"}],"wp:term":[{"taxonomy":"product_brand","embeddable":true,"href":"https:\/\/bombardashop.com\/de\/wp-json\/wp\/v2\/product_brand?post=33975"},{"taxonomy":"product_cat","embeddable":true,"href":"https:\/\/bombardashop.com\/de\/wp-json\/wp\/v2\/product_cat?post=33975"},{"taxonomy":"product_tag","embeddable":true,"href":"https:\/\/bombardashop.com\/de\/wp-json\/wp\/v2\/product_tag?post=33975"}],"curies":[{"name":"wp","href":"https:\/\/api.w.org\/{rel}","templated":true}]}}