
{"id":29827,"date":"2016-10-04T11:34:29","date_gmt":"2016-10-04T09:34:29","guid":{"rendered":"http:\/\/bombardashop.com\/product\/inno-bombarda-sinno-floating-2\/"},"modified":"2016-12-17T12:10:27","modified_gmt":"2016-12-17T10:10:27","slug":"inno-sbirolino-schwimmer","status":"publish","type":"product","link":"https:\/\/bombardashop.com\/de\/shop\/inno-sbirolino\/inno-sbirolino-schwimmer\/","title":{"rendered":"INNO-Sbirolino Schwimmer"},"content":{"rendered":"<p>INNO-Sbirolino in Wei\u00df. Alle Fische sind am Bauch wei\u00df. Dies ist die Camouflagefarbe der Fische von unten zur Wasseroberfl\u00e4che hin gesehen.<br \/>\nDas wei\u00dfe INNO-Sbirolino ist f\u00fcr den Sportangler schwer sichtbar. M\u00f6chte man dieses besser sehen, kann man den transparenten INNO-Stick gegen einen orangen austauschen.<br \/>\nMit dem INNO-Sbirolino kann mithilfe des Hakens und angepasstem Gegengewicht (ca. 1 Gramm) waagrecht\/durchgehend oder senkrecht\/stehend geangelt werden. Das Gegengewicht kann auch erh\u00f6ht werden. Auf diese Weise erh\u00e4lt man einen sehr langsam sinkenden Schwimmer. INNO crosslock ist wichtig f\u00fcr INNO-Sbirolino.<\/p>\n","protected":false},"excerpt":{"rendered":"<p><strong>TECHNISCHE SPEZIFIKATIONEN<\/strong><br \/>\nSBIROLINO SCHWIMMER<\/p>\n<p><strong>MATERIAL:<\/strong><br \/>\nWird gerade erstellt<\/p>\n<p><strong>MASSE<\/strong><\/p>\n<p><strong>DURCHMESSER UND GEWICHT:<\/strong><br \/>\n28 mm &#8211; 15 g<br \/>\n31 mm &#8211; 20 g<br \/>\n34 mm &#8211; 25 g<\/p>\n<p><strong>SINKZEIT:<\/strong><br \/>\nNicht aktuell<\/p>\n<p><strong>FARBE:<\/strong><br \/>\nWei\u00df<\/p>\n","protected":false},"featured_media":34420,"template":"","meta":[],"product_brand":[],"product_cat":[59,183,170],"product_tag":[],"class_list":{"0":"post-29827","1":"product","2":"type-product","3":"status-publish","4":"has-post-thumbnail","6":"product_cat-inno-sbirolino","7":"product_cat-okategoriserad","8":"product_cat-unkategorisiert","10":"first","11":"instock","12":"taxable","13":"shipping-taxable","14":"purchasable","15":"product-type-variable"},"yoast_head":"<!-- This site is optimized with the Yoast SEO plugin v27.3 - https:\/\/yoast.com\/product\/yoast-seo-wordpress\/ -->\n<title>INNO-Sbirolino Schwimmer - Bombardashop.com<\/title>\n<meta name=\"robots\" content=\"index, follow, max-snippet:-1, max-image-preview:large, max-video-preview:-1\" \/>\n<link rel=\"canonical\" href=\"https:\/\/bombardashop.com\/de\/shop\/inno-sbirolino\/inno-sbirolino-schwimmer\/\" \/>\n<meta property=\"og:locale\" content=\"de_DE\" \/>\n<meta property=\"og:type\" content=\"article\" \/>\n<meta property=\"og:title\" content=\"INNO-Sbirolino Schwimmer - Bombardashop.com\" \/>\n<meta property=\"og:description\" content=\"TECHNISCHE SPEZIFIKATIONEN SBIROLINO SCHWIMMER  MATERIAL: Wird gerade erstellt  MASSE  DURCHMESSER UND GEWICHT: 28 mm - 15 g 31 mm - 20 g 34 mm - 25 g  SINKZEIT: Nicht aktuell  FARBE: Wei\u00df\" \/>\n<meta property=\"og:url\" content=\"https:\/\/bombardashop.com\/de\/shop\/inno-sbirolino\/inno-sbirolino-schwimmer\/\" \/>\n<meta property=\"og:site_name\" content=\"Bombardashop.com\" \/>\n<meta property=\"article:modified_time\" content=\"2016-12-17T10:10:27+00:00\" \/>\n<meta property=\"og:image\" content=\"https:\/\/bombardashop.com\/wp-content\/uploads\/2018\/11\/EB.F.20.G-scaled.jpg\" \/>\n\t<meta property=\"og:image:width\" content=\"2560\" \/>\n\t<meta property=\"og:image:height\" content=\"1707\" \/>\n\t<meta property=\"og:image:type\" content=\"image\/jpeg\" \/>\n<meta name=\"twitter:card\" content=\"summary_large_image\" \/>\n<script type=\"application\/ld+json\" class=\"yoast-schema-graph\">{\"@context\":\"https:\\\/\\\/schema.org\",\"@graph\":[{\"@type\":\"WebPage\",\"@id\":\"https:\\\/\\\/bombardashop.com\\\/de\\\/shop\\\/inno-sbirolino\\\/inno-sbirolino-schwimmer\\\/\",\"url\":\"https:\\\/\\\/bombardashop.com\\\/de\\\/shop\\\/inno-sbirolino\\\/inno-sbirolino-schwimmer\\\/\",\"name\":\"INNO-Sbirolino Schwimmer - Bombardashop.com\",\"isPartOf\":{\"@id\":\"https:\\\/\\\/bombardashop.com\\\/#website\"},\"primaryImageOfPage\":{\"@id\":\"https:\\\/\\\/bombardashop.com\\\/de\\\/shop\\\/inno-sbirolino\\\/inno-sbirolino-schwimmer\\\/#primaryimage\"},\"image\":{\"@id\":\"https:\\\/\\\/bombardashop.com\\\/de\\\/shop\\\/inno-sbirolino\\\/inno-sbirolino-schwimmer\\\/#primaryimage\"},\"thumbnailUrl\":\"https:\\\/\\\/bombardashop.com\\\/wp-content\\\/uploads\\\/2018\\\/11\\\/EB.F.20.G-scaled.jpg\",\"datePublished\":\"2016-10-04T09:34:29+00:00\",\"dateModified\":\"2016-12-17T10:10:27+00:00\",\"breadcrumb\":{\"@id\":\"https:\\\/\\\/bombardashop.com\\\/de\\\/shop\\\/inno-sbirolino\\\/inno-sbirolino-schwimmer\\\/#breadcrumb\"},\"inLanguage\":\"de\",\"potentialAction\":[{\"@type\":\"ReadAction\",\"target\":[\"https:\\\/\\\/bombardashop.com\\\/de\\\/shop\\\/inno-sbirolino\\\/inno-sbirolino-schwimmer\\\/\"]}]},{\"@type\":\"ImageObject\",\"inLanguage\":\"de\",\"@id\":\"https:\\\/\\\/bombardashop.com\\\/de\\\/shop\\\/inno-sbirolino\\\/inno-sbirolino-schwimmer\\\/#primaryimage\",\"url\":\"https:\\\/\\\/bombardashop.com\\\/wp-content\\\/uploads\\\/2018\\\/11\\\/EB.F.20.G-scaled.jpg\",\"contentUrl\":\"https:\\\/\\\/bombardashop.com\\\/wp-content\\\/uploads\\\/2018\\\/11\\\/EB.F.20.G-scaled.jpg\",\"width\":2560,\"height\":1707},{\"@type\":\"BreadcrumbList\",\"@id\":\"https:\\\/\\\/bombardashop.com\\\/de\\\/shop\\\/inno-sbirolino\\\/inno-sbirolino-schwimmer\\\/#breadcrumb\",\"itemListElement\":[{\"@type\":\"ListItem\",\"position\":1,\"name\":\"Hjem\",\"item\":\"https:\\\/\\\/bombardashop.com\\\/de\\\/\"},{\"@type\":\"ListItem\",\"position\":2,\"name\":\"Shop\",\"item\":\"https:\\\/\\\/bombardashop.com\\\/de\\\/shop-2\\\/\"},{\"@type\":\"ListItem\",\"position\":3,\"name\":\"INNO-Sbirolino Schwimmer\"}]},{\"@type\":\"WebSite\",\"@id\":\"https:\\\/\\\/bombardashop.com\\\/#website\",\"url\":\"https:\\\/\\\/bombardashop.com\\\/\",\"name\":\"Bombardashop.com\",\"description\":\"Bombardashop.com\",\"potentialAction\":[{\"@type\":\"SearchAction\",\"target\":{\"@type\":\"EntryPoint\",\"urlTemplate\":\"https:\\\/\\\/bombardashop.com\\\/?s={search_term_string}\"},\"query-input\":{\"@type\":\"PropertyValueSpecification\",\"valueRequired\":true,\"valueName\":\"search_term_string\"}}],\"inLanguage\":\"de\"}]}<\/script>\n<!-- \/ Yoast SEO plugin. -->","yoast_head_json":{"title":"INNO-Sbirolino Schwimmer - Bombardashop.com","robots":{"index":"index","follow":"follow","max-snippet":"max-snippet:-1","max-image-preview":"max-image-preview:large","max-video-preview":"max-video-preview:-1"},"canonical":"https:\/\/bombardashop.com\/de\/shop\/inno-sbirolino\/inno-sbirolino-schwimmer\/","og_locale":"de_DE","og_type":"article","og_title":"INNO-Sbirolino Schwimmer - Bombardashop.com","og_description":"TECHNISCHE SPEZIFIKATIONEN SBIROLINO SCHWIMMER  MATERIAL: Wird gerade erstellt  MASSE  DURCHMESSER UND GEWICHT: 28 mm - 15 g 31 mm - 20 g 34 mm - 25 g  SINKZEIT: Nicht aktuell  FARBE: Wei\u00df","og_url":"https:\/\/bombardashop.com\/de\/shop\/inno-sbirolino\/inno-sbirolino-schwimmer\/","og_site_name":"Bombardashop.com","article_modified_time":"2016-12-17T10:10:27+00:00","og_image":[{"width":2560,"height":1707,"url":"https:\/\/bombardashop.com\/wp-content\/uploads\/2018\/11\/EB.F.20.G-scaled.jpg","type":"image\/jpeg"}],"twitter_card":"summary_large_image","schema":{"@context":"https:\/\/schema.org","@graph":[{"@type":"WebPage","@id":"https:\/\/bombardashop.com\/de\/shop\/inno-sbirolino\/inno-sbirolino-schwimmer\/","url":"https:\/\/bombardashop.com\/de\/shop\/inno-sbirolino\/inno-sbirolino-schwimmer\/","name":"INNO-Sbirolino Schwimmer - Bombardashop.com","isPartOf":{"@id":"https:\/\/bombardashop.com\/#website"},"primaryImageOfPage":{"@id":"https:\/\/bombardashop.com\/de\/shop\/inno-sbirolino\/inno-sbirolino-schwimmer\/#primaryimage"},"image":{"@id":"https:\/\/bombardashop.com\/de\/shop\/inno-sbirolino\/inno-sbirolino-schwimmer\/#primaryimage"},"thumbnailUrl":"https:\/\/bombardashop.com\/wp-content\/uploads\/2018\/11\/EB.F.20.G-scaled.jpg","datePublished":"2016-10-04T09:34:29+00:00","dateModified":"2016-12-17T10:10:27+00:00","breadcrumb":{"@id":"https:\/\/bombardashop.com\/de\/shop\/inno-sbirolino\/inno-sbirolino-schwimmer\/#breadcrumb"},"inLanguage":"de","potentialAction":[{"@type":"ReadAction","target":["https:\/\/bombardashop.com\/de\/shop\/inno-sbirolino\/inno-sbirolino-schwimmer\/"]}]},{"@type":"ImageObject","inLanguage":"de","@id":"https:\/\/bombardashop.com\/de\/shop\/inno-sbirolino\/inno-sbirolino-schwimmer\/#primaryimage","url":"https:\/\/bombardashop.com\/wp-content\/uploads\/2018\/11\/EB.F.20.G-scaled.jpg","contentUrl":"https:\/\/bombardashop.com\/wp-content\/uploads\/2018\/11\/EB.F.20.G-scaled.jpg","width":2560,"height":1707},{"@type":"BreadcrumbList","@id":"https:\/\/bombardashop.com\/de\/shop\/inno-sbirolino\/inno-sbirolino-schwimmer\/#breadcrumb","itemListElement":[{"@type":"ListItem","position":1,"name":"Hjem","item":"https:\/\/bombardashop.com\/de\/"},{"@type":"ListItem","position":2,"name":"Shop","item":"https:\/\/bombardashop.com\/de\/shop-2\/"},{"@type":"ListItem","position":3,"name":"INNO-Sbirolino Schwimmer"}]},{"@type":"WebSite","@id":"https:\/\/bombardashop.com\/#website","url":"https:\/\/bombardashop.com\/","name":"Bombardashop.com","description":"Bombardashop.com","potentialAction":[{"@type":"SearchAction","target":{"@type":"EntryPoint","urlTemplate":"https:\/\/bombardashop.com\/?s={search_term_string}"},"query-input":{"@type":"PropertyValueSpecification","valueRequired":true,"valueName":"search_term_string"}}],"inLanguage":"de"}]}},"_links":{"self":[{"href":"https:\/\/bombardashop.com\/de\/wp-json\/wp\/v2\/product\/29827","targetHints":{"allow":["GET"]}}],"collection":[{"href":"https:\/\/bombardashop.com\/de\/wp-json\/wp\/v2\/product"}],"about":[{"href":"https:\/\/bombardashop.com\/de\/wp-json\/wp\/v2\/types\/product"}],"wp:featuredmedia":[{"embeddable":true,"href":"https:\/\/bombardashop.com\/de\/wp-json\/wp\/v2\/media\/34420"}],"wp:attachment":[{"href":"https:\/\/bombardashop.com\/de\/wp-json\/wp\/v2\/media?parent=29827"}],"wp:term":[{"taxonomy":"product_brand","embeddable":true,"href":"https:\/\/bombardashop.com\/de\/wp-json\/wp\/v2\/product_brand?post=29827"},{"taxonomy":"product_cat","embeddable":true,"href":"https:\/\/bombardashop.com\/de\/wp-json\/wp\/v2\/product_cat?post=29827"},{"taxonomy":"product_tag","embeddable":true,"href":"https:\/\/bombardashop.com\/de\/wp-json\/wp\/v2\/product_tag?post=29827"}],"curies":[{"name":"wp","href":"https:\/\/api.w.org\/{rel}","templated":true}]}}