
{"id":29815,"date":"2016-10-04T11:35:39","date_gmt":"2016-10-04T09:42:39","guid":{"rendered":"http:\/\/bombardashop.com\/product\/inno-slow-intermediat-transparent-2\/"},"modified":"2016-12-17T12:30:49","modified_gmt":"2016-12-17T10:30:49","slug":"inno-sbirolino-slow-intermediat","status":"publish","type":"product","link":"https:\/\/bombardashop.com\/de\/shop\/inno-sbirolino\/inno-sbirolino-slow-intermediat\/","title":{"rendered":"INNO-Sbirolino-SLOW-Intermediat"},"content":{"rendered":"<p>Der INNO SLOW Intermediat ist Transparent und erzeugt kleine Luftblasen, die einer kleinen im Wasser lebenden Qualle \u00e4hneln.<br \/>\nDie Sinkgeschwindigkeit betr\u00e4gt 1 m pro 8 Sekunden.<\/p>\n<p>Wird f\u00fcr gleichm\u00e4\u00dfiges und variiertes Einholen mit vielen Einholpausen in allen Wassertiefen verwendet. Man z\u00e4hlt beim Sinken des Schwimmer die Wassertiefe hinunter, 1\u20132\u20133 Sek. usw., bis die gew\u00fcnschte Wassertiefe erreicht wird, worauf das variierte<\/p>\n<p>Einholen mit Pausen gestartet wird.<br \/>\nKann auch als Gewicht f\u00fcr Spinnfliegenrig mit Rig-Ring und einem Haken, bei welchem ein rascher Bleiwechsel je nach Str\u00f6mung, Wasserstand usw. m\u00f6glich ist, verwendet werden.<\/p>\n<p>F\u00fcr das Grundangeln in Seen mit weichem Grund ist der INNO SLOW Intermediat besonders zu empfehlen, da dieser nicht in den weichen Schlamm einsinkt, sondern langsam nach unten gleitet und sich mit dem K\u00f6der f\u00fcr den Fisch sichtbar auf den Schlamm legt.<\/p>\n<p>Der INNO-Intermediat kann auch f\u00fcr viele Arten des Rigangelns nach Heringen, Flundern usw. im Salzwasser verwendet werden. INNO crosslock ist wichtig f\u00fcr INNO-Sbirolino.<\/p>\n","protected":false},"excerpt":{"rendered":"<p><strong>TECHNISCHE SPEZIFIKATIONEN<br \/>\n<\/strong><br \/>\n<strong>MATERIAL:<\/strong><br \/>\nWird gerade erstellt<\/p>\n<p><strong>MASSE<\/strong><\/p>\n<p><strong>DURCHMESSER UND GEWICHT :<\/strong><br \/>\n28 mm &#8211;\u00a016 g<br \/>\n31 mm &#8211;\u00a022 g<br \/>\n34 mm &#8211;\u00a028 g<\/p>\n<p><strong>SINKZEIT:<\/strong><br \/>\n1 m \/ 8 sek.<\/p>\n<p><strong>FARBE:<\/strong><br \/>\nTransparent<\/p>\n","protected":false},"featured_media":34524,"template":"","meta":[],"product_brand":[],"product_cat":[59,183,170],"product_tag":[],"class_list":{"0":"post-29815","1":"product","2":"type-product","3":"status-publish","4":"has-post-thumbnail","6":"product_cat-inno-sbirolino","7":"product_cat-okategoriserad","8":"product_cat-unkategorisiert","10":"first","11":"instock","12":"taxable","13":"shipping-taxable","14":"purchasable","15":"product-type-variable"},"yoast_head":"<!-- This site is optimized with the Yoast SEO plugin v27.3 - https:\/\/yoast.com\/product\/yoast-seo-wordpress\/ -->\n<title>INNO-Sbirolino-SLOW-Intermediat - Bombardashop.com<\/title>\n<meta name=\"robots\" content=\"index, follow, max-snippet:-1, max-image-preview:large, max-video-preview:-1\" \/>\n<link rel=\"canonical\" href=\"https:\/\/bombardashop.com\/de\/shop\/inno-sbirolino\/inno-sbirolino-slow-intermediat\/\" \/>\n<meta property=\"og:locale\" content=\"de_DE\" \/>\n<meta property=\"og:type\" content=\"article\" \/>\n<meta property=\"og:title\" content=\"INNO-Sbirolino-SLOW-Intermediat - Bombardashop.com\" \/>\n<meta property=\"og:description\" content=\"TECHNISCHE SPEZIFIKATIONEN  MATERIAL: Wird gerade erstellt  MASSE  DURCHMESSER UND GEWICHT : 28 mm -\u00a016 g 31 mm -\u00a022 g 34 mm -\u00a028 g  SINKZEIT: 1 m \/ 8 sek.  FARBE: Transparent\" \/>\n<meta property=\"og:url\" content=\"https:\/\/bombardashop.com\/de\/shop\/inno-sbirolino\/inno-sbirolino-slow-intermediat\/\" \/>\n<meta property=\"og:site_name\" content=\"Bombardashop.com\" \/>\n<meta property=\"article:modified_time\" content=\"2016-12-17T10:30:49+00:00\" \/>\n<meta property=\"og:image\" content=\"https:\/\/bombardashop.com\/wp-content\/uploads\/2016\/10\/EB.SI_.22.G-1-scaled.jpg\" \/>\n\t<meta property=\"og:image:width\" content=\"2560\" \/>\n\t<meta property=\"og:image:height\" content=\"1707\" \/>\n\t<meta property=\"og:image:type\" content=\"image\/jpeg\" \/>\n<meta name=\"twitter:card\" content=\"summary_large_image\" \/>\n<meta name=\"twitter:label1\" content=\"Gesch\u00e4tzte Lesezeit\" \/>\n\t<meta name=\"twitter:data1\" content=\"1\u00a0Minute\" \/>\n<script type=\"application\/ld+json\" class=\"yoast-schema-graph\">{\"@context\":\"https:\\\/\\\/schema.org\",\"@graph\":[{\"@type\":\"WebPage\",\"@id\":\"https:\\\/\\\/bombardashop.com\\\/de\\\/shop\\\/inno-sbirolino\\\/inno-sbirolino-slow-intermediat\\\/\",\"url\":\"https:\\\/\\\/bombardashop.com\\\/de\\\/shop\\\/inno-sbirolino\\\/inno-sbirolino-slow-intermediat\\\/\",\"name\":\"INNO-Sbirolino-SLOW-Intermediat - Bombardashop.com\",\"isPartOf\":{\"@id\":\"https:\\\/\\\/bombardashop.com\\\/#website\"},\"primaryImageOfPage\":{\"@id\":\"https:\\\/\\\/bombardashop.com\\\/de\\\/shop\\\/inno-sbirolino\\\/inno-sbirolino-slow-intermediat\\\/#primaryimage\"},\"image\":{\"@id\":\"https:\\\/\\\/bombardashop.com\\\/de\\\/shop\\\/inno-sbirolino\\\/inno-sbirolino-slow-intermediat\\\/#primaryimage\"},\"thumbnailUrl\":\"https:\\\/\\\/bombardashop.com\\\/wp-content\\\/uploads\\\/2016\\\/10\\\/EB.SI_.22.G-1-scaled.jpg\",\"datePublished\":\"2016-10-04T09:42:39+00:00\",\"dateModified\":\"2016-12-17T10:30:49+00:00\",\"breadcrumb\":{\"@id\":\"https:\\\/\\\/bombardashop.com\\\/de\\\/shop\\\/inno-sbirolino\\\/inno-sbirolino-slow-intermediat\\\/#breadcrumb\"},\"inLanguage\":\"de\",\"potentialAction\":[{\"@type\":\"ReadAction\",\"target\":[\"https:\\\/\\\/bombardashop.com\\\/de\\\/shop\\\/inno-sbirolino\\\/inno-sbirolino-slow-intermediat\\\/\"]}]},{\"@type\":\"ImageObject\",\"inLanguage\":\"de\",\"@id\":\"https:\\\/\\\/bombardashop.com\\\/de\\\/shop\\\/inno-sbirolino\\\/inno-sbirolino-slow-intermediat\\\/#primaryimage\",\"url\":\"https:\\\/\\\/bombardashop.com\\\/wp-content\\\/uploads\\\/2016\\\/10\\\/EB.SI_.22.G-1-scaled.jpg\",\"contentUrl\":\"https:\\\/\\\/bombardashop.com\\\/wp-content\\\/uploads\\\/2016\\\/10\\\/EB.SI_.22.G-1-scaled.jpg\",\"width\":2560,\"height\":1707},{\"@type\":\"BreadcrumbList\",\"@id\":\"https:\\\/\\\/bombardashop.com\\\/de\\\/shop\\\/inno-sbirolino\\\/inno-sbirolino-slow-intermediat\\\/#breadcrumb\",\"itemListElement\":[{\"@type\":\"ListItem\",\"position\":1,\"name\":\"Hjem\",\"item\":\"https:\\\/\\\/bombardashop.com\\\/de\\\/\"},{\"@type\":\"ListItem\",\"position\":2,\"name\":\"Shop\",\"item\":\"https:\\\/\\\/bombardashop.com\\\/de\\\/shop-2\\\/\"},{\"@type\":\"ListItem\",\"position\":3,\"name\":\"INNO-Sbirolino-SLOW-Intermediat\"}]},{\"@type\":\"WebSite\",\"@id\":\"https:\\\/\\\/bombardashop.com\\\/#website\",\"url\":\"https:\\\/\\\/bombardashop.com\\\/\",\"name\":\"Bombardashop.com\",\"description\":\"Bombardashop.com\",\"potentialAction\":[{\"@type\":\"SearchAction\",\"target\":{\"@type\":\"EntryPoint\",\"urlTemplate\":\"https:\\\/\\\/bombardashop.com\\\/?s={search_term_string}\"},\"query-input\":{\"@type\":\"PropertyValueSpecification\",\"valueRequired\":true,\"valueName\":\"search_term_string\"}}],\"inLanguage\":\"de\"}]}<\/script>\n<!-- \/ Yoast SEO plugin. -->","yoast_head_json":{"title":"INNO-Sbirolino-SLOW-Intermediat - Bombardashop.com","robots":{"index":"index","follow":"follow","max-snippet":"max-snippet:-1","max-image-preview":"max-image-preview:large","max-video-preview":"max-video-preview:-1"},"canonical":"https:\/\/bombardashop.com\/de\/shop\/inno-sbirolino\/inno-sbirolino-slow-intermediat\/","og_locale":"de_DE","og_type":"article","og_title":"INNO-Sbirolino-SLOW-Intermediat - Bombardashop.com","og_description":"TECHNISCHE SPEZIFIKATIONEN  MATERIAL: Wird gerade erstellt  MASSE  DURCHMESSER UND GEWICHT : 28 mm -\u00a016 g 31 mm -\u00a022 g 34 mm -\u00a028 g  SINKZEIT: 1 m \/ 8 sek.  FARBE: Transparent","og_url":"https:\/\/bombardashop.com\/de\/shop\/inno-sbirolino\/inno-sbirolino-slow-intermediat\/","og_site_name":"Bombardashop.com","article_modified_time":"2016-12-17T10:30:49+00:00","og_image":[{"width":2560,"height":1707,"url":"https:\/\/bombardashop.com\/wp-content\/uploads\/2016\/10\/EB.SI_.22.G-1-scaled.jpg","type":"image\/jpeg"}],"twitter_card":"summary_large_image","twitter_misc":{"Gesch\u00e4tzte Lesezeit":"1\u00a0Minute"},"schema":{"@context":"https:\/\/schema.org","@graph":[{"@type":"WebPage","@id":"https:\/\/bombardashop.com\/de\/shop\/inno-sbirolino\/inno-sbirolino-slow-intermediat\/","url":"https:\/\/bombardashop.com\/de\/shop\/inno-sbirolino\/inno-sbirolino-slow-intermediat\/","name":"INNO-Sbirolino-SLOW-Intermediat - Bombardashop.com","isPartOf":{"@id":"https:\/\/bombardashop.com\/#website"},"primaryImageOfPage":{"@id":"https:\/\/bombardashop.com\/de\/shop\/inno-sbirolino\/inno-sbirolino-slow-intermediat\/#primaryimage"},"image":{"@id":"https:\/\/bombardashop.com\/de\/shop\/inno-sbirolino\/inno-sbirolino-slow-intermediat\/#primaryimage"},"thumbnailUrl":"https:\/\/bombardashop.com\/wp-content\/uploads\/2016\/10\/EB.SI_.22.G-1-scaled.jpg","datePublished":"2016-10-04T09:42:39+00:00","dateModified":"2016-12-17T10:30:49+00:00","breadcrumb":{"@id":"https:\/\/bombardashop.com\/de\/shop\/inno-sbirolino\/inno-sbirolino-slow-intermediat\/#breadcrumb"},"inLanguage":"de","potentialAction":[{"@type":"ReadAction","target":["https:\/\/bombardashop.com\/de\/shop\/inno-sbirolino\/inno-sbirolino-slow-intermediat\/"]}]},{"@type":"ImageObject","inLanguage":"de","@id":"https:\/\/bombardashop.com\/de\/shop\/inno-sbirolino\/inno-sbirolino-slow-intermediat\/#primaryimage","url":"https:\/\/bombardashop.com\/wp-content\/uploads\/2016\/10\/EB.SI_.22.G-1-scaled.jpg","contentUrl":"https:\/\/bombardashop.com\/wp-content\/uploads\/2016\/10\/EB.SI_.22.G-1-scaled.jpg","width":2560,"height":1707},{"@type":"BreadcrumbList","@id":"https:\/\/bombardashop.com\/de\/shop\/inno-sbirolino\/inno-sbirolino-slow-intermediat\/#breadcrumb","itemListElement":[{"@type":"ListItem","position":1,"name":"Hjem","item":"https:\/\/bombardashop.com\/de\/"},{"@type":"ListItem","position":2,"name":"Shop","item":"https:\/\/bombardashop.com\/de\/shop-2\/"},{"@type":"ListItem","position":3,"name":"INNO-Sbirolino-SLOW-Intermediat"}]},{"@type":"WebSite","@id":"https:\/\/bombardashop.com\/#website","url":"https:\/\/bombardashop.com\/","name":"Bombardashop.com","description":"Bombardashop.com","potentialAction":[{"@type":"SearchAction","target":{"@type":"EntryPoint","urlTemplate":"https:\/\/bombardashop.com\/?s={search_term_string}"},"query-input":{"@type":"PropertyValueSpecification","valueRequired":true,"valueName":"search_term_string"}}],"inLanguage":"de"}]}},"_links":{"self":[{"href":"https:\/\/bombardashop.com\/de\/wp-json\/wp\/v2\/product\/29815","targetHints":{"allow":["GET"]}}],"collection":[{"href":"https:\/\/bombardashop.com\/de\/wp-json\/wp\/v2\/product"}],"about":[{"href":"https:\/\/bombardashop.com\/de\/wp-json\/wp\/v2\/types\/product"}],"wp:featuredmedia":[{"embeddable":true,"href":"https:\/\/bombardashop.com\/de\/wp-json\/wp\/v2\/media\/34524"}],"wp:attachment":[{"href":"https:\/\/bombardashop.com\/de\/wp-json\/wp\/v2\/media?parent=29815"}],"wp:term":[{"taxonomy":"product_brand","embeddable":true,"href":"https:\/\/bombardashop.com\/de\/wp-json\/wp\/v2\/product_brand?post=29815"},{"taxonomy":"product_cat","embeddable":true,"href":"https:\/\/bombardashop.com\/de\/wp-json\/wp\/v2\/product_cat?post=29815"},{"taxonomy":"product_tag","embeddable":true,"href":"https:\/\/bombardashop.com\/de\/wp-json\/wp\/v2\/product_tag?post=29815"}],"curies":[{"name":"wp","href":"https:\/\/api.w.org\/{rel}","templated":true}]}}