
{"id":29707,"date":"2016-10-10T00:25:30","date_gmt":"2016-10-09T22:25:30","guid":{"rendered":"http:\/\/bombardashop.com\/product\/original-owner-st36bc-hakendrillinge-fuer-l-rig\/"},"modified":"2016-12-02T14:19:10","modified_gmt":"2016-12-02T12:19:10","slug":"original-owner-st36bc-hakendrillinge-fuer-l-rig","status":"publish","type":"product","link":"https:\/\/bombardashop.com\/de\/shop\/angelleine-und-hagen\/original-owner-st36bc-hakendrillinge-fuer-l-rig\/","title":{"rendered":"ORIGINAL OWNER-ST36BC-HAKENDRILLINGE F\u00dcR L-RIG"},"content":{"rendered":"<p>Der weltber\u00fchmte Owner-ST36BC-Hakendrilling ist ein fantastischer Haken f\u00fcr Ihr Angelvergn\u00fcgen. Die kleinen Haken k\u00f6nnen leicht gro\u00dfe Fische von \u00fcber 10 kg halten.<br \/>\nL-Rig-Fliegen mit Owner-Hakendrillingen haben Ihre guten Fangeigenschaften an der K\u00fcste bereits unter Beweis gestellt. Sie eignen sich aber auch hervorragend f\u00fcr Put &amp; Take bei Seefischen.<br \/>\nSteigern Sie Ihre Bissrate von 50 auf 90% mit dem L-Rig-System, den kleinen Owner-Hakendrillingen und Rohrfliegen.<br \/>\nTestfischer haben bei mehrj\u00e4hrigen Tests bewiesen, dass das L-Rig-System mit Kleinhakenausstattung f\u00fcr beinahe doppelt so viele gefangene Fische sorgt.<\/p>\n","protected":false},"excerpt":{"rendered":"<p><strong>ORIGINALE OWNER HAKEN<\/strong><\/p>\n<p><strong>SPEZIFIKATIONEN<\/p>\n<p>Gr\u00f6\u00dfe: Gr. 16<\/strong><br \/>\nModel: Hakendrilling<br \/>\nL\u00e4nge: 10 mm<br \/>\nAnzahl in der Packung: 8 St.<br \/>\nHakenabstand: 6 mm<br \/>\nArtikelnr.: ST-36BC<strong><br \/>\n<\/strong><\/p>\n<p><strong>Gr\u00f6\u00dfe: Gr. 14<\/strong><br \/>\nModel: Hakendrilling<br \/>\nL\u00e4nge: 11 mm<br \/>\nAnzahl in der Packung: 8 St.<br \/>\nHakenabstand: 9 mm<br \/>\nArtikelnr.: ST-36BC<\/p>\n<p><strong>Gr\u00f6\u00dfe: Gr. 12<\/strong><br \/>\nModel: Hakendrilling<br \/>\nL\u00e4nge: 13 mm<br \/>\nAnzahl in der Packung: 8 St.<br \/>\nHakenabstand: 10 mm<br \/>\nModel nr.: ST-36BC<\/p>\n","protected":false},"featured_media":36508,"template":"","meta":[],"product_brand":[],"product_cat":[60],"product_tag":[],"class_list":{"0":"post-29707","1":"product","2":"type-product","3":"status-publish","4":"has-post-thumbnail","6":"product_cat-angelleine-und-hagen","8":"first","9":"instock","10":"taxable","11":"shipping-taxable","12":"purchasable","13":"product-type-variable"},"yoast_head":"<!-- This site is optimized with the Yoast SEO plugin v27.3 - https:\/\/yoast.com\/product\/yoast-seo-wordpress\/ -->\n<title>ORIGINAL OWNER-ST36BC-HAKENDRILLINGE F\u00dcR L-RIG - Bombardashop.com<\/title>\n<meta name=\"robots\" content=\"index, follow, max-snippet:-1, max-image-preview:large, max-video-preview:-1\" \/>\n<link rel=\"canonical\" href=\"https:\/\/bombardashop.com\/de\/shop\/angelleine-und-hagen\/original-owner-st36bc-hakendrillinge-fuer-l-rig\/\" \/>\n<meta property=\"og:locale\" content=\"de_DE\" \/>\n<meta property=\"og:type\" content=\"article\" \/>\n<meta property=\"og:title\" content=\"ORIGINAL OWNER-ST36BC-HAKENDRILLINGE F\u00dcR L-RIG - Bombardashop.com\" \/>\n<meta property=\"og:description\" content=\"ORIGINALE OWNER HAKEN  SPEZIFIKATIONEN  Gr\u00f6\u00dfe: Gr. 16 Model: Hakendrilling L\u00e4nge: 10 mm Anzahl in der Packung: 8 St. Hakenabstand: 6 mm Artikelnr.: ST-36BC   Gr\u00f6\u00dfe: Gr. 14 Model: Hakendrilling L\u00e4nge: 11 mm Anzahl in der Packung: 8 St. Hakenabstand: 9 mm Artikelnr.: ST-36BC  Gr\u00f6\u00dfe: Gr. 12 Model: Hakendrilling L\u00e4nge: 13 mm Anzahl in der Packung: 8 St. Hakenabstand: 10 mm Model nr.: ST-36BC\" \/>\n<meta property=\"og:url\" content=\"https:\/\/bombardashop.com\/de\/shop\/angelleine-und-hagen\/original-owner-st36bc-hakendrillinge-fuer-l-rig\/\" \/>\n<meta property=\"og:site_name\" content=\"Bombardashop.com\" \/>\n<meta property=\"article:modified_time\" content=\"2016-12-02T12:19:10+00:00\" \/>\n<meta property=\"og:image\" content=\"https:\/\/bombardashop.com\/wp-content\/uploads\/2016\/10\/Owner-krog-04.OX_.14-scaled-e1579514745420-1024x1024.jpg\" \/>\n\t<meta property=\"og:image:width\" content=\"1024\" \/>\n\t<meta property=\"og:image:height\" content=\"1024\" \/>\n\t<meta property=\"og:image:type\" content=\"image\/jpeg\" \/>\n<meta name=\"twitter:card\" content=\"summary_large_image\" \/>\n<script type=\"application\/ld+json\" class=\"yoast-schema-graph\">{\"@context\":\"https:\\\/\\\/schema.org\",\"@graph\":[{\"@type\":\"WebPage\",\"@id\":\"https:\\\/\\\/bombardashop.com\\\/de\\\/shop\\\/angelleine-und-hagen\\\/original-owner-st36bc-hakendrillinge-fuer-l-rig\\\/\",\"url\":\"https:\\\/\\\/bombardashop.com\\\/de\\\/shop\\\/angelleine-und-hagen\\\/original-owner-st36bc-hakendrillinge-fuer-l-rig\\\/\",\"name\":\"ORIGINAL OWNER-ST36BC-HAKENDRILLINGE F\u00dcR L-RIG - Bombardashop.com\",\"isPartOf\":{\"@id\":\"https:\\\/\\\/bombardashop.com\\\/#website\"},\"primaryImageOfPage\":{\"@id\":\"https:\\\/\\\/bombardashop.com\\\/de\\\/shop\\\/angelleine-und-hagen\\\/original-owner-st36bc-hakendrillinge-fuer-l-rig\\\/#primaryimage\"},\"image\":{\"@id\":\"https:\\\/\\\/bombardashop.com\\\/de\\\/shop\\\/angelleine-und-hagen\\\/original-owner-st36bc-hakendrillinge-fuer-l-rig\\\/#primaryimage\"},\"thumbnailUrl\":\"https:\\\/\\\/bombardashop.com\\\/wp-content\\\/uploads\\\/2016\\\/10\\\/Owner-krog-04.OX_.14.jpg\",\"datePublished\":\"2016-10-09T22:25:30+00:00\",\"dateModified\":\"2016-12-02T12:19:10+00:00\",\"breadcrumb\":{\"@id\":\"https:\\\/\\\/bombardashop.com\\\/de\\\/shop\\\/angelleine-und-hagen\\\/original-owner-st36bc-hakendrillinge-fuer-l-rig\\\/#breadcrumb\"},\"inLanguage\":\"de\",\"potentialAction\":[{\"@type\":\"ReadAction\",\"target\":[\"https:\\\/\\\/bombardashop.com\\\/de\\\/shop\\\/angelleine-und-hagen\\\/original-owner-st36bc-hakendrillinge-fuer-l-rig\\\/\"]}]},{\"@type\":\"ImageObject\",\"inLanguage\":\"de\",\"@id\":\"https:\\\/\\\/bombardashop.com\\\/de\\\/shop\\\/angelleine-und-hagen\\\/original-owner-st36bc-hakendrillinge-fuer-l-rig\\\/#primaryimage\",\"url\":\"https:\\\/\\\/bombardashop.com\\\/wp-content\\\/uploads\\\/2016\\\/10\\\/Owner-krog-04.OX_.14.jpg\",\"contentUrl\":\"https:\\\/\\\/bombardashop.com\\\/wp-content\\\/uploads\\\/2016\\\/10\\\/Owner-krog-04.OX_.14.jpg\",\"width\":2560,\"height\":2560},{\"@type\":\"BreadcrumbList\",\"@id\":\"https:\\\/\\\/bombardashop.com\\\/de\\\/shop\\\/angelleine-und-hagen\\\/original-owner-st36bc-hakendrillinge-fuer-l-rig\\\/#breadcrumb\",\"itemListElement\":[{\"@type\":\"ListItem\",\"position\":1,\"name\":\"Hjem\",\"item\":\"https:\\\/\\\/bombardashop.com\\\/de\\\/\"},{\"@type\":\"ListItem\",\"position\":2,\"name\":\"Shop\",\"item\":\"https:\\\/\\\/bombardashop.com\\\/de\\\/shop-2\\\/\"},{\"@type\":\"ListItem\",\"position\":3,\"name\":\"ORIGINAL OWNER-ST36BC-HAKENDRILLINGE F\u00dcR L-RIG\"}]},{\"@type\":\"WebSite\",\"@id\":\"https:\\\/\\\/bombardashop.com\\\/#website\",\"url\":\"https:\\\/\\\/bombardashop.com\\\/\",\"name\":\"Bombardashop.com\",\"description\":\"Bombardashop.com\",\"potentialAction\":[{\"@type\":\"SearchAction\",\"target\":{\"@type\":\"EntryPoint\",\"urlTemplate\":\"https:\\\/\\\/bombardashop.com\\\/?s={search_term_string}\"},\"query-input\":{\"@type\":\"PropertyValueSpecification\",\"valueRequired\":true,\"valueName\":\"search_term_string\"}}],\"inLanguage\":\"de\"}]}<\/script>\n<!-- \/ Yoast SEO plugin. -->","yoast_head_json":{"title":"ORIGINAL OWNER-ST36BC-HAKENDRILLINGE F\u00dcR L-RIG - Bombardashop.com","robots":{"index":"index","follow":"follow","max-snippet":"max-snippet:-1","max-image-preview":"max-image-preview:large","max-video-preview":"max-video-preview:-1"},"canonical":"https:\/\/bombardashop.com\/de\/shop\/angelleine-und-hagen\/original-owner-st36bc-hakendrillinge-fuer-l-rig\/","og_locale":"de_DE","og_type":"article","og_title":"ORIGINAL OWNER-ST36BC-HAKENDRILLINGE F\u00dcR L-RIG - Bombardashop.com","og_description":"ORIGINALE OWNER HAKEN  SPEZIFIKATIONEN  Gr\u00f6\u00dfe: Gr. 16 Model: Hakendrilling L\u00e4nge: 10 mm Anzahl in der Packung: 8 St. Hakenabstand: 6 mm Artikelnr.: ST-36BC   Gr\u00f6\u00dfe: Gr. 14 Model: Hakendrilling L\u00e4nge: 11 mm Anzahl in der Packung: 8 St. Hakenabstand: 9 mm Artikelnr.: ST-36BC  Gr\u00f6\u00dfe: Gr. 12 Model: Hakendrilling L\u00e4nge: 13 mm Anzahl in der Packung: 8 St. Hakenabstand: 10 mm Model nr.: ST-36BC","og_url":"https:\/\/bombardashop.com\/de\/shop\/angelleine-und-hagen\/original-owner-st36bc-hakendrillinge-fuer-l-rig\/","og_site_name":"Bombardashop.com","article_modified_time":"2016-12-02T12:19:10+00:00","og_image":[{"width":1024,"height":1024,"url":"https:\/\/bombardashop.com\/wp-content\/uploads\/2016\/10\/Owner-krog-04.OX_.14-scaled-e1579514745420-1024x1024.jpg","type":"image\/jpeg"}],"twitter_card":"summary_large_image","schema":{"@context":"https:\/\/schema.org","@graph":[{"@type":"WebPage","@id":"https:\/\/bombardashop.com\/de\/shop\/angelleine-und-hagen\/original-owner-st36bc-hakendrillinge-fuer-l-rig\/","url":"https:\/\/bombardashop.com\/de\/shop\/angelleine-und-hagen\/original-owner-st36bc-hakendrillinge-fuer-l-rig\/","name":"ORIGINAL OWNER-ST36BC-HAKENDRILLINGE F\u00dcR L-RIG - Bombardashop.com","isPartOf":{"@id":"https:\/\/bombardashop.com\/#website"},"primaryImageOfPage":{"@id":"https:\/\/bombardashop.com\/de\/shop\/angelleine-und-hagen\/original-owner-st36bc-hakendrillinge-fuer-l-rig\/#primaryimage"},"image":{"@id":"https:\/\/bombardashop.com\/de\/shop\/angelleine-und-hagen\/original-owner-st36bc-hakendrillinge-fuer-l-rig\/#primaryimage"},"thumbnailUrl":"https:\/\/bombardashop.com\/wp-content\/uploads\/2016\/10\/Owner-krog-04.OX_.14.jpg","datePublished":"2016-10-09T22:25:30+00:00","dateModified":"2016-12-02T12:19:10+00:00","breadcrumb":{"@id":"https:\/\/bombardashop.com\/de\/shop\/angelleine-und-hagen\/original-owner-st36bc-hakendrillinge-fuer-l-rig\/#breadcrumb"},"inLanguage":"de","potentialAction":[{"@type":"ReadAction","target":["https:\/\/bombardashop.com\/de\/shop\/angelleine-und-hagen\/original-owner-st36bc-hakendrillinge-fuer-l-rig\/"]}]},{"@type":"ImageObject","inLanguage":"de","@id":"https:\/\/bombardashop.com\/de\/shop\/angelleine-und-hagen\/original-owner-st36bc-hakendrillinge-fuer-l-rig\/#primaryimage","url":"https:\/\/bombardashop.com\/wp-content\/uploads\/2016\/10\/Owner-krog-04.OX_.14.jpg","contentUrl":"https:\/\/bombardashop.com\/wp-content\/uploads\/2016\/10\/Owner-krog-04.OX_.14.jpg","width":2560,"height":2560},{"@type":"BreadcrumbList","@id":"https:\/\/bombardashop.com\/de\/shop\/angelleine-und-hagen\/original-owner-st36bc-hakendrillinge-fuer-l-rig\/#breadcrumb","itemListElement":[{"@type":"ListItem","position":1,"name":"Hjem","item":"https:\/\/bombardashop.com\/de\/"},{"@type":"ListItem","position":2,"name":"Shop","item":"https:\/\/bombardashop.com\/de\/shop-2\/"},{"@type":"ListItem","position":3,"name":"ORIGINAL OWNER-ST36BC-HAKENDRILLINGE F\u00dcR L-RIG"}]},{"@type":"WebSite","@id":"https:\/\/bombardashop.com\/#website","url":"https:\/\/bombardashop.com\/","name":"Bombardashop.com","description":"Bombardashop.com","potentialAction":[{"@type":"SearchAction","target":{"@type":"EntryPoint","urlTemplate":"https:\/\/bombardashop.com\/?s={search_term_string}"},"query-input":{"@type":"PropertyValueSpecification","valueRequired":true,"valueName":"search_term_string"}}],"inLanguage":"de"}]}},"_links":{"self":[{"href":"https:\/\/bombardashop.com\/de\/wp-json\/wp\/v2\/product\/29707","targetHints":{"allow":["GET"]}}],"collection":[{"href":"https:\/\/bombardashop.com\/de\/wp-json\/wp\/v2\/product"}],"about":[{"href":"https:\/\/bombardashop.com\/de\/wp-json\/wp\/v2\/types\/product"}],"wp:featuredmedia":[{"embeddable":true,"href":"https:\/\/bombardashop.com\/de\/wp-json\/wp\/v2\/media\/36508"}],"wp:attachment":[{"href":"https:\/\/bombardashop.com\/de\/wp-json\/wp\/v2\/media?parent=29707"}],"wp:term":[{"taxonomy":"product_brand","embeddable":true,"href":"https:\/\/bombardashop.com\/de\/wp-json\/wp\/v2\/product_brand?post=29707"},{"taxonomy":"product_cat","embeddable":true,"href":"https:\/\/bombardashop.com\/de\/wp-json\/wp\/v2\/product_cat?post=29707"},{"taxonomy":"product_tag","embeddable":true,"href":"https:\/\/bombardashop.com\/de\/wp-json\/wp\/v2\/product_tag?post=29707"}],"curies":[{"name":"wp","href":"https:\/\/api.w.org\/{rel}","templated":true}]}}