
{"id":29645,"date":"2016-10-10T00:44:07","date_gmt":"2016-10-09T22:44:07","guid":{"rendered":"http:\/\/bombardashop.com\/product\/inno-rig-rings-2\/"},"modified":"2016-12-17T15:26:45","modified_gmt":"2016-12-17T13:26:45","slug":"inno-rig-rings","status":"publish","type":"product","link":"https:\/\/bombardashop.com\/de\/shop\/diverses-zubehoer-de\/inno-rig-rings\/","title":{"rendered":"INNO Rig-ring"},"content":{"rendered":"<p>INNO Rig-Rings Die INNO-Rig-Ringe k\u00f6nnen anstatt der Dreifachwirbel verwendet werden, da die Montage u. a. aufgrund der Spinnfliegentechnik f\u00fcr den Fisch fast nicht sichtbar ist.<br \/>\nKann f\u00fcr viele diskrete Montageformen verwendet werden, z. B. bei Blinkern und Rohrfliegen mit trigger -System.<\/p>\n","protected":false},"excerpt":{"rendered":"<p>INNO RIG-Ring- \u00d8 2 mm &#8211; Beutel mit 50 St\u00fcck. &#8211; St\u00e4rke: 12 kg<\/p>\n","protected":false},"featured_media":36528,"template":"","meta":[],"product_brand":[],"product_cat":[58],"product_tag":[],"class_list":{"0":"post-29645","1":"product","2":"type-product","3":"status-publish","4":"has-post-thumbnail","6":"product_cat-diverses-zubehoer-de","8":"first","9":"instock","10":"taxable","11":"shipping-taxable","12":"purchasable","13":"product-type-simple"},"yoast_head":"<!-- This site is optimized with the Yoast SEO plugin v27.3 - https:\/\/yoast.com\/product\/yoast-seo-wordpress\/ -->\n<title>INNO Rig-ring - Bombardashop.com<\/title>\n<meta name=\"robots\" content=\"index, follow, max-snippet:-1, max-image-preview:large, max-video-preview:-1\" \/>\n<link rel=\"canonical\" href=\"https:\/\/bombardashop.com\/de\/shop\/diverses-zubehoer-de\/inno-rig-rings\/\" \/>\n<meta property=\"og:locale\" content=\"de_DE\" \/>\n<meta property=\"og:type\" content=\"article\" \/>\n<meta property=\"og:title\" content=\"INNO Rig-ring - Bombardashop.com\" \/>\n<meta property=\"og:description\" content=\"INNO RIG-Ring- \u00d8 2 mm - Beutel mit 50 St\u00fcck. - St\u00e4rke: 12 kg\" \/>\n<meta property=\"og:url\" content=\"https:\/\/bombardashop.com\/de\/shop\/diverses-zubehoer-de\/inno-rig-rings\/\" \/>\n<meta property=\"og:site_name\" content=\"Bombardashop.com\" \/>\n<meta property=\"article:modified_time\" content=\"2016-12-17T13:26:45+00:00\" \/>\n<meta property=\"og:image\" content=\"https:\/\/bombardashop.com\/wp-content\/uploads\/2016\/10\/Rig-ring-02.RR_.12.jpg\" \/>\n\t<meta property=\"og:image:width\" content=\"2560\" \/>\n\t<meta property=\"og:image:height\" content=\"2560\" \/>\n\t<meta property=\"og:image:type\" content=\"image\/jpeg\" \/>\n<meta name=\"twitter:card\" content=\"summary_large_image\" \/>\n<script type=\"application\/ld+json\" class=\"yoast-schema-graph\">{\"@context\":\"https:\\\/\\\/schema.org\",\"@graph\":[{\"@type\":\"WebPage\",\"@id\":\"https:\\\/\\\/bombardashop.com\\\/de\\\/shop\\\/diverses-zubehoer-de\\\/inno-rig-rings\\\/\",\"url\":\"https:\\\/\\\/bombardashop.com\\\/de\\\/shop\\\/diverses-zubehoer-de\\\/inno-rig-rings\\\/\",\"name\":\"INNO Rig-ring - Bombardashop.com\",\"isPartOf\":{\"@id\":\"https:\\\/\\\/bombardashop.com\\\/#website\"},\"primaryImageOfPage\":{\"@id\":\"https:\\\/\\\/bombardashop.com\\\/de\\\/shop\\\/diverses-zubehoer-de\\\/inno-rig-rings\\\/#primaryimage\"},\"image\":{\"@id\":\"https:\\\/\\\/bombardashop.com\\\/de\\\/shop\\\/diverses-zubehoer-de\\\/inno-rig-rings\\\/#primaryimage\"},\"thumbnailUrl\":\"https:\\\/\\\/bombardashop.com\\\/wp-content\\\/uploads\\\/2016\\\/10\\\/Rig-ring-02.RR_.12.jpg\",\"datePublished\":\"2016-10-09T22:44:07+00:00\",\"dateModified\":\"2016-12-17T13:26:45+00:00\",\"breadcrumb\":{\"@id\":\"https:\\\/\\\/bombardashop.com\\\/de\\\/shop\\\/diverses-zubehoer-de\\\/inno-rig-rings\\\/#breadcrumb\"},\"inLanguage\":\"de\",\"potentialAction\":[{\"@type\":\"ReadAction\",\"target\":[\"https:\\\/\\\/bombardashop.com\\\/de\\\/shop\\\/diverses-zubehoer-de\\\/inno-rig-rings\\\/\"]}]},{\"@type\":\"ImageObject\",\"inLanguage\":\"de\",\"@id\":\"https:\\\/\\\/bombardashop.com\\\/de\\\/shop\\\/diverses-zubehoer-de\\\/inno-rig-rings\\\/#primaryimage\",\"url\":\"https:\\\/\\\/bombardashop.com\\\/wp-content\\\/uploads\\\/2016\\\/10\\\/Rig-ring-02.RR_.12.jpg\",\"contentUrl\":\"https:\\\/\\\/bombardashop.com\\\/wp-content\\\/uploads\\\/2016\\\/10\\\/Rig-ring-02.RR_.12.jpg\",\"width\":2560,\"height\":2560},{\"@type\":\"BreadcrumbList\",\"@id\":\"https:\\\/\\\/bombardashop.com\\\/de\\\/shop\\\/diverses-zubehoer-de\\\/inno-rig-rings\\\/#breadcrumb\",\"itemListElement\":[{\"@type\":\"ListItem\",\"position\":1,\"name\":\"Hjem\",\"item\":\"https:\\\/\\\/bombardashop.com\\\/de\\\/\"},{\"@type\":\"ListItem\",\"position\":2,\"name\":\"Shop\",\"item\":\"https:\\\/\\\/bombardashop.com\\\/de\\\/shop-2\\\/\"},{\"@type\":\"ListItem\",\"position\":3,\"name\":\"INNO Rig-ring\"}]},{\"@type\":\"WebSite\",\"@id\":\"https:\\\/\\\/bombardashop.com\\\/#website\",\"url\":\"https:\\\/\\\/bombardashop.com\\\/\",\"name\":\"Bombardashop.com\",\"description\":\"Bombardashop.com\",\"potentialAction\":[{\"@type\":\"SearchAction\",\"target\":{\"@type\":\"EntryPoint\",\"urlTemplate\":\"https:\\\/\\\/bombardashop.com\\\/?s={search_term_string}\"},\"query-input\":{\"@type\":\"PropertyValueSpecification\",\"valueRequired\":true,\"valueName\":\"search_term_string\"}}],\"inLanguage\":\"de\"}]}<\/script>\n<!-- \/ Yoast SEO plugin. -->","yoast_head_json":{"title":"INNO Rig-ring - Bombardashop.com","robots":{"index":"index","follow":"follow","max-snippet":"max-snippet:-1","max-image-preview":"max-image-preview:large","max-video-preview":"max-video-preview:-1"},"canonical":"https:\/\/bombardashop.com\/de\/shop\/diverses-zubehoer-de\/inno-rig-rings\/","og_locale":"de_DE","og_type":"article","og_title":"INNO Rig-ring - Bombardashop.com","og_description":"INNO RIG-Ring- \u00d8 2 mm - Beutel mit 50 St\u00fcck. - St\u00e4rke: 12 kg","og_url":"https:\/\/bombardashop.com\/de\/shop\/diverses-zubehoer-de\/inno-rig-rings\/","og_site_name":"Bombardashop.com","article_modified_time":"2016-12-17T13:26:45+00:00","og_image":[{"width":2560,"height":2560,"url":"https:\/\/bombardashop.com\/wp-content\/uploads\/2016\/10\/Rig-ring-02.RR_.12.jpg","type":"image\/jpeg"}],"twitter_card":"summary_large_image","schema":{"@context":"https:\/\/schema.org","@graph":[{"@type":"WebPage","@id":"https:\/\/bombardashop.com\/de\/shop\/diverses-zubehoer-de\/inno-rig-rings\/","url":"https:\/\/bombardashop.com\/de\/shop\/diverses-zubehoer-de\/inno-rig-rings\/","name":"INNO Rig-ring - Bombardashop.com","isPartOf":{"@id":"https:\/\/bombardashop.com\/#website"},"primaryImageOfPage":{"@id":"https:\/\/bombardashop.com\/de\/shop\/diverses-zubehoer-de\/inno-rig-rings\/#primaryimage"},"image":{"@id":"https:\/\/bombardashop.com\/de\/shop\/diverses-zubehoer-de\/inno-rig-rings\/#primaryimage"},"thumbnailUrl":"https:\/\/bombardashop.com\/wp-content\/uploads\/2016\/10\/Rig-ring-02.RR_.12.jpg","datePublished":"2016-10-09T22:44:07+00:00","dateModified":"2016-12-17T13:26:45+00:00","breadcrumb":{"@id":"https:\/\/bombardashop.com\/de\/shop\/diverses-zubehoer-de\/inno-rig-rings\/#breadcrumb"},"inLanguage":"de","potentialAction":[{"@type":"ReadAction","target":["https:\/\/bombardashop.com\/de\/shop\/diverses-zubehoer-de\/inno-rig-rings\/"]}]},{"@type":"ImageObject","inLanguage":"de","@id":"https:\/\/bombardashop.com\/de\/shop\/diverses-zubehoer-de\/inno-rig-rings\/#primaryimage","url":"https:\/\/bombardashop.com\/wp-content\/uploads\/2016\/10\/Rig-ring-02.RR_.12.jpg","contentUrl":"https:\/\/bombardashop.com\/wp-content\/uploads\/2016\/10\/Rig-ring-02.RR_.12.jpg","width":2560,"height":2560},{"@type":"BreadcrumbList","@id":"https:\/\/bombardashop.com\/de\/shop\/diverses-zubehoer-de\/inno-rig-rings\/#breadcrumb","itemListElement":[{"@type":"ListItem","position":1,"name":"Hjem","item":"https:\/\/bombardashop.com\/de\/"},{"@type":"ListItem","position":2,"name":"Shop","item":"https:\/\/bombardashop.com\/de\/shop-2\/"},{"@type":"ListItem","position":3,"name":"INNO Rig-ring"}]},{"@type":"WebSite","@id":"https:\/\/bombardashop.com\/#website","url":"https:\/\/bombardashop.com\/","name":"Bombardashop.com","description":"Bombardashop.com","potentialAction":[{"@type":"SearchAction","target":{"@type":"EntryPoint","urlTemplate":"https:\/\/bombardashop.com\/?s={search_term_string}"},"query-input":{"@type":"PropertyValueSpecification","valueRequired":true,"valueName":"search_term_string"}}],"inLanguage":"de"}]}},"_links":{"self":[{"href":"https:\/\/bombardashop.com\/de\/wp-json\/wp\/v2\/product\/29645","targetHints":{"allow":["GET"]}}],"collection":[{"href":"https:\/\/bombardashop.com\/de\/wp-json\/wp\/v2\/product"}],"about":[{"href":"https:\/\/bombardashop.com\/de\/wp-json\/wp\/v2\/types\/product"}],"wp:featuredmedia":[{"embeddable":true,"href":"https:\/\/bombardashop.com\/de\/wp-json\/wp\/v2\/media\/36528"}],"wp:attachment":[{"href":"https:\/\/bombardashop.com\/de\/wp-json\/wp\/v2\/media?parent=29645"}],"wp:term":[{"taxonomy":"product_brand","embeddable":true,"href":"https:\/\/bombardashop.com\/de\/wp-json\/wp\/v2\/product_brand?post=29645"},{"taxonomy":"product_cat","embeddable":true,"href":"https:\/\/bombardashop.com\/de\/wp-json\/wp\/v2\/product_cat?post=29645"},{"taxonomy":"product_tag","embeddable":true,"href":"https:\/\/bombardashop.com\/de\/wp-json\/wp\/v2\/product_tag?post=29645"}],"curies":[{"name":"wp","href":"https:\/\/api.w.org\/{rel}","templated":true}]}}