
{"id":30022,"date":"2016-10-17T22:31:02","date_gmt":"2016-10-17T20:31:02","guid":{"rendered":"http:\/\/bombardashop.com\/terms-conditions-purchase\/?lang=de"},"modified":"2022-11-25T11:35:17","modified_gmt":"2022-11-25T10:35:17","slug":"terms-conditions-purchase","status":"publish","type":"page","link":"https:\/\/bombardashop.com\/de\/terms-conditions-purchase\/","title":{"rendered":"Allgemeine Gesch\u00e4ftsbedingungen"},"content":{"rendered":"<h1>Allgemeine Gesch\u00e4ftsbedingungen<\/h1>\n<h3>So kaufen Sie im Webshop ein<\/h3>\n<p>Finden Sie das Produkt, an dem Sie interessiert sind, und w\u00e4hlen Sie die Ausf\u00fchrung, z. B. Farbe, Gewicht, Anzahl. Legen Sie die Ware in den Einkaufskorb, indem Sie auf das Feld \u201eBestellen\u201c klicken.<br \/>Wenn Sie mit dem Einkauf fertig sind, klicken Sie auf den gr\u00fcnen \u201eEinkaufskorb\u201c in der rechten oberen Ecke. Pr\u00fcfen Sie, ob die richtigen Waren im Einkaufskorb sind, und klicken Sie auf \u201eOK\u201c.<br \/>Sie k\u00f6nnen mit VISA, Maestro und Mastercard wie unten auf der Seite angezeigt bezahlen.<br \/>Danach tragen Sie Ihre Daten sowie Ihre E-Mail-Adresse in die Pflichtfelder ein. Mit dem n\u00e4chsten Schritt best\u00e4tigen Sie Ihre Bestellung. Danach m\u00fcssen Sie Ihre Kreditkarteninformation eingeben. Wenn die Bestellung bearbeitet worden ist, bekommen Sie eine elektronische Mitteilung.<\/p>\n<p><\/p>\n<h3>Bezahlung<\/h3>\n<p>SbirolinoShop.de nimmt Zahlungen mit VISA, Maestro und Mastercard entgegen. Wird eine Kreditkarte verwendet, wird der Betrag erst von Ihrem Konto abgebucht, wenn die Ware weggeschickt wird.<br \/>Beim Kauf auf SbirolinoShop.de werden keinerlei Geb\u00fchren verrechnet. Au\u00dferdem kann niemals ein h\u00f6herer Betrag abgebucht werden als jener, den Sie beim Kauf best\u00e4tigt haben.<br \/>SbirolinoShop.de verschl\u00fcsselt Ihre Kreditkarteninformation mithilfe eines sogenannten SSL-Protokolls. Das bedeutet, dass keinerlei Unbefugte Ihre Kartennummer oder andere Informationen w\u00e4hrend der Transaktion einsehen k\u00f6nnen.<\/p>\n<p><\/p>\n<h3>Bestellung<\/h3>\n<p>Bei SbirolinoShop.de k\u00f6nnen die Produkte lediglich \u00fcber unsere Webseite bestellt werden. Wenn Sie bez\u00fcglich von Produkten Fragen haben, die nicht auf der Webseite beantwortet werden, k\u00f6nnen Sie uns gerne hierzu kontaktieren.<br \/>Alle Preise verstehen sich inkl. MwSt. und sonstige Abgaben. Die Preise sind Tagespreise.<\/p>\n<p><\/p>\n<h3>Lieferzeit<\/h3>\n<p>Die Bearbeitungszeit Ihrer Bestellung betr\u00e4gt 1-2 Arbeitstage.<br \/>Das bedeutet, dass die Lieferzeit mit 3-6 Arbeitstagen angenommen werden kann.<br \/>Von Ihrer Kreditkarte wird nichts abgebucht, bevor Ihre Bestellung abgeschickt wird.<\/p>\n<p><\/p>\n<h3>Reklamationsrecht<\/h3>\n<p>SbirolinoShop.de bietet 2 Jahre Garantie laut Verbraucherschutzgesetz. Dies beinhaltet Fabrikations- und Materialfehler, die bei einer normalen Anwendung festgestellt werden. Das Reklamationsrecht beinhaltet keinerlei Fehler, M\u00e4ngel oder Abnutzungen, die direkt oder indirekt auf unsachgem\u00e4\u00dfe Verwendung, unzureichende Wartung, Gewalt oder unbefugten Zugriff zur\u00fcckzuf\u00fchren sind. Reklamationen bez\u00fcglich Fehler oder M\u00e4ngel, die bei einer gew\u00f6hnlichen Kontrolle der Ware entdeckt werden m\u00fcssten, m\u00fcssen innerhalb eines angemessenen Zeitraums SbirolinoShop.de mitgeteilt werden.<\/p>\n<p><\/p>\n<h3>R\u00fccksendung<\/h3>\n<p>Bei Fehlern, M\u00e4ngeln oder evtl. Ausbleiben der Sendung wenden Sie sich bitte an:<\/p>\n<p>BombardaShop.com<br \/>Hybenvej 2<br \/>H\u00f8ll<br \/>DK-7080 B\u00f8rkop<br \/>Danmark<\/p>\n<p>E-mail: info@SbirolinoShop.de<br \/>Telefon: (+45) 24 85 64 40<\/p>\n<p>Die R\u00fccksendung der Ware erfolgt an oben angef\u00fchrte Adresse &#8211; bitte beachten Sie, dass wir Waren, die per Nachnahme geschickt werden, nicht annehmen.<\/p>\n<p>Ist die Reklamation berechtigt, erstatten wir nat\u00fcrlich Ihre (angemessenen) Frachtkosten. Wenn Sie die Ware zur\u00fcckschicken, denken Sie bitte daran, so detailliert wie m\u00f6glich anzugeben, worin das Problem besteht.<\/p>\n<p>Denken Sie bitte auch daran, dass die Ware stets in angemessener Verpackung zur\u00fcckgesendet werden muss. Es sollte au\u00dferdem eine Quittung f\u00fcr die Fracht beiliegen, damit wir die Frachtkosten erstatten k\u00f6nnen.<\/p>\n<p><\/p>\n<p>Returned items must be sent to the above address. Please note that we do not accept COD parcels.<br \/>If the complaint is justified, we will naturally refund your (reasonable) shipping costs. When you return an item, please disclose the nature of the problem in as much detail as possible.<br \/>Remember that the item must be returned in responsible packaging and make sure you get a receipt for shipment so we can refund your shipping costs.<\/p>\n<p><\/p>\n<h3>Bei Zwistigkeiten<\/h3>\n<p>Jegliche Zwistigkeiten zwischen dem Unternehmer und dem Kunden unterliegen der d\u00e4nischen Gesetzgebung.<\/p>\n<p><\/p>\n<h3>Umtausch<\/h3>\n<p>Muss eine Ware getauscht werden, m\u00fcssen Sie diese lediglich an folgende Adresse senden:<\/p>\n<p>BombardaShop.com<br \/>Hybenvej 2<br \/>H\u00f8ll<br \/>DK-7080 B\u00f8rkop<br \/>Danmark<\/p>\n<p>Bitte denken Sie daran, dass die Ware angemessen eingepackt sein muss. Die Ware muss unbenutzt in unbesch\u00e4digter Originalverpackung zur\u00fcckgeschickt werden. Die Kosten f\u00fcr die R\u00fccksendung m\u00fcssen Sie tragen.<\/p>\n<p><\/p>\n<h3>R\u00fccktrittsrecht<\/h3>\n<p>SbirolinoShop.de gew\u00e4hrt 14 Tage R\u00fccktrittsrecht auf alle Produkte, und zwar ab dem Empfangstag gerechnet. Wenn Sie von einem Kauf zur\u00fccktreten m\u00f6chten, m\u00fcssen Sie die Ware lediglich zur\u00fcckschicken &#8211; siehe \u201eR\u00fccksendung\u201c.<\/p>\n<p>Bitte denken Sie daran, dass die Ware angemessen eingepackt sein muss. Die Ware muss im Wesentlichen im selben Zustand und in derselben Menge zur\u00fcckgeschickt werden. Das R\u00fccktrittsrecht f\u00e4llt daher weg, wenn Sie die Ware auf eine Weise benutzen, die den Handelswert der Ware offensichtlich wesentlich herabsetzt. Wenn Sie die Ware zur\u00fcckschicken, m\u00fcssen Sie lediglich eine Kopie der Rechnung beilegen, auf welcher Sie Ihre Kontonummer angeben, sodass wir den Betrag so schnell wie m\u00f6glich \u00fcberweisen k\u00f6nnen. Wenn die R\u00fccksendung empfangen und als in Ordnung best\u00e4tigt worden ist, wird der Kaufbetrag innerhalb von wenigen Tagen auf Ihr Konto \u00fcberwiesen. Die einzigen Kosten, die f\u00fcr Sie bei einem R\u00fccktritt anfallen, sind die Portokosten f\u00fcr die R\u00fccksendung.<\/p>\n<p>Das R\u00fccktrittsrecht gilt nicht f\u00fcr Waren, die nicht Teil des Sortiments, sondern speziell auf Bestellung eingekauft worden sind.<\/p>\n<p>Achtung! Wir nehmen keine Pakete entgegen, die per Nachnahme gesendet werden.<\/p>\n<p>Falls Sie eine Ware zur\u00fcckgesandt haben, weil Sie eine Reklamation haben oder von Ihrem R\u00fccktrittsrecht Gebrauch machen wollen, bekommen Sie stets eine E-Mail zugeschickt, wenn wir die Ware in Empfang genommen haben. Die E-Mail enth\u00e4lt Informationen bez\u00fcglich des weiteren Verlaufs in Verbindung mit der Abwicklung Ihrer R\u00fccksendung\/Reklamation.<\/p>\n<p><\/p>\n<h3>Sicherheit \/ Datenschutz<\/h3>\n<p>Nichts von den pers\u00f6nlichen Daten, die auf www.SbirolinoShop.de registriert werden, wird an Dritte weitergegeben, verkauft oder f\u00fcr Dritte zug\u00e4nglich gemacht. Alle Informationen werden auf sichere Art und Weise aufbewahrt und sind nur f\u00fcr die zur Schweigepflicht verpflichteten Mitarbeiter von SbirolinoShop.de zug\u00e4nglich.<\/p>\n<p>In Verbindung mit der elektronischen Zahlung wird mithilfe des Webshopsystems eine sichere verschl\u00fcsselte Methode geboten.<\/p>\n<p>Wir von SbirolinoShop.de verwenden eine Log-Statistik. Das bedeutet, dass ein Analysesystem Informationen sammelt, welche ein Bild in der Form einer Statistik geben, und zwar dar\u00fcber, wie viele Leute unsere Webseite besuchen, woher sie kommen, wo auf der Webseite diese wieder verlassen wird usw.<br \/>Der Leiter und die Angestellten von SbirolinoShop.de haben zu Ihren Registrierungsdaten Zugang.<\/p>\n<p>Beim Kauf ersuchen wir Sie, Name, Adresse, Telefonnummer und E-Mail-Adresse anzugeben. Diese Informationen werden ausschlie\u00dflich zur Bearbeitung der Bestellung verwendet. Die Informationen werden \u00fcbertragen und unverschl\u00fcsselt in elektronischer Form 5 Jahre lang gespeichert.<\/p>\n<p>Dar\u00fcber hinaus registrieren wir die IP-Adresse, von wo aus der Kauf get\u00e4tigt wird. Diese Information wird normalerweise nicht verwendet, kann aber bei eventuellen polizeilichen Arbeiten gebraucht werden. Alle falschen Bestellungen werden zur Anzeige gebracht!<\/p>\n<p>Sie k\u00f6nnen auch Ihre E-Mail-Adresse in die Mailingliste von SbirolinoShop.de eintragen lassen, sodass Sie laufend Neuigkeiten und sonstige Informationen von Bombarda.Shop.com erhalten. Dieses Service k\u00f6nnen Sie ganz nach Ihren W\u00fcnschen jederzeit an- und abmelden.<\/p>\n<p>Laut dem Datenschutzgesetz geben wir Ihnen auf Anfrage bekannt, welche Informationen registriert worden sind. Auf der Grundlage von Einspr\u00fcchen l\u00f6schen wir die Daten in dem Umfang, wie dies gew\u00fcnscht wird.<\/p>\n<p><\/p>\n<h3>Vorbehalte<\/h3>\n<p>SbirolinoShop.de \u00fcbernimmt keinerlei Haftung in Bezug auf Druckfehler, Tippfehler bei Preisen oder Produktbeschreibungen, ausverkaufte Waren sowie falsche Produktinformationen von unseren Lieferanten.<\/p>\n<p><\/p>\n<h3>Kontakt<\/h3>\n<p>Falls Unklarheiten bestehen, sind Sie stets willkommen uns unter der Nummer(+45) 24 85 64 40 zu kontaktieren. Sie k\u00f6nnen auch eine E-Mail schicken an info@SbirolinoShop.de.<br \/>Wir beantworten E-Mails werktags innerhalb von 48 Stunden.<\/p>\n","protected":false},"excerpt":{"rendered":"<p>Allgemeine Gesch\u00e4ftsbedingungen So kaufen Sie im Webshop ein Finden Sie das Produkt, an dem Sie interessiert sind, und w\u00e4hlen Sie die Ausf\u00fchrung, z. B. Farbe, Gewicht, Anzahl. Legen Sie die&#8230;<\/p>\n","protected":false},"author":8,"featured_media":0,"parent":0,"menu_order":0,"comment_status":"closed","ping_status":"closed","template":"","meta":{"footnotes":""},"class_list":["post-30022","page","type-page","status-publish"],"yoast_head":"<!-- This site is optimized with the Yoast SEO plugin v27.4 - https:\/\/yoast.com\/product\/yoast-seo-wordpress\/ -->\n<title>Allgemeine Gesch\u00e4ftsbedingungen - Bombardashop.com<\/title>\n<meta name=\"robots\" content=\"index, follow, max-snippet:-1, max-image-preview:large, max-video-preview:-1\" \/>\n<link rel=\"canonical\" href=\"https:\/\/bombardashop.com\/de\/terms-conditions-purchase\/\" \/>\n<meta property=\"og:locale\" content=\"de_DE\" \/>\n<meta property=\"og:type\" content=\"article\" \/>\n<meta property=\"og:title\" content=\"Allgemeine Gesch\u00e4ftsbedingungen - Bombardashop.com\" \/>\n<meta property=\"og:description\" content=\"Allgemeine Gesch\u00e4ftsbedingungen So kaufen Sie im Webshop ein Finden Sie das Produkt, an dem Sie interessiert sind, und w\u00e4hlen Sie die Ausf\u00fchrung, z. B. Farbe, Gewicht, Anzahl. Legen Sie die...\" \/>\n<meta property=\"og:url\" content=\"https:\/\/bombardashop.com\/de\/terms-conditions-purchase\/\" \/>\n<meta property=\"og:site_name\" content=\"Bombardashop.com\" \/>\n<meta property=\"article:modified_time\" content=\"2022-11-25T10:35:17+00:00\" \/>\n<meta name=\"twitter:card\" content=\"summary_large_image\" \/>\n<meta name=\"twitter:label1\" content=\"Gesch\u00e4tzte Lesezeit\" \/>\n\t<meta name=\"twitter:data1\" content=\"6\u00a0Minuten\" \/>\n<script type=\"application\/ld+json\" class=\"yoast-schema-graph\">{\"@context\":\"https:\\\/\\\/schema.org\",\"@graph\":[{\"@type\":\"WebPage\",\"@id\":\"https:\\\/\\\/bombardashop.com\\\/de\\\/terms-conditions-purchase\\\/\",\"url\":\"https:\\\/\\\/bombardashop.com\\\/de\\\/terms-conditions-purchase\\\/\",\"name\":\"Allgemeine Gesch\u00e4ftsbedingungen - Bombardashop.com\",\"isPartOf\":{\"@id\":\"https:\\\/\\\/bombardashop.com\\\/#website\"},\"datePublished\":\"2016-10-17T20:31:02+00:00\",\"dateModified\":\"2022-11-25T10:35:17+00:00\",\"breadcrumb\":{\"@id\":\"https:\\\/\\\/bombardashop.com\\\/de\\\/terms-conditions-purchase\\\/#breadcrumb\"},\"inLanguage\":\"de\",\"potentialAction\":[{\"@type\":\"ReadAction\",\"target\":[\"https:\\\/\\\/bombardashop.com\\\/de\\\/terms-conditions-purchase\\\/\"]}]},{\"@type\":\"BreadcrumbList\",\"@id\":\"https:\\\/\\\/bombardashop.com\\\/de\\\/terms-conditions-purchase\\\/#breadcrumb\",\"itemListElement\":[{\"@type\":\"ListItem\",\"position\":1,\"name\":\"Hjem\",\"item\":\"https:\\\/\\\/bombardashop.com\\\/de\\\/\"},{\"@type\":\"ListItem\",\"position\":2,\"name\":\"Allgemeine Gesch\u00e4ftsbedingungen\"}]},{\"@type\":\"WebSite\",\"@id\":\"https:\\\/\\\/bombardashop.com\\\/#website\",\"url\":\"https:\\\/\\\/bombardashop.com\\\/\",\"name\":\"Bombardashop.com\",\"description\":\"Bombardashop.com\",\"potentialAction\":[{\"@type\":\"SearchAction\",\"target\":{\"@type\":\"EntryPoint\",\"urlTemplate\":\"https:\\\/\\\/bombardashop.com\\\/?s={search_term_string}\"},\"query-input\":{\"@type\":\"PropertyValueSpecification\",\"valueRequired\":true,\"valueName\":\"search_term_string\"}}],\"inLanguage\":\"de\"}]}<\/script>\n<!-- \/ Yoast SEO plugin. -->","yoast_head_json":{"title":"Allgemeine Gesch\u00e4ftsbedingungen - Bombardashop.com","robots":{"index":"index","follow":"follow","max-snippet":"max-snippet:-1","max-image-preview":"max-image-preview:large","max-video-preview":"max-video-preview:-1"},"canonical":"https:\/\/bombardashop.com\/de\/terms-conditions-purchase\/","og_locale":"de_DE","og_type":"article","og_title":"Allgemeine Gesch\u00e4ftsbedingungen - Bombardashop.com","og_description":"Allgemeine Gesch\u00e4ftsbedingungen So kaufen Sie im Webshop ein Finden Sie das Produkt, an dem Sie interessiert sind, und w\u00e4hlen Sie die Ausf\u00fchrung, z. B. Farbe, Gewicht, Anzahl. Legen Sie die...","og_url":"https:\/\/bombardashop.com\/de\/terms-conditions-purchase\/","og_site_name":"Bombardashop.com","article_modified_time":"2022-11-25T10:35:17+00:00","twitter_card":"summary_large_image","twitter_misc":{"Gesch\u00e4tzte Lesezeit":"6\u00a0Minuten"},"schema":{"@context":"https:\/\/schema.org","@graph":[{"@type":"WebPage","@id":"https:\/\/bombardashop.com\/de\/terms-conditions-purchase\/","url":"https:\/\/bombardashop.com\/de\/terms-conditions-purchase\/","name":"Allgemeine Gesch\u00e4ftsbedingungen - Bombardashop.com","isPartOf":{"@id":"https:\/\/bombardashop.com\/#website"},"datePublished":"2016-10-17T20:31:02+00:00","dateModified":"2022-11-25T10:35:17+00:00","breadcrumb":{"@id":"https:\/\/bombardashop.com\/de\/terms-conditions-purchase\/#breadcrumb"},"inLanguage":"de","potentialAction":[{"@type":"ReadAction","target":["https:\/\/bombardashop.com\/de\/terms-conditions-purchase\/"]}]},{"@type":"BreadcrumbList","@id":"https:\/\/bombardashop.com\/de\/terms-conditions-purchase\/#breadcrumb","itemListElement":[{"@type":"ListItem","position":1,"name":"Hjem","item":"https:\/\/bombardashop.com\/de\/"},{"@type":"ListItem","position":2,"name":"Allgemeine Gesch\u00e4ftsbedingungen"}]},{"@type":"WebSite","@id":"https:\/\/bombardashop.com\/#website","url":"https:\/\/bombardashop.com\/","name":"Bombardashop.com","description":"Bombardashop.com","potentialAction":[{"@type":"SearchAction","target":{"@type":"EntryPoint","urlTemplate":"https:\/\/bombardashop.com\/?s={search_term_string}"},"query-input":{"@type":"PropertyValueSpecification","valueRequired":true,"valueName":"search_term_string"}}],"inLanguage":"de"}]}},"_links":{"self":[{"href":"https:\/\/bombardashop.com\/de\/wp-json\/wp\/v2\/pages\/30022","targetHints":{"allow":["GET"]}}],"collection":[{"href":"https:\/\/bombardashop.com\/de\/wp-json\/wp\/v2\/pages"}],"about":[{"href":"https:\/\/bombardashop.com\/de\/wp-json\/wp\/v2\/types\/page"}],"author":[{"embeddable":true,"href":"https:\/\/bombardashop.com\/de\/wp-json\/wp\/v2\/users\/8"}],"replies":[{"embeddable":true,"href":"https:\/\/bombardashop.com\/de\/wp-json\/wp\/v2\/comments?post=30022"}],"version-history":[{"count":4,"href":"https:\/\/bombardashop.com\/de\/wp-json\/wp\/v2\/pages\/30022\/revisions"}],"predecessor-version":[{"id":38584,"href":"https:\/\/bombardashop.com\/de\/wp-json\/wp\/v2\/pages\/30022\/revisions\/38584"}],"wp:attachment":[{"href":"https:\/\/bombardashop.com\/de\/wp-json\/wp\/v2\/media?parent=30022"}],"curies":[{"name":"wp","href":"https:\/\/api.w.org\/{rel}","templated":true}]}}