
{"id":29985,"date":"2016-10-14T10:21:25","date_gmt":"2016-10-14T08:21:25","guid":{"rendered":"http:\/\/bombardashop.com\/become-a-dealer\/?lang=de"},"modified":"2019-11-27T15:17:29","modified_gmt":"2019-11-27T14:17:29","slug":"read-more","status":"publish","type":"page","link":"https:\/\/bombardashop.com\/de\/read-more\/","title":{"rendered":"Lesen Sie mehr dar\u00fcber"},"content":{"rendered":"[vc_row type=&#8220;in_container&#8220; full_screen_row_position=&#8220;middle&#8220; column_margin=&#8220;default&#8220; scene_position=&#8220;center&#8220; text_color=&#8220;dark&#8220; text_align=&#8220;left&#8220; overlay_strength=&#8220;0.3&#8243; shape_divider_position=&#8220;bottom&#8220; bg_image_animation=&#8220;none&#8220;][vc_column column_padding=&#8220;no-extra-padding&#8220; column_padding_position=&#8220;all&#8220; background_color_opacity=&#8220;1&#8243; background_hover_color_opacity=&#8220;1&#8243; column_link_target=&#8220;_self&#8220; column_shadow=&#8220;none&#8220; column_border_radius=&#8220;none&#8220; width=&#8220;1\/1&#8243; tablet_width_inherit=&#8220;default&#8220; tablet_text_alignment=&#8220;default&#8220; phone_text_alignment=&#8220;default&#8220; overlay_strength=&#8220;0.3&#8243; column_border_width=&#8220;none&#8220; column_border_style=&#8220;solid&#8220; bg_image_animation=&#8220;none&#8220;][vc_column_text]\n<h1>So effektiv ist INNO-Sbirolino<\/h1>\n[\/vc_column_text][divider line_type=&#8220;No Line&#8220; custom_height=&#8220;40&#8243;][\/vc_column][\/vc_row][vc_row type=&#8220;in_container&#8220; full_screen_row_position=&#8220;middle&#8220; column_margin=&#8220;default&#8220; scene_position=&#8220;center&#8220; text_color=&#8220;dark&#8220; text_align=&#8220;left&#8220; overlay_strength=&#8220;0.3&#8243; shape_divider_position=&#8220;bottom&#8220; bg_image_animation=&#8220;none&#8220;][vc_column column_padding=&#8220;no-extra-padding&#8220; column_padding_position=&#8220;all&#8220; background_color_opacity=&#8220;1&#8243; background_hover_color_opacity=&#8220;1&#8243; column_link_target=&#8220;_self&#8220; column_shadow=&#8220;none&#8220; column_border_radius=&#8220;none&#8220; width=&#8220;1\/2&#8243; tablet_width_inherit=&#8220;default&#8220; tablet_text_alignment=&#8220;default&#8220; phone_text_alignment=&#8220;default&#8220; overlay_strength=&#8220;0.3&#8243; column_border_width=&#8220;none&#8220; column_border_style=&#8220;solid&#8220; bg_image_animation=&#8220;none&#8220;][vc_column_text]\n<h3>Getestet von \u201eFisk og Fri\u201c<img loading=\"lazy\" decoding=\"async\" class=\"size-full wp-image-28827 alignright\" src=\"https:\/\/bombardashop.sky457.dk\/wp-content\/uploads\/2016\/10\/fisk_og_fri_bombarda.jpg\" sizes=\"auto, (max-width: 259px) 100vw, 259px\" srcset=\"https:\/\/bombardashop.sky457.dk\/wp-content\/uploads\/2016\/10\/fisk_og_fri_bombarda.jpg 259w, https:\/\/bombardashop.sky457.dk\/wp-content\/uploads\/2016\/10\/fisk_og_fri_bombarda-255x69.jpg 255w\" alt=\"fisk_og_fri_bombarda\" width=\"259\" height=\"69\" \/><\/h3>\n<p>Inno-Sbirolino ist der Name eines neuen, patentierten und 2014 in D\u00e4nemark designtem Sbirolinos, das eine Reihe von Problemen l\u00f6st, die man mit traditionellen Sbirolinos hat. Dieses neue Sbirolino ist die aufregendste Neuheit auf dem Gebiet Sbirolinos und Wurfschwimmern seit Jahrzehnten. Hier wird die Anforderung an ein minimales Verheddern mit gro\u00dfen Wurfweiten kombiniert und besser gel\u00f6st, als bei allen anderen Schwimmern auf dem Markt.<\/p>\n<p>Das Sbirolino wurde vom D\u00e4nen Martin Buch erfunden und gleicht keinem der existierenden Sbirolinos. Es behandelt das Problem mit dem Zur\u00fcckgleiten der Pose perfekt, da dieses an jedem Ende fest montiert wird. Das Sbirolino hat hinten keine Antenne, sondern vorne einen integrierten Anti-Knopf-Inno-Stick. Die Kombination der festen Montage und die einzigartige Konstruktion machen das Verheddern beinahe unm\u00f6glich \u2013 auch wenn unter schwierigsten Bedingungen wie starkem R\u00fcckenwind oder Seitenwind von der Wurfarmseite geworfen wird. Aber es ist nicht nur verheddersicher \u2013 es macht auch ganz souver\u00e4ne W\u00fcrfe m\u00f6glich. Dar\u00fcber hinaus bleibt das Sbirolino sogar bei hoher Geschwindigkeit auf derselben Tiefe, bietet eine perfekte Pr\u00e4sentation und ist wirklich einfach zu montieren und abzumontieren. Das Sbirolino kann n\u00e4mlich ganze einfach am Ende durch einen Haken ersetzt werden \u2013 und das sorgt f\u00fcr eine gro\u00dfe Flexibilit\u00e4t, da dieser auch verwendet werden kann, wenn er nur hinten montiert ist. Z. B. als Gewicht f\u00fcr das Spinnfliegenangeln in Str\u00f6mungsgew\u00e4ssern. Aufgrund der Spitze, die \u00fcber den Grund gleitet, verf\u00e4ngt es sich nicht so einfach.[\/vc_column_text][image_with_animation image_url=&#8220;28833&#8243; alignment=&#8220;center&#8220; animation=&#8220;Fade In&#8220; hover_animation=&#8220;none&#8220; border_radius=&#8220;none&#8220; box_shadow=&#8220;none&#8220; image_loading=&#8220;default&#8220; max_width=&#8220;100%&#8220; max_width_mobile=&#8220;default&#8220;][vc_column_text]\n<div class=\"et_pb_module et_pb_text et_pb_text_4 et_pb_bg_layout_light et_pb_text_align_left\">\n<div class=\"et_pb_text_inner\">\n<p>Die feste Montage, bei der der Inno-Stick mit einem kleinen Karabiner an der Hauptschnur befestigt ist, sodass der Stick nicht nach vorne gleiten und ein Zur\u00fcckgleiten verursachen kann, ist meiner Meinung nach die beste und benutzerfreundlichste Methode \u2013 und die mit dem geringsten Knotenrisiko. Ganz egal ob Sie mit F\u00fchrung, schnellen Schl\u00e4gen oder mit der Schnur an die Oberfl\u00e4che geheftet werfen \u2013 es entstehen keine Knoten. Der Inno-Sbirolino kann aber auch gleitend mit einem Loop am Ende der Hauptschnur montiert werden. Dies erfordert aber gleichm\u00e4\u00dfigere und gleichm\u00e4\u00dfig beschleunigte W\u00fcrfe, bei der die Schnur die gesamte Zeit \u00fcber straff ist. Die gleitende Montage kann auch semifixiert werden, indem ein dickes St\u00fcck Silikonschlauch \u00fcber den Loop gest\u00fclpt wird, woraufhin der Schlauch an das Ende des Sticks bis zum Floater geschoben wird. Aber wie gesagt \u2013 in der Praxis kann viel leichter mit einem Haken gearbeitet werden. Das ist von der Pr\u00e4sentation her beinahe genauso elegant.<\/p>\n<p>Die Inno-Sbirolinos von www.sbirolinoshop.de k\u00f6nnen als Schwimmausf\u00fchrung, Intermediatausf\u00fchrung und Sinkausf\u00fchrung mit Gewichten von 12\u201335 Gramm gekauft werden.<\/p>\n<p><b><i>Jens Bursell<br \/>\n<\/i><\/b>Fisk og Fri<\/p>\n<\/div>\n<\/div>\n[\/vc_column_text][divider line_type=&#8220;No Line&#8220; custom_height=&#8220;40&#8243;][divider line_type=&#8220;Full Width Line&#8220; line_thickness=&#8220;1&#8243; divider_color=&#8220;default&#8220; animate=&#8220;yes&#8220;][divider line_type=&#8220;No Line&#8220; custom_height=&#8220;40&#8243;][vc_column_text]\n<h3>VERBESSERN SIE IHRE BISSRATE BEI FISCHEN, MIT DENEN SIE KONTAKT HABEN, VON 50 AUF 90%<\/h3>\n<p>Wir Freizeitangler investieren viel Zeit und Geld in die Ausr\u00fcstung \u2013 die Kleidung \u2013 die Ruten \u2013 R\u00e4der \u2013 und die K\u00f6derausr\u00fcstung, die wir kaufen, um mehr Fische zu fangen. Der Kontakt zwischen uns und dem Fisch geschieht \u00fcber ein einziges Element \u2013 den Haken. Mit den traditionellen und bekannten Angeltechniken, die wir heute nutzen, verlieren selbst erfahrene Fischer ca. 50% der Fische, mit denen der Kontakt hergestellt wird.<\/p>\n<p>Um dieses Problem zu minimieren, hat Jens Bursell von Fisk og Fri neue Montagetechniken entwickelt, z.B. L-Rigs und Release-Pose mit kleinen Hakendrillingen vom Typ Owner ST 36 BCX, Gr\u00f6\u00dfe 12 \u2013 18 f\u00fcr Rohrfliegen.<\/p>\n<p>Jens Bursell und seine Testangler haben einige Jahre lang eine Statistik bez\u00fcglich der Bissrate mit normalen K\u00fcstenfliegen und Kleinhakenposen gepflegt. Das Ergebnis sieht wie folgt aus: Traditionelle Einzelhakenfliegen Gr. 10-2: 1001 Kontakte, 429 Bisse = 43 %, Rohrfliege mit L-Rig 688 Kontakte, 628 Bisse = 91 %, gro\u00dfe K\u00fcstenfliegen mit Release-Pose: 371 Kontakte, 330 Bisse = 89%. Sie k\u00f6nnen in der Praxis daher Ihre Bissrate verdoppeln, indem Sie auf Kleinhakenposen umsteigen. Die Unterschiede sind statistisch gesehen alle bemerkenswert (X2, p &lt; 0,001) \u2013 von diesen sind 15 Fische \u00fcber 5 kg und bis zu 10 kg schwer.<\/p>\n<p>W\u00e4hrend dem Biss und dem Kampf wirkt ca. 1 kg Zugkraft auf Haken und Rute. Die kleinen Haken sorgen daf\u00fcr, dass Spitze und Widerhaken leichter an allen Stellen im Fischmaul eindringen k\u00f6nnen, auch in den harten Kiefer, wo die gro\u00dfen Haken keine Chance haben.[\/vc_column_text][image_with_animation image_url=&#8220;35908&#8243; alignment=&#8220;center&#8220; animation=&#8220;Fade In&#8220; hover_animation=&#8220;none&#8220; border_radius=&#8220;none&#8220; box_shadow=&#8220;none&#8220; image_loading=&#8220;default&#8220; max_width=&#8220;100%&#8220; max_width_mobile=&#8220;default&#8220;][divider line_type=&#8220;No Line&#8220; custom_height=&#8220;40&#8243;][vc_column_text]Der beste Haken f\u00fcr diesen Zweck ist der Hakendrilling Owner ST 36 BC X, der mit Rohrfliegen verwendet wird. F\u00fcr die gro\u00dfen Fliegen verwendet man Gr. 12-14, f\u00fcr die kleineren Fliegen Gr. 14-18.[\/vc_column_text][divider line_type=&#8220;No Line&#8220; custom_height=&#8220;40&#8243;][divider line_type=&#8220;Full Width Line&#8220; line_thickness=&#8220;1&#8243; divider_color=&#8220;default&#8220; animate=&#8220;yes&#8220;][divider line_type=&#8220;No Line&#8220; custom_height=&#8220;40&#8243;][vc_column_text]\n<h3>L-RIG UND RELEASE MONTAGE<\/h3>\n<p>Jens Bursell[\/vc_column_text][image_with_animation image_url=&#8220;28831&#8243; alignment=&#8220;center&#8220; animation=&#8220;Fade In&#8220; hover_animation=&#8220;none&#8220; border_radius=&#8220;none&#8220; box_shadow=&#8220;none&#8220; image_loading=&#8220;default&#8220; max_width=&#8220;100%&#8220; max_width_mobile=&#8220;default&#8220;][divider line_type=&#8220;No Line&#8220; custom_height=&#8220;40&#8243;][vc_column_text]Die Elastik-Release-Rohrfliege bietet eine extrem hohe Bissrate und ist ideell, um das Sbirolino-Angeln zu perfektionieren. Der Vorteil dieser Pose ist, dass sich der Haken nach vorne bewegen und den Fisch halten kann, auch wenn die Fliege nicht zwischen den Kiefern festh\u00e4ngt. Dies ist mit anderen Fliegensystemen nicht m\u00f6glich. So erh\u00e4lt man eine besonders effektive Methode mit einer Bissrate von \u00fcber 90 % \u2013 besonders beim Sbirolino-Angeln.[\/vc_column_text][image_with_animation image_url=&#8220;28828&#8243; alignment=&#8220;center&#8220; animation=&#8220;Fade In&#8220; hover_animation=&#8220;none&#8220; border_radius=&#8220;none&#8220; box_shadow=&#8220;none&#8220; image_loading=&#8220;default&#8220; max_width=&#8220;100%&#8220; max_width_mobile=&#8220;default&#8220;][vc_column_text]Das L-Rig ist die einfachste Montageform bei Rohrfliegen und dauert lediglich 40 Sekunden. Hier wird eine semifixierte Version gezeigt, welche die beste Allroundl\u00f6sung f\u00fcr die meisten kleinen bis mittelgro\u00dfen Fliegen ist. 91 % Bissrate.[\/vc_column_text][image_with_animation image_url=&#8220;28829&#8243; alignment=&#8220;center&#8220; animation=&#8220;Fade In&#8220; hover_animation=&#8220;none&#8220; border_radius=&#8220;none&#8220; box_shadow=&#8220;none&#8220; image_loading=&#8220;default&#8220; max_width=&#8220;100%&#8220; max_width_mobile=&#8220;default&#8220;][divider line_type=&#8220;No Line&#8220; custom_height=&#8220;40&#8243;][vc_column_text]Releasefliege \u2013 hier mit lose h\u00e4ngendem Haken. Die Fliege ist an einem Einzelhaken befestigt, bei dem die Hakenspitze abgeschnitten wurde. Die Hakenpose ist am verbleibenden Hakenabstand mit einem St\u00fcck Silikonschlauch semifixiert. Sie wird vor der Schnur im Haken\u00f6hr des Einzelhakens mithilfe eines Fliegenhakens der Gr\u00f6\u00dfe 2 befestigt. Diese Pose ist die beste Wahl bei ein wenig gr\u00f6\u00dferen Fliegen wie z. B. die Ferkelfliege oder Tobisfliege. Der Haken kann auch mit Not-a-knot fest montiert werden. 90 % Bissrate.[\/vc_column_text][image_with_animation image_url=&#8220;28830&#8243; alignment=&#8220;center&#8220; animation=&#8220;Fade In&#8220; hover_animation=&#8220;none&#8220; border_radius=&#8220;none&#8220; box_shadow=&#8220;none&#8220; image_loading=&#8220;default&#8220; max_width=&#8220;100%&#8220; max_width_mobile=&#8220;default&#8220;][\/vc_column][vc_column column_padding=&#8220;no-extra-padding&#8220; column_padding_position=&#8220;all&#8220; background_color_opacity=&#8220;1&#8243; background_hover_color_opacity=&#8220;1&#8243; column_link_target=&#8220;_self&#8220; column_shadow=&#8220;none&#8220; column_border_radius=&#8220;none&#8220; width=&#8220;1\/2&#8243; tablet_width_inherit=&#8220;default&#8220; tablet_text_alignment=&#8220;default&#8220; phone_text_alignment=&#8220;default&#8220; overlay_strength=&#8220;0.3&#8243; column_border_width=&#8220;none&#8220; column_border_style=&#8220;solid&#8220; bg_image_animation=&#8220;none&#8220;][vc_column_text]\n<h3>LESEN SIE MEHR DAR\u00dcBER:<\/h3>\n<ul>\n<li>Getestet von Fisk og Fri<\/li>\n<li>VERBESSERN SIE IHRE BISSRATE BEI FISCHEN, MIT DENEN SIE KONTAKT HABEN, VON 50 AUF 90%<\/li>\n<li>L-RIG UND RELEASE MONTAGE<\/li>\n<\/ul>\n[\/vc_column_text][image_with_animation image_url=&#8220;28836&#8243; alignment=&#8220;center&#8220; animation=&#8220;Fade In&#8220; hover_animation=&#8220;none&#8220; border_radius=&#8220;none&#8220; box_shadow=&#8220;none&#8220; image_loading=&#8220;default&#8220; max_width=&#8220;100%&#8220; max_width_mobile=&#8220;default&#8220;][\/vc_column][\/vc_row]\n","protected":false},"excerpt":{"rendered":"<p>[vc_row type=&#8220;in_container&#8220; full_screen_row_position=&#8220;middle&#8220; column_margin=&#8220;default&#8220; scene_position=&#8220;center&#8220; text_color=&#8220;dark&#8220; text_align=&#8220;left&#8220; overlay_strength=&#8220;0.3&#8243; shape_divider_position=&#8220;bottom&#8220; bg_image_animation=&#8220;none&#8220;][vc_column column_padding=&#8220;no-extra-padding&#8220; column_padding_position=&#8220;all&#8220; background_color_opacity=&#8220;1&#8243; background_hover_color_opacity=&#8220;1&#8243; column_link_target=&#8220;_self&#8220; column_shadow=&#8220;none&#8220; column_border_radius=&#8220;none&#8220; width=&#8220;1\/1&#8243; tablet_width_inherit=&#8220;default&#8220; tablet_text_alignment=&#8220;default&#8220; phone_text_alignment=&#8220;default&#8220; overlay_strength=&#8220;0.3&#8243; column_border_width=&#8220;none&#8220; column_border_style=&#8220;solid&#8220; bg_image_animation=&#8220;none&#8220;][vc_column_text] So effektiv ist INNO-Sbirolino [\/vc_column_text][divider&#8230;<\/p>\n","protected":false},"author":8,"featured_media":0,"parent":0,"menu_order":0,"comment_status":"closed","ping_status":"closed","template":"","meta":{"footnotes":""},"class_list":["post-29985","page","type-page","status-publish"],"yoast_head":"<!-- This site is optimized with the Yoast SEO plugin v27.3 - https:\/\/yoast.com\/product\/yoast-seo-wordpress\/ -->\n<title>Lesen Sie mehr dar\u00fcber - Bombardashop.com<\/title>\n<meta name=\"robots\" content=\"index, follow, max-snippet:-1, max-image-preview:large, max-video-preview:-1\" \/>\n<link rel=\"canonical\" href=\"https:\/\/bombardashop.com\/de\/read-more\/\" \/>\n<meta property=\"og:locale\" content=\"de_DE\" \/>\n<meta property=\"og:type\" content=\"article\" \/>\n<meta property=\"og:title\" content=\"Lesen Sie mehr dar\u00fcber - Bombardashop.com\" \/>\n<meta property=\"og:description\" content=\"[vc_row type=&#8220;in_container&#8220; full_screen_row_position=&#8220;middle&#8220; column_margin=&#8220;default&#8220; scene_position=&#8220;center&#8220; text_color=&#8220;dark&#8220; text_align=&#8220;left&#8220; overlay_strength=&#8220;0.3&#8243; shape_divider_position=&#8220;bottom&#8220; bg_image_animation=&#8220;none&#8220;][vc_column column_padding=&#8220;no-extra-padding&#8220; column_padding_position=&#8220;all&#8220; background_color_opacity=&#8220;1&#8243; background_hover_color_opacity=&#8220;1&#8243; column_link_target=&#8220;_self&#8220; column_shadow=&#8220;none&#8220; column_border_radius=&#8220;none&#8220; width=&#8220;1\/1&#8243; tablet_width_inherit=&#8220;default&#8220; tablet_text_alignment=&#8220;default&#8220; phone_text_alignment=&#8220;default&#8220; overlay_strength=&#8220;0.3&#8243; column_border_width=&#8220;none&#8220; column_border_style=&#8220;solid&#8220; bg_image_animation=&#8220;none&#8220;][vc_column_text] So effektiv ist INNO-Sbirolino [\/vc_column_text][divider...\" \/>\n<meta property=\"og:url\" content=\"https:\/\/bombardashop.com\/de\/read-more\/\" \/>\n<meta property=\"og:site_name\" content=\"Bombardashop.com\" \/>\n<meta property=\"article:modified_time\" content=\"2019-11-27T14:17:29+00:00\" \/>\n<meta property=\"og:image\" content=\"https:\/\/bombardashop.sky457.dk\/wp-content\/uploads\/2016\/10\/fisk_og_fri_bombarda.jpg\" \/>\n<meta name=\"twitter:card\" content=\"summary_large_image\" \/>\n<meta name=\"twitter:label1\" content=\"Gesch\u00e4tzte Lesezeit\" \/>\n\t<meta name=\"twitter:data1\" content=\"8\u00a0Minuten\" \/>\n<script type=\"application\/ld+json\" class=\"yoast-schema-graph\">{\"@context\":\"https:\\\/\\\/schema.org\",\"@graph\":[{\"@type\":\"WebPage\",\"@id\":\"https:\\\/\\\/bombardashop.com\\\/de\\\/read-more\\\/\",\"url\":\"https:\\\/\\\/bombardashop.com\\\/de\\\/read-more\\\/\",\"name\":\"Lesen Sie mehr dar\u00fcber - Bombardashop.com\",\"isPartOf\":{\"@id\":\"https:\\\/\\\/bombardashop.com\\\/#website\"},\"primaryImageOfPage\":{\"@id\":\"https:\\\/\\\/bombardashop.com\\\/de\\\/read-more\\\/#primaryimage\"},\"image\":{\"@id\":\"https:\\\/\\\/bombardashop.com\\\/de\\\/read-more\\\/#primaryimage\"},\"thumbnailUrl\":\"https:\\\/\\\/bombardashop.sky457.dk\\\/wp-content\\\/uploads\\\/2016\\\/10\\\/fisk_og_fri_bombarda.jpg\",\"datePublished\":\"2016-10-14T08:21:25+00:00\",\"dateModified\":\"2019-11-27T14:17:29+00:00\",\"breadcrumb\":{\"@id\":\"https:\\\/\\\/bombardashop.com\\\/de\\\/read-more\\\/#breadcrumb\"},\"inLanguage\":\"de\",\"potentialAction\":[{\"@type\":\"ReadAction\",\"target\":[\"https:\\\/\\\/bombardashop.com\\\/de\\\/read-more\\\/\"]}]},{\"@type\":\"ImageObject\",\"inLanguage\":\"de\",\"@id\":\"https:\\\/\\\/bombardashop.com\\\/de\\\/read-more\\\/#primaryimage\",\"url\":\"https:\\\/\\\/bombardashop.sky457.dk\\\/wp-content\\\/uploads\\\/2016\\\/10\\\/fisk_og_fri_bombarda.jpg\",\"contentUrl\":\"https:\\\/\\\/bombardashop.sky457.dk\\\/wp-content\\\/uploads\\\/2016\\\/10\\\/fisk_og_fri_bombarda.jpg\"},{\"@type\":\"BreadcrumbList\",\"@id\":\"https:\\\/\\\/bombardashop.com\\\/de\\\/read-more\\\/#breadcrumb\",\"itemListElement\":[{\"@type\":\"ListItem\",\"position\":1,\"name\":\"Hjem\",\"item\":\"https:\\\/\\\/bombardashop.com\\\/de\\\/\"},{\"@type\":\"ListItem\",\"position\":2,\"name\":\"Lesen Sie mehr dar\u00fcber\"}]},{\"@type\":\"WebSite\",\"@id\":\"https:\\\/\\\/bombardashop.com\\\/#website\",\"url\":\"https:\\\/\\\/bombardashop.com\\\/\",\"name\":\"Bombardashop.com\",\"description\":\"Bombardashop.com\",\"potentialAction\":[{\"@type\":\"SearchAction\",\"target\":{\"@type\":\"EntryPoint\",\"urlTemplate\":\"https:\\\/\\\/bombardashop.com\\\/?s={search_term_string}\"},\"query-input\":{\"@type\":\"PropertyValueSpecification\",\"valueRequired\":true,\"valueName\":\"search_term_string\"}}],\"inLanguage\":\"de\"}]}<\/script>\n<!-- \/ Yoast SEO plugin. -->","yoast_head_json":{"title":"Lesen Sie mehr dar\u00fcber - Bombardashop.com","robots":{"index":"index","follow":"follow","max-snippet":"max-snippet:-1","max-image-preview":"max-image-preview:large","max-video-preview":"max-video-preview:-1"},"canonical":"https:\/\/bombardashop.com\/de\/read-more\/","og_locale":"de_DE","og_type":"article","og_title":"Lesen Sie mehr dar\u00fcber - Bombardashop.com","og_description":"[vc_row type=&#8220;in_container&#8220; full_screen_row_position=&#8220;middle&#8220; column_margin=&#8220;default&#8220; scene_position=&#8220;center&#8220; text_color=&#8220;dark&#8220; text_align=&#8220;left&#8220; overlay_strength=&#8220;0.3&#8243; shape_divider_position=&#8220;bottom&#8220; bg_image_animation=&#8220;none&#8220;][vc_column column_padding=&#8220;no-extra-padding&#8220; column_padding_position=&#8220;all&#8220; background_color_opacity=&#8220;1&#8243; background_hover_color_opacity=&#8220;1&#8243; column_link_target=&#8220;_self&#8220; column_shadow=&#8220;none&#8220; column_border_radius=&#8220;none&#8220; width=&#8220;1\/1&#8243; tablet_width_inherit=&#8220;default&#8220; tablet_text_alignment=&#8220;default&#8220; phone_text_alignment=&#8220;default&#8220; overlay_strength=&#8220;0.3&#8243; column_border_width=&#8220;none&#8220; column_border_style=&#8220;solid&#8220; bg_image_animation=&#8220;none&#8220;][vc_column_text] So effektiv ist INNO-Sbirolino [\/vc_column_text][divider...","og_url":"https:\/\/bombardashop.com\/de\/read-more\/","og_site_name":"Bombardashop.com","article_modified_time":"2019-11-27T14:17:29+00:00","og_image":[{"url":"https:\/\/bombardashop.sky457.dk\/wp-content\/uploads\/2016\/10\/fisk_og_fri_bombarda.jpg","type":"","width":"","height":""}],"twitter_card":"summary_large_image","twitter_misc":{"Gesch\u00e4tzte Lesezeit":"8\u00a0Minuten"},"schema":{"@context":"https:\/\/schema.org","@graph":[{"@type":"WebPage","@id":"https:\/\/bombardashop.com\/de\/read-more\/","url":"https:\/\/bombardashop.com\/de\/read-more\/","name":"Lesen Sie mehr dar\u00fcber - Bombardashop.com","isPartOf":{"@id":"https:\/\/bombardashop.com\/#website"},"primaryImageOfPage":{"@id":"https:\/\/bombardashop.com\/de\/read-more\/#primaryimage"},"image":{"@id":"https:\/\/bombardashop.com\/de\/read-more\/#primaryimage"},"thumbnailUrl":"https:\/\/bombardashop.sky457.dk\/wp-content\/uploads\/2016\/10\/fisk_og_fri_bombarda.jpg","datePublished":"2016-10-14T08:21:25+00:00","dateModified":"2019-11-27T14:17:29+00:00","breadcrumb":{"@id":"https:\/\/bombardashop.com\/de\/read-more\/#breadcrumb"},"inLanguage":"de","potentialAction":[{"@type":"ReadAction","target":["https:\/\/bombardashop.com\/de\/read-more\/"]}]},{"@type":"ImageObject","inLanguage":"de","@id":"https:\/\/bombardashop.com\/de\/read-more\/#primaryimage","url":"https:\/\/bombardashop.sky457.dk\/wp-content\/uploads\/2016\/10\/fisk_og_fri_bombarda.jpg","contentUrl":"https:\/\/bombardashop.sky457.dk\/wp-content\/uploads\/2016\/10\/fisk_og_fri_bombarda.jpg"},{"@type":"BreadcrumbList","@id":"https:\/\/bombardashop.com\/de\/read-more\/#breadcrumb","itemListElement":[{"@type":"ListItem","position":1,"name":"Hjem","item":"https:\/\/bombardashop.com\/de\/"},{"@type":"ListItem","position":2,"name":"Lesen Sie mehr dar\u00fcber"}]},{"@type":"WebSite","@id":"https:\/\/bombardashop.com\/#website","url":"https:\/\/bombardashop.com\/","name":"Bombardashop.com","description":"Bombardashop.com","potentialAction":[{"@type":"SearchAction","target":{"@type":"EntryPoint","urlTemplate":"https:\/\/bombardashop.com\/?s={search_term_string}"},"query-input":{"@type":"PropertyValueSpecification","valueRequired":true,"valueName":"search_term_string"}}],"inLanguage":"de"}]}},"_links":{"self":[{"href":"https:\/\/bombardashop.com\/de\/wp-json\/wp\/v2\/pages\/29985","targetHints":{"allow":["GET"]}}],"collection":[{"href":"https:\/\/bombardashop.com\/de\/wp-json\/wp\/v2\/pages"}],"about":[{"href":"https:\/\/bombardashop.com\/de\/wp-json\/wp\/v2\/types\/page"}],"author":[{"embeddable":true,"href":"https:\/\/bombardashop.com\/de\/wp-json\/wp\/v2\/users\/8"}],"replies":[{"embeddable":true,"href":"https:\/\/bombardashop.com\/de\/wp-json\/wp\/v2\/comments?post=29985"}],"version-history":[{"count":3,"href":"https:\/\/bombardashop.com\/de\/wp-json\/wp\/v2\/pages\/29985\/revisions"}],"predecessor-version":[{"id":35919,"href":"https:\/\/bombardashop.com\/de\/wp-json\/wp\/v2\/pages\/29985\/revisions\/35919"}],"wp:attachment":[{"href":"https:\/\/bombardashop.com\/de\/wp-json\/wp\/v2\/media?parent=29985"}],"curies":[{"name":"wp","href":"https:\/\/api.w.org\/{rel}","templated":true}]}}